{"id":299,"date":"2024-05-27T18:09:00","date_gmt":"2024-05-27T18:09:00","guid":{"rendered":"https:\/\/www2.unifap.br\/farmacos\/?page_id=299"},"modified":"2024-05-27T18:09:00","modified_gmt":"2024-05-27T18:09:00","slug":"projetos-de-extensao-extension-projects","status":"publish","type":"page","link":"http:\/\/www2.unifap.br\/farmacos\/projetos-de-extensao-extension-projects\/","title":{"rendered":"Projetos de extens\u00e3o &#8211; Extension Projects"},"content":{"rendered":"<ul>\n<li>VIRA LATA<\/li>\n<\/ul>\n<p>Projeto que visa a coleta e venda de latas de alum\u00ednio e convers\u00e3o da renda para compra de ra\u00e7\u00e3o para os Pets do Campus Marco\u00a0 Zero.<\/p>\n<p>Instagram: @viralataunifap<\/p>\n<p><a href=\"http:\/\/www2.unifap.br\/farmacos\/files\/2024\/05\/WhatsApp-Image-2024-05-27-at-15.03.33.jpeg\"><img fetchpriority=\"high\" decoding=\"async\" class=\"alignleft size-medium wp-image-301\" src=\"http:\/\/www2.unifap.br\/farmacos\/files\/2024\/05\/WhatsApp-Image-2024-05-27-at-15.03.33-300x300.jpeg\" alt=\"\" width=\"300\" height=\"300\" srcset=\"http:\/\/www2.unifap.br\/farmacos\/files\/2024\/05\/WhatsApp-Image-2024-05-27-at-15.03.33-300x300.jpeg 300w, http:\/\/www2.unifap.br\/farmacos\/files\/2024\/05\/WhatsApp-Image-2024-05-27-at-15.03.33-150x150.jpeg 150w, http:\/\/www2.unifap.br\/farmacos\/files\/2024\/05\/WhatsApp-Image-2024-05-27-at-15.03.33-70x70.jpeg 70w, http:\/\/www2.unifap.br\/farmacos\/files\/2024\/05\/WhatsApp-Image-2024-05-27-at-15.03.33.jpeg 320w\" sizes=\"(max-width: 300px) 100vw, 300px\" \/><\/a><\/p>\n<p>&nbsp;<\/p>\n<p>&nbsp;<\/p>\n<p>&nbsp;<\/p>\n<p>&nbsp;<\/p>\n<p>&nbsp;<\/p>\n<p>&nbsp;<\/p>\n<p>&nbsp;<\/p>\n<p>&nbsp;<\/p>\n<p>&nbsp;<\/p>\n<ul>\n<li>GELADOTECA<\/li>\n<\/ul>\n<p>Geladeira de Livros itiner\u00e1ria com o objetivo de democratizar o acesso de livros de todos os g\u00eaneros<\/p>\n<p>Localiza\u00e7\u00e3o: Centro de Conviv\u00eancia da Sa\u00fade, Departamento de Ci\u00eancias Biol\u00f3gicas e Sa\u00fade &#8211; UNIFAP<\/p>\n<p>@geladotecaunifap<\/p>\n<p><a href=\"http:\/\/www2.unifap.br\/farmacos\/files\/2024\/05\/WhatsApp-Image-2024-05-27-at-14.55.38.jpeg\"><img decoding=\"async\" class=\"alignleft wp-image-300 size-medium\" src=\"http:\/\/www2.unifap.br\/farmacos\/files\/2024\/05\/WhatsApp-Image-2024-05-27-at-14.55.38-e1716832635887-209x300.jpeg\" alt=\"\" width=\"209\" height=\"300\" srcset=\"http:\/\/www2.unifap.br\/farmacos\/files\/2024\/05\/WhatsApp-Image-2024-05-27-at-14.55.38-e1716832635887-209x300.jpeg 209w, http:\/\/www2.unifap.br\/farmacos\/files\/2024\/05\/WhatsApp-Image-2024-05-27-at-14.55.38-e1716832635887.jpeg 666w\" sizes=\"(max-width: 209px) 100vw, 209px\" \/><\/a><\/p>\n","protected":false},"excerpt":{"rendered":"<p>VIRA LATA Projeto que visa a coleta e venda de latas de alum\u00ednio e convers\u00e3o da renda para compra de ra\u00e7\u00e3o para os Pets do Campus Marco\u00a0 Zero. Instagram: @viralataunifap &nbsp; &nbsp; &nbsp; &nbsp; &nbsp; &nbsp; &nbsp; &nbsp; &nbsp; GELADOTECA&hellip; <\/p>\n<p><a href=\"http:\/\/www2.unifap.br\/farmacos\/projetos-de-extensao-extension-projects\/\" class=\"readmore-button\">Continue Reading<\/a><\/p>\n","protected":false},"author":112,"featured_media":0,"parent":0,"menu_order":0,"comment_status":"closed","ping_status":"closed","template":"","meta":{"inline_featured_image":false,"ngg_post_thumbnail":0,"footnotes":""},"class_list":["post-299","page","type-page","status-publish","hentry"],"_links":{"self":[{"href":"http:\/\/www2.unifap.br\/farmacos\/wp-json\/wp\/v2\/pages\/299","targetHints":{"allow":["GET"]}}],"collection":[{"href":"http:\/\/www2.unifap.br\/farmacos\/wp-json\/wp\/v2\/pages"}],"about":[{"href":"http:\/\/www2.unifap.br\/farmacos\/wp-json\/wp\/v2\/types\/page"}],"author":[{"embeddable":true,"href":"http:\/\/www2.unifap.br\/farmacos\/wp-json\/wp\/v2\/users\/112"}],"replies":[{"embeddable":true,"href":"http:\/\/www2.unifap.br\/farmacos\/wp-json\/wp\/v2\/comments?post=299"}],"version-history":[{"count":1,"href":"http:\/\/www2.unifap.br\/farmacos\/wp-json\/wp\/v2\/pages\/299\/revisions"}],"predecessor-version":[{"id":302,"href":"http:\/\/www2.unifap.br\/farmacos\/wp-json\/wp\/v2\/pages\/299\/revisions\/302"}],"wp:attachment":[{"href":"http:\/\/www2.unifap.br\/farmacos\/wp-json\/wp\/v2\/media?parent=299"}],"curies":[{"name":"wp","href":"https:\/\/api.w.org\/{rel}","templated":true}]}}