{"id":59,"date":"2014-12-11T14:11:11","date_gmt":"2014-12-11T14:11:11","guid":{"rendered":"http:\/\/www2.unifap.br\/farmacos\/?page_id=59"},"modified":"2024-05-28T15:04:14","modified_gmt":"2024-05-28T15:04:14","slug":"infraestrutura-infrastructure","status":"publish","type":"page","link":"http:\/\/www2.unifap.br\/farmacos\/infraestrutura-infrastructure\/","title":{"rendered":"Infraestrutura &#8211; Infrastructure"},"content":{"rendered":"<p>&nbsp;<\/p>\n<p>O Laborat\u00f3rio de Pesquisa em F\u00e1rmacos da Universidade Federal do Amap\u00e1 (UNIFAP) possui uma infraestrutura moderna e bem equipada, projetada para oferecer suporte \u00e0s diversas \u00e1reas de pesquisa do laborat\u00f3rio. A seguir, apresentamos os principais componentes dessa infraestrutura:<\/p>\n<ul>\n<li><strong>Corredor de Estudos:<\/strong>Um espa\u00e7o que proporciona um ambiente tranquilo e adequado para a concentra\u00e7\u00e3o e a realiza\u00e7\u00e3o de atividades acad\u00eamicas.<\/li>\n<\/ul>\n<p>&nbsp;<\/p>\n<div id=\"attachment_331\" style=\"width: 235px\" class=\"wp-caption alignleft\"><img fetchpriority=\"high\" decoding=\"async\" aria-describedby=\"caption-attachment-331\" class=\"wp-image-331 size-medium\" src=\"http:\/\/www2.unifap.br\/farmacos\/files\/2024\/05\/WhatsApp-Image-2024-05-28-at-09.48.30-225x300.jpeg\" alt=\"\" width=\"225\" height=\"300\" srcset=\"http:\/\/www2.unifap.br\/farmacos\/files\/2024\/05\/WhatsApp-Image-2024-05-28-at-09.48.30-225x300.jpeg 225w, http:\/\/www2.unifap.br\/farmacos\/files\/2024\/05\/WhatsApp-Image-2024-05-28-at-09.48.30-768x1024.jpeg 768w, http:\/\/www2.unifap.br\/farmacos\/files\/2024\/05\/WhatsApp-Image-2024-05-28-at-09.48.30-1152x1536.jpeg 1152w, http:\/\/www2.unifap.br\/farmacos\/files\/2024\/05\/WhatsApp-Image-2024-05-28-at-09.48.30-1536x2048.jpeg 1536w, http:\/\/www2.unifap.br\/farmacos\/files\/2024\/05\/WhatsApp-Image-2024-05-28-at-09.48.30-scaled.jpeg 1920w\" sizes=\"(max-width: 225px) 100vw, 225px\" \/><p id=\"caption-attachment-331\" class=\"wp-caption-text\">Corredor de estudos do Laborat\u00f3rio de Pesquisa em F\u00e1rmacos &#8211; UNIFAP<\/p><\/div>\n<p>&nbsp;<\/p>\n<p>&nbsp;<\/p>\n<p>&nbsp;<\/p>\n<p>&nbsp;<\/p>\n<p>&nbsp;<\/p>\n<p>&nbsp;<\/p>\n<p>&nbsp;<\/p>\n<p>&nbsp;<\/p>\n<p>&nbsp;<\/p>\n<p>&nbsp;<\/p>\n<ul>\n<li><strong>Laborat\u00f3rio de Tecnologia Farmac\u00eautica:<\/strong>Equipado com tecnologias de ponta, incluindo:\n<ul>\n<li><strong>Zeta Sizer:<\/strong> Utilizado para medir o tamanho de part\u00edculas e a potencial zeta, crucial para a caracteriza\u00e7\u00e3o de suspens\u00f5es e emuls\u00f5es.<\/li>\n<li><strong>Cromatografia L\u00edquida de Alta Efici\u00eancia (HPLC):<\/strong> Essencial para a separa\u00e7\u00e3o, identifica\u00e7\u00e3o e quantifica\u00e7\u00e3o de componentes em misturas complexas.<\/li>\n<li><strong>Espectroscopia no Infravermelho com Transformada de Fourier (FT-IR):<\/strong> Utilizada para identificar compostos qu\u00edmicos e analisar a composi\u00e7\u00e3o molecular de subst\u00e2ncias.\n<p><div id=\"attachment_327\" style=\"width: 310px\" class=\"wp-caption alignleft\"><a href=\"http:\/\/www2.unifap.br\/farmacos\/files\/2024\/05\/WhatsApp-Image-2024-05-28-at-09.48.54-scaled.jpeg\"><img decoding=\"async\" aria-describedby=\"caption-attachment-327\" class=\"wp-image-327 size-medium\" src=\"http:\/\/www2.unifap.br\/farmacos\/files\/2024\/05\/WhatsApp-Image-2024-05-28-at-09.48.54-300x225.jpeg\" alt=\"\" width=\"300\" height=\"225\" srcset=\"http:\/\/www2.unifap.br\/farmacos\/files\/2024\/05\/WhatsApp-Image-2024-05-28-at-09.48.54-300x225.jpeg 300w, http:\/\/www2.unifap.br\/farmacos\/files\/2024\/05\/WhatsApp-Image-2024-05-28-at-09.48.54-1024x768.jpeg 1024w, http:\/\/www2.unifap.br\/farmacos\/files\/2024\/05\/WhatsApp-Image-2024-05-28-at-09.48.54-768x576.jpeg 768w, http:\/\/www2.unifap.br\/farmacos\/files\/2024\/05\/WhatsApp-Image-2024-05-28-at-09.48.54-1536x1152.jpeg 1536w, http:\/\/www2.unifap.br\/farmacos\/files\/2024\/05\/WhatsApp-Image-2024-05-28-at-09.48.54-2048x1536.jpeg 2048w\" sizes=\"(max-width: 300px) 100vw, 300px\" \/><\/a><p id=\"caption-attachment-327\" class=\"wp-caption-text\">Zeta sizer &#8211; Laborat\u00f3rio de Pesquisa em F\u00e1rmacos<\/p><\/div><\/li>\n<\/ul>\n<\/li>\n<\/ul>\n<div id=\"attachment_330\" style=\"width: 235px\" class=\"wp-caption alignleft\"><a href=\"http:\/\/www2.unifap.br\/farmacos\/files\/2024\/05\/WhatsApp-Image-2024-05-28-at-09.48.43-1-scaled.jpeg\"><img decoding=\"async\" aria-describedby=\"caption-attachment-330\" class=\"wp-image-330 size-medium\" src=\"http:\/\/www2.unifap.br\/farmacos\/files\/2024\/05\/WhatsApp-Image-2024-05-28-at-09.48.43-1-225x300.jpeg\" alt=\"\" width=\"225\" height=\"300\" srcset=\"http:\/\/www2.unifap.br\/farmacos\/files\/2024\/05\/WhatsApp-Image-2024-05-28-at-09.48.43-1-225x300.jpeg 225w, http:\/\/www2.unifap.br\/farmacos\/files\/2024\/05\/WhatsApp-Image-2024-05-28-at-09.48.43-1-768x1024.jpeg 768w, http:\/\/www2.unifap.br\/farmacos\/files\/2024\/05\/WhatsApp-Image-2024-05-28-at-09.48.43-1-1152x1536.jpeg 1152w, http:\/\/www2.unifap.br\/farmacos\/files\/2024\/05\/WhatsApp-Image-2024-05-28-at-09.48.43-1-1536x2048.jpeg 1536w, http:\/\/www2.unifap.br\/farmacos\/files\/2024\/05\/WhatsApp-Image-2024-05-28-at-09.48.43-1-scaled.jpeg 1920w\" sizes=\"(max-width: 225px) 100vw, 225px\" \/><\/a><p id=\"caption-attachment-330\" class=\"wp-caption-text\">Cromatografia L\u00edquida de Alta Efici\u00eancia (HPLC) &#8211; Laborat\u00f3rio de Pesquisa em F\u00e1rmacos<\/p><\/div>\n<div id=\"attachment_329\" style=\"width: 235px\" class=\"wp-caption alignleft\"><a href=\"http:\/\/www2.unifap.br\/farmacos\/files\/2024\/05\/WhatsApp-Image-2024-05-28-at-09.48.43-scaled.jpeg\"><img loading=\"lazy\" decoding=\"async\" aria-describedby=\"caption-attachment-329\" class=\"wp-image-329 size-medium\" src=\"http:\/\/www2.unifap.br\/farmacos\/files\/2024\/05\/WhatsApp-Image-2024-05-28-at-09.48.43-225x300.jpeg\" alt=\"\" width=\"225\" height=\"300\" srcset=\"http:\/\/www2.unifap.br\/farmacos\/files\/2024\/05\/WhatsApp-Image-2024-05-28-at-09.48.43-225x300.jpeg 225w, http:\/\/www2.unifap.br\/farmacos\/files\/2024\/05\/WhatsApp-Image-2024-05-28-at-09.48.43-768x1024.jpeg 768w, http:\/\/www2.unifap.br\/farmacos\/files\/2024\/05\/WhatsApp-Image-2024-05-28-at-09.48.43-1152x1536.jpeg 1152w, http:\/\/www2.unifap.br\/farmacos\/files\/2024\/05\/WhatsApp-Image-2024-05-28-at-09.48.43-1536x2048.jpeg 1536w, http:\/\/www2.unifap.br\/farmacos\/files\/2024\/05\/WhatsApp-Image-2024-05-28-at-09.48.43-scaled.jpeg 1920w\" sizes=\"(max-width: 225px) 100vw, 225px\" \/><\/a><p id=\"caption-attachment-329\" class=\"wp-caption-text\">Espectroscopia no Infravermelho com Transformada de Fourier (FT-IR) &#8211; Laborat\u00f3rio de Pesquisa em F\u00e1rmacos<\/p><\/div>\n<p>&nbsp;<\/p>\n<p>&nbsp;<\/p>\n<p>&nbsp;<\/p>\n<p>&nbsp;<\/p>\n<p>&nbsp;<\/p>\n<p>&nbsp;<\/p>\n<p>&nbsp;<\/p>\n<p>&nbsp;<\/p>\n<p>&nbsp;<\/p>\n<p>&nbsp;<\/p>\n<p>&nbsp;<\/p>\n<p>&nbsp;<\/p>\n<p>&nbsp;<\/p>\n<p>&nbsp;<\/p>\n<p>&nbsp;<\/p>\n<p>&nbsp;<\/p>\n<p>&nbsp;<\/p>\n<p>&nbsp;<\/p>\n<ul>\n<li><strong>Sala de Controle de Qualidade:<\/strong>Um ambiente dedicado \u00e0 garantia da qualidade dos produtos farmac\u00eauticos, equipado para realizar testes rigorosos e assegurar a conformidade com os padr\u00f5es regulamentares. Equipamentos incluem:\n<ul>\n<li><strong>Cromatografia Gasosa Acoplada \u00e0 Espectrometria de Massas (CG-MS):<\/strong> Utilizada para a separa\u00e7\u00e3o e an\u00e1lise de compostos vol\u00e1teis e sua identifica\u00e7\u00e3o por espectrometria de massas.<\/li>\n<li><strong>Dissolutor:<\/strong> Essencial para testar a taxa de dissolu\u00e7\u00e3o de medicamentos.<\/li>\n<li><strong>Liofilizador:<\/strong> Utilizado para a secagem de produtos farmac\u00eauticos sens\u00edveis ao calor por meio da liofiliza\u00e7\u00e3o.<\/li>\n<\/ul>\n<\/li>\n<\/ul>\n<div id=\"attachment_65\" style=\"width: 310px\" class=\"wp-caption alignleft\"><a href=\"http:\/\/www2.unifap.br\/farmacos\/files\/2014\/12\/DSC02802.jpg\"><img loading=\"lazy\" decoding=\"async\" aria-describedby=\"caption-attachment-65\" class=\"wp-image-65 size-medium\" src=\"http:\/\/www2.unifap.br\/farmacos\/files\/2014\/12\/DSC02802-300x199.jpg\" alt=\"\" width=\"300\" height=\"199\" srcset=\"http:\/\/www2.unifap.br\/farmacos\/files\/2014\/12\/DSC02802-300x199.jpg 300w, http:\/\/www2.unifap.br\/farmacos\/files\/2014\/12\/DSC02802.jpg 1024w\" sizes=\"(max-width: 300px) 100vw, 300px\" \/><\/a><p id=\"caption-attachment-65\" class=\"wp-caption-text\">Liofilizador e Dissolutor &#8211; Laborat\u00f3rio de Pesquisa em F\u00e1rmacos<\/p><\/div>\n<div id=\"attachment_328\" style=\"width: 235px\" class=\"wp-caption alignleft\"><a href=\"http:\/\/www2.unifap.br\/farmacos\/files\/2024\/05\/WhatsApp-Image-2024-05-28-at-09.48.54-1-scaled.jpeg\"><img loading=\"lazy\" decoding=\"async\" aria-describedby=\"caption-attachment-328\" class=\"wp-image-328 size-medium\" src=\"http:\/\/www2.unifap.br\/farmacos\/files\/2024\/05\/WhatsApp-Image-2024-05-28-at-09.48.54-1-225x300.jpeg\" alt=\"\" width=\"225\" height=\"300\" srcset=\"http:\/\/www2.unifap.br\/farmacos\/files\/2024\/05\/WhatsApp-Image-2024-05-28-at-09.48.54-1-225x300.jpeg 225w, http:\/\/www2.unifap.br\/farmacos\/files\/2024\/05\/WhatsApp-Image-2024-05-28-at-09.48.54-1-768x1024.jpeg 768w, http:\/\/www2.unifap.br\/farmacos\/files\/2024\/05\/WhatsApp-Image-2024-05-28-at-09.48.54-1-1152x1536.jpeg 1152w, http:\/\/www2.unifap.br\/farmacos\/files\/2024\/05\/WhatsApp-Image-2024-05-28-at-09.48.54-1-1536x2048.jpeg 1536w, http:\/\/www2.unifap.br\/farmacos\/files\/2024\/05\/WhatsApp-Image-2024-05-28-at-09.48.54-1-scaled.jpeg 1920w\" sizes=\"(max-width: 225px) 100vw, 225px\" \/><\/a><p id=\"caption-attachment-328\" class=\"wp-caption-text\">Cromatografia Gasosa Acoplada \u00e0 Espectrometria de Massas (CG-MS) &#8211; Laborat\u00f3rio de Pesquisa em F\u00e1rmacos<\/p><\/div>\n<p>&nbsp;<\/p>\n<p>&nbsp;<\/p>\n<p>&nbsp;<\/p>\n<p>&nbsp;<\/p>\n<p>&nbsp;<\/p>\n<p>&nbsp;<\/p>\n<p>&nbsp;<\/p>\n<p>&nbsp;<\/p>\n<p>&nbsp;<\/p>\n<p>&nbsp;<\/p>\n<p>&nbsp;<\/p>\n<ul>\n<li><strong>Microscopia Eletr\u00f4nica de Varredura (MEV):<\/strong>Uma unidade avan\u00e7ada que possibilita a visualiza\u00e7\u00e3o de amostras em alt\u00edssima resolu\u00e7\u00e3o, essencial para a caracteriza\u00e7\u00e3o morfol\u00f3gica de materiais biol\u00f3gicos e sint\u00e9ticos.<\/li>\n<\/ul>\n<div id=\"attachment_326\" style=\"width: 235px\" class=\"wp-caption alignleft\"><a href=\"http:\/\/www2.unifap.br\/farmacos\/files\/2024\/05\/WhatsApp-Image-2024-05-28-at-09.48.57-scaled.jpeg\"><img loading=\"lazy\" decoding=\"async\" aria-describedby=\"caption-attachment-326\" class=\"wp-image-326 size-medium\" src=\"http:\/\/www2.unifap.br\/farmacos\/files\/2024\/05\/WhatsApp-Image-2024-05-28-at-09.48.57-225x300.jpeg\" alt=\"\" width=\"225\" height=\"300\" srcset=\"http:\/\/www2.unifap.br\/farmacos\/files\/2024\/05\/WhatsApp-Image-2024-05-28-at-09.48.57-225x300.jpeg 225w, http:\/\/www2.unifap.br\/farmacos\/files\/2024\/05\/WhatsApp-Image-2024-05-28-at-09.48.57-768x1024.jpeg 768w, http:\/\/www2.unifap.br\/farmacos\/files\/2024\/05\/WhatsApp-Image-2024-05-28-at-09.48.57-1152x1536.jpeg 1152w, http:\/\/www2.unifap.br\/farmacos\/files\/2024\/05\/WhatsApp-Image-2024-05-28-at-09.48.57-1536x2048.jpeg 1536w, http:\/\/www2.unifap.br\/farmacos\/files\/2024\/05\/WhatsApp-Image-2024-05-28-at-09.48.57-scaled.jpeg 1920w\" sizes=\"(max-width: 225px) 100vw, 225px\" \/><\/a><p id=\"caption-attachment-326\" class=\"wp-caption-text\">Microscopia Eletr\u00f4nica de Varredura (MEV) &#8211; Laborat\u00f3rio de Pesquisa em F\u00e1rmacos<\/p><\/div>\n<p>&nbsp;<\/p>\n<p>&nbsp;<\/p>\n<p>&nbsp;<\/p>\n<p>&nbsp;<\/p>\n<p>&nbsp;<\/p>\n<p>&nbsp;<\/p>\n<p>&nbsp;<\/p>\n<p>&nbsp;<\/p>\n<p>&nbsp;<\/p>\n<p>&nbsp;<\/p>\n<ul>\n<li><strong>Laborat\u00f3rio de Microbiologia:<\/strong>Dedicado ao estudo de micro-organismos, este laborat\u00f3rio \u00e9 equipado com autoclaves, incubadoras e demais equipamentos necess\u00e1rios para a cultura e an\u00e1lise microbiol\u00f3gica.<\/li>\n<\/ul>\n<p><a href=\"http:\/\/www2.unifap.br\/farmacos\/files\/2024\/05\/WhatsApp-Image-2024-05-28-at-09.48.58-scaled.jpeg\"><img loading=\"lazy\" decoding=\"async\" class=\"alignleft size-medium wp-image-325\" src=\"http:\/\/www2.unifap.br\/farmacos\/files\/2024\/05\/WhatsApp-Image-2024-05-28-at-09.48.58-225x300.jpeg\" alt=\"\" width=\"225\" height=\"300\" srcset=\"http:\/\/www2.unifap.br\/farmacos\/files\/2024\/05\/WhatsApp-Image-2024-05-28-at-09.48.58-225x300.jpeg 225w, http:\/\/www2.unifap.br\/farmacos\/files\/2024\/05\/WhatsApp-Image-2024-05-28-at-09.48.58-768x1024.jpeg 768w, http:\/\/www2.unifap.br\/farmacos\/files\/2024\/05\/WhatsApp-Image-2024-05-28-at-09.48.58-1152x1536.jpeg 1152w, http:\/\/www2.unifap.br\/farmacos\/files\/2024\/05\/WhatsApp-Image-2024-05-28-at-09.48.58-1536x2048.jpeg 1536w, http:\/\/www2.unifap.br\/farmacos\/files\/2024\/05\/WhatsApp-Image-2024-05-28-at-09.48.58-scaled.jpeg 1920w\" sizes=\"(max-width: 225px) 100vw, 225px\" \/><\/a><\/p>\n<p>&nbsp;<\/p>\n<p>&nbsp;<\/p>\n<p>&nbsp;<\/p>\n<p>&nbsp;<\/p>\n<p>&nbsp;<\/p>\n<p>&nbsp;<\/p>\n<p>&nbsp;<\/p>\n<p>&nbsp;<\/p>\n<ul>\n<li><strong>Laborat\u00f3rio de Histologia:<\/strong>Equipado para a prepara\u00e7\u00e3o e an\u00e1lise de tecidos biol\u00f3gicos, permitindo estudos detalhados da estrutura celular e tecidual.<\/li>\n<\/ul>\n<p><a href=\"http:\/\/www2.unifap.br\/farmacos\/files\/2024\/05\/WhatsApp-Image-2024-05-28-at-09.48.59-scaled.jpeg\"><img loading=\"lazy\" decoding=\"async\" class=\"alignleft size-medium wp-image-323\" src=\"http:\/\/www2.unifap.br\/farmacos\/files\/2024\/05\/WhatsApp-Image-2024-05-28-at-09.48.59-300x225.jpeg\" alt=\"\" width=\"300\" height=\"225\" srcset=\"http:\/\/www2.unifap.br\/farmacos\/files\/2024\/05\/WhatsApp-Image-2024-05-28-at-09.48.59-300x225.jpeg 300w, http:\/\/www2.unifap.br\/farmacos\/files\/2024\/05\/WhatsApp-Image-2024-05-28-at-09.48.59-1024x768.jpeg 1024w, http:\/\/www2.unifap.br\/farmacos\/files\/2024\/05\/WhatsApp-Image-2024-05-28-at-09.48.59-768x576.jpeg 768w, http:\/\/www2.unifap.br\/farmacos\/files\/2024\/05\/WhatsApp-Image-2024-05-28-at-09.48.59-1536x1152.jpeg 1536w, http:\/\/www2.unifap.br\/farmacos\/files\/2024\/05\/WhatsApp-Image-2024-05-28-at-09.48.59-2048x1536.jpeg 2048w\" sizes=\"(max-width: 300px) 100vw, 300px\" \/><\/a> <a href=\"http:\/\/www2.unifap.br\/farmacos\/files\/2024\/05\/WhatsApp-Image-2024-05-28-at-09.48.59-1-scaled.jpeg\"><img loading=\"lazy\" decoding=\"async\" class=\"alignleft size-medium wp-image-324\" src=\"http:\/\/www2.unifap.br\/farmacos\/files\/2024\/05\/WhatsApp-Image-2024-05-28-at-09.48.59-1-225x300.jpeg\" alt=\"\" width=\"225\" height=\"300\" srcset=\"http:\/\/www2.unifap.br\/farmacos\/files\/2024\/05\/WhatsApp-Image-2024-05-28-at-09.48.59-1-225x300.jpeg 225w, http:\/\/www2.unifap.br\/farmacos\/files\/2024\/05\/WhatsApp-Image-2024-05-28-at-09.48.59-1-768x1024.jpeg 768w, http:\/\/www2.unifap.br\/farmacos\/files\/2024\/05\/WhatsApp-Image-2024-05-28-at-09.48.59-1-1152x1536.jpeg 1152w, http:\/\/www2.unifap.br\/farmacos\/files\/2024\/05\/WhatsApp-Image-2024-05-28-at-09.48.59-1-1536x2048.jpeg 1536w, http:\/\/www2.unifap.br\/farmacos\/files\/2024\/05\/WhatsApp-Image-2024-05-28-at-09.48.59-1-scaled.jpeg 1920w\" sizes=\"(max-width: 225px) 100vw, 225px\" \/><\/a><\/p>\n<p>&nbsp;<\/p>\n<p>&nbsp;<\/p>\n<p>&nbsp;<\/p>\n<p>&nbsp;<\/p>\n<p>&nbsp;<\/p>\n<p>&nbsp;<\/p>\n<p>&nbsp;<\/p>\n<p>&nbsp;<\/p>\n<ul>\n<li><strong>Biot\u00e9rio:<\/strong>Uma instala\u00e7\u00e3o especializada para a cria\u00e7\u00e3o e manuten\u00e7\u00e3o de animais de laborat\u00f3rio, garantindo condi\u00e7\u00f5es ideais para a pesquisa.<\/li>\n<\/ul>\n<p><a href=\"http:\/\/www2.unifap.br\/farmacos\/files\/2014\/12\/DSC02791.jpg\"><img loading=\"lazy\" decoding=\"async\" class=\"alignleft size-medium wp-image-64\" src=\"http:\/\/www2.unifap.br\/farmacos\/files\/2014\/12\/DSC02791-300x199.jpg\" alt=\"\" width=\"300\" height=\"199\" srcset=\"http:\/\/www2.unifap.br\/farmacos\/files\/2014\/12\/DSC02791-300x199.jpg 300w, http:\/\/www2.unifap.br\/farmacos\/files\/2014\/12\/DSC02791.jpg 1024w\" sizes=\"(max-width: 300px) 100vw, 300px\" \/><\/a><\/p>\n<p>&nbsp;<\/p>\n<p>&nbsp;<\/p>\n<p>&nbsp;<\/p>\n<p>&nbsp;<\/p>\n<p>&nbsp;<\/p>\n<p>&nbsp;<\/p>\n<ul>\n<li><strong>Plataforma Zebrafish:<\/strong>Uma instala\u00e7\u00e3o especializada para a cria\u00e7\u00e3o e estudo do peixe-zebra (<em>Danio rerio<\/em>), um modelo animal amplamente utilizado em pesquisas gen\u00e9ticas e de desenvolvimento.<\/li>\n<\/ul>\n<p><a href=\"http:\/\/www2.unifap.br\/farmacos\/files\/2024\/05\/WhatsApp-Image-2024-05-28-at-10.05.21-1-scaled.jpeg\"><img loading=\"lazy\" decoding=\"async\" class=\"alignleft size-medium wp-image-321\" src=\"http:\/\/www2.unifap.br\/farmacos\/files\/2024\/05\/WhatsApp-Image-2024-05-28-at-10.05.21-1-300x225.jpeg\" alt=\"\" width=\"300\" height=\"225\" srcset=\"http:\/\/www2.unifap.br\/farmacos\/files\/2024\/05\/WhatsApp-Image-2024-05-28-at-10.05.21-1-300x225.jpeg 300w, http:\/\/www2.unifap.br\/farmacos\/files\/2024\/05\/WhatsApp-Image-2024-05-28-at-10.05.21-1-1024x768.jpeg 1024w, http:\/\/www2.unifap.br\/farmacos\/files\/2024\/05\/WhatsApp-Image-2024-05-28-at-10.05.21-1-768x576.jpeg 768w, http:\/\/www2.unifap.br\/farmacos\/files\/2024\/05\/WhatsApp-Image-2024-05-28-at-10.05.21-1-1536x1152.jpeg 1536w, http:\/\/www2.unifap.br\/farmacos\/files\/2024\/05\/WhatsApp-Image-2024-05-28-at-10.05.21-1-2048x1536.jpeg 2048w\" sizes=\"(max-width: 300px) 100vw, 300px\" \/><\/a> <a href=\"http:\/\/www2.unifap.br\/farmacos\/files\/2024\/05\/WhatsApp-Image-2024-05-28-at-10.05.21-scaled.jpeg\"><img loading=\"lazy\" decoding=\"async\" class=\"alignleft size-medium wp-image-332\" src=\"http:\/\/www2.unifap.br\/farmacos\/files\/2024\/05\/WhatsApp-Image-2024-05-28-at-10.05.21-225x300.jpeg\" alt=\"\" width=\"225\" height=\"300\" srcset=\"http:\/\/www2.unifap.br\/farmacos\/files\/2024\/05\/WhatsApp-Image-2024-05-28-at-10.05.21-225x300.jpeg 225w, http:\/\/www2.unifap.br\/farmacos\/files\/2024\/05\/WhatsApp-Image-2024-05-28-at-10.05.21-768x1024.jpeg 768w, http:\/\/www2.unifap.br\/farmacos\/files\/2024\/05\/WhatsApp-Image-2024-05-28-at-10.05.21-1152x1536.jpeg 1152w, http:\/\/www2.unifap.br\/farmacos\/files\/2024\/05\/WhatsApp-Image-2024-05-28-at-10.05.21-1536x2048.jpeg 1536w, http:\/\/www2.unifap.br\/farmacos\/files\/2024\/05\/WhatsApp-Image-2024-05-28-at-10.05.21-scaled.jpeg 1920w\" sizes=\"(max-width: 225px) 100vw, 225px\" \/><\/a><\/p>\n<p>&nbsp;<\/p>\n","protected":false},"excerpt":{"rendered":"<p>&nbsp; O Laborat\u00f3rio de Pesquisa em F\u00e1rmacos da Universidade Federal do Amap\u00e1 (UNIFAP) possui uma infraestrutura moderna e bem equipada, projetada para oferecer suporte \u00e0s diversas \u00e1reas de pesquisa do laborat\u00f3rio. A seguir, apresentamos os principais componentes dessa infraestrutura: Corredor&hellip; <\/p>\n<p><a href=\"http:\/\/www2.unifap.br\/farmacos\/infraestrutura-infrastructure\/\" class=\"readmore-button\">Continue Reading<\/a><\/p>\n","protected":false},"author":112,"featured_media":0,"parent":0,"menu_order":0,"comment_status":"open","ping_status":"open","template":"","meta":{"inline_featured_image":false,"ngg_post_thumbnail":0,"footnotes":""},"class_list":["post-59","page","type-page","status-publish","hentry"],"_links":{"self":[{"href":"http:\/\/www2.unifap.br\/farmacos\/wp-json\/wp\/v2\/pages\/59","targetHints":{"allow":["GET"]}}],"collection":[{"href":"http:\/\/www2.unifap.br\/farmacos\/wp-json\/wp\/v2\/pages"}],"about":[{"href":"http:\/\/www2.unifap.br\/farmacos\/wp-json\/wp\/v2\/types\/page"}],"author":[{"embeddable":true,"href":"http:\/\/www2.unifap.br\/farmacos\/wp-json\/wp\/v2\/users\/112"}],"replies":[{"embeddable":true,"href":"http:\/\/www2.unifap.br\/farmacos\/wp-json\/wp\/v2\/comments?post=59"}],"version-history":[{"count":8,"href":"http:\/\/www2.unifap.br\/farmacos\/wp-json\/wp\/v2\/pages\/59\/revisions"}],"predecessor-version":[{"id":338,"href":"http:\/\/www2.unifap.br\/farmacos\/wp-json\/wp\/v2\/pages\/59\/revisions\/338"}],"wp:attachment":[{"href":"http:\/\/www2.unifap.br\/farmacos\/wp-json\/wp\/v2\/media?parent=59"}],"curies":[{"name":"wp","href":"https:\/\/api.w.org\/{rel}","templated":true}]}}