{"id":18,"date":"2012-03-21T22:39:17","date_gmt":"2012-03-21T22:39:17","guid":{"rendered":"http:\/\/www2.unifap.br\/fernandamichalski\/?page_id=18"},"modified":"2012-03-21T23:34:13","modified_gmt":"2012-03-21T23:34:13","slug":"curriculo-lattes","status":"publish","type":"page","link":"http:\/\/www2.unifap.br\/fernandamichalski\/curriculo-lattes\/","title":{"rendered":"Curr\u00edculo Lattes"},"content":{"rendered":"<p><strong>Para visualizar a vers\u00e3o atualizada do curr<strong>\u00edculo lattes <\/strong>, consulte o s\u00edtio do CNPq\u00a0<a href=\"http:\/\/lattes.cnpq.br\/2694712220097469\" target=\"_blank\">http:\/\/lattes.cnpq.br\/<\/a><\/strong><\/p>\n","protected":false},"excerpt":{"rendered":"<p>Para visualizar a vers\u00e3o atualizada do curr\u00edculo lattes , consulte o s\u00edtio do CNPq\u00a0http:\/\/lattes.cnpq.br\/<\/p>\n","protected":false},"author":107,"featured_media":0,"parent":0,"menu_order":0,"comment_status":"open","ping_status":"open","template":"","meta":{"inline_featured_image":false,"ngg_post_thumbnail":0,"footnotes":""},"class_list":["post-18","page","type-page","status-publish","hentry"],"_links":{"self":[{"href":"http:\/\/www2.unifap.br\/fernandamichalski\/wp-json\/wp\/v2\/pages\/18","targetHints":{"allow":["GET"]}}],"collection":[{"href":"http:\/\/www2.unifap.br\/fernandamichalski\/wp-json\/wp\/v2\/pages"}],"about":[{"href":"http:\/\/www2.unifap.br\/fernandamichalski\/wp-json\/wp\/v2\/types\/page"}],"author":[{"embeddable":true,"href":"http:\/\/www2.unifap.br\/fernandamichalski\/wp-json\/wp\/v2\/users\/107"}],"replies":[{"embeddable":true,"href":"http:\/\/www2.unifap.br\/fernandamichalski\/wp-json\/wp\/v2\/comments?post=18"}],"version-history":[{"count":3,"href":"http:\/\/www2.unifap.br\/fernandamichalski\/wp-json\/wp\/v2\/pages\/18\/revisions"}],"predecessor-version":[{"id":22,"href":"http:\/\/www2.unifap.br\/fernandamichalski\/wp-json\/wp\/v2\/pages\/18\/revisions\/22"}],"wp:attachment":[{"href":"http:\/\/www2.unifap.br\/fernandamichalski\/wp-json\/wp\/v2\/media?parent=18"}],"curies":[{"name":"wp","href":"https:\/\/api.w.org\/{rel}","templated":true}]}}