{"id":166,"date":"2019-12-11T22:07:45","date_gmt":"2019-12-11T22:07:45","guid":{"rendered":"http:\/\/www2.unifap.br\/filosofia-santana\/?page_id=166"},"modified":"2019-12-11T22:07:45","modified_gmt":"2019-12-11T22:07:45","slug":"regulamentos","status":"publish","type":"page","link":"http:\/\/www2.unifap.br\/filosofia-santana\/regulamentos\/","title":{"rendered":"Regulamentos"},"content":{"rendered":"<p><a href=\"http:\/\/www2.unifap.br\/filosofia-santana\/files\/2019\/12\/AP\u00caNDICE-V-REGULAMENTO-COMPLEMENTAR-DA-PR\u00c1TICA-PEDAG\u00d3GICA.pdf\">REGULAMENTO COMPLEMENTAR DA PR\u00c1TICA PEDAG\u00d3GICA<\/a><\/p>\n<p><a href=\"http:\/\/www2.unifap.br\/filosofia-santana\/files\/2019\/12\/AP\u00caNDICE-VI-REGULAMENTO-COMPLEMENTAR-DAS-ACs.pdf\">REGULAMENTO COMPLEMENTAR DAS ACs<\/a><\/p>\n<p><a href=\"http:\/\/www2.unifap.br\/filosofia-santana\/files\/2019\/12\/AP\u00caNDICE-III-REGULAMENTO-COMPLEMENTAR-DO-TCC-FILOSOFIA.pdf\">REGULAMENTO COMPLEMENTAR DO TCC &#8211; FILOSOFIA<\/a><\/p>\n<p><a href=\"http:\/\/www2.unifap.br\/filosofia-santana\/files\/2019\/12\/AP\u00caNDICE-IV-REGULAMENTO-COMPLEMENTAR-DO-EST\u00c1GIO-SUPERVISIONADO.pdf\">REGULAMENTO COMPLEMENTAR DO EST\u00c1GIO SUPERVISIONADO<\/a><\/p>\n","protected":false},"excerpt":{"rendered":"<p>REGULAMENTO COMPLEMENTAR DA PR\u00c1TICA PEDAG\u00d3GICA REGULAMENTO COMPLEMENTAR DAS ACs REGULAMENTO COMPLEMENTAR DO TCC &#8211; FILOSOFIA REGULAMENTO COMPLEMENTAR DO EST\u00c1GIO SUPERVISIONADO<\/p>\n","protected":false},"author":894,"featured_media":0,"parent":0,"menu_order":0,"comment_status":"closed","ping_status":"closed","template":"","meta":{"inline_featured_image":false,"ngg_post_thumbnail":0,"footnotes":""},"class_list":["post-166","page","type-page","status-publish","hentry"],"_links":{"self":[{"href":"http:\/\/www2.unifap.br\/filosofia-santana\/wp-json\/wp\/v2\/pages\/166","targetHints":{"allow":["GET"]}}],"collection":[{"href":"http:\/\/www2.unifap.br\/filosofia-santana\/wp-json\/wp\/v2\/pages"}],"about":[{"href":"http:\/\/www2.unifap.br\/filosofia-santana\/wp-json\/wp\/v2\/types\/page"}],"author":[{"embeddable":true,"href":"http:\/\/www2.unifap.br\/filosofia-santana\/wp-json\/wp\/v2\/users\/894"}],"replies":[{"embeddable":true,"href":"http:\/\/www2.unifap.br\/filosofia-santana\/wp-json\/wp\/v2\/comments?post=166"}],"version-history":[{"count":1,"href":"http:\/\/www2.unifap.br\/filosofia-santana\/wp-json\/wp\/v2\/pages\/166\/revisions"}],"predecessor-version":[{"id":171,"href":"http:\/\/www2.unifap.br\/filosofia-santana\/wp-json\/wp\/v2\/pages\/166\/revisions\/171"}],"wp:attachment":[{"href":"http:\/\/www2.unifap.br\/filosofia-santana\/wp-json\/wp\/v2\/media?parent=166"}],"curies":[{"name":"wp","href":"https:\/\/api.w.org\/{rel}","templated":true}]}}