{"id":37,"date":"2016-08-17T21:01:30","date_gmt":"2016-08-17T21:01:30","guid":{"rendered":"http:\/\/www2.unifap.br\/filosofia-santana\/?page_id=37"},"modified":"2025-10-23T13:10:11","modified_gmt":"2025-10-23T13:10:11","slug":"docentes","status":"publish","type":"page","link":"http:\/\/www2.unifap.br\/filosofia-santana\/docentes\/","title":{"rendered":"Docentes"},"content":{"rendered":"<p><strong>GEST\u00c3O ATUAL DO CURSO 2024\/2026<\/strong><\/p>\n<p><strong>COORDENADOR:<\/strong>\u00a0PROF. <a href=\"http:\/\/lattes.cnpq.br\/3870500150967274\" target=\"_blank\" rel=\"noopener\">RAFAEL CESAR PITT<\/a><\/p>\n<p><strong>VICE-COORDENADOR<\/strong>: PROF. <a href=\"http:\/\/lattes.cnpq.br\/0031719315013253\" target=\"_blank\" rel=\"noopener\">JOS\u00c9 CARLOS CARIAC\u00c1S ROM\u00c3O DOS SANTOS<\/a><\/p>\n<p><strong>Email de contato com a coordena\u00e7\u00e3o<\/strong>: filosofia@unifap.br<\/p>\n<p>&nbsp;<\/p>\n<p><strong>CORPO DOCENTE<\/strong>:<\/p>\n<p>PROF.\u00a0<a href=\"http:\/\/lattes.cnpq.br\/4624360511449234\" target=\"_blank\" rel=\"noopener\">AFR\u00c2NIO PATROC\u00cdNIO DE ANDRADE<\/a><\/p>\n<p>PROF\u00aa. <a href=\"http:\/\/lattes.cnpq.br\/9477956558046209\" target=\"_blank\" rel=\"noopener\">CARMEN L\u00daCIA CARLOS QUEIROZ<\/a><\/p>\n<p>PROF.\u00a0<a href=\"http:\/\/lattes.cnpq.br\/8781508238600725\" target=\"_blank\" rel=\"noopener\">CESAR AUGUSTO MATHIAS DE ALENCAR<\/a><\/p>\n<p>PROF. <a href=\"http:\/\/lattes.cnpq.br\/5914996726555247\">DESIDERIO ORLANDO FIGUEIREDO MURCHO<\/a><\/p>\n<p>PROF.\u00a0<a href=\"http:\/\/lattes.cnpq.br\/5216412977817910\" target=\"_blank\" rel=\"noopener\">EVERTON MIGUEL PUHL MACIEL<\/a><\/p>\n<p>PROF. <a href=\"http:\/\/lattes.cnpq.br\/0031719315013253\" target=\"_blank\" rel=\"noopener\">JOS\u00c9 CARLOS CARIAC\u00c1S ROM\u00c3O DOS SANTOS<\/a><\/p>\n<p>PROF.\u00a0<a href=\"http:\/\/lattes.cnpq.br\/9272901326258664\" target=\"_blank\" rel=\"noopener\">PAULO ROBERTO MORAES DE MENDON\u00c7A<\/a><\/p>\n<p>PROF. <a href=\"http:\/\/lattes.cnpq.br\/3870500150967274\" target=\"_blank\" rel=\"noopener\">RAFAEL CESAR PITT<\/a><\/p>\n<p>PROF\u00aa. <a href=\"http:\/\/lattes.cnpq.br\/0514869882910610\" target=\"_blank\" rel=\"noopener\">RAULIETTE DIANA LIMA E SILVA<\/a><\/p>\n<p>&nbsp;<\/p>\n","protected":false},"excerpt":{"rendered":"<p>GEST\u00c3O ATUAL DO CURSO 2024\/2026 COORDENADOR:\u00a0PROF. RAFAEL CESAR PITT VICE-COORDENADOR: PROF. JOS\u00c9 CARLOS CARIAC\u00c1S ROM\u00c3O DOS SANTOS Email de contato com a coordena\u00e7\u00e3o: filosofia@unifap.br &nbsp; CORPO DOCENTE: PROF.\u00a0AFR\u00c2NIO PATROC\u00cdNIO DE ANDRADE PROF\u00aa. CARMEN L\u00daCIA CARLOS QUEIROZ PROF.\u00a0CESAR AUGUSTO MATHIAS DE&hellip; <\/p>\n<p><a href=\"http:\/\/www2.unifap.br\/filosofia-santana\/docentes\/\" class=\"readmore-button\">Continue Reading<\/a><\/p>\n","protected":false},"author":894,"featured_media":0,"parent":0,"menu_order":0,"comment_status":"open","ping_status":"open","template":"","meta":{"inline_featured_image":false,"ngg_post_thumbnail":0,"footnotes":""},"class_list":["post-37","page","type-page","status-publish","hentry"],"_links":{"self":[{"href":"http:\/\/www2.unifap.br\/filosofia-santana\/wp-json\/wp\/v2\/pages\/37","targetHints":{"allow":["GET"]}}],"collection":[{"href":"http:\/\/www2.unifap.br\/filosofia-santana\/wp-json\/wp\/v2\/pages"}],"about":[{"href":"http:\/\/www2.unifap.br\/filosofia-santana\/wp-json\/wp\/v2\/types\/page"}],"author":[{"embeddable":true,"href":"http:\/\/www2.unifap.br\/filosofia-santana\/wp-json\/wp\/v2\/users\/894"}],"replies":[{"embeddable":true,"href":"http:\/\/www2.unifap.br\/filosofia-santana\/wp-json\/wp\/v2\/comments?post=37"}],"version-history":[{"count":13,"href":"http:\/\/www2.unifap.br\/filosofia-santana\/wp-json\/wp\/v2\/pages\/37\/revisions"}],"predecessor-version":[{"id":290,"href":"http:\/\/www2.unifap.br\/filosofia-santana\/wp-json\/wp\/v2\/pages\/37\/revisions\/290"}],"wp:attachment":[{"href":"http:\/\/www2.unifap.br\/filosofia-santana\/wp-json\/wp\/v2\/media?parent=37"}],"curies":[{"name":"wp","href":"https:\/\/api.w.org\/{rel}","templated":true}]}}