{"id":39,"date":"2016-08-17T21:19:26","date_gmt":"2016-08-17T21:19:26","guid":{"rendered":"http:\/\/www2.unifap.br\/filosofia-santana\/?page_id=39"},"modified":"2020-09-16T01:51:45","modified_gmt":"2020-09-16T01:51:45","slug":"grupos-de-pesquisa","status":"publish","type":"page","link":"http:\/\/www2.unifap.br\/filosofia-santana\/grupos-de-pesquisa\/","title":{"rendered":"Projetos e Grupos de Pesquisa"},"content":{"rendered":"<header><strong>Projetos e\u00a0Grupos de pesquisa liderados por docentes do colegiado<\/strong><\/p>\n<h1><\/h1>\n<h1><span style=\"text-decoration: underline\">Grupos de Pesquisa<span style=\"line-height: 1.5em\">\u00a0<\/span><\/span><\/h1>\n<\/header>\n<div>\n<p>&nbsp;<\/p>\n<p><b>06) A \u00c9tica e a Pol\u00edtica em contextos culturais diferenciados: ribeirinhos e ind\u00edgenas (em preenchimento)<\/b><\/p>\n<p>L\u00edder: Rauliette Diana Lima e Silva<\/p>\n<p>Membros Permanentes: Rauliette Diana Lima e Silva, Everton Miguel Puhl Maciel, Victor Andr\u00e9 Pinheiro Cantu\u00e1rio, Afr\u00e2nio Patroc\u00ednio de Andrade.<\/p>\n<p>Membros Associados (Discentes): Elinny de Oliveira Campelo, Meris Fab\u00edola de Jesus da Silva, Nara R\u00fabia do Nascimento Costa, Alana Karoline Sena Giffoni, Adrienne Marques da Silva de Lima, Solange dos Santos Concei\u00e7\u00e3o, Chiara da Mota Miranda, Henrique Figueiredo dos Santos, Danielle Santos de Souza, Jorge Ara\u00fajo Branco, Idelfonso Silva.<\/p>\n<p><em>Atividades 2019-2020<\/em>:<\/p>\n<ul>\n<li>Comunica\u00e7\u00f5es Filos\u00f3ficas no Meio do Mundo II (extens\u00e3o: palestras)<\/li>\n<li>Programa de R\u00e1dio UNIFAP: Di\u00e1logos com a Filosofia (semanal\/quinzenal)<\/li>\n<\/ul>\n<p>&nbsp;<\/p>\n<p><strong>05) <a href=\"http:\/\/dgp.cnpq.br\/dgp\/espelhogrupo\/513418\">Grupo de Investiga\u00e7\u00e3o Filos\u00f3fica<\/a> (ativo)<\/strong><\/p>\n<p>L\u00edder: Rodrigo Reis Lastra Cid<\/p>\n<p>Membros Permanentes: Rodrigo Reis Lastra Cid, Everton Miguel Puhl Maciel, Cesar Mathias de Alencar, Rafael C\u00e9sar Pitt, Paulo Roberto Moraes de Mendon\u00e7a.<\/p>\n<\/div>\n<p>Membros Permanentes Externos:\u00a0Alu\u00edzio de Ara\u00fajo Couto J\u00fanior,\u00a0Daniel Schiochett,\u00a0Guilherme da Costa Assun\u00e7\u00e3o Cec\u00edlio,\u00a0Kherian Galv\u00e3o Cesar Gracher,\u00a0Luiz Helv\u00e9cio Marques Segundo,\u00a0Luiz Maur\u00edcio Bentim da Rocha Menezes,\u00a0Mayra Moreira da Costa,\u00a0Pedro Merlussi,\u00a0Renata Ramos da Silva,\u00a0Rodrigo Alexandre de Figueiredo,\u00a0Sagid Salles,\u00a0Tiago Lu\u00eds Teixeira de Oliveira.<\/p>\n<div>\n<p>Membros Associados (Discentes):\u00a0 Jos\u00e9 Lu\u00eds dos Santos Leal, Vin\u00edcius Brito Barros.<\/p>\n<p>Egressos: Bruno Borges Moura, Danilo Jose Ribeiro de Oliveira, Marlon Viana de Almeida Junior, Nayra Sousa Barros, Wenderson da Gl\u00f3ria Usnahua.<\/p>\n<p><em>Atividades 2019:\u00a0<\/em><\/p>\n<ul>\n<li><a href=\"https:\/\/enfa-filosofia.blogspot.com\/\">I Encontro Nacional de Filosofia no Amap\u00e1<\/a> (<a href=\"http:\/\/www2.unifap.br\/filosofia-santana\/files\/2020\/02\/ANAIS-DO-ENFA-2019.pdf\">Anais do ENFA 2019<\/a>)<\/li>\n<li><a href=\"https:\/\/periodicos.unifap.br\/index.php\/investigacaofilosofica\/index\">Lan\u00e7amento dos dois n\u00fameros de 2019 do peri\u00f3dico\u00a0<em>Investiga\u00e7\u00e3o Filos\u00f3fica<\/em>.<\/a><\/li>\n<li><a href=\"https:\/\/revistas.ufpi.br\/index.php\/pensando\/article\/view\/8155\">Artigo: Maciel, Everton Puhl. &#8220;Uma aproxima\u00e7\u00e3o: a teoria da justi\u00e7a de Rawls diante do liberalismo de Mill.\u00a0<em>Pensando: Revista de Filosofia<\/em>: vol. 9, pp. 137-153, 2019.<\/a><\/li>\n<li><a href=\"https:\/\/philpapers.org\/archive\/CIDUAD.pdf\">Cap\u00edtulo de livro: Cid, Rodrigo. &#8220;Uma apologia da filosofia&#8221;. In: Marques, L\u00facio (org).\u00a0<em>Contra S\u00f3crates<\/em>.\u00a0Porto Alegre: Editora Funda\u00e7\u00e3o F\u00eanix, 2019.<\/a><\/li>\n<li>Palestra: &#8220;O problema da defini\u00e7\u00e3o de arte&#8221; (Evento\u00a0<em>Filosofia e Fic\u00e7\u00e3o\u00a0<\/em>&#8211; UEAP) (Rodrigo Reis Lastra Cid)<\/li>\n<li>Palestra: &#8220;A metaf\u00edsica dos princ\u00edpios de simetria&#8221; (Programa de P\u00f3s-Gradua\u00e7\u00e3o em L\u00f3gica e Metaf\u00edsica da UFRJ) (Rodrigo Reis Lastra Cid)<\/li>\n<li>Tradu\u00e7\u00e3o de verbetes da\u00a0<em>Stanford Encyclopedia of Philosophy<\/em>, em plano de trabalho para 3 alunos, inserida num projeto maior de tradu\u00e7\u00e3o.<\/li>\n<\/ul>\n<p><em>Atividades 2020:<\/em><\/p>\n<ul>\n<li><a href=\"https:\/\/www2.unifap.br\/editora\/files\/2019\/12\/leis-da-natureza-2.pdf\">Lan\u00e7amento do Livro: &#8220;Leis da Natureza: Uma Abordagem Filos\u00f3fica&#8221;<\/a><\/li>\n<li><a href=\"https:\/\/www2.unifap.br\/editora\/files\/2020\/02\/politica-pratica.pdf\">Lan\u00e7amento do Livro: &#8220;Pol\u00edtica Pr\u00e1tica&#8221;<\/a><\/li>\n<li><a href=\"https:\/\/www.editorafi.org\/09refuta\">Lan\u00e7amento da S\u00e9rie Investiga\u00e7\u00e3o Filos\u00f3fica: Verbetes Selecionados de L\u00f3gica<\/a><\/li>\n<li><a href=\"https:\/\/www.editorafi.org\/09refuta\">Lan\u00e7amento do Livro: Refuta\u00e7\u00f5es: ensaios em pol\u00edtica, economia, \u00e9tica e arte<\/a><\/li>\n<li><a href=\"https:\/\/www.youtube.com\/channel\/UC2ZBRQHaqy-9KrveYLyEcEA\">Lan\u00e7amento do Canal Investiga\u00e7\u00e3o Filos\u00f3fica<\/a><\/li>\n<li><a href=\"https:\/\/enfa-filosofia.blogspot.com\/\">II Encontro Nacional de Filosofia no Amap\u00e1 \/ I Encontro Nacional Investiga\u00e7\u00e3o Filos\u00f3fica<\/a><\/li>\n<li>Publica\u00e7\u00e3o de artigo em Filosofia da Arquivologia (no prelo da Brazilian Journal of Information Science)<\/li>\n<li>Curso de extens\u00e3o: Investiga\u00e7\u00e3o Filos\u00f3fica nas Ci\u00eancias (in\u00edcio)<\/li>\n<li><a href=\"https:\/\/investigacao-filosofica.blogspot.com\/\">Manuten\u00e7\u00e3o do Blog Investiga\u00e7\u00e3o Filos\u00f3fica<\/a><\/li>\n<li><a href=\"https:\/\/periodicos.unifap.br\/index.php\/investigacaofilosofica\/\">Edi\u00e7\u00e3o do peri\u00f3dico acad\u00eamico Investiga\u00e7\u00e3o Filos\u00f3fica<\/a><\/li>\n<\/ul>\n<p><em>Atividades 2021:<\/em><\/p>\n<ul>\n<li>Curso de extens\u00e3o: Investiga\u00e7\u00e3o Filos\u00f3fica nas Ci\u00eancias (continua\u00e7\u00e3o)<\/li>\n<li><a href=\"https:\/\/www.youtube.com\/channel\/UC2ZBRQHaqy-9KrveYLyEcEA\">Produ\u00e7\u00e3o e Manuten\u00e7\u00e3o do Canal Investiga\u00e7\u00e3o Filos\u00f3fica<\/a><\/li>\n<li><a href=\"https:\/\/investigacao-filosofica.blogspot.com\/\">Manuten\u00e7\u00e3o do Blog Investiga\u00e7\u00e3o Filos\u00f3fica<\/a><\/li>\n<li><a href=\"https:\/\/periodicos.unifap.br\/index.php\/investigacaofilosofica\/\">Edi\u00e7\u00e3o do peri\u00f3dico acad\u00eamico Investiga\u00e7\u00e3o Filos\u00f3fica<\/a><\/li>\n<li><a href=\"https:\/\/wp.ufpel.edu.br\/nepfil\/serie-investigacao-filosofica\/\">Publica\u00e7\u00e3o de livros da S\u00e9rie Investiga\u00e7\u00e3o Filos\u00f3fica<\/a><\/li>\n<\/ul>\n<p>&nbsp;<\/p>\n<p><strong><a href=\"http:\/\/dgp.cnpq.br\/dgp\/espelhogrupo\/346830\" target=\"_blank\" rel=\"noopener noreferrer\">04) Di\u00e1logo: Discurso e A\u00e7\u00e3o Humana <\/a>(ativo)<\/strong><\/p>\n<p>L\u00edder: Cesar Augusto Mathias de Alencar (membro permanente)<\/p>\n<p><em>Atividades 2019: <\/em><\/p>\n<ul>\n<li>Leitura e coment\u00e1rio da obra <em>FEDRO<\/em> de Plat\u00e3o<strong><a href=\"https:\/\/literaducandose.blogspot.com\/p\/fedro.html\">[memorial das leituras]<\/a><\/strong><\/li>\n<li><a href=\"https:\/\/faje.edu.br\/periodicos\/index.php\/Sintese\/article\/view\/4366\" target=\"_blank\" rel=\"noopener noreferrer\" data-saferedirecturl=\"https:\/\/www.google.com\/url?q=https:\/\/faje.edu.br\/periodicos\/index.php\/Sintese\/article\/view\/4366&amp;source=gmail&amp;ust=1600300284283000&amp;usg=AFQjCNE6408TjOcP50CqHSIKp6aKjfz2iw\">Resenha de &#8220;Plat\u00e3o contra o amor plat\u00f4nico&#8221;<\/a><\/li>\n<\/ul>\n<p>Atividades 2020:<\/p>\n<ul>\n<li>A maturidade simb\u00f3lica: da ci\u00eancia ao mito (no prelo)<\/li>\n<li><u><a href=\"https:\/\/periodicos.unifap.br\/index.php\/investigacaofilosofica\/article\/view\/5967\" target=\"_blank\" rel=\"noopener noreferrer\" data-saferedirecturl=\"https:\/\/www.google.com\/url?q=https:\/\/periodicos.unifap.br\/index.php\/investigacaofilosofica\/article\/view\/5967&amp;source=gmail&amp;ust=1600300284283000&amp;usg=AFQjCNHLR5CWM-oZQ-sfJ1L4sjDyj5s9Lg\">As dores do mundo: Pandemia e Liberdade<\/a><\/u>\u00a0(artigo)<\/li>\n<li><a href=\"https:\/\/drive.google.com\/file\/d\/1RFZpcODkLHiLvT8j57IFsYXeX9sXMAUF\/view\" target=\"_blank\" rel=\"noopener noreferrer\" data-saferedirecturl=\"https:\/\/www.google.com\/url?q=https:\/\/drive.google.com\/file\/d\/1RFZpcODkLHiLvT8j57IFsYXeX9sXMAUF\/view&amp;source=gmail&amp;ust=1600300284283000&amp;usg=AFQjCNHcK4Fxvc_Ml_N-JoNTuO-bhct78A\">E quem sobrevive ao amor?<\/a>\u00a0(cap\u00edtulo de livro)<\/li>\n<li><a href=\"https:\/\/www2.unifap.br\/editora\/files\/2020\/02\/politica-pratica.pdf\" target=\"_blank\" rel=\"noopener noreferrer\" data-saferedirecturl=\"https:\/\/www.google.com\/url?q=https:\/\/www2.unifap.br\/editora\/files\/2020\/02\/politica-pratica.pdf&amp;source=gmail&amp;ust=1600300284283000&amp;usg=AFQjCNGDA5Lc4wa1ewd2ZaU57F2yZ9evMg\">A pol\u00edtica dos sem-educa\u00e7\u00e3o<\/a>\u00a0(cap\u00edtulo de livro)<\/li>\n<\/ul>\n<p>&nbsp;<\/p>\n<\/div>\n<div>\n<p><strong><a href=\"http:\/\/dgp.cnpq.br\/dgp\/espelhogrupo\/2113620682370184\" target=\"_blank\" rel=\"noopener noreferrer\">03) Estudos sobre o orfismo e a cultura grega antiga<\/a> (ativo)<\/strong><\/p>\n<p>L\u00edder: Rafael C\u00e9sar Pitt (membro permanente)<\/p>\n<p><em>Atividades 2019:<\/em><\/p>\n<ul>\n<li>Encerramento de 3 trabalhos de conclus\u00e3o de curso (Nayra Sousa Barros: Aspectos m\u00edsticos da filosofia de Emp\u00e9docles; Sami Hiasmin dos Santos Nobre: As representa\u00e7\u00f5es de seres mitol\u00f3gicos feitas por Plat\u00e3o: estudo de caso de Orfeu; Wenderson da Gl\u00f3ria Usnahua: Purifica\u00e7\u00f5es \u00d3rficas na poesia de Emp\u00e9docles).<\/li>\n<\/ul>\n<p><em>Atividades 2020:<\/em><\/p>\n<ul>\n<li class=\"western\">Desenvolvimento de 4 trabalhos de conclus\u00e3o de curso (Karolay Costa de Souza; Alana Caroline Le\u00e3o Concei\u00e7\u00e3o; Alana Karoline Sena Giffoni; Chiara da Mota Miranda).<\/li>\n<\/ul>\n<p>&nbsp;<\/p>\n<p><strong><a href=\"http:\/\/dgp.cnpq.br\/dgp\/espelhogrupo\/375230\">02) FILOSOFIA E SOCIEDADE<\/a> (encerrado)<\/strong><\/p>\n<p>L\u00edder: Afr\u00e2nio Patroc\u00ednio de Andrade<\/p>\n<p>Membro Permanente: Afr\u00e2nio Patroc\u00ednio de Andrade<\/p>\n<p>Membro Associado (docente): Rodrigo Reis Lastra Cid<\/p>\n<p><em>Atividades 2018:<\/em><\/p>\n<ul>\n<li><a href=\"https:\/\/www2.unifap.br\/filosofia-santana\/2018\/07\/21\/curso-de-extensao-cura-da-alma\/\">Projeto de extens\u00e3o: Cura da Alma (Afr\u00e2nio Patroc\u00ednio de Andrade).<\/a><\/li>\n<\/ul>\n<p><em>Atividades 2019:<\/em><\/p>\n<ul>\n<li>Projeto de pesquisa:\u00a0Investiga\u00e7\u00e3o e Cataloga\u00e7\u00e3o do Conhecimento Popular em Santana, AP (Rodrigo Reis Lastra Cid &amp; Afr\u00e2nio Patroc\u00ednio de Andrade).<\/li>\n<\/ul>\n<p><em>Atividades 2020:<\/em><\/p>\n<ul>\n<li>Diagrama\u00e7\u00e3o e edi\u00e7\u00e3o do livro Investiga\u00e7\u00e3o e Cataloga\u00e7\u00e3o dos Rem\u00e9dios Naturais Amaz\u00f4nicos de Santana AP.<\/li>\n<li><a href=\"https:\/\/www.editorafi.org\/13curandeiros\">Lan\u00e7amento do livro: &#8220;Investiga\u00e7\u00e3o e Cataloga\u00e7\u00e3o dos Conhecimento dos Curandeiros de Santana Amap\u00e1&#8221;<\/a> (Rodrigo Reis Lastra Cid, Afr\u00e2nio Patroc\u00ednio de Andrade e Marlon Viana de Almeida J\u00fanior)<\/li>\n<li>Publica\u00e7\u00e3o de artigo: <a href=\"https:\/\/www.ap.anpuh.org\/download\/download?ID_DOWNLOAD=2037\">Cataloga\u00e7\u00e3o dos Rem\u00e9dios Naturais Amaz\u00f4nicos de Santana AP<\/a> (Rodrigo Reis Lastra Cid, Afr\u00e2nio Patroc\u00ednio de Andrade e Marlon Viana J\u00fanior)<\/li>\n<\/ul>\n<p>&nbsp;<\/p>\n<p><strong><a href=\"http:\/\/dgp.cnpq.br\/dgp\/espelhogrupo\/1520149798970259\" target=\"_blank\" rel=\"noopener noreferrer\">01) Mito, Vida, Filosofia<\/a>\u00a0(encerrado)<\/strong><\/p>\n<p>L\u00edder: Rafael C\u00e9sar Pitt<\/p>\n<p>&nbsp;<\/p>\n<header>\n<h1><span style=\"text-decoration: underline\">Projetos de Pesquisa<\/span><\/h1>\n<\/header>\n<\/div>\n<p>&nbsp;<\/p>\n<p><strong>08)\u00a0<b> A \u00c9tica e a Pol\u00edtica em contextos culturais diferenciados: ribeirinhos e ind\u00edgenas (em aprova\u00e7\u00e3o)<\/b><\/strong><\/p>\n<p>Coordenadora: Rauliette Diana Lima e Silva<\/p>\n<p>Colaboradores: Prof. Afr\u00e2nio Patroc\u00ednio de Andrade, Prof. Everton Miguel Puhl Maciel, Prof. C\u00e9sar Augusto Mathias de Alencar.<\/p>\n<p>N\u00famero de Registro: PVN998-2020<\/p>\n<p>Grupo de Pesquisa:\u00a0 A \u00c9tica e a Pol\u00edtica em contextos culturais diferenciados: ribeirinhos e ind\u00edgenas<\/p>\n<p>&nbsp;<\/p>\n<p><strong>07) Fato e Valor no Liberalismo de John Stuart Mill (ativo)<\/strong><\/p>\n<p>Coordenador: Everton Miguel Puhl Maciel<\/p>\n<p>N\u00famero de Registro: PIN881-2019<\/p>\n<p>Grupo de Pesquisa: Grupo de Investiga\u00e7\u00e3o Filos\u00f3fica<\/p>\n<p><em>Produ\u00e7\u00e3o 2019:<\/em><\/p>\n<ul>\n<li><a href=\"https:\/\/revistas.ufpi.br\/index.php\/pensando\/article\/view\/8155\">Artigo: Maciel, Everton Puhl. &#8220;Uma aproxima\u00e7\u00e3o: a teoria da justi\u00e7a de Rawls diante do liberalismo de Mill.\u00a0<em>Pensando: Revista de Filosofia<\/em>: vol. 9, pp. 137-153, 2019.<\/a><\/li>\n<\/ul>\n<p><em>Produ\u00e7\u00e3o 2020:<\/em><\/p>\n<ul>\n<li><a href=\"https:\/\/www2.unifap.br\/editora\/files\/2020\/02\/politica-pratica.pdf\">Livro &#8220;Pol\u00edtica Pr\u00e1tica&#8221; (Everton Maciel et al.)<\/a><\/li>\n<\/ul>\n<p>&nbsp;<\/p>\n<p><strong>06)\u00a0<\/strong><strong>Leis da Natureza: Uma Abordagem Filos\u00f3fica (ativo)<\/strong><\/p>\n<p>Coordenador: Rodrigo Reis Lastra Cid<\/p>\n<p>N\u00famero de Registro:\u00a0PVN916-2019<\/p>\n<p>Grupo de Pesquisa: Grupo de Investiga\u00e7\u00e3o Filos\u00f3fica<\/p>\n<p><em>Produ\u00e7\u00e3o 2019:\u00a0<\/em><\/p>\n<ul>\n<li>Palestra &#8220;A metaf\u00edsica dos princ\u00edpios de simetria&#8221; (Programa de P\u00f3s-Gradua\u00e7\u00e3o em L\u00f3gica e Metaf\u00edsica da UFRJ) (Rodrigo Reis Lastra Cid)<\/li>\n<\/ul>\n<p><em>Produ\u00e7\u00e3o 2020:<\/em><\/p>\n<ul>\n<li><a href=\"https:\/\/www2.unifap.br\/editora\/files\/2019\/12\/leis-da-natureza-2.pdf\">Livro &#8220;Leis da Natureza: Uma Abordagem Filos\u00f3fica&#8221; (Rodrigo Reis Lastra Cid)<\/a><\/li>\n<\/ul>\n<p>&nbsp;<\/p>\n<p><strong>05)\u00a0Tradu\u00e7\u00e3o e publica\u00e7\u00e3o de textos filos\u00f3ficos (ativo)<\/strong><\/p>\n<p>Coordenador: Rodrigo Reis Lastra Cid<\/p>\n<p>N\u00famero de Registro:\u00a0PIN744-2018<\/p>\n<p>Grupo de Pesquisa: Grupo de Investiga\u00e7\u00e3o Filos\u00f3fica<\/p>\n<p>Planos de trabalhos &#8211; 2019: 2 discentes (gradua\u00e7\u00e3o).<\/p>\n<p><em>Atividades 2019:<\/em><\/p>\n<ul>\n<li>2 orienta\u00e7\u00f5es de tradu\u00e7\u00f5es de verbetes da <em>Stanford Encyclopedia of Philosophy\u00a0<\/em>(SEP), com planos de trabalho para alunos.<\/li>\n<\/ul>\n<p><em>Atividades 2020:<\/em><\/p>\n<ul>\n<li>Diagrama\u00e7\u00e3o e prepara\u00e7\u00e3o dos 3 livros iniciais que abrem a s\u00e9rie <em>Investiga\u00e7\u00e3o Filos\u00f3fica<\/em>, com tradu\u00e7\u00f5es dos verbetes da SEP. Obten\u00e7\u00e3o de autoriza\u00e7\u00f5es.<\/li>\n<li><a href=\"https:\/\/wp.ufpel.edu.br\/nepfil\/files\/2020\/07\/sif.logica.pdf\">Publica\u00e7\u00e3o de livro: S\u00e9rie Investiga\u00e7\u00e3o Filos\u00f3fica: Textos Selecionados de L\u00f3gica<\/a><\/li>\n<\/ul>\n<p>&nbsp;<\/p>\n<p><strong>04) Investiga\u00e7\u00e3o e Cataloga\u00e7\u00e3o do Conhecimento Popular em Santana, AP (conclu\u00eddo)<\/strong><\/p>\n<p>Coordenador: Rodrigo Reis Lastra Cid<\/p>\n<p>Colaborador: Afr\u00e2nio Patroc\u00ednio de Andrade<\/p>\n<p>Orientando (discente): Marlon Viana de Almeida Junior<\/p>\n<p>N\u00famero de Registro: PVN858-2018<\/p>\n<p>Grupo de Pesquisa: Filosofia e Sociedade<\/p>\n<p>Planos de trabalhos &#8211; 2019: 1 discente (gradua\u00e7\u00e3o)<\/p>\n<p>Produ\u00e7\u00e3o 2020:<\/p>\n<p><a href=\"https:\/\/www.editorafi.org\/13curandeiros\">Livro: Investiga\u00e7\u00e3o e Cataloga\u00e7\u00e3o dos Conhecimentos dos Curandeiros de Santana &#8211; Amap\u00e1<\/a><\/p>\n<p><a href=\"https:\/\/www.ap.anpuh.org\/download\/download?ID_DOWNLOAD=2037\">Artigo: Cataloga\u00e7\u00e3o dos Rem\u00e9dios Naturais Amaz\u00f4nicos de Santana AP<\/a><\/p>\n<p>&nbsp;<\/p>\n<p><strong>03) Elementos \u00d3rficos na rela\u00e7\u00e3o Uno\/M\u00faltiplo da Filosofia de Emp\u00e9docles (ativo)<\/strong><\/p>\n<div>\n<header>Coordenador: Rafael C\u00e9sar Pitt<\/p>\n<p class=\"western\" align=\"LEFT\">N\u00famero de Registro:\u00a0PIN328-2018<\/p>\n<p align=\"LEFT\">Grupo de Pesquisa: Estudos sobre o orfismo e a cultura grega antiga<\/p>\n<\/header>\n<\/div>\n<p>&nbsp;<\/p>\n<p><strong>03) Perspectivas Filos\u00f3ficas da Moral Kantiana: Natureza, Dever e Liberdade (ativo)<\/strong><\/p>\n<p>Coordenadora: Carmen L\u00facia Carlos Queiroz<\/p>\n<p>N\u00famero de Registro: 0831\/2017<\/p>\n<p><em>Produ\u00e7\u00e3o 2018<\/em>:<\/p>\n<ul>\n<li>Palestra (UNIFAP):\u00a0Pressupostos Fundamentais da Moral Kantiana &#8211; liberdade, natureza e moralidade<\/li>\n<\/ul>\n<p><em>Produ\u00e7\u00e3o 2019<\/em>:<\/p>\n<ul>\n<li>Palestra (I Encontro Nacional de Filosofia no Amap\u00e1): Pressupostos Fundamentais da Moral Kantiana<\/li>\n<\/ul>\n<p>&nbsp;<\/p>\n<div>\n<header><strong>02) De atos e de palavras: Di\u00e1logos com a Filosofia Antiga (conclu\u00eddo)<\/strong><\/header>\n<div>Coordenador: Cesar Augusto Mathias de Alencar<\/div>\n<div>N\u00famero de registro: 0711\/2016<\/div>\n<\/div>\n<div>\n<div>\n<p>&nbsp;<\/p>\n<p><strong>01) A representa\u00e7\u00e3o segundo Descartes (conclu\u00eddo)<\/strong><\/p>\n<div>Coordenador: Rafael C\u00e9sar Pitt<\/div>\n<div>N\u00famero de registro: 0637\/2015<\/div>\n<\/div>\n<div><\/div>\n<\/div>\n","protected":false},"excerpt":{"rendered":"<p>Projetos e\u00a0Grupos de pesquisa liderados por docentes do colegiado Grupos de Pesquisa\u00a0 &nbsp; 06) A \u00c9tica e a Pol\u00edtica em contextos culturais diferenciados: ribeirinhos e ind\u00edgenas (em preenchimento) L\u00edder: Rauliette Diana Lima e Silva Membros Permanentes: Rauliette Diana Lima e&hellip; <\/p>\n<p><a href=\"http:\/\/www2.unifap.br\/filosofia-santana\/grupos-de-pesquisa\/\" class=\"readmore-button\">Continue Reading<\/a><\/p>\n","protected":false},"author":894,"featured_media":0,"parent":0,"menu_order":0,"comment_status":"open","ping_status":"open","template":"","meta":{"inline_featured_image":false,"ngg_post_thumbnail":0,"footnotes":""},"class_list":["post-39","page","type-page","status-publish","hentry"],"_links":{"self":[{"href":"http:\/\/www2.unifap.br\/filosofia-santana\/wp-json\/wp\/v2\/pages\/39","targetHints":{"allow":["GET"]}}],"collection":[{"href":"http:\/\/www2.unifap.br\/filosofia-santana\/wp-json\/wp\/v2\/pages"}],"about":[{"href":"http:\/\/www2.unifap.br\/filosofia-santana\/wp-json\/wp\/v2\/types\/page"}],"author":[{"embeddable":true,"href":"http:\/\/www2.unifap.br\/filosofia-santana\/wp-json\/wp\/v2\/users\/894"}],"replies":[{"embeddable":true,"href":"http:\/\/www2.unifap.br\/filosofia-santana\/wp-json\/wp\/v2\/comments?post=39"}],"version-history":[{"count":55,"href":"http:\/\/www2.unifap.br\/filosofia-santana\/wp-json\/wp\/v2\/pages\/39\/revisions"}],"predecessor-version":[{"id":251,"href":"http:\/\/www2.unifap.br\/filosofia-santana\/wp-json\/wp\/v2\/pages\/39\/revisions\/251"}],"wp:attachment":[{"href":"http:\/\/www2.unifap.br\/filosofia-santana\/wp-json\/wp\/v2\/media?parent=39"}],"curies":[{"name":"wp","href":"https:\/\/api.w.org\/{rel}","templated":true}]}}