{"id":42,"date":"2016-08-17T21:21:25","date_gmt":"2016-08-17T21:21:25","guid":{"rendered":"http:\/\/www2.unifap.br\/filosofia-santana\/?page_id=42"},"modified":"2024-04-03T20:42:30","modified_gmt":"2024-04-03T20:42:30","slug":"atividades-de-extensao","status":"publish","type":"page","link":"http:\/\/www2.unifap.br\/filosofia-santana\/atividades-de-extensao\/","title":{"rendered":"Extens\u00e3o"},"content":{"rendered":"<header>\n<h1>Projetos de Extens\u00e3o<\/h1>\n<\/header>\n<p>\u00a0<strong>18) Olimp\u00edada Nacional de Filosofia (Regiao Norte, Estado Amap\u00e1) (em andamento)<\/strong><\/p>\n<p>Coordenador\/Organizador: Prof. RODRIGO REIS LASTRA CID<\/p>\n<p>Equipe: Prof. RODRIGO REIS LASTRA CID, Profa. RAULIETTE DIANA, Prof. EVERTON MACIEL, Prof. VIN\u00cdCIUS RODRIGUES (UEAP).<\/p>\n<p>Etapa regional da Olimp\u00edada Nacional para alunos de ensino m\u00e9dio da regi\u00e3o. Organiza\u00e7\u00e3o da publicidade e da aplica\u00e7\u00e3o de provas. Atua\u00e7\u00e3o dos professores como jurado ou\/e como equipe t\u00e9cnica.<\/p>\n<p>&nbsp;<\/p>\n<p><strong>17) NEAR Alexandria Library: primeira biblioteca de livros acad\u00eamicos de filosofia no metaverso (em andamento)<\/strong><\/p>\n<p>Coordenador\/Organizador: Prof. RODRIGO REIS LASTRA CID<\/p>\n<p>Criacao de biblioteca virtual em espaco 3D, com livros 3D associados aos links de livros acad\u00eamicos de filosofia de acesso livre, principalmente os publicados pela UFPEL, no projeto S\u00e9rie Investigacao Filos\u00f3fica. Adicionalmente, h\u00e1 informacoes sobre como utilizar o sistema de registro de informacoes da blockchain, pelo protocolo NEAR, e um ambiente para eventos virtuais acad\u00eamicos e nao acad\u00eamicos. <a href=\"https:\/\/www.voxels.com\/play?coords=SW@1789E,1180N\">Visite a nossa biblioteca virtual clicando aqui.<\/a><\/p>\n<p>&nbsp;<\/p>\n<p><strong>16) Curso Ret\u00f3rica em Foco: T\u00e9cnicas para leitura e escrita<\/strong><\/p>\n<p>Curso de extens\u00e3o universit\u00e1ria \/ 30h<\/p>\n<p>Coordenador: Prof. C\u00c9SAR MATHIAS DE ALENCAR<\/p>\n<p>Resumo: O curso de extens\u00e3o Ret\u00f3rica em foco: t\u00e9cnicas de leitura e escrita orienta-se pelo anseio de divulgar uma aplica\u00e7\u00e3o objetiva e necess\u00e1ria das t\u00e9cnicas de produ\u00e7\u00e3o textual tal como trabalhadas pela Filosofia, abertas ao interesse geral de compreens\u00e3o do processo de comunica\u00e7\u00e3o e de fundamenta\u00e7\u00e3o do discurso e, de maneira espec\u00edfica, \u00e0 utilidade e efici\u00eancia do texto lido e escrito, enquanto instrumento de reflex\u00e3o e de educa\u00e7\u00e3o.<\/p>\n<p>Per\u00edodo de execu\u00e7\u00e3o<\/p>\n<p>29\/04\/2021 a 31\/12\/2021 (per\u00edodo de realiza\u00e7\u00e3o do curso)<\/p>\n<p>Local de Realiza\u00e7\u00e3o<\/p>\n<p>Universidade Federal do Amap\u00e1 &#8211; Plataforma de Cursos Livres Online<\/p>\n<p><a href=\"https:\/\/cursoslivres.unifap.br\/course\/retorica-em-foco\/intro\">https:\/\/cursoslivres.unifap.br\/<\/a><\/p>\n<p>P\u00fablico Alvo<\/p>\n<p>Fil\u00f3sofos, estudantes e interessados em Filosofia de pa\u00edses de l\u00edngua portuguesa.<\/p>\n<p>&nbsp;<\/p>\n<p><strong>15) Publica\u00e7\u00e3o de Livros (produtos)<\/strong> \/ 2020-2021 (conclu\u00eddo)<\/p>\n<p>Coordenador\/Organizador: Prof. RODRIGO REIS LASTRA CID<\/p>\n<ul>\n<li><a href=\"https:\/\/www.editorafi.org\/45ideologia\">Uma Ideologia de Centro<\/a><\/li>\n<li><a href=\"https:\/\/www.editorafi.org\/32metafisica\">T\u00f3picos em Metaf\u00edsica Contempor\u00e2nea<\/a><\/li>\n<li><a href=\"https:\/\/www.editorafi.org\/09refuta\">Refuta\u00e7\u00f5es: Ensaios em Pol\u00edtica, Economia, \u00c9tica e Arte<\/a><\/li>\n<li><a href=\"https:\/\/www.editorafi.org\/13curandeiros\">Investiga\u00e7\u00e3o e Cataloga\u00e7\u00e3o dos Conhecimentos dos Curandeiros de Santana &#8211; AP<\/a><\/li>\n<li><a href=\"https:\/\/wp.ufpel.edu.br\/nepfil\/files\/2021\/01\/pf_sdf.pdf\">Problemas Filos\u00f3ficos: Uma Introdu\u00e7\u00e3o \u00e0 Filosofia<\/a><\/li>\n<li><a href=\"https:\/\/wp.ufpel.edu.br\/nepfil\/files\/2020\/12\/pma_v2_sdf.pdf\">Problemas em Metaf\u00edsica Anal\u00edtica<\/a><\/li>\n<li><a href=\"https:\/\/wp.ufpel.edu.br\/nepfil\/files\/2020\/07\/sif.logica.pdf\">S\u00e9rie Investiga\u00e7\u00e3o Filos\u00f3fica: Textos Selecionados de L\u00f3gica<\/a><\/li>\n<li><a href=\"https:\/\/wp.ufpel.edu.br\/nepfil\/files\/2020\/09\/sif2epfc.pdf\">S\u00e9rie Investiga\u00e7\u00e3o Filos\u00f3fica: Textos Selecionados de Epistemologia e Filosofia da Ci\u00eancia<\/a><\/li>\n<li><a href=\"https:\/\/wp.ufpel.edu.br\/nepfil\/files\/2021\/01\/mlm_sif.pdf\">S\u00e9rie Investiga\u00e7\u00e3o Filos\u00f3fica: Textos Selecionados de Metaf\u00edsica, Linguagem e Mente<\/a><\/li>\n<li><a href=\"https:\/\/wp.ufpel.edu.br\/nepfil\/files\/2021\/01\/sif_nepfil_fp.pdf\">S\u00e9rie Investiga\u00e7\u00e3o Filos\u00f3fica: Textos Selecionados de Filosofia Pol\u00edtica (org.: Prof. EVERTON MACIEL)<\/a><\/li>\n<li><a href=\"https:\/\/wp.ufpel.edu.br\/nepfil\/serie-investigacao-filosofica\/\">Veja todos os mais de 30 livros da S\u00e9rie IF<\/a><\/li>\n<\/ul>\n<p>Per\u00edodo de execu\u00e7\u00e3o<\/p>\n<p>15\/7\/2020 a 10\/05\/2021<\/p>\n<p>Local de Realiza\u00e7\u00e3o<\/p>\n<p>Editora UFPel \/ Editora Fi<\/p>\n<p>P\u00fablico Alvo<\/p>\n<p>Fil\u00f3sofos, estudantes e interessados em Filosofia de pa\u00edses de l\u00edngua portuguesa.<\/p>\n<p>&nbsp;<\/p>\n<p><strong>14) Curso de Extens\u00e3o: <\/strong><a href=\"https:\/\/cursoslivres.unifap.br\/\"><strong>Investiga\u00e7\u00e3o Filos\u00f3fica nas Ci\u00eancias<\/strong><\/a> \/ 2020 (conclu\u00eddo)<\/p>\n<p>Curso de extens\u00e3o universit\u00e1ria \/ 20h<\/p>\n<p>Coordenador: Prof. RODRIGO REIS LASTRA CID<\/p>\n<p>Per\u00edodo de execu\u00e7\u00e3o<\/p>\n<p>15\/12\/2020 a 31\/07\/2021 (per\u00edodo de realiza\u00e7\u00e3o do curso)<\/p>\n<p>Local de Realiza\u00e7\u00e3o<\/p>\n<p>Universidade Federal do Amap\u00e1 &#8211; Plataforma de Cursos Livres Online<\/p>\n<p><a href=\"https:\/\/cursoslivres.unifap.br\/course\/investigacao-filosofica-nas-ciencias\/intro\">https:\/\/cursoslivres.unifap.br\/<\/a><\/p>\n<p>P\u00fablico Alvo<\/p>\n<p>Fil\u00f3sofos, estudantes e interessados em Filosofia de pa\u00edses de l\u00edngua portuguesa.<\/p>\n<p>&nbsp;<\/p>\n<p><strong>13) <a href=\"https:\/\/www.youtube.com\/channel\/UC2ZBRQHaqy-9KrveYLyEcEA\">Canal Investiga\u00e7\u00e3o Filos\u00f3fica<\/a><\/strong> \/ 2020 (em andamento)<\/p>\n<p>Coordenador: Prof. RODRIGO REIS LASTRA CID<\/p>\n<p>Per\u00edodo de execu\u00e7\u00e3o<\/p>\n<p>15\/09\/2020 (sem prazo de finaliza\u00e7\u00e3o)<\/p>\n<p>Local de Realiza\u00e7\u00e3o<\/p>\n<p>Internet &#8211; Youtube<\/p>\n<p>https:\/\/www.youtube.com\/channel\/UC2ZBRQHaqy-9KrveYLyEcEA<\/p>\n<p>P\u00fablico Alvo<\/p>\n<p>Fil\u00f3sofos, estudantes e interessados em Filosofia de pa\u00edses de l\u00edngua portuguesa<\/p>\n<p>&nbsp;<\/p>\n<div>\n<p><strong>12) <a href=\"https:\/\/enfa-filosofia.blogspot.com\/\">II Encontro Nacional de Filosofia do Amap\u00e1 \/ I Encontro Nacional Investiga\u00e7\u00e3o Filos\u00f3fica<\/a><\/strong><\/p>\n<p>2020 \/ Organiza\u00e7\u00e3o em andamento, ocorr\u00eancia futura<\/p>\n<p>Coordenador: Prof.\u00a0\u00a0RODRIGO REIS LASTRA CID<\/p>\n<p>Per\u00edodo de execu\u00e7\u00e3o<\/p>\n<p>16\/11\/2020 a 21\/11\/2020<\/p>\n<p>Local de Realiza\u00e7\u00e3o<\/p>\n<p>ENFA&amp;ENIF: https:\/\/enfa-filosofia.blogspot.com\/<\/p>\n<p>Youtube: https:\/\/www.youtube.com\/c\/ENFAENIF<\/p>\n<p>P\u00fablico Alvo<\/p>\n<p>Discentes, docentes, t\u00e9cnicos e leigos interessados.<\/p>\n<p>&nbsp;<\/p>\n<p><strong>11) <a href=\"https:\/\/enfa-filosofia.blogspot.com\/\">I Encontro Nacional de Filosofia do Amap\u00e1<\/a><\/strong> \/ 2019\u00a0(conclu\u00eddo)<\/p>\n<p>Coordenador: Prof.\u00a0\u00a0RODRIGO REIS LASTRA CID<\/p>\n<p>Per\u00edodo de execu\u00e7\u00e3o<\/p>\n<p>19\/11\/2019 a 21\/11\/2019<\/p>\n<p>Local de Realiza\u00e7\u00e3o<\/p>\n<p>Universidade Federal do Amap\u00e1 \u2013 Campus Santana<\/p>\n<p>P\u00fablico Alvo<\/p>\n<p>Discentes, docentes e t\u00e9cnicos interessados.<\/p>\n<p>&nbsp;<\/p>\n<p><strong>10) Pesquisa qualitativa em Educa\u00e7\u00e3o e Ensino de Filosofia \/<\/strong> 2019\u00a0(em andamento)<\/p>\n<p>Coordenador: Prof.\u00a0 JOSE CARLOS CARIACAS ROMAO DOS SANTOS<\/p>\n<p>Per\u00edodo de execu\u00e7\u00e3o<\/p>\n<p>06\/09\/2019 a 16\/12\/2020<\/p>\n<p>Local de Realiza\u00e7\u00e3o<\/p>\n<p>Universidade Federal do Amap\u00e1 \u2013 Campus Santana<\/p>\n<p>P\u00fablico Alvo<\/p>\n<p>Alunos do Mestrado em Educa\u00e7\u00e3o (PPGED), Lato Sensu em Estudos Culturais e Pol\u00edticas P\u00fablicas e da gradua\u00e7\u00e3o em Filosofia.<\/p>\n<p>&nbsp;<\/p>\n<p><strong>09) <a href=\"https:\/\/www2.unifap.br\/editora\/files\/2020\/02\/politica-pratica.pdf\">Pol\u00edtica Pr\u00e1tica<\/a><\/strong> \/ 2019\u00a0(conclu\u00eddo)<\/p>\n<p>Coordenador: Prof.\u00a0 EVERTON MIGUEL PUHL MACIEL<\/p>\n<p>Per\u00edodo de execu\u00e7\u00e3o<\/p>\n<p>01\/01\/2019 a 31\/12\/2019<\/p>\n<p>Local de Realiza\u00e7\u00e3o<\/p>\n<p>Universidade Federal do Amap\u00e1 \u2013 Campus Santana<\/p>\n<p>P\u00fablico Alvo<\/p>\n<p>Colegiado de Filosofia.<\/p>\n<p>&nbsp;<\/p>\n<p><strong>08) Resist\u00eancia Verde<\/strong> \/ 2018 (conclu\u00eddo)<\/p>\n<p>Coordenador: Prof.\u00a0 RODRIGO REIS LASTRA CID<\/p>\n<p>Per\u00edodo de execu\u00e7\u00e3o<\/p>\n<p>06\/10\/2018 a 12\/10\/2019<\/p>\n<p>Local de Realiza\u00e7\u00e3o<\/p>\n<p>Universidade Federal do Amap\u00e1 \u2013 Campus Santana<\/p>\n<p>P\u00fablico Alvo<\/p>\n<p>Docentes, Discentes e Funcion\u00e1rios<\/p>\n<\/div>\n<p>&nbsp;<\/p>\n<p><strong>07) Di\u00e1logos com a Filosofia<\/strong> \/2018 (em andamento)<\/p>\n<p>Coordenadora:\u00a0Prof.\u00a0\u00a0Rauliette Diana Lima e Silva<\/p>\n<p>Colaboradores: Prof. Afr\u00e2nio Patroc\u00ednio de Andrade, Prof. C\u00e9sar Augusto Mathias de Alencar, Prof. Rosivaldo Gomes, Prof. Arlan Amanaj\u00e1s Pinto, Prof. Jo\u00e3o Wilson Savino Carvalho, Prof. Everton Miguel Puhl Maciel, Prof. Christiano Ricardo dos Santos, Prof. Victor Andr\u00e9 Pinheiro Cantu\u00e1rio.<\/p>\n<p>Per\u00edodo de execu\u00e7\u00e3o<\/p>\n<p>10\/09\/2018 a 09\/09\/2021 (programa quinzenal)<\/p>\n<p>Local de Realiza\u00e7\u00e3o<\/p>\n<p>Universidade Federal do Amap\u00e1 \u2013 R\u00e1dio Universit\u00e1ria (Marco Zero) 96,9 FM<\/p>\n<p>P\u00fablico Alvo<\/p>\n<p>Comunidade acad\u00eamica e t\u00e9cnica da UNIFAP e ouvintes da regi\u00e3o.<\/p>\n<p>&nbsp;<\/p>\n<div>\n<p><strong>06)\u00a0Comunica\u00e7\u00f5es Filos\u00f3ficas no Meio do Mundo II<\/strong> \/ 2018\u00a0(em andamento)<\/p>\n<p>Coordenadora: Prof.\u00a0\u00a0Rauliette Diana Lima e Silva<\/p>\n<p>Per\u00edodo de execu\u00e7\u00e3o<\/p>\n<p>01\/09\/2018 a 30\/06\/2020<\/p>\n<p>Local de Realiza\u00e7\u00e3o<\/p>\n<p>Universidade Federal do Amap\u00e1 \u2013 Campus Santana<\/p>\n<p>P\u00fablico Alvo<\/p>\n<p>Comunidade acad\u00eamica e t\u00e9cnicos administrativos da UNIFAP<\/p>\n<p><strong><br \/>\n05)\u00a0A Religi\u00e3o como cura da Alma<\/strong> \/ 2017\u00a0(conclu\u00eddo)<\/p>\n<p>Coordenador: Prof. Afr\u00e2nio Patroc\u00ednio de Andrade<\/p>\n<p>Per\u00edodo de execu\u00e7\u00e3o<\/p>\n<p>20\/11\/2017 a 17\/12\/2018<\/p>\n<p>Local de Realiza\u00e7\u00e3o<\/p>\n<p>Universidade Federal do Amap\u00e1 \u2013 Campus Santana<\/p>\n<p>P\u00fablico Alvo<\/p>\n<p>Estudantes de Gradua\u00e7\u00e3o.<\/p>\n<p>&nbsp;<\/p>\n<p><strong>04)\u00a0I Semana de Filosofia do Campus Santana &#8211; UNIFAP<\/strong> \/ 2017\u00a0(conclu\u00eddo)<\/p>\n<p>Coordenadora: Prof.\u00a0\u00a0Rauliette Diana Lima e Silva<\/p>\n<p>Per\u00edodo de execu\u00e7\u00e3o<\/p>\n<p>04\/12\/2017 a 08\/12\/2017<\/p>\n<p>Local de Realiza\u00e7\u00e3o<\/p>\n<p>Universidade Federal do Amap\u00e1 \u2013 Campus Santana<\/p>\n<p>P\u00fablico Alvo<\/p>\n<p>DISCENTES DO CURSO DE GRADUA\u00c7\u00c3O DA UNIFAP E DA POS GRADUA\u00c7\u00c3O LATO SENSU EM FILOSOFIA, AL\u00c9M DE DISCENTES E DOCENTES DA COMUNIDADE ACAD\u00caMICA DA UNIFAP<\/p>\n<p>&nbsp;<\/p>\n<p><a href=\"http:\/\/www2.unifap.br\/dex\/comunicacoes-filosoficas-no-meio-do-mundo\/\" target=\"_blank\" rel=\"noopener noreferrer\"><strong>03) Comunica\u00e7\u00f5es Filos\u00f3ficas no Meio do Mundo<\/strong> \/ 2016<\/a>\u00a0(conclu\u00eddo)<\/p>\n<p>Coordenadora: Prof.\u00a0\u00a0Rauliette Diana Lima e Silva<\/p>\n<p>Per\u00edodo de execu\u00e7\u00e3o<\/p>\n<p>26\/03\/2016 a 16\/12\/2016<\/p>\n<p>Local de Realiza\u00e7\u00e3o<\/p>\n<p>Universidade Federal do Amap\u00e1 \u2013 Campus Santana<\/p>\n<p>P\u00fablico Alvo<\/p>\n<p>Docentes (Unifap-Ueap); Discentes (Unifap-Ueap-Escolas Estaduais); Pessoas De Institui\u00e7\u00f5es Privadas (Faculdades Privadas\/Cursinhos); Comunidade em Geral (Interessados).<\/p>\n<p>&nbsp;<\/p>\n<header><b style=\"font-size: 14px\"><a href=\"http:\/\/www2.unifap.br\/dex\/o-uso-do-metodo-fenomenologico-em-educacao\/\" target=\"_blank\" rel=\"noopener noreferrer\">02) O uso do m\u00e9todo fenomenol\u00f3gico em educa\u00e7\u00e3o<\/a> \/ <\/b>2016 (conclu\u00eddo)<\/header>\n<div>\n<p>Coordena\u00e7\u00e3o<\/p>\n<p>Prof. Jos\u00e9 Carlos Cariac\u00e1s Rom\u00e3o dos Santos<\/p>\n<p>Per\u00edodo de execu\u00e7\u00e3o<\/p>\n<p>16\/02\/2016 a 29\/07\/2016<\/p>\n<p>Local de Realiza\u00e7\u00e3o<\/p>\n<p>Universidade Federal do Amap\u00e1 \u2013 Campus Binacional<\/p>\n<p>P\u00fablico Alvo<\/p>\n<p>Discentes de Institui\u00e7\u00f5es P\u00fablicas (Alunos das Licenciaturas do Campus Binacional)<\/p>\n<p>&nbsp;<\/p>\n<p><strong><a href=\"http:\/\/www2.unifap.br\/dex\/o-uso-do-metodo-marxista-em-ciencias-sociais\/\" target=\"_blank\" rel=\"noopener noreferrer\">01) O uso do m\u00e9todo marxista em Ci\u00eancias Sociais<\/a>\u00a0\/ <\/strong>2016\u00a0(conclu\u00eddo)<\/p>\n<p>Coordena\u00e7\u00e3o<\/p>\n<p>Prof. Jos\u00e9 Carlos Cariac\u00e1s Rom\u00e3o dos Santos<\/p>\n<p>E-mail:\u00a0carolussanctorum@yahoo.com.br<\/p>\n<p>Per\u00edodo de execu\u00e7\u00e3o<\/p>\n<p>16\/02\/2016 a 29\/07\/2016<\/p>\n<p>Local de Realiza\u00e7\u00e3o<\/p>\n<p>Universidade Federal do Amap\u00e1 \u2013 Campus Binacional<\/p>\n<p>P\u00fablico Alvo<\/p>\n<p>Comunidade em Geral (Binacional)<\/p>\n<\/div>\n<\/div>\n","protected":false},"excerpt":{"rendered":"<p>Projetos de Extens\u00e3o \u00a018) Olimp\u00edada Nacional de Filosofia (Regiao Norte, Estado Amap\u00e1) (em andamento) Coordenador\/Organizador: Prof. RODRIGO REIS LASTRA CID Equipe: Prof. RODRIGO REIS LASTRA CID, Profa. RAULIETTE DIANA, Prof. EVERTON MACIEL, Prof. VIN\u00cdCIUS RODRIGUES (UEAP). Etapa regional da Olimp\u00edada&hellip; <\/p>\n<p><a href=\"http:\/\/www2.unifap.br\/filosofia-santana\/atividades-de-extensao\/\" class=\"readmore-button\">Continue Reading<\/a><\/p>\n","protected":false},"author":894,"featured_media":0,"parent":0,"menu_order":0,"comment_status":"open","ping_status":"open","template":"","meta":{"inline_featured_image":false,"ngg_post_thumbnail":0,"footnotes":""},"class_list":["post-42","page","type-page","status-publish","hentry"],"_links":{"self":[{"href":"http:\/\/www2.unifap.br\/filosofia-santana\/wp-json\/wp\/v2\/pages\/42","targetHints":{"allow":["GET"]}}],"collection":[{"href":"http:\/\/www2.unifap.br\/filosofia-santana\/wp-json\/wp\/v2\/pages"}],"about":[{"href":"http:\/\/www2.unifap.br\/filosofia-santana\/wp-json\/wp\/v2\/types\/page"}],"author":[{"embeddable":true,"href":"http:\/\/www2.unifap.br\/filosofia-santana\/wp-json\/wp\/v2\/users\/894"}],"replies":[{"embeddable":true,"href":"http:\/\/www2.unifap.br\/filosofia-santana\/wp-json\/wp\/v2\/comments?post=42"}],"version-history":[{"count":27,"href":"http:\/\/www2.unifap.br\/filosofia-santana\/wp-json\/wp\/v2\/pages\/42\/revisions"}],"predecessor-version":[{"id":287,"href":"http:\/\/www2.unifap.br\/filosofia-santana\/wp-json\/wp\/v2\/pages\/42\/revisions\/287"}],"wp:attachment":[{"href":"http:\/\/www2.unifap.br\/filosofia-santana\/wp-json\/wp\/v2\/media?parent=42"}],"curies":[{"name":"wp","href":"https:\/\/api.w.org\/{rel}","templated":true}]}}