{"id":55,"date":"2016-09-14T21:38:22","date_gmt":"2016-09-14T21:38:22","guid":{"rendered":"http:\/\/www2.unifap.br\/filosofia-santana\/?page_id=55"},"modified":"2023-06-29T14:34:09","modified_gmt":"2023-06-29T14:34:09","slug":"matriz-e-ementas-do-curso","status":"publish","type":"page","link":"http:\/\/www2.unifap.br\/filosofia-santana\/matriz-e-ementas-do-curso\/","title":{"rendered":"Documentos do Curso"},"content":{"rendered":"<h2><strong>Documento B\u00e1sicos do Curso de Licenciatura em Filosofia<\/strong><\/h2>\n<p>&nbsp;<\/p>\n<h3>MATRIZ DO CURSO DE FILOSOFIA 2015 (INSTALA\u00c7\u00c3O DO CURSO)<\/h3>\n<p><a href=\"http:\/\/www2.unifap.br\/filosofia-santana\/files\/2019\/12\/PROJETO-PEDAG\u00d3GICO-DO-CURSO-DE-FILOSOFIA.pdf\">PPC FILOSOFIA 2015<\/a><\/p>\n<p><a href=\"http:\/\/www2.unifap.br\/filosofia-santana\/files\/2023\/06\/PPC-GRADE-15.pdf\">PPC &#8211; GRADE 15<\/a><\/p>\n<p><a href=\"http:\/\/www2.unifap.br\/filosofia-santana\/files\/2019\/12\/EMENTA-DAS-DISCIPLINAS-E-BIBLIOGRAFIA-FILOSOFIA.pdf\">EMENTA DAS DISCIPLINAS E BIBLIOGRAFIA<\/a><\/p>\n<p><a href=\"http:\/\/www2.unifap.br\/filosofia-santana\/files\/2016\/09\/LICENCIATURA-E-FILOSOFIA-CAMINHO-CR\u00cdTICO.pdf\">CAMINHO CR\u00cdTICO<\/a><\/p>\n<p>&nbsp;<\/p>\n<h3>MATRIZ DO CURSO DE FILOSOFIA 2018 (ATUALIZA\u00c7\u00c3O)<\/h3>\n<p><a href=\"http:\/\/www2.unifap.br\/filosofia-santana\/files\/2022\/02\/PPC-2018.pdf\">PPC-Filosofia-2018<\/a><\/p>\n<p><a href=\"http:\/\/www2.unifap.br\/filosofia-santana\/files\/2022\/08\/PARECER_PPC_FILOSOFIA_CSTN.pdf\">Parecer e Fluxograma<\/a><\/p>\n<p><a href=\"http:\/\/www2.unifap.br\/filosofia-santana\/files\/2023\/06\/PPC-GRADE-21.pdf\">PPC &#8211; GRADE 21<\/a><\/p>\n<p><a href=\"http:\/\/www2.unifap.br\/filosofia-santana\/files\/2022\/08\/APE\u0302NDICE-I-EMENTAS-E-BIBLIOGRAFIAS_NOVO-PPC21.pdf\">APE\u0302NDICE I &#8211; EMENTAS E BIBLIOGRAFIAS_NOVO PPC21<\/a><\/p>\n","protected":false},"excerpt":{"rendered":"<p>Documento B\u00e1sicos do Curso de Licenciatura em Filosofia &nbsp; MATRIZ DO CURSO DE FILOSOFIA 2015 (INSTALA\u00c7\u00c3O DO CURSO) PPC FILOSOFIA 2015 PPC &#8211; GRADE 15 EMENTA DAS DISCIPLINAS E BIBLIOGRAFIA CAMINHO CR\u00cdTICO &nbsp; MATRIZ DO CURSO DE FILOSOFIA 2018 (ATUALIZA\u00c7\u00c3O)&hellip; <\/p>\n<p><a href=\"http:\/\/www2.unifap.br\/filosofia-santana\/matriz-e-ementas-do-curso\/\" class=\"readmore-button\">Continue Reading<\/a><\/p>\n","protected":false},"author":894,"featured_media":0,"parent":0,"menu_order":0,"comment_status":"open","ping_status":"open","template":"","meta":{"inline_featured_image":false,"ngg_post_thumbnail":0,"footnotes":""},"class_list":["post-55","page","type-page","status-publish","hentry"],"_links":{"self":[{"href":"http:\/\/www2.unifap.br\/filosofia-santana\/wp-json\/wp\/v2\/pages\/55","targetHints":{"allow":["GET"]}}],"collection":[{"href":"http:\/\/www2.unifap.br\/filosofia-santana\/wp-json\/wp\/v2\/pages"}],"about":[{"href":"http:\/\/www2.unifap.br\/filosofia-santana\/wp-json\/wp\/v2\/types\/page"}],"author":[{"embeddable":true,"href":"http:\/\/www2.unifap.br\/filosofia-santana\/wp-json\/wp\/v2\/users\/894"}],"replies":[{"embeddable":true,"href":"http:\/\/www2.unifap.br\/filosofia-santana\/wp-json\/wp\/v2\/comments?post=55"}],"version-history":[{"count":12,"href":"http:\/\/www2.unifap.br\/filosofia-santana\/wp-json\/wp\/v2\/pages\/55\/revisions"}],"predecessor-version":[{"id":280,"href":"http:\/\/www2.unifap.br\/filosofia-santana\/wp-json\/wp\/v2\/pages\/55\/revisions\/280"}],"wp:attachment":[{"href":"http:\/\/www2.unifap.br\/filosofia-santana\/wp-json\/wp\/v2\/media?parent=55"}],"curies":[{"name":"wp","href":"https:\/\/api.w.org\/{rel}","templated":true}]}}