{"id":2979,"date":"2016-09-24T14:43:26","date_gmt":"2016-09-24T14:43:26","guid":{"rendered":"http:\/\/www2.unifap.br\/fisica\/?page_id=2979"},"modified":"2016-09-24T14:51:48","modified_gmt":"2016-09-24T14:51:48","slug":"espaco-aberto-na-escola-estadual-prof-nanci-nina-costa","status":"publish","type":"page","link":"http:\/\/www2.unifap.br\/fisica\/eventos\/eventos-realizados\/espaco-aberto-na-escola-estadual-prof-nanci-nina-costa\/","title":{"rendered":"Espa\u00e7o Aberto na Escola Estadual Profa. Nanci Nina Costa"},"content":{"rendered":"<p>Foi realizado no dia 06 de dezembro de 2012 o projeto Espa\u00e7o Aberto na Escola Estadual Prof. Nanci Nina Costa pelo grupo Pet-F\u00edsica UNIFAP que realizaram apresenta\u00e7\u00f5es de experi\u00eancias que envolviam teoria e pratica em assuntos aplicados a f\u00edsica Foram apresentados os seguintes experimentos: Foguete Hidrodin\u00e2mico, Boneco equilibrista, Submarino, assuntos relacionados \u00e0 press\u00e3o e ao centro de massa. O grupo Pet-F\u00edsica UNIFAP agradece a participa\u00e7\u00e3o da escola e dos alunos no projejo.<\/p>\n<p><a href=\"http:\/\/www2.unifap.br\/pet-fisica\/files\/2012\/12\/P1060713.jpg\"><img decoding=\"async\" alt=\"\" src=\"http:\/\/www2.unifap.br\/pet-fisica\/files\/2012\/12\/P1060713-1024x768.jpg\" width=\"224\" height=\"153\" \/><\/a><a href=\"http:\/\/www2.unifap.br\/pet-fisica\/files\/2012\/12\/P1060651.jpg\"><img decoding=\"async\" alt=\"\" src=\"http:\/\/www2.unifap.br\/pet-fisica\/files\/2012\/12\/P1060651-1024x768.jpg\" width=\"224\" height=\"153\" \/><\/a><\/p>\n<p>Mais Fotos:<\/p>\n<p><a href=\"http:\/\/www2.unifap.br\/pet-fisica\/files\/2012\/12\/Galeria-de-Imagens-I.pptx\">Galeria de Imagens I<\/a><\/p>\n<p><a href=\"http:\/\/www2.unifap.br\/pet-fisica\/files\/2012\/12\/Galeria-de-Imagens-II.pptx\">Galeria de Imagens II<\/a><\/p>\n<p><a href=\"http:\/\/www2.unifap.br\/pet-fisica\/files\/2012\/12\/Galeria-de-Imagens-III.pptx\">Galeria de Imagens III<\/a><\/p>\n","protected":false},"excerpt":{"rendered":"<p>Foi realizado no dia 06 de dezembro de 2012 o projeto Espa\u00e7o Aberto na Escola Estadual Prof. Nanci Nina Costa pelo grupo Pet-F\u00edsica UNIFAP que realizaram apresenta\u00e7\u00f5es de experi\u00eancias que envolviam teoria e pratica em assuntos aplicados a f\u00edsica Foram apresentados os seguintes experimentos: Foguete Hidrodin\u00e2mico, Boneco equilibrista, Submarino, assuntos relacionados \u00e0 press\u00e3o e ao&#8230;<\/p>\n","protected":false},"author":908,"featured_media":0,"parent":2968,"menu_order":0,"comment_status":"open","ping_status":"open","template":"","meta":{"inline_featured_image":false,"ngg_post_thumbnail":0,"footnotes":""},"class_list":["post-2979","page","type-page","status-publish","hentry","entry"],"_links":{"self":[{"href":"http:\/\/www2.unifap.br\/fisica\/wp-json\/wp\/v2\/pages\/2979","targetHints":{"allow":["GET"]}}],"collection":[{"href":"http:\/\/www2.unifap.br\/fisica\/wp-json\/wp\/v2\/pages"}],"about":[{"href":"http:\/\/www2.unifap.br\/fisica\/wp-json\/wp\/v2\/types\/page"}],"author":[{"embeddable":true,"href":"http:\/\/www2.unifap.br\/fisica\/wp-json\/wp\/v2\/users\/908"}],"replies":[{"embeddable":true,"href":"http:\/\/www2.unifap.br\/fisica\/wp-json\/wp\/v2\/comments?post=2979"}],"version-history":[{"count":3,"href":"http:\/\/www2.unifap.br\/fisica\/wp-json\/wp\/v2\/pages\/2979\/revisions"}],"predecessor-version":[{"id":2988,"href":"http:\/\/www2.unifap.br\/fisica\/wp-json\/wp\/v2\/pages\/2979\/revisions\/2988"}],"up":[{"embeddable":true,"href":"http:\/\/www2.unifap.br\/fisica\/wp-json\/wp\/v2\/pages\/2968"}],"wp:attachment":[{"href":"http:\/\/www2.unifap.br\/fisica\/wp-json\/wp\/v2\/media?parent=2979"}],"curies":[{"name":"wp","href":"https:\/\/api.w.org\/{rel}","templated":true}]}}