{"id":2981,"date":"2016-09-24T14:44:14","date_gmt":"2016-09-24T14:44:14","guid":{"rendered":"http:\/\/www2.unifap.br\/fisica\/?page_id=2981"},"modified":"2016-09-24T14:44:14","modified_gmt":"2016-09-24T14:44:14","slug":"3o-minicurso-de-ferias-de-fisica","status":"publish","type":"page","link":"http:\/\/www2.unifap.br\/fisica\/eventos\/eventos-realizados\/3o-minicurso-de-ferias-de-fisica\/","title":{"rendered":"3\u00ba Minicurso de F\u00e9rias de F\u00edsica"},"content":{"rendered":"<p><strong>==================== \u00a03\u00ba Minicurso de F\u00e9rias de F\u00edsica\u00a0 ====================<\/strong><\/p>\n<p>Foi realizado nos dias 07 e 10 de dezembro de 2012 o 3\u00b0 Minicurso de F\u00e9rias de F\u00edsica, com a participa\u00e7\u00e3o dos palestrantes: Prof. Dr. Rafael Martinez Rodriguez, Prof. Dr. Robert Ronald M. Zamora, Prof. Exp. Robert Saraiva Matos, Acad. Gerson Anderson de Carvalho Lopes, as apresenta\u00e7\u00f5es abordaram assuntos relacionados \u00e0 f\u00edsica aplicada: Microscopia de For\u00e7a At\u00f4mica, Oscilador Harm\u00f4nico; Tratamento Qu\u00e2ntico, Mec\u00e2nica Molecular; Alguns Princ\u00edpios e Aplica\u00e7\u00f5es, Equa\u00e7\u00e3o de Euler em Coordenadas Esf\u00e9ricas Aplicada a um Fluido Ideal.<\/p>\n<p>FOTOS:<\/p>\n<p><strong>Ministrante:<\/strong>\u00a0Prof. Dr. Rafael Martinez Rodriguez<\/p>\n<p><strong>Curso:<\/strong>\u00a0Mec\u00e2nica Molecular<\/p>\n<p><a href=\"http:\/\/www2.unifap.br\/pet-fisica\/files\/2012\/12\/rafael.jpg\"><img decoding=\"async\" alt=\"\" src=\"http:\/\/www2.unifap.br\/pet-fisica\/files\/2012\/12\/rafael.jpg\" width=\"224\" height=\"153\" \/><\/a><a href=\"http:\/\/www2.unifap.br\/pet-fisica\/files\/2012\/12\/rafael1.jpg\"><img decoding=\"async\" alt=\"\" src=\"http:\/\/www2.unifap.br\/pet-fisica\/files\/2012\/12\/rafael1.jpg\" width=\"224\" height=\"153\" \/><\/a><strong><\/strong><\/p>\n<p>&nbsp;<\/p>\n<p><strong>Ministrante<\/strong><strong>:<\/strong>\u00a0Prof. Dr. Robert Ronald M. Zamora<\/p>\n<p><strong>Curso:<\/strong>Oscilador Harm\u00f4nico<\/p>\n<p><a href=\"http:\/\/www2.unifap.br\/pet-fisica\/files\/2012\/12\/zamora.jpg\"><img decoding=\"async\" alt=\"\" src=\"http:\/\/www2.unifap.br\/pet-fisica\/files\/2012\/12\/zamora.jpg\" width=\"224\" height=\"153\" \/><\/a><a href=\"http:\/\/www2.unifap.br\/pet-fisica\/files\/2012\/12\/zamora11.jpg\"><img loading=\"lazy\" decoding=\"async\" alt=\"\" src=\"http:\/\/www2.unifap.br\/pet-fisica\/files\/2012\/12\/zamora11.jpg\" width=\"224\" height=\"153\" \/><\/a><\/p>\n<p>&nbsp;<\/p>\n<p><strong>Ministrante<\/strong><strong>:<\/strong>Prof. Exp. Robert Saraiva Matos<\/p>\n<p><strong>Curso:<\/strong>\u00a0Equa\u00e7\u00e3o de Euler em Coordenadas Esf\u00e9ricas Aplicada a um Fluido Ideal<\/p>\n<p><a href=\"http:\/\/www2.unifap.br\/pet-fisica\/files\/2012\/12\/robert.jpg\"><img loading=\"lazy\" decoding=\"async\" alt=\"\" src=\"http:\/\/www2.unifap.br\/pet-fisica\/files\/2012\/12\/robert.jpg\" width=\"224\" height=\"153\" \/><\/a><a href=\"http:\/\/www2.unifap.br\/pet-fisica\/files\/2012\/12\/robert1.jpg\"><img loading=\"lazy\" decoding=\"async\" alt=\"\" src=\"http:\/\/www2.unifap.br\/pet-fisica\/files\/2012\/12\/robert1.jpg\" width=\"224\" height=\"153\" \/><\/a><strong><\/strong><\/p>\n<p>&nbsp;<\/p>\n<p><strong>Ministrante<\/strong><strong>:<\/strong>Acad. Gerson Anderson de Carvalho Lopes<\/p>\n<p><strong>Curso:\u00a0<\/strong>Microscopia de For\u00e7a At\u00f4mica<\/p>\n<p><a href=\"http:\/\/www2.unifap.br\/pet-fisica\/files\/2012\/12\/gerson.jpg\"><img loading=\"lazy\" decoding=\"async\" alt=\"\" src=\"http:\/\/www2.unifap.br\/pet-fisica\/files\/2012\/12\/gerson.jpg\" width=\"224\" height=\"153\" \/><\/a><a href=\"http:\/\/www2.unifap.br\/pet-fisica\/files\/2012\/12\/gerson1.jpg\"><img loading=\"lazy\" decoding=\"async\" alt=\"\" src=\"http:\/\/www2.unifap.br\/pet-fisica\/files\/2012\/12\/gerson1.jpg\" width=\"224\" height=\"153\" \/><\/a><\/p>\n<p>&nbsp;<\/p>\n<p>&nbsp;<\/p>\n","protected":false},"excerpt":{"rendered":"<p>==================== \u00a03\u00ba Minicurso de F\u00e9rias de F\u00edsica\u00a0 ==================== Foi realizado nos dias 07 e 10 de dezembro de 2012 o 3\u00b0 Minicurso de F\u00e9rias de F\u00edsica, com a participa\u00e7\u00e3o dos palestrantes: Prof. Dr. Rafael Martinez Rodriguez, Prof. Dr. Robert Ronald M. Zamora, Prof. Exp. Robert Saraiva Matos, Acad. Gerson Anderson de Carvalho Lopes, as apresenta\u00e7\u00f5es&#8230;<\/p>\n","protected":false},"author":908,"featured_media":0,"parent":2968,"menu_order":0,"comment_status":"open","ping_status":"open","template":"","meta":{"inline_featured_image":false,"ngg_post_thumbnail":0,"footnotes":""},"class_list":["post-2981","page","type-page","status-publish","hentry","entry"],"_links":{"self":[{"href":"http:\/\/www2.unifap.br\/fisica\/wp-json\/wp\/v2\/pages\/2981","targetHints":{"allow":["GET"]}}],"collection":[{"href":"http:\/\/www2.unifap.br\/fisica\/wp-json\/wp\/v2\/pages"}],"about":[{"href":"http:\/\/www2.unifap.br\/fisica\/wp-json\/wp\/v2\/types\/page"}],"author":[{"embeddable":true,"href":"http:\/\/www2.unifap.br\/fisica\/wp-json\/wp\/v2\/users\/908"}],"replies":[{"embeddable":true,"href":"http:\/\/www2.unifap.br\/fisica\/wp-json\/wp\/v2\/comments?post=2981"}],"version-history":[{"count":1,"href":"http:\/\/www2.unifap.br\/fisica\/wp-json\/wp\/v2\/pages\/2981\/revisions"}],"predecessor-version":[{"id":2982,"href":"http:\/\/www2.unifap.br\/fisica\/wp-json\/wp\/v2\/pages\/2981\/revisions\/2982"}],"up":[{"embeddable":true,"href":"http:\/\/www2.unifap.br\/fisica\/wp-json\/wp\/v2\/pages\/2968"}],"wp:attachment":[{"href":"http:\/\/www2.unifap.br\/fisica\/wp-json\/wp\/v2\/media?parent=2981"}],"curies":[{"name":"wp","href":"https:\/\/api.w.org\/{rel}","templated":true}]}}