{"id":2996,"date":"2016-09-24T14:58:40","date_gmt":"2016-09-24T14:58:40","guid":{"rendered":"http:\/\/www2.unifap.br\/fisica\/?page_id=2996"},"modified":"2016-09-24T14:58:40","modified_gmt":"2016-09-24T14:58:40","slug":"1o-minicurso-de-ferias-de-fisica","status":"publish","type":"page","link":"http:\/\/www2.unifap.br\/fisica\/eventos\/eventos-realizados\/1o-minicurso-de-ferias-de-fisica\/","title":{"rendered":"1\u00ba Minicurso de F\u00e9rias de F\u00edsica"},"content":{"rendered":"<p><strong>1\u00ba Minicurso de F\u00e9rias de F\u00edsica<\/strong><\/p>\n<p><strong>Ministrante: Dr. Henrique Duarte Filho<\/strong><\/p>\n<p><strong><a href=\"http:\/\/www2.unifap.br\/fisica\/files\/2011\/07\/P1000219.jpg\"><img fetchpriority=\"high\" decoding=\"async\" alt=\"\" src=\"http:\/\/www2.unifap.br\/fisica\/files\/2011\/07\/P1000219.jpg\" width=\"270\" height=\"203\" \/><\/a>\u00a0 \u00a0 \u00a0 \u00a0\u00a0<a href=\"http:\/\/www2.unifap.br\/fisica\/files\/2011\/07\/P10002183.jpg\"><img decoding=\"async\" alt=\"\" src=\"http:\/\/www2.unifap.br\/fisica\/files\/2011\/07\/P10002183.jpg\" width=\"270\" height=\"203\" \/><\/a><\/strong><\/p>\n<p><strong>Ministrante:\u00a0<\/strong><strong>Erveton Pinheiro Pinto (Inicia\u00e7\u00e3o Ci\u00eantifica)<\/strong><\/p>\n<p><strong><a href=\"http:\/\/www2.unifap.br\/fisica\/files\/2011\/07\/P1000247.jpg\"><img decoding=\"async\" alt=\"\" src=\"http:\/\/www2.unifap.br\/fisica\/files\/2011\/07\/P1000247.jpg\" width=\"270\" height=\"203\" \/><\/a>\u00a0 \u00a0 \u00a0 \u00a0\u00a0<a href=\"http:\/\/www2.unifap.br\/fisica\/files\/2011\/07\/P1000248.jpg\"><img loading=\"lazy\" decoding=\"async\" alt=\"\" src=\"http:\/\/www2.unifap.br\/fisica\/files\/2011\/07\/P1000248.jpg\" width=\"270\" height=\"203\" \/><\/a><\/strong><\/p>\n<p><strong>Ministrante<\/strong><strong>: Marcelo Pires (PET-F\u00edsica)<\/strong><\/p>\n<p><strong><a href=\"http:\/\/www2.unifap.br\/fisica\/files\/2011\/07\/P1000283.jpg\"><img loading=\"lazy\" decoding=\"async\" alt=\"\" src=\"http:\/\/www2.unifap.br\/fisica\/files\/2011\/07\/P1000283.jpg\" width=\"270\" height=\"203\" \/><\/a>\u00a0 \u00a0 \u00a0 \u00a0 <a href=\"http:\/\/www2.unifap.br\/fisica\/files\/2011\/07\/P1000282.jpg\"><img loading=\"lazy\" decoding=\"async\" alt=\"\" src=\"http:\/\/www2.unifap.br\/fisica\/files\/2011\/07\/P1000282.jpg\" width=\"270\" height=\"203\" \/><\/a><br \/>\n<\/strong><\/p>\n<p><strong>Ministrante:<\/strong><strong>\u00a0Claudio Nobre (PET-F\u00edsica)<\/strong><\/p>\n<p><strong><a href=\"http:\/\/www2.unifap.br\/fisica\/files\/2011\/07\/P1000307.jpg\"><img loading=\"lazy\" decoding=\"async\" alt=\"\" src=\"http:\/\/www2.unifap.br\/fisica\/files\/2011\/07\/P1000307.jpg\" width=\"270\" height=\"203\" \/><\/a>\u00a0 \u00a0 \u00a0 \u00a0<a href=\"http:\/\/www2.unifap.br\/fisica\/files\/2011\/07\/P1000308.jpg\"><img loading=\"lazy\" decoding=\"async\" alt=\"\" src=\"http:\/\/www2.unifap.br\/fisica\/files\/2011\/07\/P1000308.jpg\" width=\"270\" height=\"203\" \/><\/a><\/strong><\/p>\n<p><strong>M\u00e9todos Matem\u00e1ticos em Mec\u00e2nica Qu\u00e2ntica:<\/strong><\/p>\n<p><strong>Ministrante: Dr. Robert Ronald Magui\u00f1a Zamora<\/strong><\/p>\n<p><strong><a href=\"http:\/\/www2.unifap.br\/fisica\/files\/2011\/07\/P1000254.jpg\"><img loading=\"lazy\" decoding=\"async\" alt=\"\" src=\"http:\/\/www2.unifap.br\/fisica\/files\/2011\/07\/P1000254.jpg\" width=\"270\" height=\"203\" \/><\/a>\u00a0 \u00a0 \u00a0 \u00a0<a href=\"http:\/\/www2.unifap.br\/fisica\/files\/2011\/07\/P1000320.jpg\"><img loading=\"lazy\" decoding=\"async\" alt=\"\" src=\"http:\/\/www2.unifap.br\/fisica\/files\/2011\/07\/P1000320.jpg\" width=\"270\" height=\"203\" \/><\/a><\/strong><\/p>\n<p><strong>M\u00e9todos Matem\u00e1ticos em Mec\u00e2nica Cl\u00e1ssica<\/strong><strong>:<\/strong><\/p>\n<p><strong>Ministrante: Dr. Yoni Walter Milla Gonzales<\/strong><\/p>\n<p><strong>\u00a0 \u00a0 \u00a0 \u00a0<a href=\"http:\/\/www2.unifap.br\/fisica\/files\/2011\/07\/P1000337.jpg\"><img loading=\"lazy\" decoding=\"async\" alt=\"\" src=\"http:\/\/www2.unifap.br\/fisica\/files\/2011\/07\/P1000337.jpg\" width=\"270\" height=\"203\" \/><\/a><\/strong><\/p>\n<p><strong>M\u00e9todos Matem\u00e1ticos em F\u00edsica Estat\u00edstica:<\/strong><\/p>\n<p><strong>Ministrante: Dr. Victor Montero Del \u00c1guila<\/strong><\/p>\n<p><strong><a href=\"http:\/\/www2.unifap.br\/fisica\/files\/2011\/07\/P1000245.jpg\"><img loading=\"lazy\" decoding=\"async\" alt=\"\" src=\"http:\/\/www2.unifap.br\/fisica\/files\/2011\/07\/P1000245.jpg\" width=\"270\" height=\"203\" \/><\/a>\u00a0 \u00a0 \u00a0 \u00a0 \u00a0<a href=\"http:\/\/www2.unifap.br\/fisica\/files\/2011\/07\/P1000263.jpg\"><img loading=\"lazy\" decoding=\"async\" alt=\"\" src=\"http:\/\/www2.unifap.br\/fisica\/files\/2011\/07\/P1000263.jpg\" width=\"300\" height=\"225\" \/><\/a><\/strong><\/p>\n<p><strong>\u00a0<\/strong><\/p>\n","protected":false},"excerpt":{"rendered":"<p>1\u00ba Minicurso de F\u00e9rias de F\u00edsica Ministrante: Dr. Henrique Duarte Filho \u00a0 \u00a0 \u00a0 \u00a0\u00a0 Ministrante:\u00a0Erveton Pinheiro Pinto (Inicia\u00e7\u00e3o Ci\u00eantifica) \u00a0 \u00a0 \u00a0 \u00a0\u00a0 Ministrante: Marcelo Pires (PET-F\u00edsica) \u00a0 \u00a0 \u00a0 \u00a0 Ministrante:\u00a0Claudio Nobre (PET-F\u00edsica) \u00a0 \u00a0 \u00a0 \u00a0 M\u00e9todos Matem\u00e1ticos em Mec\u00e2nica Qu\u00e2ntica: Ministrante: Dr. Robert Ronald Magui\u00f1a Zamora \u00a0 \u00a0 \u00a0 \u00a0 M\u00e9todos&#8230;<\/p>\n","protected":false},"author":908,"featured_media":0,"parent":2968,"menu_order":0,"comment_status":"open","ping_status":"open","template":"","meta":{"inline_featured_image":false,"ngg_post_thumbnail":0,"footnotes":""},"class_list":["post-2996","page","type-page","status-publish","hentry","entry"],"_links":{"self":[{"href":"http:\/\/www2.unifap.br\/fisica\/wp-json\/wp\/v2\/pages\/2996","targetHints":{"allow":["GET"]}}],"collection":[{"href":"http:\/\/www2.unifap.br\/fisica\/wp-json\/wp\/v2\/pages"}],"about":[{"href":"http:\/\/www2.unifap.br\/fisica\/wp-json\/wp\/v2\/types\/page"}],"author":[{"embeddable":true,"href":"http:\/\/www2.unifap.br\/fisica\/wp-json\/wp\/v2\/users\/908"}],"replies":[{"embeddable":true,"href":"http:\/\/www2.unifap.br\/fisica\/wp-json\/wp\/v2\/comments?post=2996"}],"version-history":[{"count":1,"href":"http:\/\/www2.unifap.br\/fisica\/wp-json\/wp\/v2\/pages\/2996\/revisions"}],"predecessor-version":[{"id":2997,"href":"http:\/\/www2.unifap.br\/fisica\/wp-json\/wp\/v2\/pages\/2996\/revisions\/2997"}],"up":[{"embeddable":true,"href":"http:\/\/www2.unifap.br\/fisica\/wp-json\/wp\/v2\/pages\/2968"}],"wp:attachment":[{"href":"http:\/\/www2.unifap.br\/fisica\/wp-json\/wp\/v2\/media?parent=2996"}],"curies":[{"name":"wp","href":"https:\/\/api.w.org\/{rel}","templated":true}]}}