{"id":3003,"date":"2016-09-24T15:01:53","date_gmt":"2016-09-24T15:01:53","guid":{"rendered":"http:\/\/www2.unifap.br\/fisica\/?page_id=3003"},"modified":"2016-09-24T15:01:53","modified_gmt":"2016-09-24T15:01:53","slug":"1o-ciclo-de-fisica-matematica","status":"publish","type":"page","link":"http:\/\/www2.unifap.br\/fisica\/eventos\/eventos-realizados\/1o-ciclo-de-fisica-matematica\/","title":{"rendered":"1\u00ba Ciclo de F\u00edsica Matem\u00e1tica"},"content":{"rendered":"<p><strong>1\u00ba Ciclo de F\u00edsica Matem\u00e1tica<\/strong><\/p>\n<p>Nos dias 15 e 16 de abril foi realizado no Bloco de F\u00edsica o primeiro dia do evento I CICLO DE F\u00cdSICA MATEM\u00c1TICA com v\u00e1rios participantes de outras institui\u00e7\u00f5es como,<strong>\u00a0UEAP<\/strong>\u00a0,<strong>\u00a0UVA<\/strong>,<strong>\u00a0IMMES<\/strong>\u00a0,\u00a0<strong>SEAMA<\/strong>\u00a0e etc.<\/p>\n<p>Agradecemos \u00e0 PROEAC pelo apoio dado para a realiza\u00e7\u00e3o deste evento de relev\u00e2ncia \u00e0 comunidade acad\u00eamica da UNIFAP.<\/p>\n<p>Confira as fotos dos dois dias de evento.<\/p>\n<p><strong>1\u00b0 DIA DO EVENTO.<\/strong><\/p>\n<p>Prof. Dr. Victor Aguila\u00a0 ministrando o minicurso de<strong>\u00a0Transformada de Fourier<\/strong>.<\/p>\n<p><a href=\"http:\/\/www2.unifap.br\/fisica\/files\/2011\/05\/V1.jpg\"><img decoding=\"async\" alt=\"\" src=\"http:\/\/www2.unifap.br\/fisica\/files\/2011\/05\/V1.jpg\" width=\"240\" height=\"180\" \/><\/a><a href=\"http:\/\/www2.unifap.br\/fisica\/files\/2011\/05\/V2.jpg\"><img decoding=\"async\" alt=\"\" src=\"http:\/\/www2.unifap.br\/fisica\/files\/2011\/05\/V2.jpg\" width=\"240\" height=\"180\" \/><\/a><\/p>\n<p>&#8212;&#8212;&#8212;&#8212;&#8212;&#8212;&#8212;&#8212;&#8212;&#8212;&#8212;&#8212;&#8212;&#8212;&#8212;&#8212;&#8212;&#8212;&#8212;&#8212;&#8212;&#8212;&#8212;&#8212;&#8212;&#8212;&#8212;&#8212;&#8212;&#8212;&#8212;&#8212;&#8212;&#8212;&#8212;&#8212;&#8212;&#8212;&#8212;&#8212;&#8212;&#8212;&#8212;&#8212;&#8212;&#8212;&#8212;&#8212;&#8212;&#8212;&#8212;&#8212;&#8212;&#8212;&#8212;&#8212;&#8212;&#8212;&#8212;&#8211;<\/p>\n<p>O Acad\u00eamico Erveton Pinheiro, bolsista da Inicia\u00e7\u00e3o cient\u00edfica ministrando o minicurso sobre :\u00a0<strong>Ferramentas para solu\u00e7\u00e3o de EDO por S\u00e9rie de Pot\u00eancias.<\/strong><\/p>\n<p><strong><a href=\"http:\/\/www2.unifap.br\/fisica\/files\/2011\/05\/E1.jpg\"><img decoding=\"async\" alt=\"\" src=\"http:\/\/www2.unifap.br\/fisica\/files\/2011\/05\/E1.jpg\" width=\"240\" height=\"180\" \/><\/a><a href=\"http:\/\/www2.unifap.br\/fisica\/files\/2011\/05\/E2.jpg\"><img loading=\"lazy\" decoding=\"async\" alt=\"\" src=\"http:\/\/www2.unifap.br\/fisica\/files\/2011\/05\/E2.jpg\" width=\"240\" height=\"180\" \/><\/a><\/strong><\/p>\n<p>&#8212;&#8212;&#8212;&#8212;&#8212;&#8212;&#8212;&#8212;&#8212;&#8212;&#8212;&#8212;&#8212;&#8212;&#8212;&#8212;&#8212;&#8212;&#8212;&#8212;&#8212;&#8212;&#8212;&#8212;&#8212;&#8212;&#8212;&#8212;&#8212;&#8212;&#8212;&#8212;&#8212;&#8212;&#8212;&#8212;&#8212;&#8212;&#8212;&#8212;&#8212;&#8212;&#8212;&#8212;&#8212;&#8212;&#8212;&#8212;&#8212;&#8212;&#8212;&#8212;&#8212;&#8212;&#8212;&#8212;&#8212;&#8212;&#8212;&#8212;<\/p>\n<p>Prof. Dr. Robert Zamora ministrando o minicurso sobre<strong>\u00a0t\u00e9cnicas para solu\u00e7\u00e3o de equa\u00e7\u00f5es diferenciais.<\/strong><\/p>\n<p><strong><a href=\"http:\/\/www2.unifap.br\/fisica\/files\/2011\/05\/Z1.jpg\"><img loading=\"lazy\" decoding=\"async\" alt=\"\" src=\"http:\/\/www2.unifap.br\/fisica\/files\/2011\/05\/Z1.jpg\" width=\"240\" height=\"180\" \/><\/a><a href=\"http:\/\/www2.unifap.br\/fisica\/files\/2011\/05\/Z2.jpg\"><img loading=\"lazy\" decoding=\"async\" alt=\"\" src=\"http:\/\/www2.unifap.br\/fisica\/files\/2011\/05\/Z2.jpg\" width=\"240\" height=\"180\" \/><\/a><\/strong><\/p>\n<p>&#8212;&#8212;&#8212;&#8212;&#8212;&#8212;&#8212;&#8212;&#8212;&#8212;&#8212;&#8212;&#8212;&#8212;&#8212;&#8212;&#8212;&#8212;&#8212;&#8212;&#8212;&#8212;&#8212;&#8212;&#8212;&#8212;&#8212;&#8212;&#8212;&#8212;&#8212;&#8212;&#8212;&#8212;&#8212;&#8212;&#8212;&#8212;&#8212;&#8212;&#8212;&#8212;&#8212;&#8212;&#8212;&#8212;&#8212;&#8212;&#8212;&#8212;&#8212;&#8212;&#8212;&#8212;&#8212;&#8212;&#8212;&#8212;&#8212;&#8211;<\/p>\n<p><strong>Prof.Msc:\u00a0<\/strong>Marcelo Ribeiro ministrando o minicurso:\u00a0<strong>C\u00e1lculo Vetorial.<\/strong><\/p>\n<p><strong><a href=\"http:\/\/www2.unifap.br\/fisica\/files\/2011\/05\/M1.jpg\"><img loading=\"lazy\" decoding=\"async\" alt=\"\" src=\"http:\/\/www2.unifap.br\/fisica\/files\/2011\/05\/M1.jpg\" width=\"240\" height=\"180\" \/><\/a><a href=\"http:\/\/www2.unifap.br\/fisica\/files\/2011\/05\/M2.jpg\"><img loading=\"lazy\" decoding=\"async\" alt=\"\" src=\"http:\/\/www2.unifap.br\/fisica\/files\/2011\/05\/M2.jpg\" width=\"240\" height=\"180\" \/><\/a><\/strong><\/p>\n<p>&#8212;&#8212;&#8212;&#8212;&#8212;&#8212;&#8212;&#8212;&#8212;&#8212;&#8212;&#8212;&#8212;&#8212;&#8212;&#8212;&#8212;&#8212;&#8212;&#8212;&#8212;&#8212;&#8212;&#8212;&#8212;&#8212;&#8212;&#8212;&#8212;&#8212;&#8212;&#8212;&#8212;&#8212;&#8212;&#8212;&#8212;&#8212;&#8212;&#8212;&#8212;&#8212;&#8212;&#8212;&#8212;&#8212;&#8212;&#8212;&#8212;&#8212;&#8212;&#8212;&#8212;&#8212;&#8212;&#8212;&#8212;&#8212;&#8212;&#8212;<\/p>\n<p><strong>2\u00b0 DIA.<\/strong><\/p>\n<p>Prof. Dr. Henrique Duarte ministrando minicurso sobre<strong>\u00a0Transforma\u00e7\u00e3o de coordenadas.<\/strong><\/p>\n<p><strong><a href=\"http:\/\/www2.unifap.br\/fisica\/files\/2011\/05\/H1.jpg\"><img loading=\"lazy\" decoding=\"async\" alt=\"\" src=\"http:\/\/www2.unifap.br\/fisica\/files\/2011\/05\/H1.jpg\" width=\"240\" height=\"180\" \/><\/a><a href=\"http:\/\/www2.unifap.br\/fisica\/files\/2011\/05\/H2.jpg\"><img loading=\"lazy\" decoding=\"async\" alt=\"\" src=\"http:\/\/www2.unifap.br\/fisica\/files\/2011\/05\/H2.jpg\" width=\"240\" height=\"180\" \/><\/a><\/strong><\/p>\n<p>&#8212;&#8212;&#8212;&#8212;&#8212;&#8212;&#8212;&#8212;&#8212;&#8212;&#8212;&#8212;&#8212;&#8212;&#8212;&#8212;&#8212;&#8212;&#8212;&#8212;&#8212;&#8212;&#8212;&#8212;&#8212;&#8212;&#8212;&#8212;&#8212;&#8212;&#8212;&#8212;&#8212;&#8212;&#8212;&#8212;&#8212;&#8212;&#8212;&#8212;&#8212;&#8212;&#8212;&#8212;&#8212;&#8212;&#8212;&#8212;&#8212;&#8212;&#8212;&#8212;&#8212;&#8212;&#8212;&#8212;&#8212;&#8212;&#8212;&#8212;<\/p>\n<p>Prof.Dr. Yony Gonzalez ministrando sobre<strong>\u00a0Integrais complexas e T\u00e9cnicas de integra\u00e7\u00e3o.<\/strong><\/p>\n<p><strong><a href=\"http:\/\/www2.unifap.br\/fisica\/files\/2011\/05\/Y1.jpg\"><img loading=\"lazy\" decoding=\"async\" alt=\"\" src=\"http:\/\/www2.unifap.br\/fisica\/files\/2011\/05\/Y1.jpg\" width=\"240\" height=\"180\" \/><\/a><a href=\"http:\/\/www2.unifap.br\/fisica\/files\/2011\/05\/Y2.jpg\"><img loading=\"lazy\" decoding=\"async\" alt=\"\" src=\"http:\/\/www2.unifap.br\/fisica\/files\/2011\/05\/Y2.jpg\" width=\"240\" height=\"180\" \/><\/a><\/strong><\/p>\n<p>&#8212;&#8212;&#8212;&#8212;&#8212;&#8212;&#8212;&#8212;&#8212;&#8212;&#8212;&#8212;&#8212;&#8212;&#8212;&#8212;&#8212;&#8212;&#8212;&#8212;&#8212;&#8212;&#8212;&#8212;&#8212;&#8212;&#8212;&#8212;&#8212;&#8212;&#8212;&#8212;&#8212;&#8212;&#8212;&#8212;&#8212;&#8212;&#8212;&#8212;&#8212;&#8212;&#8212;&#8212;&#8212;&#8212;&#8212;&#8212;&#8212;&#8212;&#8212;&#8212;&#8212;&#8212;&#8212;&#8212;&#8212;&#8212;&#8212;-<\/p>\n<p><strong>Prof. Robert Zamora: Delta de Dirac<\/strong><\/p>\n<p><strong><a href=\"http:\/\/www2.unifap.br\/fisica\/files\/2011\/05\/zamora1.jpg\"><img loading=\"lazy\" decoding=\"async\" alt=\"\" src=\"http:\/\/www2.unifap.br\/fisica\/files\/2011\/05\/zamora1.jpg\" width=\"240\" height=\"180\" \/><\/a><a href=\"http:\/\/www2.unifap.br\/fisica\/files\/2011\/05\/zamora-2.jpg\"><img loading=\"lazy\" decoding=\"async\" alt=\"\" src=\"http:\/\/www2.unifap.br\/fisica\/files\/2011\/05\/zamora-2.jpg\" width=\"240\" height=\"180\" \/><\/a><\/strong><\/p>\n<p>&nbsp;<\/p>\n","protected":false},"excerpt":{"rendered":"<p>1\u00ba Ciclo de F\u00edsica Matem\u00e1tica Nos dias 15 e 16 de abril foi realizado no Bloco de F\u00edsica o primeiro dia do evento I CICLO DE F\u00cdSICA MATEM\u00c1TICA com v\u00e1rios participantes de outras institui\u00e7\u00f5es como,\u00a0UEAP\u00a0,\u00a0UVA,\u00a0IMMES\u00a0,\u00a0SEAMA\u00a0e etc. Agradecemos \u00e0 PROEAC pelo apoio dado para a realiza\u00e7\u00e3o deste evento de relev\u00e2ncia \u00e0 comunidade acad\u00eamica da UNIFAP. Confira&#8230;<\/p>\n","protected":false},"author":908,"featured_media":0,"parent":2968,"menu_order":0,"comment_status":"open","ping_status":"open","template":"","meta":{"inline_featured_image":false,"ngg_post_thumbnail":0,"footnotes":""},"class_list":["post-3003","page","type-page","status-publish","hentry","entry"],"_links":{"self":[{"href":"http:\/\/www2.unifap.br\/fisica\/wp-json\/wp\/v2\/pages\/3003","targetHints":{"allow":["GET"]}}],"collection":[{"href":"http:\/\/www2.unifap.br\/fisica\/wp-json\/wp\/v2\/pages"}],"about":[{"href":"http:\/\/www2.unifap.br\/fisica\/wp-json\/wp\/v2\/types\/page"}],"author":[{"embeddable":true,"href":"http:\/\/www2.unifap.br\/fisica\/wp-json\/wp\/v2\/users\/908"}],"replies":[{"embeddable":true,"href":"http:\/\/www2.unifap.br\/fisica\/wp-json\/wp\/v2\/comments?post=3003"}],"version-history":[{"count":1,"href":"http:\/\/www2.unifap.br\/fisica\/wp-json\/wp\/v2\/pages\/3003\/revisions"}],"predecessor-version":[{"id":3004,"href":"http:\/\/www2.unifap.br\/fisica\/wp-json\/wp\/v2\/pages\/3003\/revisions\/3004"}],"up":[{"embeddable":true,"href":"http:\/\/www2.unifap.br\/fisica\/wp-json\/wp\/v2\/pages\/2968"}],"wp:attachment":[{"href":"http:\/\/www2.unifap.br\/fisica\/wp-json\/wp\/v2\/media?parent=3003"}],"curies":[{"name":"wp","href":"https:\/\/api.w.org\/{rel}","templated":true}]}}