{"id":3010,"date":"2016-09-24T15:04:11","date_gmt":"2016-09-24T15:04:11","guid":{"rendered":"http:\/\/www2.unifap.br\/fisica\/?page_id=3010"},"modified":"2024-05-24T06:23:07","modified_gmt":"2024-05-24T06:23:07","slug":"laboratorios-de-pesquisa","status":"publish","type":"page","link":"http:\/\/www2.unifap.br\/fisica\/infos\/laboratorios\/laboratorios-de-pesquisa\/","title":{"rendered":"Laborat\u00f3rios de Pesquisa"},"content":{"rendered":"\t\t<div data-elementor-type=\"wp-page\" data-elementor-id=\"3010\" class=\"elementor elementor-3010\">\n\t\t\t\t\t\t<section class=\"elementor-section elementor-top-section elementor-element elementor-element-401e661 elementor-section-boxed elementor-section-height-default elementor-section-height-default\" data-id=\"401e661\" data-element_type=\"section\" data-e-type=\"section\">\n\t\t\t\t\t\t<div class=\"elementor-container elementor-column-gap-default\">\n\t\t\t\t\t<div class=\"elementor-column elementor-col-100 elementor-top-column elementor-element elementor-element-17591f5\" data-id=\"17591f5\" data-element_type=\"column\" data-e-type=\"column\">\n\t\t\t<div class=\"elementor-widget-wrap elementor-element-populated\">\n\t\t\t\t\t\t<div class=\"elementor-element elementor-element-3aef980 elementor-widget elementor-widget-spacer\" data-id=\"3aef980\" data-element_type=\"widget\" data-e-type=\"widget\" data-widget_type=\"spacer.default\">\n\t\t\t\t<div class=\"elementor-widget-container\">\n\t\t\t\t\t\t\t<div class=\"elementor-spacer\">\n\t\t\t<div class=\"elementor-spacer-inner\"><\/div>\n\t\t<\/div>\n\t\t\t\t\t\t<\/div>\n\t\t\t\t<\/div>\n\t\t\t\t<div class=\"elementor-element elementor-element-3a461e2 elementor-widget elementor-widget-heading\" data-id=\"3a461e2\" data-element_type=\"widget\" data-e-type=\"widget\" data-widget_type=\"heading.default\">\n\t\t\t\t<div class=\"elementor-widget-container\">\n\t\t\t\t\t<h2 class=\"elementor-heading-title elementor-size-default\">Laborat\u00f3rios de pesquisa<\/h2>\t\t\t\t<\/div>\n\t\t\t\t<\/div>\n\t\t\t\t<div class=\"elementor-element elementor-element-4605b08 elementor-widget-divider--view-line elementor-widget elementor-widget-divider\" data-id=\"4605b08\" data-element_type=\"widget\" data-e-type=\"widget\" data-widget_type=\"divider.default\">\n\t\t\t\t<div class=\"elementor-widget-container\">\n\t\t\t\t\t\t\t<div class=\"elementor-divider\">\n\t\t\t<span class=\"elementor-divider-separator\">\n\t\t\t\t\t\t<\/span>\n\t\t<\/div>\n\t\t\t\t\t\t<\/div>\n\t\t\t\t<\/div>\n\t\t\t\t\t<\/div>\n\t\t<\/div>\n\t\t\t\t\t<\/div>\n\t\t<\/section>\n\t\t\t\t<section class=\"elementor-section elementor-top-section elementor-element elementor-element-daec3f2 elementor-section-boxed elementor-section-height-default elementor-section-height-default\" data-id=\"daec3f2\" data-element_type=\"section\" data-e-type=\"section\">\n\t\t\t\t\t\t<div class=\"elementor-container elementor-column-gap-default\">\n\t\t\t\t\t<div class=\"elementor-column elementor-col-100 elementor-top-column elementor-element elementor-element-5f898f36\" data-id=\"5f898f36\" data-element_type=\"column\" data-e-type=\"column\">\n\t\t\t<div class=\"elementor-widget-wrap elementor-element-populated\">\n\t\t\t\t\t\t<div class=\"elementor-element elementor-element-7acd352a elementor-widget elementor-widget-text-editor\" data-id=\"7acd352a\" data-element_type=\"widget\" data-e-type=\"widget\" data-widget_type=\"text-editor.default\">\n\t\t\t\t<div class=\"elementor-widget-container\">\n\t\t\t\t\t\t\t\t\t<h5>O curso de F\u00edsica da <strong>UNIFAP<\/strong>, atrav\u00e9s do projeto de pesquisa\u00a0<strong>NANODISPOSITIVOS SEMICONDUTORES<\/strong>\u00a0em parceria com\u00a0<strong>PUC-RJ<\/strong>,\u00a0<strong>UFRJ<\/strong>,\u00a0<strong>USP<\/strong>,\u00a0<strong>UFSCar<\/strong>\u00a0e\u00a0<strong>UFMG<\/strong>, adquiriu um\u00a0<strong>MICROSC\u00d3PIO DE FOR\u00c7A AT\u00d4MICA (AFM)<\/strong>, o primeiro na regi\u00e3o norte do Brasil, o qual ser\u00e1 instalado no Laborat\u00f3rio de Ci\u00eancias dos Materiais.<\/h5><h4>projeto acima mencionado \u00e9 coordenado na UNIFAP pelos professores\u00a0<strong>Dr. Henrique Duarte Filho<\/strong>\u00a0e o\u00a0<strong>Dr. Robert R.<\/strong>\u00a0<strong>M. Zamora<\/strong>.<\/h4><h4>Tornamos p\u00fablico o agradecimento pela pareceria direta com a Coordenadora Geral do projeto, professora\u00a0<strong>Dra. Patr\u00edcia<\/strong>\u00a0<strong>Lustoza de Souza<\/strong>, da Pontif\u00edcia Universidade Cat\u00f3lica do Rio de Janeiro\u00a0<strong>(PUC-RJ)<\/strong>.<\/h4><h4><strong>Prof.Dr. Robert Ronald Magui\u00f1a Zamora<\/strong><br \/>Departamento de F\u00edsica.<\/h4><p><a href=\"http:\/\/www2.unifap.br\/fisica\/files\/2010\/08\/arq56221.jpg\"><img fetchpriority=\"high\" decoding=\"async\" class=\"aligncenter\" src=\"http:\/\/www2.unifap.br\/fisica\/files\/2010\/08\/arq56221-300x225.jpg\" alt=\"\" width=\"300\" height=\"225\" \/><\/a><\/p>\t\t\t\t\t\t\t\t<\/div>\n\t\t\t\t<\/div>\n\t\t\t\t\t<\/div>\n\t\t<\/div>\n\t\t\t\t\t<\/div>\n\t\t<\/section>\n\t\t\t\t<\/div>\n\t\t","protected":false},"excerpt":{"rendered":"<p>Laborat\u00f3rios de pesquisa O curso de F\u00edsica da UNIFAP, atrav\u00e9s do projeto de pesquisa\u00a0NANODISPOSITIVOS SEMICONDUTORES\u00a0em parceria com\u00a0PUC-RJ,\u00a0UFRJ,\u00a0USP,\u00a0UFSCar\u00a0e\u00a0UFMG, adquiriu um\u00a0MICROSC\u00d3PIO DE FOR\u00c7A AT\u00d4MICA (AFM), o primeiro na regi\u00e3o norte do Brasil, o qual ser\u00e1 instalado no Laborat\u00f3rio de Ci\u00eancias dos Materiais. projeto acima mencionado \u00e9 coordenado na UNIFAP pelos professores\u00a0Dr. Henrique Duarte Filho\u00a0e o\u00a0Dr. Robert R.\u00a0M&#8230;.<\/p>\n","protected":false},"author":908,"featured_media":0,"parent":638,"menu_order":0,"comment_status":"open","ping_status":"open","template":"","meta":{"inline_featured_image":false,"ngg_post_thumbnail":0,"footnotes":""},"class_list":["post-3010","page","type-page","status-publish","hentry","entry"],"_links":{"self":[{"href":"http:\/\/www2.unifap.br\/fisica\/wp-json\/wp\/v2\/pages\/3010","targetHints":{"allow":["GET"]}}],"collection":[{"href":"http:\/\/www2.unifap.br\/fisica\/wp-json\/wp\/v2\/pages"}],"about":[{"href":"http:\/\/www2.unifap.br\/fisica\/wp-json\/wp\/v2\/types\/page"}],"author":[{"embeddable":true,"href":"http:\/\/www2.unifap.br\/fisica\/wp-json\/wp\/v2\/users\/908"}],"replies":[{"embeddable":true,"href":"http:\/\/www2.unifap.br\/fisica\/wp-json\/wp\/v2\/comments?post=3010"}],"version-history":[{"count":7,"href":"http:\/\/www2.unifap.br\/fisica\/wp-json\/wp\/v2\/pages\/3010\/revisions"}],"predecessor-version":[{"id":4952,"href":"http:\/\/www2.unifap.br\/fisica\/wp-json\/wp\/v2\/pages\/3010\/revisions\/4952"}],"up":[{"embeddable":true,"href":"http:\/\/www2.unifap.br\/fisica\/wp-json\/wp\/v2\/pages\/638"}],"wp:attachment":[{"href":"http:\/\/www2.unifap.br\/fisica\/wp-json\/wp\/v2\/media?parent=3010"}],"curies":[{"name":"wp","href":"https:\/\/api.w.org\/{rel}","templated":true}]}}