{"id":3309,"date":"2022-08-18T13:23:42","date_gmt":"2022-08-18T13:23:42","guid":{"rendered":"https:\/\/www2.unifap.br\/fisica\/?page_id=3309"},"modified":"2025-09-03T17:07:08","modified_gmt":"2025-09-03T17:07:08","slug":"mnpef","status":"publish","type":"page","link":"http:\/\/www2.unifap.br\/fisica\/mnpef\/","title":{"rendered":"Mestrado &#8211; MNPEF"},"content":{"rendered":"\t\t<div data-elementor-type=\"wp-page\" data-elementor-id=\"3309\" class=\"elementor elementor-3309\">\n\t\t\t\t\t\t<section class=\"elementor-section elementor-top-section elementor-element elementor-element-acf8000 elementor-section-boxed elementor-section-height-default elementor-section-height-default\" data-id=\"acf8000\" data-element_type=\"section\" data-e-type=\"section\">\n\t\t\t\t\t\t<div class=\"elementor-container elementor-column-gap-default\">\n\t\t\t\t\t<div class=\"elementor-column elementor-col-100 elementor-top-column elementor-element elementor-element-a9ceff6\" data-id=\"a9ceff6\" data-element_type=\"column\" data-e-type=\"column\">\n\t\t\t<div class=\"elementor-widget-wrap elementor-element-populated\">\n\t\t\t\t\t\t<div class=\"elementor-element elementor-element-bc0d370 elementor-widget elementor-widget-spacer\" data-id=\"bc0d370\" data-element_type=\"widget\" data-e-type=\"widget\" data-widget_type=\"spacer.default\">\n\t\t\t\t<div class=\"elementor-widget-container\">\n\t\t\t\t\t\t\t<div class=\"elementor-spacer\">\n\t\t\t<div class=\"elementor-spacer-inner\"><\/div>\n\t\t<\/div>\n\t\t\t\t\t\t<\/div>\n\t\t\t\t<\/div>\n\t\t\t\t<div class=\"elementor-element elementor-element-7ed3e1a elementor-widget elementor-widget-heading\" data-id=\"7ed3e1a\" data-element_type=\"widget\" data-e-type=\"widget\" data-widget_type=\"heading.default\">\n\t\t\t\t<div class=\"elementor-widget-container\">\n\t\t\t\t\t<h1 class=\"elementor-heading-title elementor-size-default\">MESTRADO NACIONAL PROFISSIONAL EM ENSINO DE F\u00cdSICA - MNPEF<\/h1>\t\t\t\t<\/div>\n\t\t\t\t<\/div>\n\t\t\t\t<div class=\"elementor-element elementor-element-b471479 elementor-widget elementor-widget-spacer\" data-id=\"b471479\" data-element_type=\"widget\" data-e-type=\"widget\" data-widget_type=\"spacer.default\">\n\t\t\t\t<div class=\"elementor-widget-container\">\n\t\t\t\t\t\t\t<div class=\"elementor-spacer\">\n\t\t\t<div class=\"elementor-spacer-inner\"><\/div>\n\t\t<\/div>\n\t\t\t\t\t\t<\/div>\n\t\t\t\t<\/div>\n\t\t\t\t\t<\/div>\n\t\t<\/div>\n\t\t\t\t\t<\/div>\n\t\t<\/section>\n\t\t\t\t<section class=\"elementor-section elementor-top-section elementor-element elementor-element-fe4a6e0 elementor-section-boxed elementor-section-height-default elementor-section-height-default\" data-id=\"fe4a6e0\" data-element_type=\"section\" data-e-type=\"section\">\n\t\t\t\t\t\t<div class=\"elementor-container elementor-column-gap-default\">\n\t\t\t\t\t<div class=\"elementor-column elementor-col-50 elementor-top-column elementor-element elementor-element-bafb06b\" data-id=\"bafb06b\" data-element_type=\"column\" data-e-type=\"column\">\n\t\t\t<div class=\"elementor-widget-wrap elementor-element-populated\">\n\t\t\t\t\t\t<div class=\"elementor-element elementor-element-0672e80 elementor-widget elementor-widget-image\" data-id=\"0672e80\" data-element_type=\"widget\" data-e-type=\"widget\" data-widget_type=\"image.default\">\n\t\t\t\t<div class=\"elementor-widget-container\">\n\t\t\t\t\t\t\t\t\t\t\t\t\t\t\t<img decoding=\"async\" width=\"350\" height=\"95\" src=\"https:\/\/www2.unifap.br\/fisica\/files\/2025\/09\/download.png\" class=\"attachment-large size-large wp-image-5249\" alt=\"\" srcset=\"https:\/\/www2.unifap.br\/fisica\/files\/2025\/09\/download.png 350w, https:\/\/www2.unifap.br\/fisica\/files\/2025\/09\/download-300x81.png 300w\" sizes=\"(max-width: 350px) 100vw, 350px\" \/>\t\t\t\t\t\t\t\t\t\t\t\t\t\t\t<\/div>\n\t\t\t\t<\/div>\n\t\t\t\t\t<\/div>\n\t\t<\/div>\n\t\t\t\t<div class=\"elementor-column elementor-col-50 elementor-top-column elementor-element elementor-element-6835bd6\" data-id=\"6835bd6\" data-element_type=\"column\" data-e-type=\"column\">\n\t\t\t<div class=\"elementor-widget-wrap elementor-element-populated\">\n\t\t\t\t\t\t<div class=\"elementor-element elementor-element-6dd66da elementor-widget elementor-widget-image\" data-id=\"6dd66da\" data-element_type=\"widget\" data-e-type=\"widget\" data-widget_type=\"image.default\">\n\t\t\t\t<div class=\"elementor-widget-container\">\n\t\t\t\t\t\t\t\t\t\t\t\t\t\t\t<img fetchpriority=\"high\" decoding=\"async\" width=\"365\" height=\"138\" src=\"https:\/\/www2.unifap.br\/fisica\/files\/2025\/09\/download-1.png\" class=\"attachment-large size-large wp-image-5248\" alt=\"\" srcset=\"https:\/\/www2.unifap.br\/fisica\/files\/2025\/09\/download-1.png 365w, https:\/\/www2.unifap.br\/fisica\/files\/2025\/09\/download-1-300x113.png 300w\" sizes=\"(max-width: 365px) 100vw, 365px\" \/>\t\t\t\t\t\t\t\t\t\t\t\t\t\t\t<\/div>\n\t\t\t\t<\/div>\n\t\t\t\t\t<\/div>\n\t\t<\/div>\n\t\t\t\t\t<\/div>\n\t\t<\/section>\n\t\t\t\t<section class=\"elementor-section elementor-top-section elementor-element elementor-element-7220e2ff elementor-section-boxed elementor-section-height-default elementor-section-height-default\" data-id=\"7220e2ff\" data-element_type=\"section\" data-e-type=\"section\">\n\t\t\t\t\t\t<div class=\"elementor-container elementor-column-gap-default\">\n\t\t\t\t\t<div class=\"elementor-column elementor-col-100 elementor-top-column elementor-element elementor-element-52bd0f4c\" data-id=\"52bd0f4c\" data-element_type=\"column\" data-e-type=\"column\">\n\t\t\t<div class=\"elementor-widget-wrap elementor-element-populated\">\n\t\t\t\t\t\t<div class=\"elementor-element elementor-element-78a4bd34 elementor-widget elementor-widget-text-editor\" data-id=\"78a4bd34\" data-element_type=\"widget\" data-e-type=\"widget\" data-widget_type=\"text-editor.default\">\n\t\t\t\t<div class=\"elementor-widget-container\">\n\t\t\t\t\t\t\t\t\t<h3 style=\"text-align: left\"><span style=\"color: #000080\">Sobre o Mestrado Nacional Profissional em Ensino de F\u00edsica (MNPEF)<\/span><\/h3><p>O MNPEF \u00e9 um curso de p\u00f3s-gradua\u00e7\u00e3o <span style=\"color: #000080\"><b>stricto sensu em rede nacional<\/b><\/span>, organizado pela <span style=\"color: #000080\"><b>Sociedade <\/b><\/span><span style=\"color: #000080\"><b>Brasileira d<\/b><\/span><span style=\"color: #000080\"><b>e F\u00edsica (SBF)<\/b><\/span>.<\/p><p>O curso \u00e9 oferecido em diversos <span style=\"color: #000080\"><b>Polos<\/b><\/span> de Institui\u00e7\u00f5es de Ensino Superior (IES) em todo o pa\u00eds.<\/p><p>A coordena\u00e7\u00e3o do mestrado \u00e9 feita por uma <span style=\"color: #000080\"><b>Comiss\u00e3o de P\u00f3s-Gradua\u00e7\u00e3o<\/b><\/span>, que, por sua vez, designa uma <span style=\"color: #000080\"><b>Comiss\u00e3o de Sele\u00e7\u00e3o Nacio<\/b><\/span><span style=\"color: #000080\"><b>nal<\/b><\/span> para o processo seletivo de ingresso. Esse processo seletivo \u00e9 alinhado com as Coordena\u00e7\u00f5es dos Polos.<\/p><p>O programa busca ter uma <span style=\"color: #000080\"><b>abrang\u00eancia nacional e universal<\/b><\/span>, estando presente em todas as regi\u00f5es do Brasil, tanto em capitais quanto em \u00e1reas mais afastadas.<\/p>\t\t\t\t\t\t\t\t<\/div>\n\t\t\t\t<\/div>\n\t\t\t\t<div class=\"elementor-element elementor-element-b2ca492 elementor-widget elementor-widget-text-editor\" data-id=\"b2ca492\" data-element_type=\"widget\" data-e-type=\"widget\" data-widget_type=\"text-editor.default\">\n\t\t\t\t<div class=\"elementor-widget-container\">\n\t\t\t\t\t\t\t\t\t<h3><span style=\"color: #000080\">Requisitos para o Candidato<\/span><\/h3><p>O MNPEF \u00e9 exclusivo para <span style=\"color: #000080\"><b>professores<\/b><\/span> em exerc\u00edcio de doc\u00eancia em:<\/p><ul><li><p>F\u00edsica na educa\u00e7\u00e3o b\u00e1sica.<\/p><\/li><li><p>Ci\u00eancias no n\u00edvel fundamental.<\/p><\/li><\/ul><p>Os candidatos precisam ter diploma de <span style=\"color: #000080\"><b>gradua\u00e7\u00e3o em F\u00edsica (Licenciatura ou Bacharelado)<\/b><\/span> ou em \u00e1reas afins, em cursos reconhecidos pelo <span style=\"color: #000080\"><b>Minist\u00e9rio da Educa\u00e7\u00e3o<\/b><\/span>. Estudantes que est\u00e3o no \u00faltimo per\u00edodo de um desses cursos tamb\u00e9m podem se inscrever.<\/p>\t\t\t\t\t\t\t\t<\/div>\n\t\t\t\t<\/div>\n\t\t\t\t<div class=\"elementor-element elementor-element-0833558 elementor-widget elementor-widget-text-editor\" data-id=\"0833558\" data-element_type=\"widget\" data-e-type=\"widget\" data-widget_type=\"text-editor.default\">\n\t\t\t\t<div class=\"elementor-widget-container\">\n\t\t\t\t\t\t\t\t\t<h3><span style=\"color: #000080\">O Polo do Amap\u00e1<\/span><\/h3><p>A <span style=\"color: #000080\"><b>Universidade Federal do Amap\u00e1 (UNIFAP)<\/b><\/span>, no campus Marco Zero do Equador, ser\u00e1 a sede do polo do MNPEF no Amap\u00e1, com in\u00edcio das atividades em 2023. Essa \u00e9 a primeira vez que o estado ter\u00e1 um mestrado na \u00e1rea de Ensino de F\u00edsica, o que pode contribuir significativamente para o progresso da regi\u00e3o amaz\u00f4nica.<\/p>\t\t\t\t\t\t\t\t<\/div>\n\t\t\t\t<\/div>\n\t\t\t\t<div class=\"elementor-element elementor-element-ff98249 elementor-widget elementor-widget-text-editor\" data-id=\"ff98249\" data-element_type=\"widget\" data-e-type=\"widget\" data-widget_type=\"text-editor.default\">\n\t\t\t\t<div class=\"elementor-widget-container\">\n\t\t\t\t\t\t\t\t\t<h3><span style=\"color: #000080\">Informa\u00e7\u00f5es Importantes<\/span><\/h3><p>Mantenha-se atualizado sobre o processo seletivo do MNPEF!<\/p><p>Os editais nacionais e complementares, contendo todas as informa\u00e7\u00f5es sobre inscri\u00e7\u00f5es, prazos e documenta\u00e7\u00e3o, ser\u00e3o publicados e disponibilizados em nosso site oficial. Fique atento para n\u00e3o perder as pr\u00f3ximas oportunidades de ingresso.<\/p><p><span style=\"color: #000080\"><b>Acompanhe as novidades em:<\/b><\/span> <span style=\"color: #3366ff\"><a class=\"ng-star-inserted\" style=\"color: #3366ff\" href=\"http:\/\/www.sbfisica.org.br\/mnpef\" target=\"_blank\" rel=\"noopener\" data-hveid=\"0\" data-ved=\"0CAAQ_4QMahgKEwitgsi5-ryPAxUAAAAAHQAAAAAQjgM\">http:\/\/www.sbfisica.org.br\/mnpef<\/a><\/span><\/p>\t\t\t\t\t\t\t\t<\/div>\n\t\t\t\t<\/div>\n\t\t\t\t\t<\/div>\n\t\t<\/div>\n\t\t\t\t\t<\/div>\n\t\t<\/section>\n\t\t\t\t<section class=\"elementor-section elementor-top-section elementor-element elementor-element-6cb22a7 elementor-section-boxed elementor-section-height-default elementor-section-height-default\" data-id=\"6cb22a7\" data-element_type=\"section\" data-e-type=\"section\" data-settings=\"{&quot;background_background&quot;:&quot;classic&quot;}\">\n\t\t\t\t\t\t<div class=\"elementor-container elementor-column-gap-default\">\n\t\t\t\t\t<div class=\"elementor-column elementor-col-33 elementor-top-column elementor-element elementor-element-1a852cb8\" data-id=\"1a852cb8\" data-element_type=\"column\" data-e-type=\"column\">\n\t\t\t<div class=\"elementor-widget-wrap elementor-element-populated\">\n\t\t\t\t\t\t<div class=\"elementor-element elementor-element-7e99a5ef elementor-widget elementor-widget-heading\" data-id=\"7e99a5ef\" data-element_type=\"widget\" data-e-type=\"widget\" data-widget_type=\"heading.default\">\n\t\t\t\t<div class=\"elementor-widget-container\">\n\t\t\t\t\t<h2 class=\"elementor-heading-title elementor-size-default\">Menu<\/h2>\t\t\t\t<\/div>\n\t\t\t\t<\/div>\n\t\t\t\t<div class=\"elementor-element elementor-element-1d11e710 elementor-align-start elementor-icon-list--layout-traditional elementor-list-item-link-full_width elementor-widget elementor-widget-icon-list\" data-id=\"1d11e710\" data-element_type=\"widget\" data-e-type=\"widget\" data-widget_type=\"icon-list.default\">\n\t\t\t\t<div class=\"elementor-widget-container\">\n\t\t\t\t\t\t\t<ul class=\"elementor-icon-list-items\">\n\t\t\t\t\t\t\t<li class=\"elementor-icon-list-item\">\n\t\t\t\t\t\t\t\t\t\t\t<a href=\"https:\/\/www2.unifap.br\/fisica\/\">\n\n\t\t\t\t\t\t\t\t\t\t\t\t<span class=\"elementor-icon-list-icon\">\n\t\t\t\t\t\t\t<i aria-hidden=\"true\" class=\"fas fa-chevron-right\"><\/i>\t\t\t\t\t\t<\/span>\n\t\t\t\t\t\t\t\t\t\t<span class=\"elementor-icon-list-text\">In\u00edcio<\/span>\n\t\t\t\t\t\t\t\t\t\t\t<\/a>\n\t\t\t\t\t\t\t\t\t<\/li>\n\t\t\t\t\t\t\t\t<li class=\"elementor-icon-list-item\">\n\t\t\t\t\t\t\t\t\t\t\t<a href=\"https:\/\/www2.unifap.br\/fisica\/conheca-o-curso\/\">\n\n\t\t\t\t\t\t\t\t\t\t\t\t<span class=\"elementor-icon-list-icon\">\n\t\t\t\t\t\t\t<i aria-hidden=\"true\" class=\"fas fa-chevron-right\"><\/i>\t\t\t\t\t\t<\/span>\n\t\t\t\t\t\t\t\t\t\t<span class=\"elementor-icon-list-text\">Sobre o curso<\/span>\n\t\t\t\t\t\t\t\t\t\t\t<\/a>\n\t\t\t\t\t\t\t\t\t<\/li>\n\t\t\t\t\t\t\t\t<li class=\"elementor-icon-list-item\">\n\t\t\t\t\t\t\t\t\t\t\t<a href=\"https:\/\/www2.unifap.br\/fisica\/graduacao\/\">\n\n\t\t\t\t\t\t\t\t\t\t\t\t<span class=\"elementor-icon-list-icon\">\n\t\t\t\t\t\t\t<i aria-hidden=\"true\" class=\"fas fa-chevron-right\"><\/i>\t\t\t\t\t\t<\/span>\n\t\t\t\t\t\t\t\t\t\t<span class=\"elementor-icon-list-text\">Gradua\u00e7\u00e3o<\/span>\n\t\t\t\t\t\t\t\t\t\t\t<\/a>\n\t\t\t\t\t\t\t\t\t<\/li>\n\t\t\t\t\t\t\t\t<li class=\"elementor-icon-list-item\">\n\t\t\t\t\t\t\t\t\t\t\t<a href=\"https:\/\/www2.unifap.br\/fisica\/pos-graduacao\/\">\n\n\t\t\t\t\t\t\t\t\t\t\t\t<span class=\"elementor-icon-list-icon\">\n\t\t\t\t\t\t\t<i aria-hidden=\"true\" class=\"fas fa-chevron-right\"><\/i>\t\t\t\t\t\t<\/span>\n\t\t\t\t\t\t\t\t\t\t<span class=\"elementor-icon-list-text\">P\u00f3s-Gradua\u00e7\u00e3o<\/span>\n\t\t\t\t\t\t\t\t\t\t\t<\/a>\n\t\t\t\t\t\t\t\t\t<\/li>\n\t\t\t\t\t\t\t\t<li class=\"elementor-icon-list-item\">\n\t\t\t\t\t\t\t\t\t\t\t<a href=\"https:\/\/www2.unifap.br\/fisica\/bolsas-do-curso\/\">\n\n\t\t\t\t\t\t\t\t\t\t\t\t<span class=\"elementor-icon-list-icon\">\n\t\t\t\t\t\t\t<i aria-hidden=\"true\" class=\"fas fa-chevron-right\"><\/i>\t\t\t\t\t\t<\/span>\n\t\t\t\t\t\t\t\t\t\t<span class=\"elementor-icon-list-text\">Oportunidade<\/span>\n\t\t\t\t\t\t\t\t\t\t\t<\/a>\n\t\t\t\t\t\t\t\t\t<\/li>\n\t\t\t\t\t\t<\/ul>\n\t\t\t\t\t\t<\/div>\n\t\t\t\t<\/div>\n\t\t\t\t\t<\/div>\n\t\t<\/div>\n\t\t\t\t<div class=\"elementor-column elementor-col-33 elementor-top-column elementor-element elementor-element-73e8f92d\" data-id=\"73e8f92d\" data-element_type=\"column\" data-e-type=\"column\">\n\t\t\t<div class=\"elementor-widget-wrap elementor-element-populated\">\n\t\t\t\t\t\t<div class=\"elementor-element elementor-element-2e56479e elementor-widget elementor-widget-heading\" data-id=\"2e56479e\" data-element_type=\"widget\" data-e-type=\"widget\" data-widget_type=\"heading.default\">\n\t\t\t\t<div class=\"elementor-widget-container\">\n\t\t\t\t\t<h2 class=\"elementor-heading-title elementor-size-default\">Atividade<\/h2>\t\t\t\t<\/div>\n\t\t\t\t<\/div>\n\t\t\t\t<div class=\"elementor-element elementor-element-4e2397a2 elementor-icon-list--layout-traditional elementor-list-item-link-full_width elementor-widget elementor-widget-icon-list\" data-id=\"4e2397a2\" data-element_type=\"widget\" data-e-type=\"widget\" data-widget_type=\"icon-list.default\">\n\t\t\t\t<div class=\"elementor-widget-container\">\n\t\t\t\t\t\t\t<ul class=\"elementor-icon-list-items\">\n\t\t\t\t\t\t\t<li class=\"elementor-icon-list-item\">\n\t\t\t\t\t\t\t\t\t\t\t<span class=\"elementor-icon-list-icon\">\n\t\t\t\t\t\t\t<i aria-hidden=\"true\" class=\"fas fa-chevron-right\"><\/i>\t\t\t\t\t\t<\/span>\n\t\t\t\t\t\t\t\t\t\t<span class=\"elementor-icon-list-text\">Ensino<\/span>\n\t\t\t\t\t\t\t\t\t<\/li>\n\t\t\t\t\t\t\t\t<li class=\"elementor-icon-list-item\">\n\t\t\t\t\t\t\t\t\t\t\t<span class=\"elementor-icon-list-icon\">\n\t\t\t\t\t\t\t<i aria-hidden=\"true\" class=\"fas fa-chevron-right\"><\/i>\t\t\t\t\t\t<\/span>\n\t\t\t\t\t\t\t\t\t\t<span class=\"elementor-icon-list-text\">Pesquisa<\/span>\n\t\t\t\t\t\t\t\t\t<\/li>\n\t\t\t\t\t\t\t\t<li class=\"elementor-icon-list-item\">\n\t\t\t\t\t\t\t\t\t\t\t<span class=\"elementor-icon-list-icon\">\n\t\t\t\t\t\t\t<i aria-hidden=\"true\" class=\"fas fa-chevron-right\"><\/i>\t\t\t\t\t\t<\/span>\n\t\t\t\t\t\t\t\t\t\t<span class=\"elementor-icon-list-text\">Extens\u00e3o <\/span>\n\t\t\t\t\t\t\t\t\t<\/li>\n\t\t\t\t\t\t\t\t<li class=\"elementor-icon-list-item\">\n\t\t\t\t\t\t\t\t\t\t\t<span class=\"elementor-icon-list-icon\">\n\t\t\t\t\t\t\t<i aria-hidden=\"true\" class=\"fas fa-chevron-right\"><\/i>\t\t\t\t\t\t<\/span>\n\t\t\t\t\t\t\t\t\t\t<span class=\"elementor-icon-list-text\">Documentos<\/span>\n\t\t\t\t\t\t\t\t\t<\/li>\n\t\t\t\t\t\t\t\t<li class=\"elementor-icon-list-item\">\n\t\t\t\t\t\t\t\t\t\t\t<span class=\"elementor-icon-list-icon\">\n\t\t\t\t\t\t\t<i aria-hidden=\"true\" class=\"fas fa-chevron-right\"><\/i>\t\t\t\t\t\t<\/span>\n\t\t\t\t\t\t\t\t\t\t<span class=\"elementor-icon-list-text\">Manuais<\/span>\n\t\t\t\t\t\t\t\t\t<\/li>\n\t\t\t\t\t\t<\/ul>\n\t\t\t\t\t\t<\/div>\n\t\t\t\t<\/div>\n\t\t\t\t\t<\/div>\n\t\t<\/div>\n\t\t\t\t<div class=\"elementor-column elementor-col-33 elementor-top-column elementor-element elementor-element-1e4e85d3\" data-id=\"1e4e85d3\" data-element_type=\"column\" data-e-type=\"column\">\n\t\t\t<div class=\"elementor-widget-wrap elementor-element-populated\">\n\t\t\t\t\t\t<div class=\"elementor-element elementor-element-750c8805 elementor-widget elementor-widget-image\" data-id=\"750c8805\" data-element_type=\"widget\" data-e-type=\"widget\" data-widget_type=\"image.default\">\n\t\t\t\t<div class=\"elementor-widget-container\">\n\t\t\t\t\t\t\t\t\t\t\t\t\t\t\t<img decoding=\"async\" width=\"357\" height=\"141\" src=\"https:\/\/www2.unifap.br\/fisica\/files\/2022\/10\/imagem_2022-10-10_160521678.png\" class=\"attachment-full size-full wp-image-3525\" alt=\"\" \/>\t\t\t\t\t\t\t\t\t\t\t\t\t\t\t<\/div>\n\t\t\t\t<\/div>\n\t\t\t\t\t<\/div>\n\t\t<\/div>\n\t\t\t\t\t<\/div>\n\t\t<\/section>\n\t\t\t\t<\/div>\n\t\t","protected":false},"excerpt":{"rendered":"<p>MESTRADO NACIONAL PROFISSIONAL EM ENSINO DE F\u00cdSICA &#8211; MNPEF Sobre o Mestrado Nacional Profissional em Ensino de F\u00edsica (MNPEF) O MNPEF \u00e9 um curso de p\u00f3s-gradua\u00e7\u00e3o stricto sensu em rede nacional, organizado pela Sociedade Brasileira de F\u00edsica (SBF). O curso \u00e9 oferecido em diversos Polos de Institui\u00e7\u00f5es de Ensino Superior (IES) em todo o pa\u00eds&#8230;.<\/p>\n","protected":false},"author":3938,"featured_media":0,"parent":0,"menu_order":0,"comment_status":"closed","ping_status":"closed","template":"","meta":{"inline_featured_image":false,"ngg_post_thumbnail":0,"footnotes":""},"class_list":["post-3309","page","type-page","status-publish","hentry","entry"],"_links":{"self":[{"href":"http:\/\/www2.unifap.br\/fisica\/wp-json\/wp\/v2\/pages\/3309","targetHints":{"allow":["GET"]}}],"collection":[{"href":"http:\/\/www2.unifap.br\/fisica\/wp-json\/wp\/v2\/pages"}],"about":[{"href":"http:\/\/www2.unifap.br\/fisica\/wp-json\/wp\/v2\/types\/page"}],"author":[{"embeddable":true,"href":"http:\/\/www2.unifap.br\/fisica\/wp-json\/wp\/v2\/users\/3938"}],"replies":[{"embeddable":true,"href":"http:\/\/www2.unifap.br\/fisica\/wp-json\/wp\/v2\/comments?post=3309"}],"version-history":[{"count":31,"href":"http:\/\/www2.unifap.br\/fisica\/wp-json\/wp\/v2\/pages\/3309\/revisions"}],"predecessor-version":[{"id":5252,"href":"http:\/\/www2.unifap.br\/fisica\/wp-json\/wp\/v2\/pages\/3309\/revisions\/5252"}],"wp:attachment":[{"href":"http:\/\/www2.unifap.br\/fisica\/wp-json\/wp\/v2\/media?parent=3309"}],"curies":[{"name":"wp","href":"https:\/\/api.w.org\/{rel}","templated":true}]}}