{"id":4209,"date":"2023-01-02T05:34:41","date_gmt":"2023-01-02T05:34:41","guid":{"rendered":"https:\/\/www2.unifap.br\/fisica\/?page_id=4209"},"modified":"2024-10-25T14:46:50","modified_gmt":"2024-10-25T14:46:50","slug":"oportunidades-academicas","status":"publish","type":"page","link":"http:\/\/www2.unifap.br\/fisica\/oportunidades-academicas\/","title":{"rendered":"Oportunidades Acad\u00eamicas"},"content":{"rendered":"\t\t<div data-elementor-type=\"wp-page\" data-elementor-id=\"4209\" class=\"elementor elementor-4209\">\n\t\t\t\t\t\t<section class=\"elementor-section elementor-top-section elementor-element elementor-element-4ed6a17 elementor-section-boxed elementor-section-height-default elementor-section-height-default\" data-id=\"4ed6a17\" data-element_type=\"section\" data-e-type=\"section\">\n\t\t\t\t\t\t<div class=\"elementor-container elementor-column-gap-default\">\n\t\t\t\t\t<div class=\"elementor-column elementor-col-100 elementor-top-column elementor-element elementor-element-baffe63\" data-id=\"baffe63\" data-element_type=\"column\" data-e-type=\"column\">\n\t\t\t<div class=\"elementor-widget-wrap elementor-element-populated\">\n\t\t\t\t\t\t<div class=\"elementor-element elementor-element-7f5e5a5 elementor-widget elementor-widget-heading\" data-id=\"7f5e5a5\" data-element_type=\"widget\" data-e-type=\"widget\" data-widget_type=\"heading.default\">\n\t\t\t\t<div class=\"elementor-widget-container\">\n\t\t\t\t\t<h2 class=\"elementor-heading-title elementor-size-default\">Oportunidades Acad\u00eamicas<\/h2>\t\t\t\t<\/div>\n\t\t\t\t<\/div>\n\t\t\t\t\t<\/div>\n\t\t<\/div>\n\t\t\t\t\t<\/div>\n\t\t<\/section>\n\t\t\t\t<section class=\"elementor-section elementor-top-section elementor-element elementor-element-16ca1435 elementor-section-content-middle elementor-section-boxed elementor-section-height-default elementor-section-height-default\" data-id=\"16ca1435\" data-element_type=\"section\" data-e-type=\"section\">\n\t\t\t\t\t\t<div class=\"elementor-container elementor-column-gap-no\">\n\t\t\t\t\t<div class=\"elementor-column elementor-col-50 elementor-top-column elementor-element elementor-element-4b20e20a\" data-id=\"4b20e20a\" data-element_type=\"column\" data-e-type=\"column\">\n\t\t\t<div class=\"elementor-widget-wrap elementor-element-populated\">\n\t\t\t\t\t\t<div class=\"elementor-element elementor-element-5f497b6f elementor-widget elementor-widget-heading\" data-id=\"5f497b6f\" data-element_type=\"widget\" data-e-type=\"widget\" data-widget_type=\"heading.default\">\n\t\t\t\t<div class=\"elementor-widget-container\">\n\t\t\t\t\t<h4 class=\"elementor-heading-title elementor-size-default\">PET<\/h4>\t\t\t\t<\/div>\n\t\t\t\t<\/div>\n\t\t\t\t<div class=\"elementor-element elementor-element-2028f75 elementor-widget elementor-widget-image\" data-id=\"2028f75\" data-element_type=\"widget\" data-e-type=\"widget\" data-widget_type=\"image.default\">\n\t\t\t\t<div class=\"elementor-widget-container\">\n\t\t\t\t\t\t\t\t\t\t\t\t\t\t\t<img fetchpriority=\"high\" decoding=\"async\" width=\"1080\" height=\"1080\" src=\"http:\/\/www2.unifap.br\/fisica\/files\/2023\/01\/INSTA-PET-71.png\" class=\"attachment-full size-full wp-image-4565\" alt=\"\" \/>\t\t\t\t\t\t\t\t\t\t\t\t\t\t\t<\/div>\n\t\t\t\t<\/div>\n\t\t\t\t\t<\/div>\n\t\t<\/div>\n\t\t\t\t<div class=\"elementor-column elementor-col-50 elementor-top-column elementor-element elementor-element-1d7e4218\" data-id=\"1d7e4218\" data-element_type=\"column\" data-e-type=\"column\">\n\t\t\t<div class=\"elementor-widget-wrap elementor-element-populated\">\n\t\t\t\t\t\t<div class=\"elementor-element elementor-element-556661d0 elementor-widget elementor-widget-text-editor\" data-id=\"556661d0\" data-element_type=\"widget\" data-e-type=\"widget\" data-widget_type=\"text-editor.default\">\n\t\t\t\t<div class=\"elementor-widget-container\">\n\t\t\t\t\t\t\t\t\t<div><p>O acad\u00eamico de F\u00edsica poder\u00e1 concorrer a partir do segundo semestre do Programa de Educa\u00e7\u00e3o tutoria, com oportunidade de bolsas de acordo com edital pr\u00f3prio.<\/p><p>Para saber mais informa\u00e7\u00f5es, acesse o website<\/p><\/div>\t\t\t\t\t\t\t\t<\/div>\n\t\t\t\t<\/div>\n\t\t\t\t<div class=\"elementor-element elementor-element-4aa52ff elementor-align-center elementor-widget elementor-widget-button\" data-id=\"4aa52ff\" data-element_type=\"widget\" data-e-type=\"widget\" data-widget_type=\"button.default\">\n\t\t\t\t<div class=\"elementor-widget-container\">\n\t\t\t\t\t\t\t\t\t<div class=\"elementor-button-wrapper\">\n\t\t\t\t\t<a class=\"elementor-button elementor-button-link elementor-size-xs elementor-animation-grow\" href=\"http:\/\/www2.unifap.br\/pet-fisica\/\" target=\"_blank\">\n\t\t\t\t\t\t<span class=\"elementor-button-content-wrapper\">\n\t\t\t\t\t\t\t\t\t<span class=\"elementor-button-text\">Clique aqui<\/span>\n\t\t\t\t\t<\/span>\n\t\t\t\t\t<\/a>\n\t\t\t\t<\/div>\n\t\t\t\t\t\t\t\t<\/div>\n\t\t\t\t<\/div>\n\t\t\t\t\t<\/div>\n\t\t<\/div>\n\t\t\t\t\t<\/div>\n\t\t<\/section>\n\t\t\t\t<section class=\"elementor-section elementor-top-section elementor-element elementor-element-cf0641a elementor-section-content-middle elementor-section-boxed elementor-section-height-default elementor-section-height-default\" data-id=\"cf0641a\" data-element_type=\"section\" data-e-type=\"section\">\n\t\t\t\t\t\t<div class=\"elementor-container elementor-column-gap-no\">\n\t\t\t\t\t<div class=\"elementor-column elementor-col-50 elementor-top-column elementor-element elementor-element-ed96e13\" data-id=\"ed96e13\" data-element_type=\"column\" data-e-type=\"column\">\n\t\t\t<div class=\"elementor-widget-wrap elementor-element-populated\">\n\t\t\t\t\t\t<div class=\"elementor-element elementor-element-7edf486 elementor-widget elementor-widget-heading\" data-id=\"7edf486\" data-element_type=\"widget\" data-e-type=\"widget\" data-widget_type=\"heading.default\">\n\t\t\t\t<div class=\"elementor-widget-container\">\n\t\t\t\t\t<h4 class=\"elementor-heading-title elementor-size-default\">IC<\/h4>\t\t\t\t<\/div>\n\t\t\t\t<\/div>\n\t\t\t\t<div class=\"elementor-element elementor-element-2047674 elementor-widget elementor-widget-image\" data-id=\"2047674\" data-element_type=\"widget\" data-e-type=\"widget\" data-widget_type=\"image.default\">\n\t\t\t\t<div class=\"elementor-widget-container\">\n\t\t\t\t\t\t\t\t\t\t\t\t\t\t\t<img decoding=\"async\" width=\"285\" height=\"177\" src=\"http:\/\/www2.unifap.br\/fisica\/files\/2023\/01\/imagem_2023-01-02_024945051.png\" class=\"attachment-large size-large wp-image-4569\" alt=\"\" \/>\t\t\t\t\t\t\t\t\t\t\t\t\t\t\t<\/div>\n\t\t\t\t<\/div>\n\t\t\t\t\t<\/div>\n\t\t<\/div>\n\t\t\t\t<div class=\"elementor-column elementor-col-50 elementor-top-column elementor-element elementor-element-44b29ab\" data-id=\"44b29ab\" data-element_type=\"column\" data-e-type=\"column\">\n\t\t\t<div class=\"elementor-widget-wrap elementor-element-populated\">\n\t\t\t\t\t\t<div class=\"elementor-element elementor-element-5f1b74f elementor-widget elementor-widget-text-editor\" data-id=\"5f1b74f\" data-element_type=\"widget\" data-e-type=\"widget\" data-widget_type=\"text-editor.default\">\n\t\t\t\t<div class=\"elementor-widget-container\">\n\t\t\t\t\t\t\t\t\t<p>Os estudantes que se interessam pelas atividades de IC devem procurar saber o que seus professores t\u00eam produzido de pesquisas e ent\u00e3o escolher a \u00e1rea que possuem mais afinidade. Atualmente, a UNIFAP conta com bolsas nas modalidades PROBIC e CNPq\/CAPES, para alunos regularmente matriculados em curso de gradua\u00e7\u00e3o. O estudante precisa firmar compromisso de 20 horas semanais para dedicar-se \u00e0s atividades de IC para fazer jus \u00e0 sua bolsa. Al\u00e9m disso, \u00e9 necess\u00e1rio manter um bom \u00cdndice de Rendimento Acad\u00eamico (IRA). Para mais informa\u00e7\u00f5es, acompanhe o portal do Departamento de Pesquisa da UNIFAP, o\u00a0<a href=\"https:\/\/www2.unifap.br\/dpq\/\" target=\"_blank\" rel=\"noopener\">DPq<\/a>.<\/p>\t\t\t\t\t\t\t\t<\/div>\n\t\t\t\t<\/div>\n\t\t\t\t\t<\/div>\n\t\t<\/div>\n\t\t\t\t\t<\/div>\n\t\t<\/section>\n\t\t\t\t<section class=\"elementor-section elementor-top-section elementor-element elementor-element-5ed181b elementor-section-content-middle elementor-section-boxed elementor-section-height-default elementor-section-height-default\" data-id=\"5ed181b\" data-element_type=\"section\" data-e-type=\"section\">\n\t\t\t\t\t\t<div class=\"elementor-container elementor-column-gap-no\">\n\t\t\t\t\t<div class=\"elementor-column elementor-col-50 elementor-top-column elementor-element elementor-element-a99b2a9\" data-id=\"a99b2a9\" data-element_type=\"column\" data-e-type=\"column\">\n\t\t\t<div class=\"elementor-widget-wrap elementor-element-populated\">\n\t\t\t\t\t\t<div class=\"elementor-element elementor-element-2839b62 elementor-widget elementor-widget-heading\" data-id=\"2839b62\" data-element_type=\"widget\" data-e-type=\"widget\" data-widget_type=\"heading.default\">\n\t\t\t\t<div class=\"elementor-widget-container\">\n\t\t\t\t\t<h4 class=\"elementor-heading-title elementor-size-default\">RP<\/h4>\t\t\t\t<\/div>\n\t\t\t\t<\/div>\n\t\t\t\t<div class=\"elementor-element elementor-element-b116941 elementor-widget elementor-widget-image\" data-id=\"b116941\" data-element_type=\"widget\" data-e-type=\"widget\" data-widget_type=\"image.default\">\n\t\t\t\t<div class=\"elementor-widget-container\">\n\t\t\t\t\t\t\t\t\t\t\t\t\t\t\t<img decoding=\"async\" width=\"245\" height=\"206\" src=\"http:\/\/www2.unifap.br\/fisica\/files\/2023\/01\/imagem_2023-01-02_025151614.png\" class=\"attachment-large size-large wp-image-4571\" alt=\"\" \/>\t\t\t\t\t\t\t\t\t\t\t\t\t\t\t<\/div>\n\t\t\t\t<\/div>\n\t\t\t\t\t<\/div>\n\t\t<\/div>\n\t\t\t\t<div class=\"elementor-column elementor-col-50 elementor-top-column elementor-element elementor-element-f9a3e0c\" data-id=\"f9a3e0c\" data-element_type=\"column\" data-e-type=\"column\">\n\t\t\t<div class=\"elementor-widget-wrap elementor-element-populated\">\n\t\t\t\t\t\t<div class=\"elementor-element elementor-element-becd2fe elementor-widget elementor-widget-text-editor\" data-id=\"becd2fe\" data-element_type=\"widget\" data-e-type=\"widget\" data-widget_type=\"text-editor.default\">\n\t\t\t\t<div class=\"elementor-widget-container\">\n\t\t\t\t\t\t\t\t\t<p>O Programa de Resid\u00eancia Pedag\u00f3gica (RP) \u00e9 um programa da Coordena\u00e7\u00e3o de Aperfei\u00e7oamento de Pessoal de N\u00edvel Superior (CAPES), cuja finalidade \u00e9 fomentar projetos institucionais de resid\u00eancia pedag\u00f3gica implementados por Institui\u00e7\u00f5es de Ensino Superior (IES), contribuindo para o aperfei\u00e7oamento da forma\u00e7\u00e3o, inicial, de professores da educa\u00e7\u00e3o b\u00e1sica nos cursos de licenciatura.<\/p>\t\t\t\t\t\t\t\t<\/div>\n\t\t\t\t<\/div>\n\t\t\t\t\t<\/div>\n\t\t<\/div>\n\t\t\t\t\t<\/div>\n\t\t<\/section>\n\t\t\t\t<section class=\"elementor-section elementor-top-section elementor-element elementor-element-cd42a3d elementor-section-content-middle elementor-section-boxed elementor-section-height-default elementor-section-height-default\" data-id=\"cd42a3d\" data-element_type=\"section\" data-e-type=\"section\">\n\t\t\t\t\t\t<div class=\"elementor-container elementor-column-gap-no\">\n\t\t\t\t\t<div class=\"elementor-column elementor-col-50 elementor-top-column elementor-element elementor-element-cbaee67\" data-id=\"cbaee67\" data-element_type=\"column\" data-e-type=\"column\">\n\t\t\t<div class=\"elementor-widget-wrap elementor-element-populated\">\n\t\t\t\t\t\t<div class=\"elementor-element elementor-element-4895c62 elementor-widget elementor-widget-heading\" data-id=\"4895c62\" data-element_type=\"widget\" data-e-type=\"widget\" data-widget_type=\"heading.default\">\n\t\t\t\t<div class=\"elementor-widget-container\">\n\t\t\t\t\t<h4 class=\"elementor-heading-title elementor-size-default\">Pibid<\/h4>\t\t\t\t<\/div>\n\t\t\t\t<\/div>\n\t\t\t\t<div class=\"elementor-element elementor-element-5d56bf0 elementor-widget elementor-widget-image\" data-id=\"5d56bf0\" data-element_type=\"widget\" data-e-type=\"widget\" data-widget_type=\"image.default\">\n\t\t\t\t<div class=\"elementor-widget-container\">\n\t\t\t\t\t\t\t\t\t\t\t\t\t\t\t<img loading=\"lazy\" decoding=\"async\" width=\"300\" height=\"168\" src=\"http:\/\/www2.unifap.br\/fisica\/files\/2023\/01\/imagem_2023-01-02_025717848.png\" class=\"attachment-full size-full wp-image-4572\" alt=\"\" \/>\t\t\t\t\t\t\t\t\t\t\t\t\t\t\t<\/div>\n\t\t\t\t<\/div>\n\t\t\t\t\t<\/div>\n\t\t<\/div>\n\t\t\t\t<div class=\"elementor-column elementor-col-50 elementor-top-column elementor-element elementor-element-05a88a2\" data-id=\"05a88a2\" data-element_type=\"column\" data-e-type=\"column\">\n\t\t\t<div class=\"elementor-widget-wrap elementor-element-populated\">\n\t\t\t\t\t\t<div class=\"elementor-element elementor-element-270be6f elementor-widget elementor-widget-text-editor\" data-id=\"270be6f\" data-element_type=\"widget\" data-e-type=\"widget\" data-widget_type=\"text-editor.default\">\n\t\t\t\t<div class=\"elementor-widget-container\">\n\t\t\t\t\t\t\t\t\t<p>O Programa Institucional de Bolsa de Inicia\u00e7\u00e3o \u00e0 Doc\u00eancia (PIBID) \u00e9 uma iniciativa que integra a Pol\u00edtica Nacional de Forma\u00e7\u00e3o de Professores do Minist\u00e9rio da Educa\u00e7\u00e3o e tem por finalidade fomentar a inicia\u00e7\u00e3o \u00e0 doc\u00eancia, contribuindo para o aperfei\u00e7oamento da forma\u00e7\u00e3o de docentes em n\u00edvel superior e para a melhoria de qualidade da educa\u00e7\u00e3o b\u00e1sica p\u00fablica brasileira.<\/p><p>O PIBID tem por finalidade proporcionar a inser\u00e7\u00e3o no cotidiano das escolas p\u00fablicas de educa\u00e7\u00e3o b\u00e1sica para os discentes da primeira metade dos cursos de licenciatura, contribuindo para o aperfei\u00e7oamento da forma\u00e7\u00e3o de docentes em n\u00edvel superior.<\/p>\t\t\t\t\t\t\t\t<\/div>\n\t\t\t\t<\/div>\n\t\t\t\t\t<\/div>\n\t\t<\/div>\n\t\t\t\t\t<\/div>\n\t\t<\/section>\n\t\t\t\t<section class=\"elementor-section elementor-top-section elementor-element elementor-element-5381ab3 elementor-section-content-middle elementor-section-boxed elementor-section-height-default elementor-section-height-default\" data-id=\"5381ab3\" data-element_type=\"section\" data-e-type=\"section\">\n\t\t\t\t\t\t<div class=\"elementor-container elementor-column-gap-no\">\n\t\t\t\t\t<div class=\"elementor-column elementor-col-50 elementor-top-column elementor-element elementor-element-a49b2fb\" data-id=\"a49b2fb\" data-element_type=\"column\" data-e-type=\"column\">\n\t\t\t<div class=\"elementor-widget-wrap elementor-element-populated\">\n\t\t\t\t\t\t<div class=\"elementor-element elementor-element-f32c3e5 elementor-widget elementor-widget-heading\" data-id=\"f32c3e5\" data-element_type=\"widget\" data-e-type=\"widget\" data-widget_type=\"heading.default\">\n\t\t\t\t<div class=\"elementor-widget-container\">\n\t\t\t\t\t<h4 class=\"elementor-heading-title elementor-size-default\">Monitoria<\/h4>\t\t\t\t<\/div>\n\t\t\t\t<\/div>\n\t\t\t\t<div class=\"elementor-element elementor-element-647b50f elementor-widget elementor-widget-image\" data-id=\"647b50f\" data-element_type=\"widget\" data-e-type=\"widget\" data-widget_type=\"image.default\">\n\t\t\t\t<div class=\"elementor-widget-container\">\n\t\t\t\t\t\t\t\t\t\t\t\t\t\t\t<img loading=\"lazy\" decoding=\"async\" width=\"816\" height=\"306\" src=\"http:\/\/www2.unifap.br\/fisica\/files\/2024\/10\/LOGO-2-removebg-preview.png\" class=\"attachment-large size-large wp-image-5054\" alt=\"\" srcset=\"http:\/\/www2.unifap.br\/fisica\/files\/2024\/10\/LOGO-2-removebg-preview.png 816w, http:\/\/www2.unifap.br\/fisica\/files\/2024\/10\/LOGO-2-removebg-preview-300x113.png 300w, http:\/\/www2.unifap.br\/fisica\/files\/2024\/10\/LOGO-2-removebg-preview-768x288.png 768w\" sizes=\"(max-width: 816px) 100vw, 816px\" \/>\t\t\t\t\t\t\t\t\t\t\t\t\t\t\t<\/div>\n\t\t\t\t<\/div>\n\t\t\t\t\t<\/div>\n\t\t<\/div>\n\t\t\t\t<div class=\"elementor-column elementor-col-50 elementor-top-column elementor-element elementor-element-02b1e77\" data-id=\"02b1e77\" data-element_type=\"column\" data-e-type=\"column\">\n\t\t\t<div class=\"elementor-widget-wrap elementor-element-populated\">\n\t\t\t\t\t\t<div class=\"elementor-element elementor-element-f9654f6 elementor-widget elementor-widget-text-editor\" data-id=\"f9654f6\" data-element_type=\"widget\" data-e-type=\"widget\" data-widget_type=\"text-editor.default\">\n\t\t\t\t<div class=\"elementor-widget-container\">\n\t\t\t\t\t\t\t\t\t<p>O DCET possui dois programas de monitoria, o Programa Bolsa Monitoria e o Programa de Monitoria Volunt\u00e1ria. A cada semestre \u00e9 publicado um edital de sele\u00e7\u00e3o para o programa com Bolsa, o qual oferece aux\u00edlio financeiro ao estudante monitor que passar pelas etapas do processo seletivo. J\u00e1 a monitoria volunt\u00e1ria n\u00e3o h\u00e1 pagamento de bolsa e o aluno \u00e9 selecionado somente por indica\u00e7\u00e3o do professor.<\/p><p>Ao final da monitoria os alunos que cumprirem todos os requisitos recebem uma declara\u00e7\u00e3o de participa\u00e7\u00e3o com carga hor\u00e1ria que pode ser computada como Atividade Complementar.<\/p>\t\t\t\t\t\t\t\t<\/div>\n\t\t\t\t<\/div>\n\t\t\t\t\t<\/div>\n\t\t<\/div>\n\t\t\t\t\t<\/div>\n\t\t<\/section>\n\t\t\t\t<section class=\"elementor-section elementor-top-section elementor-element elementor-element-7579dec elementor-section-boxed elementor-section-height-default elementor-section-height-default\" data-id=\"7579dec\" data-element_type=\"section\" data-e-type=\"section\">\n\t\t\t\t\t\t<div class=\"elementor-container elementor-column-gap-default\">\n\t\t\t\t\t<div class=\"elementor-column elementor-col-100 elementor-top-column elementor-element elementor-element-8bbb7e9\" data-id=\"8bbb7e9\" data-element_type=\"column\" data-e-type=\"column\">\n\t\t\t<div class=\"elementor-widget-wrap\">\n\t\t\t\t\t\t\t<\/div>\n\t\t<\/div>\n\t\t\t\t\t<\/div>\n\t\t<\/section>\n\t\t\t\t<\/div>\n\t\t","protected":false},"excerpt":{"rendered":"<p>Oportunidades Acad\u00eamicas PET O acad\u00eamico de F\u00edsica poder\u00e1 concorrer a partir do segundo semestre do Programa de Educa\u00e7\u00e3o tutoria, com oportunidade de bolsas de acordo com edital pr\u00f3prio. Para saber mais informa\u00e7\u00f5es, acesse o website Clique aqui IC Os estudantes que se interessam pelas atividades de IC devem procurar saber o que seus professores t\u00eam&#8230;<\/p>\n","protected":false},"author":3938,"featured_media":0,"parent":0,"menu_order":0,"comment_status":"closed","ping_status":"closed","template":"","meta":{"inline_featured_image":false,"ngg_post_thumbnail":0,"footnotes":""},"class_list":["post-4209","page","type-page","status-publish","hentry","entry"],"_links":{"self":[{"href":"http:\/\/www2.unifap.br\/fisica\/wp-json\/wp\/v2\/pages\/4209","targetHints":{"allow":["GET"]}}],"collection":[{"href":"http:\/\/www2.unifap.br\/fisica\/wp-json\/wp\/v2\/pages"}],"about":[{"href":"http:\/\/www2.unifap.br\/fisica\/wp-json\/wp\/v2\/types\/page"}],"author":[{"embeddable":true,"href":"http:\/\/www2.unifap.br\/fisica\/wp-json\/wp\/v2\/users\/3938"}],"replies":[{"embeddable":true,"href":"http:\/\/www2.unifap.br\/fisica\/wp-json\/wp\/v2\/comments?post=4209"}],"version-history":[{"count":48,"href":"http:\/\/www2.unifap.br\/fisica\/wp-json\/wp\/v2\/pages\/4209\/revisions"}],"predecessor-version":[{"id":5061,"href":"http:\/\/www2.unifap.br\/fisica\/wp-json\/wp\/v2\/pages\/4209\/revisions\/5061"}],"wp:attachment":[{"href":"http:\/\/www2.unifap.br\/fisica\/wp-json\/wp\/v2\/media?parent=4209"}],"curies":[{"name":"wp","href":"https:\/\/api.w.org\/{rel}","templated":true}]}}