{"id":12,"date":"2014-08-21T13:30:49","date_gmt":"2014-08-21T13:30:49","guid":{"rendered":"http:\/\/www2.unifap.br\/generodiversidade\/?page_id=12"},"modified":"2015-10-26T22:49:30","modified_gmt":"2015-10-26T22:49:30","slug":"comissao-organizadora-e-comissao-cientifica","status":"publish","type":"page","link":"http:\/\/www2.unifap.br\/generodiversidade\/comissao-organizadora-e-comissao-cientifica\/","title":{"rendered":"Comiss\u00e3o Organizadora"},"content":{"rendered":"<p><strong>Ana Cristina Soares e Lylian Rodrigues<\/strong>\u2013 Coordenadoras gerais<\/p>\n<p><strong>Raysa Nascimento<\/strong> \u2013 Coordenadora de Finan\u00e7as (Ci\u00eancias Sociais)<\/p>\n<p><strong>Cibelle Canto<\/strong> \u2013 Coordenadora Acad\u00eamica (Ci\u00eancias Sociais)<\/p>\n<p><strong>Gesiel Nunes<\/strong>\u00a0\u2013 Coordenador de m\u00eddias e artes (Artes Visuais)<\/p>\n<p><strong>Criles Monteiro\u00a0<\/strong>&#8211; Coordenadora de comunica\u00e7\u00e3o social (Jornalismo)<\/p>\n<p><b>An\u00e1lia Ramos<\/b>\u00a0\u2013 Coordenadora de Divulga\u00e7\u00e3o (Jornalismo)<\/p>\n<p><strong>Adriene Neves<\/strong> \u2013 Coordenadora de Infraestrutura (Ci\u00eancias Sociais)<\/p>\n<p><strong>Jdean Monteiro\u00a0<\/strong>&#8211; Coordenador Cultural (Teatro)<\/p>\n","protected":false},"excerpt":{"rendered":"<p>Ana Cristina Soares e Lylian Rodrigues\u2013 Coordenadoras gerais Raysa Nascimento \u2013 Coordenadora de Finan\u00e7as (Ci\u00eancias Sociais) Cibelle Canto \u2013 Coordenadora Acad\u00eamica (Ci\u00eancias Sociais) Gesiel Nunes\u00a0\u2013 Coordenador de m\u00eddias e artes (Artes Visuais) Criles Monteiro\u00a0&#8211; Coordenadora de comunica\u00e7\u00e3o social (Jornalismo) An\u00e1lia&hellip; <\/p>\n<p><a href=\"http:\/\/www2.unifap.br\/generodiversidade\/comissao-organizadora-e-comissao-cientifica\/\" class=\"readmore-button\">Continue Reading<\/a><\/p>\n","protected":false},"author":396,"featured_media":0,"parent":0,"menu_order":5,"comment_status":"open","ping_status":"closed","template":"","meta":{"inline_featured_image":false,"ngg_post_thumbnail":0,"footnotes":""},"class_list":["post-12","page","type-page","status-publish","hentry"],"_links":{"self":[{"href":"http:\/\/www2.unifap.br\/generodiversidade\/wp-json\/wp\/v2\/pages\/12","targetHints":{"allow":["GET"]}}],"collection":[{"href":"http:\/\/www2.unifap.br\/generodiversidade\/wp-json\/wp\/v2\/pages"}],"about":[{"href":"http:\/\/www2.unifap.br\/generodiversidade\/wp-json\/wp\/v2\/types\/page"}],"author":[{"embeddable":true,"href":"http:\/\/www2.unifap.br\/generodiversidade\/wp-json\/wp\/v2\/users\/396"}],"replies":[{"embeddable":true,"href":"http:\/\/www2.unifap.br\/generodiversidade\/wp-json\/wp\/v2\/comments?post=12"}],"version-history":[{"count":8,"href":"http:\/\/www2.unifap.br\/generodiversidade\/wp-json\/wp\/v2\/pages\/12\/revisions"}],"predecessor-version":[{"id":184,"href":"http:\/\/www2.unifap.br\/generodiversidade\/wp-json\/wp\/v2\/pages\/12\/revisions\/184"}],"wp:attachment":[{"href":"http:\/\/www2.unifap.br\/generodiversidade\/wp-json\/wp\/v2\/media?parent=12"}],"curies":[{"name":"wp","href":"https:\/\/api.w.org\/{rel}","templated":true}]}}