{"id":14,"date":"2014-08-21T13:31:04","date_gmt":"2014-08-21T13:31:04","guid":{"rendered":"http:\/\/www2.unifap.br\/generodiversidade\/?page_id=14"},"modified":"2015-11-13T14:43:58","modified_gmt":"2015-11-13T14:43:58","slug":"contatos-e-informacoes","status":"publish","type":"page","link":"http:\/\/www2.unifap.br\/generodiversidade\/contatos-e-informacoes\/","title":{"rendered":"Contatos e Informa\u00e7\u00f5es"},"content":{"rendered":"<p>D\u00favidas e informa\u00e7\u00f5es gerais sobre o evento<\/p>\n<p><strong>Email<\/strong>:\u00a0ssgeneroediversidade@gmail.com<\/p>\n<p><b><a href=\"https:\/\/www.facebook.com\/sgeneroediversidade\">https:\/\/www.facebook.com\/sgeneroediversidade<\/a><\/b><\/p>\n","protected":false},"excerpt":{"rendered":"<p>D\u00favidas e informa\u00e7\u00f5es gerais sobre o evento Email:\u00a0ssgeneroediversidade@gmail.com https:\/\/www.facebook.com\/sgeneroediversidade<\/p>\n","protected":false},"author":396,"featured_media":0,"parent":0,"menu_order":7,"comment_status":"open","ping_status":"open","template":"","meta":{"inline_featured_image":false,"ngg_post_thumbnail":0,"footnotes":""},"class_list":["post-14","page","type-page","status-publish","hentry"],"_links":{"self":[{"href":"http:\/\/www2.unifap.br\/generodiversidade\/wp-json\/wp\/v2\/pages\/14","targetHints":{"allow":["GET"]}}],"collection":[{"href":"http:\/\/www2.unifap.br\/generodiversidade\/wp-json\/wp\/v2\/pages"}],"about":[{"href":"http:\/\/www2.unifap.br\/generodiversidade\/wp-json\/wp\/v2\/types\/page"}],"author":[{"embeddable":true,"href":"http:\/\/www2.unifap.br\/generodiversidade\/wp-json\/wp\/v2\/users\/396"}],"replies":[{"embeddable":true,"href":"http:\/\/www2.unifap.br\/generodiversidade\/wp-json\/wp\/v2\/comments?post=14"}],"version-history":[{"count":3,"href":"http:\/\/www2.unifap.br\/generodiversidade\/wp-json\/wp\/v2\/pages\/14\/revisions"}],"predecessor-version":[{"id":38,"href":"http:\/\/www2.unifap.br\/generodiversidade\/wp-json\/wp\/v2\/pages\/14\/revisions\/38"}],"wp:attachment":[{"href":"http:\/\/www2.unifap.br\/generodiversidade\/wp-json\/wp\/v2\/media?parent=14"}],"curies":[{"name":"wp","href":"https:\/\/api.w.org\/{rel}","templated":true}]}}