{"id":173,"date":"2015-10-23T17:58:24","date_gmt":"2015-10-23T17:58:24","guid":{"rendered":"http:\/\/www2.unifap.br\/generodiversidade\/?page_id=173"},"modified":"2015-12-08T16:57:18","modified_gmt":"2015-12-08T16:57:18","slug":"programacao-2","status":"publish","type":"page","link":"http:\/\/www2.unifap.br\/generodiversidade\/programacao-2\/","title":{"rendered":"Programa\u00e7\u00e3o"},"content":{"rendered":"<div style=\"text-align: left\">\n<div style=\"text-align: center\"><\/div>\n<div style=\"text-align: center\"><b>Pr\u00e9-Evento<\/b><\/div>\n<p><b>26\/11\/2015<br \/>\n17:30<\/b>\u00a0&#8211; Roda de Conversa Chuca e Siririca: um di\u00e1logo sobre o corpo, interdi\u00e7\u00f5es e descobertas.<\/p>\n<p><b>27\/11\/2015<br \/>\n17:00<\/b>\u00a0&#8211; Participa\u00e7\u00e3o na\u00a0Mesa de debate &#8220;Mapa da viol\u00eancia 2015: Um olhar para as desigualdades de g\u00eanero e ra\u00e7a&#8221;<br \/>\nLocal: Audit\u00f3rio da Biblioteca Central\/UNIFAP<br \/>\nRealiza\u00e7\u00e3o: NEAB e Marcha das Vadias)<\/p>\n<p><b>03\/12\/2015<\/b><br \/>\n<b>09h30 \u00e0s 10h30<\/b>\u00a0&#8211; Participa\u00e7\u00e3o na Palestra &#8220;Como lidar com a diversidade em sala de aula&#8221;<br \/>\nLocal: Departamento de Letras, Artes Visuais, Jornalismo, Teatro e Libras (DEPLA)<br \/>\nRealiza\u00e7\u00e3o: IV EAPEL &amp; II SELIBRAS<\/p>\n<p><b>04\/12\/2015<br \/>\n17:00<\/b>\u00a0&#8211; 1\u00b0 Encontro Oficina Zeca Nos\u00e9<\/p>\n<div><\/div>\n<div>\n<h2 style=\"text-align: center\"><b>Evento Oficial<\/b><\/h2>\n<div><\/div>\n<div><\/div>\n<div style=\"text-align: center\"><b>09\/12\/2015 (Quarta-Feira)<\/b><\/div>\n<div><\/div>\n<div><b>14h\u00a0<\/b>\u2013 Credenciamento<\/div>\n<div><b>Local:<\/b>\u00a0Departamento de Pesquisa da UNIFAP (Aranha)<\/div>\n<div><\/div>\n<div><b>14h30 \u00e0s 16h<\/b>\u00a0\u2013 Palestra \u201cPol\u00edticas Carnais\u201d<\/div>\n<div>\u00c9den Peretta (UFOP)<\/div>\n<div>Adrielle Sussuarana (Casa das Palavras AP)<\/div>\n<div><b>Local:<\/b>\u00a0Audit\u00f3rio Biblioteca Central<\/div>\n<div><\/div>\n<div><b>16h30 \u00e0s 18h30\u00a0<\/b>\u2013 Ocupa\u00e7\u00e3o Feminista e Marcha das Vadias<\/div>\n<div><b>Local de concentra\u00e7\u00e3o:<\/b>\u00a0Muro das Minas (Em frente ao anfiteatro)<\/div>\n<div><\/div>\n<div><b>19h \u2013Abertura: A UNIFAP e o enfrentamento a LGBTfobia e a viol\u00eancia de g\u00eanero<\/b><\/div>\n<div>\n<div>Eliani Superti (Reitora da UNIFAP)<\/div>\n<div>Lylian Rodrigues (Coordenadora do Pol\u00edticas do Corpo UNIFAP)<\/div>\n<\/div>\n<div>Francisca de Paula Oliveira (L\u00edder do grupo anti-homofobia da UNIFAP)<\/div>\n<div>Joaquim Gatz (Acad\u00eamico de Jornalismo UNIFAP)<\/div>\n<div><b>Local<\/b>: Tenda em frente ao Anfiteatro<\/div>\n<div><\/div>\n<div><\/div>\n<div><\/div>\n<div style=\"text-align: center\"><b>10\/12\/2015 (Quinta-Feira)<\/b><\/div>\n<div><\/div>\n<div><b>9h \u00e0s 12h \u2013<\/b>\u00a0Minicursos, Oficinas e Roda de Conversa<\/div>\n<div><\/div>\n<div><b>14h \u00e0s 17h \u2013<\/b>\u00a0Grupos de Trabalho<\/div>\n<div><\/div>\n<div><b>17h30 \u2013<\/b>\u00a0Mama\u00e7o (Ciranda Materna) \/ Saia\u00e7o (Movimentos Sociais)<\/div>\n<div><b>Local:<\/b>\u00a0Tenda em frente ao Anfiteatro<\/div>\n<div><\/div>\n<div><b>19h \u2013 Mesa: G\u00eanero, viol\u00eancia e pol\u00edticas p\u00fablicas<\/b><\/div>\n<div>Alzira Nogueira (MP\/AP)<\/div>\n<div>Marcus Cardoso (UNIFAP)<\/div>\n<div>Ana Cristina Soares (UNIFAP)<\/div>\n<div><b>Local:<\/b>\u00a0Tenda em frente ao Anfiteatro<\/div>\n<div><\/div>\n<div><b>19h &#8211;<\/b>\u00a0<b>Mesa: Educa\u00e7\u00e3o para diversidade\u00a0<\/b><\/div>\n<div>Alexsara Maciel (UNIFAP)<\/div>\n<div>Emerson Silveira (UFJF)<\/div>\n<div>Marcos Vin\u00edcius Freitas (UNIFAP)<\/div>\n<div><b>Local:\u00a0<\/b>Audit\u00f3rio do DEPLA<\/div>\n<div><\/div>\n<div><b>21h \u2013<\/b>\u00a0<b>Performance As Flores do Homem<\/b><br \/>\nNaldo Martins<\/div>\n<div><b>Local<\/b>: Em frente ao Anfiteatro<\/div>\n<div><\/div>\n<div><\/div>\n<div style=\"text-align: center\"><b>11\/12\/2015 (Sexta-Feira)<\/b><\/div>\n<div><\/div>\n<div><b>9h \u00e0s 12h \u2013<\/b>\u00a0Minicursos e Oficinas<\/div>\n<div><\/div>\n<div><b>14h \u00e0s 17h \u2013<\/b>\u00a0Grupos de Trabalho<\/div>\n<div><\/div>\n<div><b>17h30 \u2013<\/b>\u00a0<b>Sess\u00f5es de Cinema\u00a0<\/b><\/div>\n<div><b>Local:<\/b>\u00a0DEPLA, Sala 01\/Jornalismo<\/div>\n<div><\/div>\n<div><b>19h \u2013 Mesa: Movimentos Sociais e Resist\u00eancias Feministas<\/b><\/div>\n<div>M\u00e1rcia Larangeira (N\u00facleo Feminista de Pesquisas em G\u00eanero e Masculinidades\/PPG em Psicologia &#8211; UFPE)<\/div>\n<div>Ingly Flexa (estudante de farm\u00e1cia e bolsista do NEAB\/UNIFAP, militante da ANEL &#8211; AP)<br \/>\nYasmin dos Anjos (Rede Trans)<\/div>\n<div>Cibelle Canto (Marcha das Vadias AP)<\/div>\n<div><b>Local:<\/b>\u00a0Tenda em frente ao Anfiteatro<\/div>\n<div><\/div>\n<div><b>21h \u2013\u00a0<\/b><b>Performance Sid Manequim &#8211; Eu preciso ser bonita\u00a0<\/b><\/div>\n<div><b>Local:\u00a0<\/b>Em frente ao Anfiteatro<\/div>\n<div><\/div>\n<div><b>22h \u2013<\/b>\u00a0<b>Festa de encerramento: DragParty\u00a0<\/b><\/div>\n<div>Discotecagem: Sid Manequim<\/div>\n<div><b>Local:<\/b>\u00a0Centro de Viv\u00eancias (CV)<\/div>\n<div><\/div>\n<div style=\"text-align: center\"><b>EXPOSI\u00c7\u00d5ES<\/b><\/div>\n<div><b>(<\/b><b>Aberto a visita\u00e7\u00e3o durante toda a programa\u00e7\u00e3o)<\/b><\/div>\n<div><b>V\u00eddeo-Instala\u00e7\u00e3o Transformas<\/b><\/div>\n<div><b>Local:<\/b>\u00a0Departamento de Pesquisa da UNIFAP (Aranha)<\/div>\n<div><\/div>\n<div><b>Exposi\u00e7\u00e3o de trabalhos art\u00edsticos<\/b><\/div>\n<div><b>Local:<\/b>\u00a0Galeria do DEPLA<\/div>\n<div><\/div>\n<div><\/div>\n<div style=\"text-align: center\"><b>Apresenta\u00e7\u00e3o de Grupos de Trabalho<\/b><\/div>\n<div><\/div>\n<div style=\"text-align: center\"><b>Data: 10 e 11\/12<\/b><\/div>\n<div style=\"text-align: center\"><b>Hor\u00e1rio: 14h \u00e0s 17<\/b><\/div>\n<div><\/div>\n<div><b>Pol\u00edticas do Corpo<\/b><\/div>\n<div><b>Local:<\/b>\u00a0Audit\u00f3rio 2 do DPQ<\/div>\n<div><\/div>\n<div><b>Educa\u00e7\u00e3o e Diversidade<\/b><\/div>\n<div><b>Local:\u00a0<\/b>Bloco de Educa\u00e7\u00e3o F\u00edsica<\/div>\n<div><\/div>\n<div><b>G\u00eanero e Diversidade<\/b><\/div>\n<div><b>Local:\u00a0<\/b>Audit\u00f3rio do DEPLA<\/div>\n<div><\/div>\n<div><b>Pol\u00edtica e Diversidade<\/b><\/div>\n<div><b>Local:<\/b>\u00a0Audit\u00f3rio do CEPA<\/div>\n<\/div>\n<div>\n<p>&nbsp;<\/p>\n<\/div>\n<\/div>\n","protected":false},"excerpt":{"rendered":"<p>Pr\u00e9-Evento 26\/11\/2015 17:30\u00a0&#8211; Roda de Conversa Chuca e Siririca: um di\u00e1logo sobre o corpo, interdi\u00e7\u00f5es e descobertas. 27\/11\/2015 17:00\u00a0&#8211; Participa\u00e7\u00e3o na\u00a0Mesa de debate &#8220;Mapa da viol\u00eancia 2015: Um olhar para as desigualdades de g\u00eanero e ra\u00e7a&#8221; Local: Audit\u00f3rio da Biblioteca&hellip; <\/p>\n<p><a href=\"http:\/\/www2.unifap.br\/generodiversidade\/programacao-2\/\" class=\"readmore-button\">Continue Reading<\/a><\/p>\n","protected":false},"author":572,"featured_media":0,"parent":0,"menu_order":1,"comment_status":"open","ping_status":"open","template":"","meta":{"inline_featured_image":false,"ngg_post_thumbnail":0,"footnotes":""},"class_list":["post-173","page","type-page","status-publish","hentry"],"_links":{"self":[{"href":"http:\/\/www2.unifap.br\/generodiversidade\/wp-json\/wp\/v2\/pages\/173","targetHints":{"allow":["GET"]}}],"collection":[{"href":"http:\/\/www2.unifap.br\/generodiversidade\/wp-json\/wp\/v2\/pages"}],"about":[{"href":"http:\/\/www2.unifap.br\/generodiversidade\/wp-json\/wp\/v2\/types\/page"}],"author":[{"embeddable":true,"href":"http:\/\/www2.unifap.br\/generodiversidade\/wp-json\/wp\/v2\/users\/572"}],"replies":[{"embeddable":true,"href":"http:\/\/www2.unifap.br\/generodiversidade\/wp-json\/wp\/v2\/comments?post=173"}],"version-history":[{"count":25,"href":"http:\/\/www2.unifap.br\/generodiversidade\/wp-json\/wp\/v2\/pages\/173\/revisions"}],"predecessor-version":[{"id":258,"href":"http:\/\/www2.unifap.br\/generodiversidade\/wp-json\/wp\/v2\/pages\/173\/revisions\/258"}],"wp:attachment":[{"href":"http:\/\/www2.unifap.br\/generodiversidade\/wp-json\/wp\/v2\/media?parent=173"}],"curies":[{"name":"wp","href":"https:\/\/api.w.org\/{rel}","templated":true}]}}