{"id":192,"date":"2015-10-27T00:02:53","date_gmt":"2015-10-27T00:02:53","guid":{"rendered":"http:\/\/www2.unifap.br\/generodiversidade\/?page_id=192"},"modified":"2015-12-02T02:46:31","modified_gmt":"2015-12-02T02:46:31","slug":"inscricoes-2","status":"publish","type":"page","link":"http:\/\/www2.unifap.br\/generodiversidade\/inscricoes-2\/","title":{"rendered":"Inscri\u00e7\u00f5es"},"content":{"rendered":"<p style=\"text-align: center\"><strong>INSCRI\u00c7\u00d5ES ENCERRADAS<\/strong><\/p>\n<p>&nbsp;<\/p>\n<p>A programa\u00e7\u00e3o completa voc\u00eas encontram aqui:<\/p>\n<p><a href=\"http:\/\/www2.unifap.br\/generodiversidade\/programacao-2\/\">http:\/\/www2.unifap.br\/generodiversidade\/programacao-2\/<\/a><\/p>\n<p>&nbsp;<\/p>\n","protected":false},"excerpt":{"rendered":"<p>INSCRI\u00c7\u00d5ES ENCERRADAS &nbsp; A programa\u00e7\u00e3o completa voc\u00eas encontram aqui: http:\/\/www2.unifap.br\/generodiversidade\/programacao-2\/ &nbsp;<\/p>\n","protected":false},"author":572,"featured_media":0,"parent":0,"menu_order":0,"comment_status":"open","ping_status":"open","template":"","meta":{"inline_featured_image":false,"ngg_post_thumbnail":0,"footnotes":""},"class_list":["post-192","page","type-page","status-publish","hentry"],"_links":{"self":[{"href":"http:\/\/www2.unifap.br\/generodiversidade\/wp-json\/wp\/v2\/pages\/192","targetHints":{"allow":["GET"]}}],"collection":[{"href":"http:\/\/www2.unifap.br\/generodiversidade\/wp-json\/wp\/v2\/pages"}],"about":[{"href":"http:\/\/www2.unifap.br\/generodiversidade\/wp-json\/wp\/v2\/types\/page"}],"author":[{"embeddable":true,"href":"http:\/\/www2.unifap.br\/generodiversidade\/wp-json\/wp\/v2\/users\/572"}],"replies":[{"embeddable":true,"href":"http:\/\/www2.unifap.br\/generodiversidade\/wp-json\/wp\/v2\/comments?post=192"}],"version-history":[{"count":4,"href":"http:\/\/www2.unifap.br\/generodiversidade\/wp-json\/wp\/v2\/pages\/192\/revisions"}],"predecessor-version":[{"id":243,"href":"http:\/\/www2.unifap.br\/generodiversidade\/wp-json\/wp\/v2\/pages\/192\/revisions\/243"}],"wp:attachment":[{"href":"http:\/\/www2.unifap.br\/generodiversidade\/wp-json\/wp\/v2\/media?parent=192"}],"curies":[{"name":"wp","href":"https:\/\/api.w.org\/{rel}","templated":true}]}}