{"id":20,"date":"2014-08-21T13:33:27","date_gmt":"2014-08-21T13:33:27","guid":{"rendered":"http:\/\/www2.unifap.br\/generodiversidade\/?page_id=20"},"modified":"2015-10-26T17:03:04","modified_gmt":"2015-10-26T17:03:04","slug":"comissao-cientifica","status":"publish","type":"page","link":"http:\/\/www2.unifap.br\/generodiversidade\/comissao-cientifica\/","title":{"rendered":"Comiss\u00e3o Cient\u00edfica"},"content":{"rendered":"<p><b>Antonio Carlos Sardinha<\/b> \u2013 Prof. do Colegiado de Jornalismo<br \/>\n<a href=\"http:\/\/buscatextual.cnpq.br\/buscatextual\/visualizacv.do?id=K4229546H7\">http:\/\/buscatextual.cnpq.br\/buscatextual\/visualizacv.do?id=K4229546H7<\/a><\/p>\n<p><b>Alexsara de Souza Maciel<\/b> &#8211; Profa. Colegiado de Ci\u00eancias Sociais<br \/>\n<a href=\"http:\/\/buscatextual.cnpq.br\/buscatextual\/visualizacv.do?id=K4775584T3\">http:\/\/buscatextual.cnpq.br\/buscatextual\/visualizacv.do?id=K4775584T3<\/a><\/p>\n<p><b style=\"font-size: 14px;line-height: 1.5em\">Ana Cristina de Paula Mau\u00e9s Soares<\/b><span style=\"font-size: 14px;line-height: 1.5em\"> &#8211; Profa. Colegiado de Rela\u00e7\u00f5es Internacionais<br \/>\n<\/span><a href=\"http:\/\/buscatextual.cnpq.br\/buscatextual\/visualizacv.do?id=K4770779D1\">http:\/\/buscatextual.cnpq.br\/buscatextual\/visualizacv.do?id=K4770779D1<\/a><\/p>\n<p><b style=\"font-size: 14px;line-height: 1.5em\">Camila Soares Lippi\u00a0<\/b>&#8211; Profa. Colegiado de Rela\u00e7\u00f5es Internacionais<\/p>\n<p><a href=\"http:\/\/buscatextual.cnpq.br\/buscatextual\/visualizacv.do?id=K4713062A3\">http:\/\/buscatextual.cnpq.br\/buscatextual\/visualizacv.do?id=K4713062A3<\/a><\/p>\n<p><b style=\"font-size: 14px;line-height: 1.5em\">Francisca de Paula de Oliveira<\/b><span style=\"font-size: 14px;line-height: 1.5em\"> \u2013 Profa. do Colegiado de Ci\u00eancias Sociais<br \/>\n<\/span><a href=\"http:\/\/buscatextual.cnpq.br\/buscatextual\/visualizacv.do?id=K4778684D6\">http:\/\/buscatextual.cnpq.br\/buscatextual\/visualizacv.do?id=K4778684D6<\/a><\/p>\n<p><strong>Lylian Caroline Maciel Rodrigues\u00a0<\/strong>&#8211; Profa. do Colegiado de Jornalismo<\/p>\n<p><a href=\"http:\/\/buscatextual.cnpq.br\/buscatextual\/visualizacv.do?id=K4227905U5\">http:\/\/buscatextual.cnpq.br\/buscatextual\/visualizacv.do?id=K4227905U5<\/a><\/p>\n<p><strong>Marcus Vinicius de Freitas Reis\u00a0<\/strong>&#8211; Prof. do Colegiado de Rela\u00e7\u00f5es Internacionais<\/p>\n<p><a href=\"http:\/\/buscatextual.cnpq.br\/buscatextual\/visualizacv.do?id=K4162626P5\">http:\/\/buscatextual.cnpq.br\/buscatextual\/visualizacv.do?id=K4162626P5<\/a><\/p>\n","protected":false},"excerpt":{"rendered":"<p>Antonio Carlos Sardinha \u2013 Prof. do Colegiado de Jornalismo http:\/\/buscatextual.cnpq.br\/buscatextual\/visualizacv.do?id=K4229546H7 Alexsara de Souza Maciel &#8211; Profa. Colegiado de Ci\u00eancias Sociais http:\/\/buscatextual.cnpq.br\/buscatextual\/visualizacv.do?id=K4775584T3 Ana Cristina de Paula Mau\u00e9s Soares &#8211; Profa. Colegiado de Rela\u00e7\u00f5es Internacionais http:\/\/buscatextual.cnpq.br\/buscatextual\/visualizacv.do?id=K4770779D1 Camila Soares Lippi\u00a0&#8211; Profa. Colegiado de&hellip; <\/p>\n<p><a href=\"http:\/\/www2.unifap.br\/generodiversidade\/comissao-cientifica\/\" class=\"readmore-button\">Continue Reading<\/a><\/p>\n","protected":false},"author":396,"featured_media":0,"parent":0,"menu_order":5,"comment_status":"open","ping_status":"open","template":"","meta":{"inline_featured_image":false,"ngg_post_thumbnail":0,"footnotes":""},"class_list":["post-20","page","type-page","status-publish","hentry"],"_links":{"self":[{"href":"http:\/\/www2.unifap.br\/generodiversidade\/wp-json\/wp\/v2\/pages\/20","targetHints":{"allow":["GET"]}}],"collection":[{"href":"http:\/\/www2.unifap.br\/generodiversidade\/wp-json\/wp\/v2\/pages"}],"about":[{"href":"http:\/\/www2.unifap.br\/generodiversidade\/wp-json\/wp\/v2\/types\/page"}],"author":[{"embeddable":true,"href":"http:\/\/www2.unifap.br\/generodiversidade\/wp-json\/wp\/v2\/users\/396"}],"replies":[{"embeddable":true,"href":"http:\/\/www2.unifap.br\/generodiversidade\/wp-json\/wp\/v2\/comments?post=20"}],"version-history":[{"count":9,"href":"http:\/\/www2.unifap.br\/generodiversidade\/wp-json\/wp\/v2\/pages\/20\/revisions"}],"predecessor-version":[{"id":181,"href":"http:\/\/www2.unifap.br\/generodiversidade\/wp-json\/wp\/v2\/pages\/20\/revisions\/181"}],"wp:attachment":[{"href":"http:\/\/www2.unifap.br\/generodiversidade\/wp-json\/wp\/v2\/media?parent=20"}],"curies":[{"name":"wp","href":"https:\/\/api.w.org\/{rel}","templated":true}]}}