{"id":222,"date":"2015-11-13T14:42:07","date_gmt":"2015-11-13T14:42:07","guid":{"rendered":"http:\/\/www2.unifap.br\/generodiversidade\/?page_id=222"},"modified":"2015-12-08T16:55:48","modified_gmt":"2015-12-08T16:55:48","slug":"minicursos-e-oficinas","status":"publish","type":"page","link":"http:\/\/www2.unifap.br\/generodiversidade\/minicursos-e-oficinas\/","title":{"rendered":"Minicursos e Oficinas"},"content":{"rendered":"<h3 style=\"text-align: center\">Oficinas e minicursos<\/h3>\n<div style=\"text-align: center\"><\/div>\n<div id=\"post-body-371236899336831907\" style=\"text-align: right\">\n<div style=\"text-align: left\">\n<div style=\"text-align: center\"><b>DATA: 10 e 11\/12\/2015<\/b><br \/>\n<b>HOR\u00c1RIO: 09h \u00e0s 12h<\/b><br \/>\n<b><br \/>\n<\/b><b>Minicursos<\/b><\/div>\n<p><b>G\u00eanero e Religi\u00e3o: debates, controv\u00e9rsias e ideologias<\/b><br \/>\nEmerson Silveira<br \/>\nLocal: Audit\u00f3rio do DEPLA<\/p>\n<p><b>Teoria Queer<\/b><br \/>\nFrancisca Oliveira<br \/>\nLocal: Bloco C\/Sala 2<\/p>\n<p><b>Simone de Beauvoir: Sexo n\u00e3o \u00e9 G\u00eanero<\/b><br \/>\nDiln\u00e9ia Tavares e Rafael Lima<br \/>\nLocal: Bloco de M\/Sala 2<\/p>\n<div style=\"text-align: center\"><b>Oficinas<\/b><\/div>\n<p><b>Percep\u00e7\u00e3o Corporal<\/b><br \/>\nZeca Nos\u00e9<br \/>\nLocal: PROGEP, Sala 1<\/p>\n<p><b>Organiza\u00e7\u00e3o de rede<\/b><br \/>\nALBA\/M\u00e1rcia Larangeira<br \/>\nLocal: Bloco C\/Sala 3<\/p>\n<p><b>Performance Contempor\u00e2nea<\/b><br \/>\nSid Manequim<br \/>\nLocal: PROGEP\/Sala 2<\/p>\n<p><b>I-materialidades do Corpo<\/b><br \/>\n\u00c9den Peretta<br \/>\nLocal: Bloco de M\/Sala 2<\/p>\n<div style=\"text-align: center\"><b>Roda de Conversa<\/b><\/div>\n<div><b>Travessias est\u00e9ticas entre g\u00eaneros e sexualidades<\/b><br \/>\nF\u00e1bio Ramalho<br \/>\nLocal: Muro das Minas (Em frente ao anfiteatro)<\/div>\n<\/div>\n<\/div>\n","protected":false},"excerpt":{"rendered":"<p>Oficinas e minicursos DATA: 10 e 11\/12\/2015 HOR\u00c1RIO: 09h \u00e0s 12h Minicursos G\u00eanero e Religi\u00e3o: debates, controv\u00e9rsias e ideologias Emerson Silveira Local: Audit\u00f3rio do DEPLA Teoria Queer Francisca Oliveira Local: Bloco C\/Sala 2 Simone de Beauvoir: Sexo n\u00e3o \u00e9 G\u00eanero&hellip; <\/p>\n<p><a href=\"http:\/\/www2.unifap.br\/generodiversidade\/minicursos-e-oficinas\/\" class=\"readmore-button\">Continue Reading<\/a><\/p>\n","protected":false},"author":572,"featured_media":0,"parent":0,"menu_order":5,"comment_status":"open","ping_status":"open","template":"","meta":{"inline_featured_image":false,"ngg_post_thumbnail":0,"footnotes":""},"class_list":["post-222","page","type-page","status-publish","hentry"],"_links":{"self":[{"href":"http:\/\/www2.unifap.br\/generodiversidade\/wp-json\/wp\/v2\/pages\/222","targetHints":{"allow":["GET"]}}],"collection":[{"href":"http:\/\/www2.unifap.br\/generodiversidade\/wp-json\/wp\/v2\/pages"}],"about":[{"href":"http:\/\/www2.unifap.br\/generodiversidade\/wp-json\/wp\/v2\/types\/page"}],"author":[{"embeddable":true,"href":"http:\/\/www2.unifap.br\/generodiversidade\/wp-json\/wp\/v2\/users\/572"}],"replies":[{"embeddable":true,"href":"http:\/\/www2.unifap.br\/generodiversidade\/wp-json\/wp\/v2\/comments?post=222"}],"version-history":[{"count":5,"href":"http:\/\/www2.unifap.br\/generodiversidade\/wp-json\/wp\/v2\/pages\/222\/revisions"}],"predecessor-version":[{"id":257,"href":"http:\/\/www2.unifap.br\/generodiversidade\/wp-json\/wp\/v2\/pages\/222\/revisions\/257"}],"wp:attachment":[{"href":"http:\/\/www2.unifap.br\/generodiversidade\/wp-json\/wp\/v2\/media?parent=222"}],"curies":[{"name":"wp","href":"https:\/\/api.w.org\/{rel}","templated":true}]}}