{"id":577,"date":"2016-01-21T18:19:10","date_gmt":"2016-01-21T18:19:10","guid":{"rendered":"http:\/\/www2.unifap.br\/generodiversidade\/?page_id=577"},"modified":"2016-01-21T18:19:10","modified_gmt":"2016-01-21T18:19:10","slug":"certificados-apres-trabalhos-2015","status":"publish","type":"page","link":"http:\/\/www2.unifap.br\/generodiversidade\/certificados-apres-trabalhos-2015\/","title":{"rendered":"Certificados apres. trabalhos 2015"},"content":{"rendered":"<p>CERTIFICADOS DAS COMUNICA\u00c7\u00d5ES<\/p>\n<p><a href=\"http:\/\/www2.unifap.br\/generodiversidade\/files\/2016\/01\/Newrison-Barbosa-de-Souza.pdf\">Newrison Barbosa de Souza<\/a><\/p>\n<p><a href=\"http:\/\/www2.unifap.br\/generodiversidade\/files\/2016\/01\/Raysa-Martins-do-Nascimento.pdf\">Raysa Martins do Nascimento<\/a><\/p>\n<p><a href=\"http:\/\/www2.unifap.br\/generodiversidade\/files\/2016\/01\/Thais-Lima-Silva.pdf\">Thais Lima Silva<\/a><\/p>\n<p><a href=\"http:\/\/www2.unifap.br\/generodiversidade\/files\/2016\/01\/Ti\u00eago-Ramon-dos-Santos-Alencar.pdf\">Ti\u00eago Ramon dos Santos Alencar<\/a><\/p>\n<p><a href=\"http:\/\/www2.unifap.br\/generodiversidade\/files\/2016\/01\/Lorran-Lima-de-Almeida-e-Ricardo-Teixeira-da-Silva.pdf\">Lorran Lima de Almeida e Ricardo Teixeira da Silva<\/a><\/p>\n<p><a href=\"http:\/\/www2.unifap.br\/generodiversidade\/files\/2016\/01\/Matheus-Ferreira-Carvalho.pdf\">Matheus Ferreira Carvalho<\/a><\/p>\n<p><a href=\"http:\/\/www2.unifap.br\/generodiversidade\/files\/2016\/01\/Leticia-Loiola-Campelo.pdf\">Leticia Loiola Campelo<\/a><\/p>\n<p><a href=\"http:\/\/www2.unifap.br\/generodiversidade\/files\/2016\/01\/Lana-Maiara-Saraiva-Furtado.pdf\">Lana Maiara Saraiva Furtado<\/a><\/p>\n<p><a href=\"http:\/\/www2.unifap.br\/generodiversidade\/files\/2016\/01\/Milena-Queiroga-Silva.pdf\">Milena Queiroga Silva<\/a><\/p>\n<p><a href=\"http:\/\/www2.unifap.br\/generodiversidade\/files\/2016\/01\/Julielton-Souza-de-Lima.pdf\">Julielton Souza de Lima<\/a><\/p>\n<p><a href=\"http:\/\/www2.unifap.br\/generodiversidade\/files\/2016\/01\/Felipe-Sakai-de-Souza.pdf\">Felipe Sakai de Souza<\/a><\/p>\n<p><a href=\"http:\/\/www2.unifap.br\/generodiversidade\/files\/2016\/01\/Joaquim-Cesar-da-Veiga-Netto.pdf\">Joaquim Cesar da Veiga Netto<\/a><\/p>\n<p><a href=\"http:\/\/www2.unifap.br\/generodiversidade\/files\/2016\/01\/Joice-Cunha-de-Sousa-Layza-Ariane-Alves-Bandeira-Ianca-Moreira-do-Nascimento.pdf\">Joice Cunha de Sousa &amp; Layza Ariane Alves Bandeira &amp; Ianca Moreira do Nascimento<\/a><\/p>\n<p><a href=\"http:\/\/www2.unifap.br\/generodiversidade\/files\/2016\/01\/Jorge-Azevedo-Artur-Mendes.pdf\">Jorge Azevedo &amp; Artur Mendes<\/a><\/p>\n<p><a href=\"http:\/\/www2.unifap.br\/generodiversidade\/files\/2016\/01\/Josivanea-da-Silva-Gomes.pdf\">Josivanea da Silva Gomes<\/a><\/p>\n<p><a href=\"http:\/\/www2.unifap.br\/generodiversidade\/files\/2016\/01\/Carolina-dos-Santos-Lazam\u00e9th.pdf\">Carolina dos Santos Lazam\u00e9th<\/a><\/p>\n<p><a href=\"http:\/\/www2.unifap.br\/generodiversidade\/files\/2016\/01\/Cibelle-Canto-Bastos.pdf\">Cibelle Canto Bastos<\/a><\/p>\n<p><a href=\"http:\/\/www2.unifap.br\/generodiversidade\/files\/2016\/01\/Elenilda-Silva-de-Moraes.pdf\">Elenilda Silva de Moraes<\/a><\/p>\n<p><a href=\"http:\/\/www2.unifap.br\/generodiversidade\/files\/2016\/01\/Eliakim-Pedro-dos-Santos-Pinheiro.pdf\">Eliakim Pedro dos Santos Pinheiro<\/a><\/p>\n<p><a href=\"http:\/\/www2.unifap.br\/generodiversidade\/files\/2016\/01\/Ellen-Silva-Teixeira-Henrique-Muricy-Nascimento-Thayn\u00e1-Soares-Da-Costa.pdf\">Ellen Silva Teixeira &amp; Henrique Muricy Nascimento &amp; Thayn\u00e1 Soares Da Costa<\/a><\/p>\n<p><a href=\"http:\/\/www2.unifap.br\/generodiversidade\/files\/2016\/01\/Carla-Isadora-Barbosa-Canto.pdf\">Carla Isadora Barbosa Canto<\/a><\/p>\n<p><a href=\"http:\/\/www2.unifap.br\/generodiversidade\/files\/2016\/01\/Brenda-Barbosa-Oliveira.pdf\">Brenda Barbosa Oliveira<\/a><\/p>\n<p><a href=\"http:\/\/www2.unifap.br\/generodiversidade\/files\/2016\/01\/Arielson-Teixeira-do-Carmo.pdf\">Arielson Teixeira do Carmo<\/a><\/p>\n<p><a href=\"http:\/\/www2.unifap.br\/generodiversidade\/files\/2016\/01\/Ana-Carolina-Magalh\u00e3es-Gonzaga.pdf\">Ana Carolina Magalh\u00e3es Gonzaga<\/a><\/p>\n<p><a href=\"http:\/\/www2.unifap.br\/generodiversidade\/files\/2016\/01\/Adriana-Cristina-Furtado-da-Silva-Idalino-Marcus-Vin\u00edcius-Souza-e-Souza.pdf\">Adriana Cristina Furtado da Silva Idalino &amp; Marcus Vin\u00edcius Souza e Souza<\/a><\/p>\n","protected":false},"excerpt":{"rendered":"<p>CERTIFICADOS DAS COMUNICA\u00c7\u00d5ES Newrison Barbosa de Souza Raysa Martins do Nascimento Thais Lima Silva Ti\u00eago Ramon dos Santos Alencar Lorran Lima de Almeida e Ricardo Teixeira da Silva Matheus Ferreira Carvalho Leticia Loiola Campelo Lana Maiara Saraiva Furtado Milena Queiroga&hellip; <\/p>\n<p><a href=\"http:\/\/www2.unifap.br\/generodiversidade\/certificados-apres-trabalhos-2015\/\" class=\"readmore-button\">Continue Reading<\/a><\/p>\n","protected":false},"author":572,"featured_media":0,"parent":0,"menu_order":0,"comment_status":"open","ping_status":"open","template":"","meta":{"inline_featured_image":false,"ngg_post_thumbnail":0,"footnotes":""},"class_list":["post-577","page","type-page","status-publish","hentry"],"_links":{"self":[{"href":"http:\/\/www2.unifap.br\/generodiversidade\/wp-json\/wp\/v2\/pages\/577","targetHints":{"allow":["GET"]}}],"collection":[{"href":"http:\/\/www2.unifap.br\/generodiversidade\/wp-json\/wp\/v2\/pages"}],"about":[{"href":"http:\/\/www2.unifap.br\/generodiversidade\/wp-json\/wp\/v2\/types\/page"}],"author":[{"embeddable":true,"href":"http:\/\/www2.unifap.br\/generodiversidade\/wp-json\/wp\/v2\/users\/572"}],"replies":[{"embeddable":true,"href":"http:\/\/www2.unifap.br\/generodiversidade\/wp-json\/wp\/v2\/comments?post=577"}],"version-history":[{"count":1,"href":"http:\/\/www2.unifap.br\/generodiversidade\/wp-json\/wp\/v2\/pages\/577\/revisions"}],"predecessor-version":[{"id":578,"href":"http:\/\/www2.unifap.br\/generodiversidade\/wp-json\/wp\/v2\/pages\/577\/revisions\/578"}],"wp:attachment":[{"href":"http:\/\/www2.unifap.br\/generodiversidade\/wp-json\/wp\/v2\/media?parent=577"}],"curies":[{"name":"wp","href":"https:\/\/api.w.org\/{rel}","templated":true}]}}