{"id":579,"date":"2016-01-21T18:51:27","date_gmt":"2016-01-21T18:51:27","guid":{"rendered":"http:\/\/www2.unifap.br\/generodiversidade\/?page_id=579"},"modified":"2016-01-21T18:51:27","modified_gmt":"2016-01-21T18:51:27","slug":"certificados-minicursos-e-oficinas","status":"publish","type":"page","link":"http:\/\/www2.unifap.br\/generodiversidade\/certificados-minicursos-e-oficinas\/","title":{"rendered":"Certificados Minicursos e Oficinas"},"content":{"rendered":"<p style=\"text-align: center\">EXPRESS\u00c3O CORPORAL<\/p>\n<p><a href=\"http:\/\/www2.unifap.br\/generodiversidade\/files\/2016\/01\/ANA-CAROLINE-BONFIM-PEREIRA1.pdf\">ANA CAROLINE BONFIM PEREIRA<\/a><\/p>\n<p><a href=\"http:\/\/www2.unifap.br\/generodiversidade\/files\/2016\/01\/AN\u00c1LIA-RAMOS-BARRETO1.pdf\">AN\u00c1LIA RAMOS BARRETO<\/a><\/p>\n<p><a href=\"http:\/\/www2.unifap.br\/generodiversidade\/files\/2016\/01\/JAQUELINE-BARBOSA-DO-NASCIMENTO1.pdf\">JAQUELINE BARBOSA DO NASCIMENTO<\/a><\/p>\n<p><a href=\"http:\/\/www2.unifap.br\/generodiversidade\/files\/2016\/01\/MARCUS-C.-DE-SOUZA1.pdf\">MARCUS C. DE SOUZA<\/a><\/p>\n<p><a href=\"http:\/\/www2.unifap.br\/generodiversidade\/files\/2016\/01\/NATHALIA-CERQUEIRA-SILV\u00c9RIO1.pdf\">NATHALIA CERQUEIRA SILV\u00c9RIO<\/a><\/p>\n<p><a href=\"http:\/\/www2.unifap.br\/generodiversidade\/files\/2016\/01\/VEERNEY-WILLIAN-E-SILVA-NUNES1.pdf\">VEERNEY WILLIAN E SILVA NUNES<\/a><\/p>\n<p><a href=\"http:\/\/www2.unifap.br\/generodiversidade\/files\/2016\/01\/VIVIANE-SILVA-DE-OLIVEIRA1.pdf\">VIVIANE SILVA DE OLIVEIRA<\/a><\/p>\n<p style=\"text-align: center\">MATERIALIDADES DO CORPO<\/p>\n<p><a href=\"http:\/\/www2.unifap.br\/generodiversidade\/files\/2016\/01\/CAROLINE-VIEIRA-LEITE1.pdf\">CAROLINE VIEIRA LEITE<\/a><\/p>\n<p><a href=\"http:\/\/www2.unifap.br\/generodiversidade\/files\/2016\/01\/JOS\u00c9-ROBERTO-DE-OLIVEIRA1.pdf\">JOS\u00c9 ROBERTO DE OLIVEIRA<\/a><\/p>\n<p style=\"text-align: center\">ORGANIZA\u00c7\u00c3O POL\u00cdTICA DOS MOVIMENTOS SOCIAIS<\/p>\n<p><a href=\"http:\/\/www2.unifap.br\/generodiversidade\/files\/2016\/01\/CARLOS-VICTOR-ALMEIDA-DA-SILVEIRA1.pdf\">CARLOS VICTOR ALMEIDA DA SILVEIRA<\/a><\/p>\n<p><a href=\"http:\/\/www2.unifap.br\/generodiversidade\/files\/2016\/01\/JAMILLY-CHEDEK1.pdf\">JAMILLY CHEDEK<\/a><\/p>\n<p><a href=\"http:\/\/www2.unifap.br\/generodiversidade\/files\/2016\/01\/JAQUELINE-SILVA-MIRANDA1.pdf\">JAQUELINE SILVA MIRANDA<\/a><\/p>\n<p><a href=\"http:\/\/www2.unifap.br\/generodiversidade\/files\/2016\/01\/LUCA-NASCIMENTO-COSTA1.pdf\">LUCA NASCIMENTO COSTA<\/a><\/p>\n<p><a href=\"http:\/\/www2.unifap.br\/generodiversidade\/files\/2016\/01\/PATRICIO-MULLER-CORTES-DE-NAZARE1.pdf\">PATRICIO MULLER CORTES DE NAZARE<\/a><\/p>\n<p><a href=\"http:\/\/www2.unifap.br\/generodiversidade\/files\/2016\/01\/REGIANNE-L\u00daCIA-MAGALH\u00c3ES-SUSARTE1.pdf\">REGIANNE L\u00daCIA MAGALH\u00c3ES SUSARTE<\/a><\/p>\n<p><a href=\"http:\/\/www2.unifap.br\/generodiversidade\/files\/2016\/01\/ROCKA-ROSANGELA-MARQUES-TEIXEIRA1.pdf\">ROCKA ROSANGELA MARQUES TEIXEIRA<\/a><\/p>\n<p><a href=\"http:\/\/www2.unifap.br\/generodiversidade\/files\/2016\/01\/YASMIM-FANTYNE-MAGALH\u00c3ES-DOS-ANJOS1.pdf\">YASMIM FANTYNE MAGALH\u00c3ES DOS ANJOS<\/a><\/p>\n<p style=\"text-align: center\">PERFORMANCE CONTEMPOR\u00c2NEA<\/p>\n<p><a href=\"http:\/\/www2.unifap.br\/generodiversidade\/files\/2016\/01\/ALCIL\u00c9IA-TEIXEIRA-PINHEIRO1.pdf\">ALCIL\u00c9IA TEIXEIRA PINHEIRO<\/a><\/p>\n<p><a href=\"http:\/\/www2.unifap.br\/generodiversidade\/files\/2016\/01\/BRENO-ALVINO-SCHMIDT1.pdf\">BRENO ALVINO SCHMIDT<\/a><\/p>\n<p><a href=\"http:\/\/www2.unifap.br\/generodiversidade\/files\/2016\/01\/JO\u00c3O-MORAES-NETO1.pdf\">JO\u00c3O MORAES NETO<\/a><\/p>\n<p><a href=\"http:\/\/www2.unifap.br\/generodiversidade\/files\/2016\/01\/JO\u00c3O-PAULO-SANTAR\u00c9M-DE-OLIVEIRA1.pdf\">JO\u00c3O PAULO SANTAR\u00c9M DE OLIVEIRA<\/a><\/p>\n<p><a href=\"http:\/\/www2.unifap.br\/generodiversidade\/files\/2016\/01\/K\u00c1TIA-DE-OLIVEIRA-PEIXOTO1.pdf\">K\u00c1TIA DE OLIVEIRA PEIXOTO<\/a><\/p>\n<p><a href=\"http:\/\/www2.unifap.br\/generodiversidade\/files\/2016\/01\/RAYELE-NAZAR\u00c9-MARINHO1.pdf\">RAYELE NAZAR\u00c9 MARINHO<\/a><\/p>\n<p><a href=\"http:\/\/www2.unifap.br\/generodiversidade\/files\/2016\/01\/S\u00c1VIO-WENDELL-BARBOSA-DE-ALMEIDA1.pdf\">S\u00c1VIO WENDELL BARBOSA DE ALMEIDA<\/a><\/p>\n<p style=\"text-align: center\">TEORIA QUEER<\/p>\n<p><a href=\"http:\/\/www2.unifap.br\/generodiversidade\/files\/2016\/01\/ANA-BEATRIZ-VEIGA-DOS-SANTOS1.pdf\">ANA BEATRIZ VEIGA DOS SANTOS<\/a><\/p>\n<p><a href=\"http:\/\/www2.unifap.br\/generodiversidade\/files\/2016\/01\/CYNTHIA-DINIZ-AMARAL1.pdf\">CYNTHIA DINIZ AMARAL<\/a><\/p>\n<p><a href=\"http:\/\/www2.unifap.br\/generodiversidade\/files\/2016\/01\/EVELYN-ARAG\u00c3O1.pdf\">EVELYN ARAG\u00c3O<\/a><\/p>\n<p><a href=\"http:\/\/www2.unifap.br\/generodiversidade\/files\/2016\/01\/JAIME-DE-SOUSA-SILVA1.pdf\">JAIME DE SOUSA SILVA<\/a><\/p>\n<p><a href=\"http:\/\/www2.unifap.br\/generodiversidade\/files\/2016\/01\/LUANA-PINHEIRO-FERREIRA1.pdf\">LUANA PINHEIRO FERREIRA<\/a><\/p>\n<p><a href=\"http:\/\/www2.unifap.br\/generodiversidade\/files\/2016\/01\/LUINNE-RAIZA-DE-BARROS-NASCIMENTO1.pdf\">LUINNE RAIZA DE BARROS NASCIMENTO<\/a><\/p>\n<p><a href=\"http:\/\/www2.unifap.br\/generodiversidade\/files\/2016\/01\/MARTA-RAYANE-DA-SILVA-GOMES1.pdf\">MARTA RAYANE DA SILVA GOMES<\/a><\/p>\n<p><a href=\"http:\/\/www2.unifap.br\/generodiversidade\/files\/2016\/01\/MELLINA-NAYMME-SANTOS-GARCIA1.pdf\">MELLINA NAYMME SANTOS GARCIA<\/a><\/p>\n<p style=\"text-align: center\">SIMONE DE BEAVOUIR &#8211; SEXO N\u00c3O \u00c9 G\u00caNERO<\/p>\n<p><strong><a href=\"http:\/\/www2.unifap.br\/generodiversidade\/files\/2016\/01\/JOSIANE-DE-SOUSA-COSTA1.pdf\">JOSIANE DE SOUSA COSTA<\/a> <\/strong><\/p>\n<p><strong><a href=\"http:\/\/www2.unifap.br\/generodiversidade\/files\/2016\/01\/LET\u00cdCIA-SANTOS-NASCIMENTO1.pdf\">LET\u00cdCIA SANTOS NASCIMENTO<\/a> <\/strong><\/p>\n<p><strong><a href=\"http:\/\/www2.unifap.br\/generodiversidade\/files\/2016\/01\/LUCIANA-DE-CARVALHO-GUIMAR\u00c3ES1.pdf\">LUCIANA DE CARVALHO GUIMAR\u00c3ES<\/a> <\/strong><\/p>\n<p><strong><a href=\"http:\/\/www2.unifap.br\/generodiversidade\/files\/2016\/01\/MARIA-DO-CARMO-DA-COSTA-SOUZA1.pdf\">MARIA DO CARMO DA COSTA SOUZA<\/a> <\/strong><\/p>\n<p><strong><a href=\"http:\/\/www2.unifap.br\/generodiversidade\/files\/2016\/01\/NATASHA-NOELLE-ALVES-OLIVEIRA1.pdf\">NATASHA NOELLE ALVES OLIVEIRA<\/a> <\/strong><\/p>\n<p><strong><a href=\"http:\/\/www2.unifap.br\/generodiversidade\/files\/2016\/01\/SARAH-LISBOA-DOS-SANTOS1.pdf\">SARAH LISBOA DOS SANTOS<\/a> <\/strong><\/p>\n<p><strong><a href=\"http:\/\/www2.unifap.br\/generodiversidade\/files\/2016\/01\/YURI-YANICK-OLIVEIRA-E-SILVA1.pdf\">YURI YANICK OLIVEIRA E SILVA<\/a><\/strong><\/p>\n<p style=\"text-align: center\">G\u00caNERO E RELIGI\u00c3O: DEBATES, CONTROV\u00c9RSIAS E IDEOLOGIAS<\/p>\n<p><a href=\"http:\/\/www2.unifap.br\/generodiversidade\/files\/2016\/01\/ALAN-FARIAS-SALES1.pdf\">ALAN FARIAS SALES<\/a><\/p>\n<p><a href=\"http:\/\/www2.unifap.br\/generodiversidade\/files\/2016\/01\/ALCILENE-GOMES-DA-SILVA1.pdf\">ALCILENE GOMES DA SILVA<\/a><\/p>\n<p><a href=\"http:\/\/www2.unifap.br\/generodiversidade\/files\/2016\/01\/ALDA-LIMA-PALMERIM1.pdf\">ALDA LIMA PALMERIM<\/a><\/p>\n<p><a href=\"http:\/\/www2.unifap.br\/generodiversidade\/files\/2016\/01\/ANA-CL\u00c1UDIA-BONFIM-PEREIRA1.pdf\">ANA CL\u00c1UDIA BONFIM PEREIRA<\/a><\/p>\n<p><a href=\"http:\/\/www2.unifap.br\/generodiversidade\/files\/2016\/01\/ANA-CL\u00c9IA-NOGUEIRA-DE-SOUZA-LOBATO1.pdf\">ANA CL\u00c9IA NOGUEIRA DE SOUZA LOBATO<\/a><\/p>\n<p><a href=\"http:\/\/www2.unifap.br\/generodiversidade\/files\/2016\/01\/ANA-KAREM-BRITO-OLIVEIRA1.pdf\">ANA KAREM BRITO OLIVEIRA<\/a><\/p>\n<p><a href=\"http:\/\/www2.unifap.br\/generodiversidade\/files\/2016\/01\/ANA-MARIA-ALVES-DOS-SANTOS1.pdf\">ANA MARIA ALVES DOS SANTOS<\/a><\/p>\n<p><a href=\"http:\/\/www2.unifap.br\/generodiversidade\/files\/2016\/01\/ARIELSON-TEIXEIRA-DO-CARMO1.pdf\">ARIELSON TEIXEIRA DO CARMO<\/a><\/p>\n<p><a href=\"http:\/\/www2.unifap.br\/generodiversidade\/files\/2016\/01\/ARIVANETE-OLIVEIRA-DA-SILVA1.pdf\">ARIVANETE OLIVEIRA DA SILVA<\/a><\/p>\n<p><a href=\"http:\/\/www2.unifap.br\/generodiversidade\/files\/2016\/01\/ARLENE-DO-SOC\u00d4RRO-LIMA-FERREIRA1.pdf\">ARLENE DO SOC\u00d4RRO LIMA FERREIRA<\/a><\/p>\n<p><a href=\"http:\/\/www2.unifap.br\/generodiversidade\/files\/2016\/01\/BRUNO-JOS\u00c9-BEZERRA-RIBEIRO1.pdf\">BRUNO JOS\u00c9 BEZERRA RIBEIRO<\/a><\/p>\n<p><a href=\"http:\/\/www2.unifap.br\/generodiversidade\/files\/2016\/01\/CLEIDIANA-MAFRA-VIANA1.pdf\">CLEIDIANA MAFRA VIANA<\/a><\/p>\n<p><a href=\"http:\/\/www2.unifap.br\/generodiversidade\/files\/2016\/01\/DELBA-DE-ARAUJO-FERREIRA1.pdf\">DELBA DE ARAUJO FERREIRA<\/a><\/p>\n<p><a href=\"http:\/\/www2.unifap.br\/generodiversidade\/files\/2016\/01\/DIOVANI-FURTADO-DA-SILVA1.pdf\">DIOVANI FURTADO DA SILVA<\/a><\/p>\n<p><a href=\"http:\/\/www2.unifap.br\/generodiversidade\/files\/2016\/01\/EDENILTON-DA-CRUZ-LEAL-JUNIOR1.pdf\">EDENILTON DA CRUZ LEAL JUNIOR<\/a><\/p>\n<p><a href=\"http:\/\/www2.unifap.br\/generodiversidade\/files\/2016\/01\/ELI-NOGUEIRA-DE-SOUSA1.pdf\">ELI NOGUEIRA DE SOUSA<\/a><\/p>\n<p><a href=\"http:\/\/www2.unifap.br\/generodiversidade\/files\/2016\/01\/EVERTON-SERR\u00c3O-DA-SILVA1.pdf\">EVERTON SERR\u00c3O DA SILVA<\/a><\/p>\n<p><a href=\"http:\/\/www2.unifap.br\/generodiversidade\/files\/2016\/01\/FELIPE-SAKAI-DE-SOUZA1.pdf\">FELIPE SAKAI DE SOUZA<\/a><\/p>\n<p><a href=\"http:\/\/www2.unifap.br\/generodiversidade\/files\/2016\/01\/FERNANDO-RODRIGO-NASCIMENTO-DOS-SANTOS1.pdf\">FERNANDO RODRIGO NASCIMENTO DOS SANTOS<\/a><\/p>\n<p><a href=\"http:\/\/www2.unifap.br\/generodiversidade\/files\/2016\/01\/FRANCIANA-BAIA-FERREIRA1.pdf\">FRANCIANA BAIA FERREIRA<\/a><\/p>\n<p><a href=\"http:\/\/www2.unifap.br\/generodiversidade\/files\/2016\/01\/FRANCK-WIRLEN-QUADROS-DOS-SANTOS1.pdf\">FRANCK WIRLEN QUADROS DOS SANTOS<\/a><\/p>\n<p><a href=\"http:\/\/www2.unifap.br\/generodiversidade\/files\/2016\/01\/GLEIB-JANE-RIBEIRO-BRAZ\u00c3O1.pdf\">GLEIB JANE RIBEIRO BRAZ\u00c3O<\/a><\/p>\n<p><a href=\"http:\/\/www2.unifap.br\/generodiversidade\/files\/2016\/01\/IDIANNE-MEDEIROS-DE-QUEIROZ-LIMA-LUCIO1.pdf\">IDIANNE MEDEIROS DE QUEIROZ LIMA <\/a><\/p>\n<p><a href=\"http:\/\/www2.unifap.br\/generodiversidade\/files\/2016\/01\/IDIANNE-MEDEIROS-DE-QUEIROZ-LIMA-LUCIO1.pdf\">LUCIO<\/a><\/p>\n<p><a href=\"http:\/\/www2.unifap.br\/generodiversidade\/files\/2016\/01\/IRACELMA-DA-ROCHA-NEVES-SILVA1.pdf\">IRACELMA DA ROCHA NEVES SILVA<\/a><\/p>\n<p><a href=\"http:\/\/www2.unifap.br\/generodiversidade\/files\/2016\/01\/JACKSON-NUNES-DA-SILVA1.pdf\">JACKSON NUNES DA SILVA<\/a><\/p>\n<p><a href=\"http:\/\/www2.unifap.br\/generodiversidade\/files\/2016\/01\/J\u00c9SSICA-MOTA-FERREIRA1.pdf\">J\u00c9SSICA MOTA FERREIRA<\/a><\/p>\n<p><a href=\"http:\/\/www2.unifap.br\/generodiversidade\/files\/2016\/01\/JONATHAN-MONTEIRO-DE-OLIVEIRA1.pdf\">JONATHAN MONTEIRO DE OLIVEIRA<\/a><\/p>\n<p><a href=\"http:\/\/www2.unifap.br\/generodiversidade\/files\/2016\/01\/JOS\u00c9-AUGUSTO-A.-DE-SOUSA1.pdf\">JOS\u00c9 AUGUSTO A. DE SOUSA<\/a><\/p>\n<p><a href=\"http:\/\/www2.unifap.br\/generodiversidade\/files\/2016\/01\/KATIA-MARIA-BARBOSA-DOS-ANJOS1.pdf\">KATIA MARIA BARBOSA DOS ANJOS<\/a><\/p>\n<p><a href=\"http:\/\/www2.unifap.br\/generodiversidade\/files\/2016\/01\/KEILA-MONTEIRO-DE-OLIVEIRA1.pdf\">KEILA MONTEIRO DE OLIVEIRA<\/a><\/p>\n<p><a href=\"http:\/\/www2.unifap.br\/generodiversidade\/files\/2016\/01\/LUCIANO-DA-ROCHA-BRAGA1.pdf\">LUCIANO DA ROCHA BRAGA<\/a><\/p>\n<p><a href=\"http:\/\/www2.unifap.br\/generodiversidade\/files\/2016\/01\/LUCIVALDO-MONTEIRO-DA-COSTA1.pdf\">LUCIVALDO MONTEIRO DA COSTA<\/a><\/p>\n<p><a href=\"http:\/\/www2.unifap.br\/generodiversidade\/files\/2016\/01\/MANOEL-DE-JESUS-DE-SOUZA-DOS-REIS1.pdf\">MANOEL DE JESUS DE SOUZA DOS REIS<\/a><\/p>\n<p><a href=\"http:\/\/www2.unifap.br\/generodiversidade\/files\/2016\/01\/MARCIA-REGINA-CARVALHO-DA-SILVA-RODRIGUES1.pdf\">MARCIA REGINA CARVALHO DA SILVA RODRIGUES<\/a><\/p>\n<p><a href=\"http:\/\/www2.unifap.br\/generodiversidade\/files\/2016\/01\/MARIA-DO-SOCORRO-CARDOSO-MARINHO1.pdf\">MARIA DO SOCORRO CARDOSO MARINHO<\/a><\/p>\n<p><a href=\"http:\/\/www2.unifap.br\/generodiversidade\/files\/2016\/01\/MARIA-GON\u00c7ALVES-COSTA-ROSA1.pdf\">MARIA GON\u00c7ALVES COSTA ROSA<\/a><\/p>\n<p><a href=\"http:\/\/www2.unifap.br\/generodiversidade\/files\/2016\/01\/MARIA-RAIMUNDA-DOS-SANTOS-NASCIMENTO1.pdf\">MARIA RAIMUNDA DOS SANTOS NASCIMENTO<\/a><\/p>\n<p><a href=\"http:\/\/www2.unifap.br\/generodiversidade\/files\/2016\/01\/MARIA-SUELY-DA-SILVA-SANTOS1.pdf\">MARIA SUELY DA SILVA SANTOS<\/a><\/p>\n<p><a href=\"http:\/\/www2.unifap.br\/generodiversidade\/files\/2016\/01\/NADIA-DANIELE-MONTEIRO-DA-SILVA1.pdf\">NADIA DANIELE MONTEIRO DA SILVA<\/a><\/p>\n<p><a href=\"http:\/\/www2.unifap.br\/generodiversidade\/files\/2016\/01\/NELCIREMA-DA-SILVA-PUREZA1.pdf\">NELCIREMA DA SILVA PUREZA<\/a><\/p>\n<p><a href=\"http:\/\/www2.unifap.br\/generodiversidade\/files\/2016\/01\/RILDNA-M\u00c1RCIA-R.-DE-QUEIROZ1.pdf\">RILDNA M\u00c1RCIA R. DE QUEIROZ<\/a><\/p>\n<p><a href=\"http:\/\/www2.unifap.br\/generodiversidade\/files\/2016\/01\/ROSYHANNE-DE-MATOS-FAVACHO1.pdf\">ROSYHANNE DE MATOS FAVACHO<\/a><\/p>\n<p><a href=\"http:\/\/www2.unifap.br\/generodiversidade\/files\/2016\/01\/SARA-PENAFORT-DA-SILVA1.pdf\">SARA PENAFORT DA SILVA<\/a><\/p>\n<p><a href=\"http:\/\/www2.unifap.br\/generodiversidade\/files\/2016\/01\/VITORIA-SANTOS-ESTEVES1.pdf\">VITORIA SANTOS ESTEVES<\/a><\/p>\n","protected":false},"excerpt":{"rendered":"<p>EXPRESS\u00c3O CORPORAL ANA CAROLINE BONFIM PEREIRA AN\u00c1LIA RAMOS BARRETO JAQUELINE BARBOSA DO NASCIMENTO MARCUS C. DE SOUZA NATHALIA CERQUEIRA SILV\u00c9RIO VEERNEY WILLIAN E SILVA NUNES VIVIANE SILVA DE OLIVEIRA MATERIALIDADES DO CORPO CAROLINE VIEIRA LEITE JOS\u00c9 ROBERTO DE OLIVEIRA ORGANIZA\u00c7\u00c3O&hellip; <\/p>\n<p><a href=\"http:\/\/www2.unifap.br\/generodiversidade\/certificados-minicursos-e-oficinas\/\" class=\"readmore-button\">Continue Reading<\/a><\/p>\n","protected":false},"author":572,"featured_media":0,"parent":0,"menu_order":0,"comment_status":"open","ping_status":"open","template":"","meta":{"inline_featured_image":false,"ngg_post_thumbnail":0,"footnotes":""},"class_list":["post-579","page","type-page","status-publish","hentry"],"_links":{"self":[{"href":"http:\/\/www2.unifap.br\/generodiversidade\/wp-json\/wp\/v2\/pages\/579","targetHints":{"allow":["GET"]}}],"collection":[{"href":"http:\/\/www2.unifap.br\/generodiversidade\/wp-json\/wp\/v2\/pages"}],"about":[{"href":"http:\/\/www2.unifap.br\/generodiversidade\/wp-json\/wp\/v2\/types\/page"}],"author":[{"embeddable":true,"href":"http:\/\/www2.unifap.br\/generodiversidade\/wp-json\/wp\/v2\/users\/572"}],"replies":[{"embeddable":true,"href":"http:\/\/www2.unifap.br\/generodiversidade\/wp-json\/wp\/v2\/comments?post=579"}],"version-history":[{"count":1,"href":"http:\/\/www2.unifap.br\/generodiversidade\/wp-json\/wp\/v2\/pages\/579\/revisions"}],"predecessor-version":[{"id":665,"href":"http:\/\/www2.unifap.br\/generodiversidade\/wp-json\/wp\/v2\/pages\/579\/revisions\/665"}],"wp:attachment":[{"href":"http:\/\/www2.unifap.br\/generodiversidade\/wp-json\/wp\/v2\/media?parent=579"}],"curies":[{"name":"wp","href":"https:\/\/api.w.org\/{rel}","templated":true}]}}