{"id":101,"date":"2016-06-29T00:11:44","date_gmt":"2016-06-29T00:11:44","guid":{"rendered":"http:\/\/www2.unifap.br\/graapa\/?page_id=101"},"modified":"2016-06-29T00:30:27","modified_gmt":"2016-06-29T00:30:27","slug":"cursos-e-oficinas","status":"publish","type":"page","link":"http:\/\/www2.unifap.br\/graapa\/cursos-e-oficinas\/","title":{"rendered":"Cursos e Oficinas"},"content":{"rendered":"<p style=\"text-align: center\"><strong>OFICINA AUDIOVISUAL DO GRAAPA NA ESCOLA RAIMUNDA VIRGOLINO (26\/10\/2015)<\/strong><\/p>\n<p><a href=\"http:\/\/www2.unifap.br\/graapa\/files\/2016\/06\/OFICINA-DE-AUDIOVISUAL-NA-ESCOLA-RAIMUNDA-VIRGOLINO-2.jpg\"><img fetchpriority=\"high\" decoding=\"async\" class=\"size-medium wp-image-109 aligncenter\" alt=\"OFICINA DE AUDIOVISUAL NA ESCOLA RAIMUNDA VIRGOLINO (2)\" src=\"http:\/\/www2.unifap.br\/graapa\/files\/2016\/06\/OFICINA-DE-AUDIOVISUAL-NA-ESCOLA-RAIMUNDA-VIRGOLINO-2-300x200.jpg\" width=\"300\" height=\"200\" srcset=\"http:\/\/www2.unifap.br\/graapa\/files\/2016\/06\/OFICINA-DE-AUDIOVISUAL-NA-ESCOLA-RAIMUNDA-VIRGOLINO-2-300x200.jpg 300w, http:\/\/www2.unifap.br\/graapa\/files\/2016\/06\/OFICINA-DE-AUDIOVISUAL-NA-ESCOLA-RAIMUNDA-VIRGOLINO-2-1024x682.jpg 1024w\" sizes=\"(max-width: 300px) 100vw, 300px\" \/><\/a> <a href=\"http:\/\/www2.unifap.br\/graapa\/files\/2016\/06\/OFICINA-DE-AUDIOVISUAL-NA-ESCOLA-RAIMUNDA-VIRGOLINO.jpg\"><img decoding=\"async\" class=\"size-medium wp-image-110 alignnone\" alt=\"OFICINA DE AUDIOVISUAL NA ESCOLA RAIMUNDA VIRGOLINO\" src=\"http:\/\/www2.unifap.br\/graapa\/files\/2016\/06\/OFICINA-DE-AUDIOVISUAL-NA-ESCOLA-RAIMUNDA-VIRGOLINO-300x200.jpg\" width=\"300\" height=\"200\" srcset=\"http:\/\/www2.unifap.br\/graapa\/files\/2016\/06\/OFICINA-DE-AUDIOVISUAL-NA-ESCOLA-RAIMUNDA-VIRGOLINO-300x200.jpg 300w, http:\/\/www2.unifap.br\/graapa\/files\/2016\/06\/OFICINA-DE-AUDIOVISUAL-NA-ESCOLA-RAIMUNDA-VIRGOLINO-1024x682.jpg 1024w\" sizes=\"(max-width: 300px) 100vw, 300px\" \/><\/a> <a href=\"http:\/\/www2.unifap.br\/graapa\/files\/2016\/06\/OFICINA-DE-AUDIOVISUAL-NA-ESCOLA-RAIMUNDA-VIRGOLINO3.jpg\"><img decoding=\"async\" class=\"size-medium wp-image-111 aligncenter\" alt=\"OFICINA DE AUDIOVISUAL NA ESCOLA RAIMUNDA VIRGOLINO3\" src=\"http:\/\/www2.unifap.br\/graapa\/files\/2016\/06\/OFICINA-DE-AUDIOVISUAL-NA-ESCOLA-RAIMUNDA-VIRGOLINO3-300x168.jpg\" width=\"300\" height=\"168\" srcset=\"http:\/\/www2.unifap.br\/graapa\/files\/2016\/06\/OFICINA-DE-AUDIOVISUAL-NA-ESCOLA-RAIMUNDA-VIRGOLINO3-300x168.jpg 300w, http:\/\/www2.unifap.br\/graapa\/files\/2016\/06\/OFICINA-DE-AUDIOVISUAL-NA-ESCOLA-RAIMUNDA-VIRGOLINO3-1024x576.jpg 1024w\" sizes=\"(max-width: 300px) 100vw, 300px\" \/><\/a><\/p>\n<p>&nbsp;<\/p>\n<p>&nbsp;<\/p>\n<p style=\"text-align: center\"><strong>CURSO &#8220;HIST\u00d3RIA E LINGUAGEM CINEMATOGR\u00c1FICA PARA PROFESSORES DA REDE P\u00daBLICA&#8221;\u00a0<\/strong>Ofertou 50 vagas e foi ministrado na UNIFAP Campus Marco Zero de 4 a 7 de novembro de 2014.<\/p>\n<p><strong>\u00a0<a href=\"http:\/\/www2.unifap.br\/graapa\/files\/2016\/06\/IMG-20141107-WA0009.jpg\"><img loading=\"lazy\" decoding=\"async\" class=\"alignnone size-medium wp-image-112\" alt=\"IMG-20141107-WA0009\" src=\"http:\/\/www2.unifap.br\/graapa\/files\/2016\/06\/IMG-20141107-WA0009-300x180.jpg\" width=\"300\" height=\"180\" srcset=\"http:\/\/www2.unifap.br\/graapa\/files\/2016\/06\/IMG-20141107-WA0009-300x180.jpg 300w, http:\/\/www2.unifap.br\/graapa\/files\/2016\/06\/IMG-20141107-WA0009-1024x614.jpg 1024w, http:\/\/www2.unifap.br\/graapa\/files\/2016\/06\/IMG-20141107-WA0009.jpg 1280w\" sizes=\"(max-width: 300px) 100vw, 300px\" \/><\/a> <a href=\"http:\/\/www2.unifap.br\/graapa\/files\/2016\/06\/IMG-20141108-WA0009.jpg\"><img loading=\"lazy\" decoding=\"async\" class=\"size-medium wp-image-113 aligncenter\" alt=\"IMG-20141108-WA0009\" src=\"http:\/\/www2.unifap.br\/graapa\/files\/2016\/06\/IMG-20141108-WA0009-300x225.jpg\" width=\"300\" height=\"225\" srcset=\"http:\/\/www2.unifap.br\/graapa\/files\/2016\/06\/IMG-20141108-WA0009-300x225.jpg 300w, http:\/\/www2.unifap.br\/graapa\/files\/2016\/06\/IMG-20141108-WA0009-1024x768.jpg 1024w, http:\/\/www2.unifap.br\/graapa\/files\/2016\/06\/IMG-20141108-WA0009.jpg 1152w\" sizes=\"(max-width: 300px) 100vw, 300px\" \/><\/a> <a href=\"http:\/\/www2.unifap.br\/graapa\/files\/2016\/06\/IMG-20141108-WA0027.jpg\"><img loading=\"lazy\" decoding=\"async\" class=\"alignnone size-medium wp-image-114\" alt=\"IMG-20141108-WA0027\" src=\"http:\/\/www2.unifap.br\/graapa\/files\/2016\/06\/IMG-20141108-WA0027-300x133.jpg\" width=\"300\" height=\"133\" srcset=\"http:\/\/www2.unifap.br\/graapa\/files\/2016\/06\/IMG-20141108-WA0027-300x133.jpg 300w, http:\/\/www2.unifap.br\/graapa\/files\/2016\/06\/IMG-20141108-WA0027-1024x454.jpg 1024w, http:\/\/www2.unifap.br\/graapa\/files\/2016\/06\/IMG-20141108-WA0027.jpg 1139w\" sizes=\"(max-width: 300px) 100vw, 300px\" \/><\/a><\/strong><\/p>\n<p>&nbsp;<\/p>\n","protected":false},"excerpt":{"rendered":"<p>OFICINA AUDIOVISUAL DO GRAAPA NA ESCOLA RAIMUNDA VIRGOLINO (26\/10\/2015) &nbsp; &nbsp; CURSO &#8220;HIST\u00d3RIA E LINGUAGEM CINEMATOGR\u00c1FICA PARA PROFESSORES DA REDE P\u00daBLICA&#8221;\u00a0Ofertou 50 vagas e foi ministrado na UNIFAP Campus Marco Zero de 4 a 7 de novembro de 2014. \u00a0&hellip; <\/p>\n<p><a href=\"http:\/\/www2.unifap.br\/graapa\/cursos-e-oficinas\/\" class=\"readmore-button\">Continue Reading<\/a><\/p>\n","protected":false},"author":865,"featured_media":0,"parent":0,"menu_order":5,"comment_status":"open","ping_status":"open","template":"","meta":{"inline_featured_image":false,"ngg_post_thumbnail":0,"footnotes":""},"class_list":["post-101","page","type-page","status-publish","hentry"],"_links":{"self":[{"href":"http:\/\/www2.unifap.br\/graapa\/wp-json\/wp\/v2\/pages\/101","targetHints":{"allow":["GET"]}}],"collection":[{"href":"http:\/\/www2.unifap.br\/graapa\/wp-json\/wp\/v2\/pages"}],"about":[{"href":"http:\/\/www2.unifap.br\/graapa\/wp-json\/wp\/v2\/types\/page"}],"author":[{"embeddable":true,"href":"http:\/\/www2.unifap.br\/graapa\/wp-json\/wp\/v2\/users\/865"}],"replies":[{"embeddable":true,"href":"http:\/\/www2.unifap.br\/graapa\/wp-json\/wp\/v2\/comments?post=101"}],"version-history":[{"count":6,"href":"http:\/\/www2.unifap.br\/graapa\/wp-json\/wp\/v2\/pages\/101\/revisions"}],"predecessor-version":[{"id":108,"href":"http:\/\/www2.unifap.br\/graapa\/wp-json\/wp\/v2\/pages\/101\/revisions\/108"}],"wp:attachment":[{"href":"http:\/\/www2.unifap.br\/graapa\/wp-json\/wp\/v2\/media?parent=101"}],"curies":[{"name":"wp","href":"https:\/\/api.w.org\/{rel}","templated":true}]}}