{"id":2,"date":"2015-09-21T18:55:00","date_gmt":"2015-09-21T18:55:00","guid":{"rendered":"http:\/\/www2.unifap.br\/graapa\/?page_id=2"},"modified":"2016-06-30T00:06:53","modified_gmt":"2016-06-30T00:06:53","slug":"pagina-exemplo","status":"publish","type":"page","link":"http:\/\/www2.unifap.br\/graapa\/pagina-exemplo\/","title":{"rendered":"Sobre"},"content":{"rendered":"<p>&nbsp;<\/p>\n<p style=\"text-align: center\"><img decoding=\"async\" class=\"wp-image-71 aligncenter\" alt=\"Untitled-4\" src=\"http:\/\/www2.unifap.br\/graapa\/files\/2015\/09\/Untitled-4-300x211.png\" width=\"234\" height=\"165\" srcset=\"http:\/\/www2.unifap.br\/graapa\/files\/2015\/09\/Untitled-4-300x211.png 300w, http:\/\/www2.unifap.br\/graapa\/files\/2015\/09\/Untitled-4-250x175.png 250w, http:\/\/www2.unifap.br\/graapa\/files\/2015\/09\/Untitled-4.png 900w\" sizes=\"(max-width: 234px) 100vw, 234px\" \/><\/p>\n<p>Projeto de Extens\u00e3o intitulado\u00a0\u00a0<b>GRAAPA &#8211;\u00a0Grupo\u00a0de Estudos e Produ\u00e7\u00e3o Audiovisual do Amap\u00e1 &#8211; &#8220;Paisagens Culturais Amapaenses\u201d<\/b>\u00a0\u00e9 voltado\u00a0para a promo\u00e7\u00e3o de atividades que visam fomentar a divulga\u00e7\u00e3o, educa\u00e7\u00e3o bem como a realiza\u00e7\u00e3o de produtos midi\u00e1ticos (v\u00eddeos e afins) resultado de experimenta\u00e7\u00e3o com linguagens h\u00edbridas a partir do audiovisual e Novas Midias, com particular aten\u00e7\u00e3o \u00e0 quest\u00e3o Ambiental, sobre &#8220;paisagens culturais amapaenses&#8221;.<\/p>\n<p style=\"text-align: left\">O<b>\u00a0<\/b><b>GRAAPA\u00a0<\/b>\u00a0tem como proposta oportunizar e fornecer subs\u00eddios para a forma\u00e7\u00e3o dos estudantes e professores de rede p\u00fablica assim como do cidad\u00e3o comum nas pr\u00e1ticas sociais relativas ao Audiovisual e a Nova Midia, focando o\u00a0di\u00e1logo entre Artes e converg\u00eancia de meios, na promo\u00e7\u00e3o da\u00a0Cultura da Mem\u00f3ria,\u00a0como instrumento para desenhar o futuro desej\u00e1vel.\u00a0 O que se dar\u00e1 de forma interdisciplinar, envolvendo Arte, Cultura e Sociedade, com pesquisa e experimenta\u00e7\u00e3o de linguagens h\u00edbridas visando produ\u00e7\u00e3o de conhecimento e produtos e, simultaneamente, promo\u00e7\u00e3o \u00e0 reflex\u00e3o e o debate sobre as quest\u00f5es sociais da contemporaneidade, em particular da realidade amapaense. Visa conhecer e dar \u00e0 conhecer quest\u00f5es de linguagem e sociedade a partir da realidade amapaense inseridas no contexto nacional e global.<\/p>\n<p style=\"text-align: left\"><b>\u00c1rea Tem\u00e1tica:\u00a0<\/b>Comunica\u00e7\u00e3o, Meio Ambiente, Cultura, Educa\u00e7\u00e3o e Produ\u00e7\u00e3o e Tecnologia<\/p>\n<p style=\"text-align: left\"><b>Coordenadora:\u00a0<\/b>Isabel Regina Augusto<\/p>\n<p style=\"text-align: left\"><b>Professores colaboradores:\u00a0<\/b>Luciana Macedo e Roberta Scheibe.<\/p>\n<p style=\"text-align: left\"><b>Discentes Colaboradores:\u00a0<\/b>Raylana Dantas, Rafael Aleixo, Victor Reis, Frederico Abrah\u00e3o, Andr\u00e9 Cantu\u00e1ria, Mauro Santos, Sadamy Yoshida, Alexandre Dantas, Daian Andrade e Jheny Quaresma<\/p>\n<p style=\"text-align: left\"><b>Colaboradores Outras Institui\u00e7\u00f5es:\u00a0<\/b>Andr\u00e9a Martel, Neusa Olivia<\/p>\n<p style=\"text-align: left\"><b>Colaboradores da Comunidade em Geral:\u00a0<\/b>Barbara Baleiro<\/p>\n<p style=\"text-align: left\">O Graapa tem parceria com duas escolas da rede estadual de ensino em Macap\u00e1. S\u00e3o as escolas Raimunda Virgulino, no bairro Pedrinhas, e a escola Raimunda dos Passos, no bairro Novo Horizonte.<\/p>\n","protected":false},"excerpt":{"rendered":"<p>&nbsp; Projeto de Extens\u00e3o intitulado\u00a0\u00a0GRAAPA &#8211;\u00a0Grupo\u00a0de Estudos e Produ\u00e7\u00e3o Audiovisual do Amap\u00e1 &#8211; &#8220;Paisagens Culturais Amapaenses\u201d\u00a0\u00e9 voltado\u00a0para a promo\u00e7\u00e3o de atividades que visam fomentar a divulga\u00e7\u00e3o, educa\u00e7\u00e3o bem como a realiza\u00e7\u00e3o de produtos midi\u00e1ticos (v\u00eddeos e afins) resultado de experimenta\u00e7\u00e3o&hellip; <\/p>\n<p><a href=\"http:\/\/www2.unifap.br\/graapa\/pagina-exemplo\/\" class=\"readmore-button\">Continue Reading<\/a><\/p>\n","protected":false},"author":167,"featured_media":71,"parent":0,"menu_order":0,"comment_status":"open","ping_status":"open","template":"page-template-full.php","meta":{"inline_featured_image":false,"ngg_post_thumbnail":0,"footnotes":""},"class_list":["post-2","page","type-page","status-publish","has-post-thumbnail","hentry"],"_links":{"self":[{"href":"http:\/\/www2.unifap.br\/graapa\/wp-json\/wp\/v2\/pages\/2","targetHints":{"allow":["GET"]}}],"collection":[{"href":"http:\/\/www2.unifap.br\/graapa\/wp-json\/wp\/v2\/pages"}],"about":[{"href":"http:\/\/www2.unifap.br\/graapa\/wp-json\/wp\/v2\/types\/page"}],"author":[{"embeddable":true,"href":"http:\/\/www2.unifap.br\/graapa\/wp-json\/wp\/v2\/users\/167"}],"replies":[{"embeddable":true,"href":"http:\/\/www2.unifap.br\/graapa\/wp-json\/wp\/v2\/comments?post=2"}],"version-history":[{"count":9,"href":"http:\/\/www2.unifap.br\/graapa\/wp-json\/wp\/v2\/pages\/2\/revisions"}],"predecessor-version":[{"id":120,"href":"http:\/\/www2.unifap.br\/graapa\/wp-json\/wp\/v2\/pages\/2\/revisions\/120"}],"wp:featuredmedia":[{"embeddable":true,"href":"http:\/\/www2.unifap.br\/graapa\/wp-json\/wp\/v2\/media\/71"}],"wp:attachment":[{"href":"http:\/\/www2.unifap.br\/graapa\/wp-json\/wp\/v2\/media?parent=2"}],"curies":[{"name":"wp","href":"https:\/\/api.w.org\/{rel}","templated":true}]}}