{"id":8,"date":"2015-09-25T18:46:32","date_gmt":"2015-09-25T18:46:32","guid":{"rendered":"http:\/\/www2.unifap.br\/graapa\/?page_id=8"},"modified":"2016-06-28T23:02:48","modified_gmt":"2016-06-28T23:02:48","slug":"membros","status":"publish","type":"page","link":"http:\/\/www2.unifap.br\/graapa\/membros\/","title":{"rendered":"Integrantes"},"content":{"rendered":"<table border=\"1\" cellspacing=\"0\" cellpadding=\"0\">\n<tbody>\n<tr>\n<td valign=\"top\" width=\"173\"><b>ATUA\u00c7\u00c3O NO PROJETO<\/b><\/td>\n<td valign=\"top\" width=\"170\"><b>NOME<\/b><\/td>\n<td valign=\"top\" width=\"133\"><b>INSTITUI\u00c7\u00c3O<\/b><\/td>\n<td valign=\"top\" width=\"106\"><b>TITULA\u00c7\u00c3O<\/b><\/td>\n<\/tr>\n<tr>\n<td valign=\"top\" width=\"173\">Coordena\u00e7\u00e3o<\/td>\n<td valign=\"top\" width=\"170\">Isabel Regina Augusto<\/td>\n<td valign=\"top\" width=\"133\">Unifap<\/td>\n<td valign=\"top\" width=\"106\">Professora<\/td>\n<\/tr>\n<tr>\n<td valign=\"top\" width=\"173\">Monitoria<\/td>\n<td valign=\"top\" width=\"170\">Raylana Dantas<\/td>\n<td valign=\"top\" width=\"133\">Unifap<\/td>\n<td valign=\"top\" width=\"106\">Acad\u00eamica<\/td>\n<\/tr>\n<tr>\n<td valign=\"top\" width=\"173\">Est\u00e1gio<\/td>\n<td valign=\"top\" width=\"170\">Marcely Cristian Barroso<\/td>\n<td valign=\"top\" width=\"133\">Unifap<\/td>\n<td valign=\"top\" width=\"106\">Acad\u00eamica<\/td>\n<\/tr>\n<tr>\n<td rowspan=\"2\" valign=\"top\" width=\"173\">Professor colaborador<\/td>\n<td valign=\"top\" width=\"170\">Luciana Macedo<\/td>\n<td valign=\"top\" width=\"133\">Unifap<\/td>\n<td valign=\"top\" width=\"106\">Professora<\/td>\n<\/tr>\n<tr>\n<td valign=\"top\" width=\"170\">Roberta Scheibe<\/td>\n<td valign=\"top\" width=\"133\">Unifap<\/td>\n<td valign=\"top\" width=\"106\">Professora<\/td>\n<\/tr>\n<tr>\n<td rowspan=\"9\" valign=\"top\" width=\"173\">Discente Colaborador<\/td>\n<td valign=\"top\" width=\"170\">Alexandre Dantas<\/td>\n<td valign=\"top\" width=\"133\">Unifap<\/td>\n<td valign=\"top\" width=\"106\">Acad\u00eamico<\/td>\n<\/tr>\n<tr>\n<td valign=\"top\" width=\"170\">Andr\u00e9 Cantu\u00e1ria<\/td>\n<td valign=\"top\" width=\"133\">Unifap<\/td>\n<td valign=\"top\" width=\"106\">Acad\u00eamico<\/td>\n<\/tr>\n<tr>\n<td valign=\"top\" width=\"170\">Daian Andrade<\/td>\n<td valign=\"top\" width=\"133\">Unifap<\/td>\n<td valign=\"top\" width=\"106\">Acad\u00eamico<\/td>\n<\/tr>\n<tr>\n<td valign=\"top\" width=\"170\">Frederico Abrah\u00e3o<\/td>\n<td valign=\"top\" width=\"133\">Unifap<\/td>\n<td valign=\"top\" width=\"106\">Acad\u00eamico<\/td>\n<\/tr>\n<tr>\n<td valign=\"top\" width=\"170\">Jheny Quaresma<\/td>\n<td valign=\"top\" width=\"133\">Unifap<\/td>\n<td valign=\"top\" width=\"106\">Acad\u00eamica<\/td>\n<\/tr>\n<tr>\n<td valign=\"top\" width=\"170\">Mauro Santos<\/td>\n<td valign=\"top\" width=\"133\">Unifap<\/td>\n<td valign=\"top\" width=\"106\">Acad\u00eamico<\/td>\n<\/tr>\n<tr>\n<td valign=\"top\" width=\"170\">Rafael Aleixo<\/td>\n<td valign=\"top\" width=\"133\">Unifap<\/td>\n<td valign=\"top\" width=\"106\">Acad\u00eamico<\/td>\n<\/tr>\n<tr>\n<td valign=\"top\" width=\"170\">Sadamy Yoshida<\/td>\n<td valign=\"top\" width=\"133\">Unifap<\/td>\n<td valign=\"top\" width=\"106\">Acad\u00eamico<\/td>\n<\/tr>\n<tr>\n<td valign=\"top\" width=\"170\">Victor Reis<\/td>\n<td valign=\"top\" width=\"133\">Unifap<\/td>\n<td valign=\"top\" width=\"106\">Acad\u00eamico<\/td>\n<\/tr>\n<tr>\n<td rowspan=\"2\" valign=\"top\" width=\"173\">Colaborador de Outra Institui\u00e7\u00e3o<\/td>\n<td valign=\"top\" width=\"170\">Andr\u00e9a Martel<\/td>\n<td valign=\"top\" width=\"133\">Escola Estadual Raimunda Virgulino<\/td>\n<td valign=\"top\" width=\"106\">Professora<\/td>\n<\/tr>\n<tr>\n<td valign=\"top\" width=\"170\">Neusa Olivia<\/td>\n<td valign=\"top\" width=\"133\">Escola Estadual Raimunda dos Passos<\/td>\n<td valign=\"top\" width=\"106\">Professora<\/td>\n<\/tr>\n<tr>\n<td valign=\"top\" width=\"173\">Colaborador da Comunidade em Geral<\/td>\n<td valign=\"top\" width=\"170\">Barbara Baleiro<\/td>\n<td valign=\"top\" width=\"133\">Faculdade Est\u00e1cio Seama<\/td>\n<td valign=\"top\" width=\"106\">Professora<\/td>\n<\/tr>\n<\/tbody>\n<\/table>\n<p>&nbsp;<\/p>\n","protected":false},"excerpt":{"rendered":"<p>ATUA\u00c7\u00c3O NO PROJETO NOME INSTITUI\u00c7\u00c3O TITULA\u00c7\u00c3O Coordena\u00e7\u00e3o Isabel Regina Augusto Unifap Professora Monitoria Raylana Dantas Unifap Acad\u00eamica Est\u00e1gio Marcely Cristian Barroso Unifap Acad\u00eamica Professor colaborador Luciana Macedo Unifap Professora Roberta Scheibe Unifap Professora Discente Colaborador Alexandre Dantas Unifap Acad\u00eamico Andr\u00e9&hellip; <\/p>\n<p><a href=\"http:\/\/www2.unifap.br\/graapa\/membros\/\" class=\"readmore-button\">Continue Reading<\/a><\/p>\n","protected":false},"author":604,"featured_media":0,"parent":0,"menu_order":6,"comment_status":"open","ping_status":"open","template":"","meta":{"inline_featured_image":false,"ngg_post_thumbnail":0,"footnotes":""},"class_list":["post-8","page","type-page","status-publish","hentry"],"_links":{"self":[{"href":"http:\/\/www2.unifap.br\/graapa\/wp-json\/wp\/v2\/pages\/8","targetHints":{"allow":["GET"]}}],"collection":[{"href":"http:\/\/www2.unifap.br\/graapa\/wp-json\/wp\/v2\/pages"}],"about":[{"href":"http:\/\/www2.unifap.br\/graapa\/wp-json\/wp\/v2\/types\/page"}],"author":[{"embeddable":true,"href":"http:\/\/www2.unifap.br\/graapa\/wp-json\/wp\/v2\/users\/604"}],"replies":[{"embeddable":true,"href":"http:\/\/www2.unifap.br\/graapa\/wp-json\/wp\/v2\/comments?post=8"}],"version-history":[{"count":11,"href":"http:\/\/www2.unifap.br\/graapa\/wp-json\/wp\/v2\/pages\/8\/revisions"}],"predecessor-version":[{"id":84,"href":"http:\/\/www2.unifap.br\/graapa\/wp-json\/wp\/v2\/pages\/8\/revisions\/84"}],"wp:attachment":[{"href":"http:\/\/www2.unifap.br\/graapa\/wp-json\/wp\/v2\/media?parent=8"}],"curies":[{"name":"wp","href":"https:\/\/api.w.org\/{rel}","templated":true}]}}