{"id":147,"date":"2013-11-27T20:42:07","date_gmt":"2013-11-27T20:42:07","guid":{"rendered":"http:\/\/www2.unifap.br\/herondino\/?page_id=147"},"modified":"2024-05-02T23:46:15","modified_gmt":"2024-05-02T23:46:15","slug":"conteudo-ministrado","status":"publish","type":"page","link":"http:\/\/www2.unifap.br\/herondino\/turma-2010-2\/conteudo-ministrado\/","title":{"rendered":"Conte\u00fado Ministrado"},"content":{"rendered":"<ol>\n<li>Introdu\u00e7\u00e3o a Banco de Dados Geogr\u00e1ficos<\/li>\n<li><a href=\"http:\/\/www2.unifap.br\/herondino\/files\/2013\/11\/Dados-Espaciais.pptx\">Representa\u00e7\u00f5es Computacionais do Espa\u00e7o Geogr\u00e1fico<\/a><\/li>\n<li><a href=\"http:\/\/www2.unifap.br\/herondino\/files\/2013\/11\/Processamento-de-Imagem.pptx\">Processamento de Imagem<\/a><\/li>\n<li><a href=\"http:\/\/www2.unifap.br\/herondino\/files\/2013\/11\/4Arquitetura-e-Linguagens.pptx\">Arquitetura e Linguagens<\/a><\/li>\n<li><a href=\"http:\/\/www2.unifap.br\/herondino\/files\/2013\/11\/5Algoritmos-Geom\u00e9tricos.pptx\">Algoritmos Geom\u00e9tricos<\/a><\/li>\n<li><a href=\"http:\/\/www2.unifap.br\/herondino\/files\/2013\/11\/5Algoritmos-Geom\u00e9tricosParte-2.pptx\">Algoritmos Geom\u00e9tricos(2\u00aa Parte)<\/a><\/li>\n<li><a href=\"http:\/\/www2.unifap.br\/herondino\/files\/2013\/11\/7Edi\u00e7\u00e3o-Vetorial-de-Ponto-Linha-e-Pol\u00edgono.pptx\">Edi\u00e7\u00e3o Vetorial de Ponto, Linha e Pol\u00edgono<\/a><\/li>\n<li><a href=\"http:\/\/www2.unifap.br\/herondino\/files\/2013\/11\/8Modelagem-de-Dados-Espaciais1.pptx\">Modelagem de Dados Espaciais<\/a><\/li>\n<li><a href=\"http:\/\/www2.unifap.br\/herondino\/files\/2013\/11\/9Processamento-de-Imagem.pptx\">Processamento de Imagem<\/a><\/li>\n<\/ol>\n","protected":false},"excerpt":{"rendered":"<p>Introdu\u00e7\u00e3o a Banco de Dados Geogr\u00e1ficos Representa\u00e7\u00f5es Computacionais do Espa\u00e7o Geogr\u00e1fico Processamento de Imagem Arquitetura e Linguagens Algoritmos Geom\u00e9tricos Algoritmos Geom\u00e9tricos(2\u00aa Parte) Edi\u00e7\u00e3o Vetorial de Ponto, Linha e Pol\u00edgono Modelagem de Dados Espaciais Processamento de Imagem<\/p>\n","protected":false},"author":358,"featured_media":0,"parent":144,"menu_order":0,"comment_status":"open","ping_status":"open","template":"","meta":{"inline_featured_image":false,"ngg_post_thumbnail":0,"footnotes":""},"class_list":["post-147","page","type-page","status-publish","hentry"],"_links":{"self":[{"href":"http:\/\/www2.unifap.br\/herondino\/wp-json\/wp\/v2\/pages\/147","targetHints":{"allow":["GET"]}}],"collection":[{"href":"http:\/\/www2.unifap.br\/herondino\/wp-json\/wp\/v2\/pages"}],"about":[{"href":"http:\/\/www2.unifap.br\/herondino\/wp-json\/wp\/v2\/types\/page"}],"author":[{"embeddable":true,"href":"http:\/\/www2.unifap.br\/herondino\/wp-json\/wp\/v2\/users\/358"}],"replies":[{"embeddable":true,"href":"http:\/\/www2.unifap.br\/herondino\/wp-json\/wp\/v2\/comments?post=147"}],"version-history":[{"count":23,"href":"http:\/\/www2.unifap.br\/herondino\/wp-json\/wp\/v2\/pages\/147\/revisions"}],"predecessor-version":[{"id":774,"href":"http:\/\/www2.unifap.br\/herondino\/wp-json\/wp\/v2\/pages\/147\/revisions\/774"}],"up":[{"embeddable":true,"href":"http:\/\/www2.unifap.br\/herondino\/wp-json\/wp\/v2\/pages\/144"}],"wp:attachment":[{"href":"http:\/\/www2.unifap.br\/herondino\/wp-json\/wp\/v2\/media?parent=147"}],"curies":[{"name":"wp","href":"https:\/\/api.w.org\/{rel}","templated":true}]}}