{"id":422,"date":"2014-04-17T20:15:43","date_gmt":"2014-04-17T20:15:43","guid":{"rendered":"http:\/\/www2.unifap.br\/herondino\/?page_id=422"},"modified":"2025-12-18T14:16:04","modified_gmt":"2025-12-18T14:16:04","slug":"turma-2015","status":"publish","type":"page","link":"http:\/\/www2.unifap.br\/herondino\/turma-2015\/","title":{"rendered":"Estat\u00edstica"},"content":{"rendered":"<blockquote>\n<ul>\n<li><a href=\"http:\/\/www2.unifap.br\/herondino\/files\/2014\/04\/7-DISTRIBUI\u00c7\u00c3O-NORMAL.pdf\">Distribui\u00e7\u00e3o Normal<\/a><\/li>\n<li><a href=\"http:\/\/www2.unifap.br\/herondino\/files\/2014\/04\/8-DISTRIBUI\u00c7\u00c3O-T-STUDENT.pdf\">Distribui\u00e7\u00e3o t Student<\/a><\/li>\n<li><a href=\"http:\/\/www2.unifap.br\/herondino\/files\/2023\/07\/Precitacao.pdf\">Dados de Precipita\u00e7\u00e3o<\/a><\/li>\n<\/ul>\n<\/blockquote>\n","protected":false},"excerpt":{"rendered":"<p>Distribui\u00e7\u00e3o Normal Distribui\u00e7\u00e3o t Student Dados de Precipita\u00e7\u00e3o<\/p>\n","protected":false},"author":358,"featured_media":0,"parent":0,"menu_order":0,"comment_status":"open","ping_status":"closed","template":"","meta":{"inline_featured_image":false,"ngg_post_thumbnail":0,"footnotes":""},"class_list":["post-422","page","type-page","status-publish","hentry"],"_links":{"self":[{"href":"http:\/\/www2.unifap.br\/herondino\/wp-json\/wp\/v2\/pages\/422","targetHints":{"allow":["GET"]}}],"collection":[{"href":"http:\/\/www2.unifap.br\/herondino\/wp-json\/wp\/v2\/pages"}],"about":[{"href":"http:\/\/www2.unifap.br\/herondino\/wp-json\/wp\/v2\/types\/page"}],"author":[{"embeddable":true,"href":"http:\/\/www2.unifap.br\/herondino\/wp-json\/wp\/v2\/users\/358"}],"replies":[{"embeddable":true,"href":"http:\/\/www2.unifap.br\/herondino\/wp-json\/wp\/v2\/comments?post=422"}],"version-history":[{"count":24,"href":"http:\/\/www2.unifap.br\/herondino\/wp-json\/wp\/v2\/pages\/422\/revisions"}],"predecessor-version":[{"id":810,"href":"http:\/\/www2.unifap.br\/herondino\/wp-json\/wp\/v2\/pages\/422\/revisions\/810"}],"wp:attachment":[{"href":"http:\/\/www2.unifap.br\/herondino\/wp-json\/wp\/v2\/media?parent=422"}],"curies":[{"name":"wp","href":"https:\/\/api.w.org\/{rel}","templated":true}]}}