{"id":602,"date":"2018-06-19T10:39:06","date_gmt":"2018-06-19T10:39:06","guid":{"rendered":"http:\/\/www2.unifap.br\/herondino\/?page_id=602"},"modified":"2025-12-11T17:34:04","modified_gmt":"2025-12-11T17:34:04","slug":"material-e-recursos","status":"publish","type":"page","link":"http:\/\/www2.unifap.br\/herondino\/material-e-recursos\/","title":{"rendered":"Material e Recursos"},"content":{"rendered":"<ul>\n<li><a title=\"Disserta\u00e7\u00e3o Herondino\" href=\"http:\/\/www.files.scire.net.br\/atrio\/cefet-mg-ppgmmc_upl\/THESIS\/37\/herondinodossantosfilho.pdf\">Disserta\u00e7\u00e3o de Mestrado\u00a0<\/a>:\n<ul>\n<li><a href=\"https:\/\/drive.google.com\/file\/d\/1TVk5QQGKWCr8jtqfh0VjfAWEIh9mlmKI\/view?usp=sharing\">MAPEAMENTO E CLASSIFICA\u00c7\u00c3O DAS \u00c1REAS DE RESSACA NA REGI\u00c3O METROPOLITANA DE MACAP\u00c1 &#8211; AP UTILIZANDO IMAGENS DO SAT\u00c9LITE CBERS-2B<\/a><\/li>\n<\/ul>\n<\/li>\n<li>Artigos<\/li>\n<\/ul>\n<ol>\n<li>\n<div><a href=\"http:\/\/www2.unifap.br\/herondino\/files\/2018\/06\/p0473.pdf\">Mapeamento e an\u00e1lise da carta imagem da cidade de\u00a0Macap\u00e1-AP obtida atrav\u00e9s da\u00a0fus\u00e3o das imagens do sat\u00e9lite CBERS-2B multisensor CCD e HRC<\/a>\u00a0 \u00a0XVSBSR &#8211;\u00a0 Ano 2011<\/div>\n<\/li>\n<li><a href=\"http:\/\/www2.unifap.br\/herondino\/files\/2018\/06\/p1411.pdf\">Mapeamento com o uso de limiar multiespectral utilizando o MATLABe SPRING na classifica\u00e7\u00e3o de M\u00e1xima Verossimilhan\u00e7a<\/a>\u00a0 \u00a0 &#8211;\u00a0XVSBSR &#8211;\u00a0 Ano 2011<\/li>\n<li><a href=\"http:\/\/www2.unifap.br\/herondino\/files\/2018\/06\/p1433.pdf\">Estudo quantitativo do uso e ocupa\u00e7\u00e3o do solo da cidade de Vit\u00f3ria-ES, utilizando o m\u00e9todo de dividir para conquistar e a fus\u00e3o dos multissensores CCD\/HRC do sat\u00e9lite CBERS-2B\u00a0<\/a>\u00a0 \u00a0&#8211; XVSBSR &#8211;\u00a0 Ano 2011<\/li>\n<li><a href=\"http:\/\/www2.unifap.br\/herondino\/files\/2018\/06\/p0108.pdf\">Mapeamento e classifica\u00e7\u00e3o das \u00e1reas de ressaca na regi\u00e3o metropolitana de Macap\u00e1-AP utilizando imagens do sat\u00e9lite CBERS-2B<\/a>\u00a0 \u00a0XVISBSR &#8211; Ano 2013<\/li>\n<li><a href=\"https:\/\/www.geopantanal.cnptia.embrapa.br\/2016\/cd\/pdf\/p5.pdf\">Carta hipsom\u00e9trica do per\u00edmetro urbano da cidade de Macap\u00e1-AP utilizando modelos de eleva\u00e7\u00e3o do TOPODATA e o LAF<\/a>\u00a0&#8211; 6\u00b0 Geopantanal &#8211; Ano 2016<\/li>\n<li><a title=\"Geopantanal\" href=\"https:\/\/www.geopantanal.cnptia.embrapa.br\/2016\/cd\/pdf\/p11.pdf\">Avalia\u00e7\u00e3o do Modelo Digital de Terreno (MDT) do projeto Base Cartogr\u00e1fica Digital Cont\u00ednua do Amap\u00e1: estudo de caso do per\u00edmetro urbano do Macap\u00e1<\/a>\u00a0&#8211; 6\u00b0 Geopantanal &#8211; Ano 2016<\/li>\n<li><a href=\"http:\/\/www2.unifap.br\/herondino\/files\/2018\/06\/galoa-proceedings-sbsr-60111-analise-comparat.pdf\">An\u00e1lise comparativa das cartas hipsom\u00e9tricas SRTM e do projeto Base Cartogr\u00e1fica Digital Cont\u00ednua do Amap\u00e1 &#8211; BCDCA\u00a0<\/a>\u00a0 XVIII SBSR &#8211;\u00a0 Ano 2017<\/li>\n<li><a href=\"https:\/\/proceedings.science\/sbsr-2019\/trabalhos\/o-uso-de-ortoimagem-na-analise-do-processo-de-destinacao-final-de-residuos-solid?lang=pt-br\">O USO DE ORTOIMAGEM NA AN\u00c1LISE DO PROCESSO DE DESTINA\u00c7\u00c3O FINAL DE RES\u00cdDUOS S\u00d3LIDOS DO MUNIC\u00cdPIO DE MACAP\u00c1: INFRAESTRUTURA E OPERA\u00c7\u00d5ES DO ATERRO SANIT\u00c1RIO<\/a> &#8211; SBSR\u00a0 XIX &#8211; Ano 2019<\/li>\n<li><a href=\"https:\/\/proceedings.science\/sbsr-2019\/trabalhos\/analise-espacial-da-densidade-de-focos-de-calor-e-desflorestamento-no-municipio?lang=pt-br\">AN\u00c1LISE ESPACIAL DA DENSIDADE DE FOCOS DE CALOR E DESFLORESTAMENTO NO MUNIC\u00cdPIO DE PORTO GRANDE NO ESTADO DO AMAP\u00c1<\/a> &#8211; XIX SBSR &#8211; Ano 2019<\/li>\n<li><a href=\"https:\/\/proceedings.science\/sbsr-2019\/trabalhos\/modelo-de-deteccao-para-area-umida-com-o-uso-do-modelo-digital-de-terreno-obtido?lang=pt-br\">MODELO DE DETEC\u00c7\u00c3O PARA \u00c1REA \u00daMIDA COM O USO DO MODELO DIGITAL DE TERRENO OBTIDO POR SENSORES SAR AEROTRANSPORTADO &#8211; ESTUDO DE CASO RESSACA DO TACAC\u00c1 &#8211; XIX SBSR<\/a> &#8211; Ano 2019<\/li>\n<li><a href=\"https:\/\/proceedings.science\/sbsr-2019\/trabalhos\/analise-da-ocupacao-e-crescimento-urbano-na-bacia-hidrografica-do-igarape-da-for?lang=pt-br\">AN\u00c1LISE DA OCUPA\u00c7\u00c3O E CRESCIMENTO URBANO NA BACIA HIDROGR\u00c1FICA DO IGARAP\u00c9 DA FORTALEZA ENTRE 1985 E 2015 UTILIZANDO IMAGENS DOS SAT\u00c9LITES LANDSAT 5\/TM E LANDSAT 8\/ OLI &#8211; XIX SBSR<\/a> &#8211; Ano 2019<\/li>\n<li><a href=\"https:\/\/rbsr.com.br\/index.php\/RBSR\/article\/view\/46\">Detec\u00e7\u00e3o autom\u00e1tica da \u00e1rea \u00famida APA de Fazendinha (Macap\u00e1 &#8211; Amap\u00e1) e seu entorno com o uso do complemento Water Plugin e insumos SAR da banda P &#8211; Revista Brasileira de Sensoriamento Remoto &#8211;\u00a0 Ano 2021<\/a><\/li>\n<li><a href=\"https:\/\/www.scielo.br\/j\/bcg\/a\/gf9CSg5YJ34RszSpj4BBchF\/\">Cartographic Accuracy Standard (CAS) of the digital terrain model of the digital and continuos cartographic base of the state os Amap\u00e1: case stydy in the city of Macap\u00e1 <\/a>&#8211; Boletim de Ci\u00eancias Geod\u00e9sicas &#8211; Ano 2022<\/li>\n<li><a href=\"https:\/\/proceedings.science\/sbsr-2023\/trabalhos\/deteccion-de-humedales-usando-el-complemento-experimental-walter-plugin-y-compar?lang=pt-br\">Detecci\u00f3n de humedales usando el complemento experimental Water Plugin y comparaci\u00f3n TWI: estudio de caso Ressaca Tacac\u00e1\/Macap\u00e1-AP &#8211;\u00a0 Ano Simp\u00f3sio Brasileiro de Sensoriamento Remoto<\/a> &#8211; XX SBSR &#8211; Ano 2023<\/li>\n<li><a href=\"https:\/\/proceedings.science\/sbsr-2023\/trabalhos\/delimitacion-de-humedal-o-zona-inundable-con-uso-del-twi-y-indice-de-moran-antig?lang=pt-br\">Delimitaci\u00f3n de humedal o zona inundable con uso del TWI y \u00ecndice de Moran &#8211; antigua ressa del Beirol &#8211; Macap\u00e1\/Brasil<\/a> &#8211; XX SBSR &#8211; Ano 2023<\/li>\n<\/ol>\n<p><a href=\"http:\/\/www2.unifap.br\/herondino\/files\/2023\/07\/Precitacao.pdf\">Dados de Precipita\u00e7\u00e3o<\/a><\/p>\n<p>&nbsp;<\/p>\n<p>&nbsp;<\/p>\n","protected":false},"excerpt":{"rendered":"<p>Disserta\u00e7\u00e3o de Mestrado\u00a0: MAPEAMENTO E CLASSIFICA\u00c7\u00c3O DAS \u00c1REAS DE RESSACA NA REGI\u00c3O METROPOLITANA DE MACAP\u00c1 &#8211; AP UTILIZANDO IMAGENS DO SAT\u00c9LITE CBERS-2B Artigos Mapeamento e an\u00e1lise da carta imagem da cidade de\u00a0Macap\u00e1-AP obtida atrav\u00e9s da\u00a0fus\u00e3o das imagens do sat\u00e9lite CBERS-2B&hellip; <\/p>\n<p><a href=\"http:\/\/www2.unifap.br\/herondino\/material-e-recursos\/\" class=\"readmore-button\">Continue Reading<\/a><\/p>\n","protected":false},"author":358,"featured_media":0,"parent":0,"menu_order":0,"comment_status":"open","ping_status":"open","template":"","meta":{"inline_featured_image":false,"ngg_post_thumbnail":0,"footnotes":""},"class_list":["post-602","page","type-page","status-publish","hentry"],"_links":{"self":[{"href":"http:\/\/www2.unifap.br\/herondino\/wp-json\/wp\/v2\/pages\/602","targetHints":{"allow":["GET"]}}],"collection":[{"href":"http:\/\/www2.unifap.br\/herondino\/wp-json\/wp\/v2\/pages"}],"about":[{"href":"http:\/\/www2.unifap.br\/herondino\/wp-json\/wp\/v2\/types\/page"}],"author":[{"embeddable":true,"href":"http:\/\/www2.unifap.br\/herondino\/wp-json\/wp\/v2\/users\/358"}],"replies":[{"embeddable":true,"href":"http:\/\/www2.unifap.br\/herondino\/wp-json\/wp\/v2\/comments?post=602"}],"version-history":[{"count":40,"href":"http:\/\/www2.unifap.br\/herondino\/wp-json\/wp\/v2\/pages\/602\/revisions"}],"predecessor-version":[{"id":805,"href":"http:\/\/www2.unifap.br\/herondino\/wp-json\/wp\/v2\/pages\/602\/revisions\/805"}],"wp:attachment":[{"href":"http:\/\/www2.unifap.br\/herondino\/wp-json\/wp\/v2\/media?parent=602"}],"curies":[{"name":"wp","href":"https:\/\/api.w.org\/{rel}","templated":true}]}}