{"id":678,"date":"2023-01-30T15:34:34","date_gmt":"2023-01-30T15:34:34","guid":{"rendered":"https:\/\/www2.unifap.br\/herondino\/?page_id=678"},"modified":"2023-08-02T13:12:24","modified_gmt":"2023-08-02T13:12:24","slug":"calculo-com-r","status":"publish","type":"page","link":"http:\/\/www2.unifap.br\/herondino\/calculo-com-r\/","title":{"rendered":"Introdu\u00e7\u00e3o ao R"},"content":{"rendered":"<p>TUTORIAL EM DESENVOLVIMENTO PARA AS AULAS NO R<\/p>\n<ol>\n<li><strong>Principais opera\u00e7\u00f5es, comandos e fun\u00e7\u00f5es:<\/strong><\/li>\n<\/ol>\n<p style=\"padding-left: 40px\">Os principais comandos encontrados nas opera\u00e7\u00f5es b\u00e1sicas no R est\u00e3o os operadores aritm\u00e9ticos, as atribui\u00e7\u00f5es, sequencias, vetores, matrizes e gr\u00e1ficos.<\/p>\n<ul>\n<li><strong>Operadores<\/strong><strong>\u00a0aritm\u00e9ticos<\/strong>\n<ul>\n<li>Dentre os principais comandos existente no R, tem-se o uso da realiza\u00e7\u00e3o das opera\u00e7\u00f5es de aritm\u00e9tica b\u00e1sicas como em uma calculadora convencional: adi\u00e7\u00e3o, subtra\u00e7\u00e3o, multiplica\u00e7\u00e3o e divis\u00e3o.\u00a0 \u00a0 \u00a0 \u00a0 \u00a0 \u00a0 \u00a0 \u00a0Exemplo:\n<p>&gt;3+3<\/p>\n<p>&gt;8-4<\/p>\n<p>&gt;7*7<\/p>\n<p>&gt;49\/7<\/li>\n<\/ul>\n<\/li>\n<li><strong>Atribui\u00e7\u00e3o<\/strong>\n<ul>\n<li>Outro importante comando \u00e9 o de atribui\u00e7\u00e3o. Se atribui a vari\u00e1vel da esquerda o que est\u00e1 \u00e0 direita. O seu s\u00edmbolo \u00e9 &lt;- (sinal de menor e menos).\n<p>Exemplo:<\/p>\n<p>a&lt;-2<\/p>\n<p>b&lt;-4<\/p>\n<p>a+b<\/p>\n<p>b-a<\/p>\n<p>a*b<\/p>\n<p>b\/a<\/li>\n<\/ul>\n<\/li>\n<li><strong>Vetores<\/strong><\/li>\n<li>Da mesma maneira, podemos atribuir a vari\u00e1veis a cria\u00e7\u00e3o de vetores:\n<ul>\n<li><strong>Comandos<\/strong><\/li>\n<li><strong>Principais fun\u00e7\u00f5es<\/strong><\/li>\n<\/ul>\n<\/li>\n<li><strong>Gr\u00e1ficos<\/strong><\/li>\n<li><strong>Fun\u00e7\u00f5es matem\u00e1ticas<\/strong><\/li>\n<\/ul>\n<p>&nbsp;<\/p>\n<p>C\u00e1lculo<\/p>\n<ol>\n<li><a href=\"http:\/\/www2.unifap.br\/herondino\/files\/2023\/01\/Calculo_com_R.pdf\">Derivadas &#8211; Tangentes e Normais<\/a><\/li>\n<li><a href=\"http:\/\/www2.unifap.br\/herondino\/files\/2023\/03\/Introducao-ao-R-com-Probabilidade.pdf\">Gr\u00e1ficos e Distribui\u00e7\u00e3o de Probabilidade<\/a><\/li>\n<\/ol>\n","protected":false},"excerpt":{"rendered":"<p>TUTORIAL EM DESENVOLVIMENTO PARA AS AULAS NO R Principais opera\u00e7\u00f5es, comandos e fun\u00e7\u00f5es: Os principais comandos encontrados nas opera\u00e7\u00f5es b\u00e1sicas no R est\u00e3o os operadores aritm\u00e9ticos, as atribui\u00e7\u00f5es, sequencias, vetores, matrizes e gr\u00e1ficos. Operadores\u00a0aritm\u00e9ticos Dentre os principais comandos existente no&hellip; <\/p>\n<p><a href=\"http:\/\/www2.unifap.br\/herondino\/calculo-com-r\/\" class=\"readmore-button\">Continue Reading<\/a><\/p>\n","protected":false},"author":358,"featured_media":0,"parent":0,"menu_order":0,"comment_status":"closed","ping_status":"closed","template":"","meta":{"inline_featured_image":false,"ngg_post_thumbnail":0,"footnotes":""},"class_list":["post-678","page","type-page","status-publish","hentry"],"_links":{"self":[{"href":"http:\/\/www2.unifap.br\/herondino\/wp-json\/wp\/v2\/pages\/678","targetHints":{"allow":["GET"]}}],"collection":[{"href":"http:\/\/www2.unifap.br\/herondino\/wp-json\/wp\/v2\/pages"}],"about":[{"href":"http:\/\/www2.unifap.br\/herondino\/wp-json\/wp\/v2\/types\/page"}],"author":[{"embeddable":true,"href":"http:\/\/www2.unifap.br\/herondino\/wp-json\/wp\/v2\/users\/358"}],"replies":[{"embeddable":true,"href":"http:\/\/www2.unifap.br\/herondino\/wp-json\/wp\/v2\/comments?post=678"}],"version-history":[{"count":12,"href":"http:\/\/www2.unifap.br\/herondino\/wp-json\/wp\/v2\/pages\/678\/revisions"}],"predecessor-version":[{"id":694,"href":"http:\/\/www2.unifap.br\/herondino\/wp-json\/wp\/v2\/pages\/678\/revisions\/694"}],"wp:attachment":[{"href":"http:\/\/www2.unifap.br\/herondino\/wp-json\/wp\/v2\/media?parent=678"}],"curies":[{"name":"wp","href":"https:\/\/api.w.org\/{rel}","templated":true}]}}