{"id":45,"date":"2018-12-22T17:29:59","date_gmt":"2018-12-22T17:29:59","guid":{"rendered":"http:\/\/www2.unifap.br\/lbmat\/?page_id=45"},"modified":"2019-05-25T15:25:54","modified_gmt":"2019-05-25T15:25:54","slug":"chefe-do-laboratorio","status":"publish","type":"page","link":"http:\/\/www2.unifap.br\/lbmat\/coordenacao\/chefe-do-laboratorio\/","title":{"rendered":"Chefe do Laborat\u00f3rio"},"content":{"rendered":"<ul>\n<li><strong>Chefe do Laborat\u00f3rio de Ensino de Matem\u00e1tica:<\/strong>&nbsp; Prof\u00aa Dra. Solange Regina Cromianski<\/li>\n<li><strong>Hor\u00e1rio de Expediente<\/strong>:&nbsp; Segunda, Ter\u00e7a e Quarta das 14:00 \u00e0s 18:00h<\/li>\n<li><strong>E-mail<\/strong>: labmat.ccm@gmail.com<\/li>\n<\/ul>\n<p><strong>&nbsp;<\/strong><\/p>\n","protected":false},"excerpt":{"rendered":"<p>Chefe do Laborat\u00f3rio de Ensino de Matem\u00e1tica:&nbsp; Prof\u00aa Dra. Solange Regina Cromianski Hor\u00e1rio de Expediente:&nbsp; Segunda, Ter\u00e7a e Quarta das 14:00 \u00e0s 18:00h E-mail: labmat.ccm@gmail.com &nbsp;<\/p>\n","protected":false},"author":3648,"featured_media":0,"parent":42,"menu_order":2,"comment_status":"open","ping_status":"open","template":"","meta":{"inline_featured_image":false,"ngg_post_thumbnail":0,"footnotes":""},"class_list":["post-45","page","type-page","status-publish","hentry"],"_links":{"self":[{"href":"http:\/\/www2.unifap.br\/lbmat\/wp-json\/wp\/v2\/pages\/45","targetHints":{"allow":["GET"]}}],"collection":[{"href":"http:\/\/www2.unifap.br\/lbmat\/wp-json\/wp\/v2\/pages"}],"about":[{"href":"http:\/\/www2.unifap.br\/lbmat\/wp-json\/wp\/v2\/types\/page"}],"author":[{"embeddable":true,"href":"http:\/\/www2.unifap.br\/lbmat\/wp-json\/wp\/v2\/users\/3648"}],"replies":[{"embeddable":true,"href":"http:\/\/www2.unifap.br\/lbmat\/wp-json\/wp\/v2\/comments?post=45"}],"version-history":[{"count":3,"href":"http:\/\/www2.unifap.br\/lbmat\/wp-json\/wp\/v2\/pages\/45\/revisions"}],"predecessor-version":[{"id":121,"href":"http:\/\/www2.unifap.br\/lbmat\/wp-json\/wp\/v2\/pages\/45\/revisions\/121"}],"up":[{"embeddable":true,"href":"http:\/\/www2.unifap.br\/lbmat\/wp-json\/wp\/v2\/pages\/42"}],"wp:attachment":[{"href":"http:\/\/www2.unifap.br\/lbmat\/wp-json\/wp\/v2\/media?parent=45"}],"curies":[{"name":"wp","href":"https:\/\/api.w.org\/{rel}","templated":true}]}}