{"id":122,"date":"2013-05-26T02:03:51","date_gmt":"2013-05-26T02:03:51","guid":{"rendered":"http:\/\/www2.unifap.br\/marcospaulo\/?page_id=122"},"modified":"2013-05-30T22:43:24","modified_gmt":"2013-05-30T22:43:24","slug":"videos","status":"publish","type":"page","link":"http:\/\/www2.unifap.br\/marcospaulo\/disciplinas\/literatura-brasileira-colonial\/videos\/","title":{"rendered":"V\u00eddeos"},"content":{"rendered":"<p>V\u00eddeos sobre o per\u00edodo colonial brasileiro.<\/p>\n<p>&nbsp;<\/p>\n<p><em>Desmundo<\/em>, de Alain Fresnot:<\/p>\n<p><a href=\"http:\/\/www.youtube.com\/watch?v=oxQe_BeRba0\">httpv:\/\/www.youtube.com\/watch?v=oxQe_BeRba0<\/a><\/p>\n<p>&nbsp;<\/p>\n<p><em>Caramuru &#8211; A inven\u00e7\u00e3o do Brasil<\/em>, de Guel Arraes:<\/p>\n<p><a href=\"http:\/\/www.youtube.com\/watch?v=h0R5Af2BBiU\">httpv:\/\/www.youtube.com\/watch?v=h0R5Af2BBiU<\/a><\/p>\n<p>&nbsp;<\/p>\n<p>V\u00eddeos sobre o Padre Ant\u00f4nio Vieira no program <em>De l\u00e1 pra c\u00e1<\/em>, da TV Brasil:<\/p>\n<p>Parte 1<\/p>\n<p><a href=\"http:\/\/www.youtube.com\/watch?v=t_zkEx0cLYc\">httpv:\/\/www.youtube.com\/watch?v=t_zkEx0cLYc<\/a><\/p>\n<p>Parte 2<\/p>\n<p><a href=\"http:\/\/www.youtube.com\/watch?v=PJULu921M2E\">httpv:\/\/www.youtube.com\/watch?v=PJULu921M2E<\/a><\/p>\n<p>Parte 3<\/p>\n<p><a href=\"http:\/\/www.youtube.com\/watch?v=BhL9kzRAiLQ\">httpv:\/\/www.youtube.com\/watch?v=BhL9kzRAiLQ<\/a><\/p>\n<p>&nbsp;<\/p>\n<p>Cursos Livres UNIVESP TV &#8211; Padre Antonio Vieira e a educa\u00e7\u00e3o jesu\u00edtica:<\/p>\n<p><a href=\"http:\/\/www.youtube.com\/watch?v=vEiszpcFKB0\">httpv:\/\/www.youtube.com\/watch?v=vEiszpcFKB0<\/a><\/p>\n<p>&nbsp;<\/p>\n<p>&nbsp;<\/p>\n","protected":false},"excerpt":{"rendered":"<p>V\u00eddeos sobre o per\u00edodo colonial brasileiro. &nbsp; Desmundo, de Alain Fresnot: httpv:\/\/www.youtube.com\/watch?v=oxQe_BeRba0 &nbsp; Caramuru &#8211; A inven\u00e7\u00e3o do Brasil, de Guel Arraes: httpv:\/\/www.youtube.com\/watch?v=h0R5Af2BBiU &nbsp; V\u00eddeos sobre o Padre Ant\u00f4nio Vieira no program De l\u00e1 pra c\u00e1, da TV Brasil: Parte&hellip; <\/p>\n<p><a href=\"http:\/\/www2.unifap.br\/marcospaulo\/disciplinas\/literatura-brasileira-colonial\/videos\/\" class=\"readmore-button\">Continue Reading<\/a><\/p>\n","protected":false},"author":185,"featured_media":0,"parent":45,"menu_order":0,"comment_status":"closed","ping_status":"closed","template":"","meta":{"inline_featured_image":false,"ngg_post_thumbnail":0,"footnotes":""},"class_list":["post-122","page","type-page","status-publish","hentry"],"_links":{"self":[{"href":"http:\/\/www2.unifap.br\/marcospaulo\/wp-json\/wp\/v2\/pages\/122","targetHints":{"allow":["GET"]}}],"collection":[{"href":"http:\/\/www2.unifap.br\/marcospaulo\/wp-json\/wp\/v2\/pages"}],"about":[{"href":"http:\/\/www2.unifap.br\/marcospaulo\/wp-json\/wp\/v2\/types\/page"}],"author":[{"embeddable":true,"href":"http:\/\/www2.unifap.br\/marcospaulo\/wp-json\/wp\/v2\/users\/185"}],"replies":[{"embeddable":true,"href":"http:\/\/www2.unifap.br\/marcospaulo\/wp-json\/wp\/v2\/comments?post=122"}],"version-history":[{"count":10,"href":"http:\/\/www2.unifap.br\/marcospaulo\/wp-json\/wp\/v2\/pages\/122\/revisions"}],"predecessor-version":[{"id":125,"href":"http:\/\/www2.unifap.br\/marcospaulo\/wp-json\/wp\/v2\/pages\/122\/revisions\/125"}],"up":[{"embeddable":true,"href":"http:\/\/www2.unifap.br\/marcospaulo\/wp-json\/wp\/v2\/pages\/45"}],"wp:attachment":[{"href":"http:\/\/www2.unifap.br\/marcospaulo\/wp-json\/wp\/v2\/media?parent=122"}],"curies":[{"name":"wp","href":"https:\/\/api.w.org\/{rel}","templated":true}]}}