{"id":134,"date":"2013-05-26T02:54:03","date_gmt":"2013-05-26T02:54:03","guid":{"rendered":"http:\/\/www2.unifap.br\/marcospaulo\/?page_id=134"},"modified":"2013-06-29T05:57:50","modified_gmt":"2013-06-29T05:57:50","slug":"textos-complementares","status":"publish","type":"page","link":"http:\/\/www2.unifap.br\/marcospaulo\/disciplinas\/literatura-brasileira-colonial\/textos-complementares\/","title":{"rendered":"Textos Complementares"},"content":{"rendered":"<p>Tutorial para produ\u00e7\u00e3o de artigos cient\u00edficos:<\/p>\n<p><a href=\"http:\/\/www2.unifap.br\/marcospaulo\/files\/2013\/05\/Apontamentos-\u00e0-tessitura-de-artigos-cient\u00edficos.pdf\">Apontamentos \u00e0 tessitura de artigos cient\u00edficos<\/a><\/p>\n<p>&nbsp;<\/p>\n<p>Literatura e Sociedade, de Ant\u00f4nio C\u00e2ndido (fonte:\u00a0<a href=\"http:\/\/antimemorias.com\/arquivos_files\/candido01.pdf\">http:\/\/antimemorias.com\/arquivos_files\/candido01.pdf<\/a>)<\/p>\n<p><a href=\"http:\/\/www2.unifap.br\/marcospaulo\/files\/2013\/05\/candido011.pdf\">Literatura e Sociedade<\/a><\/p>\n<p>&nbsp;<\/p>\n<p>Auto de\u00a0Jos\u00e9 de Anchieta<\/p>\n<p><a href=\"http:\/\/www2.unifap.br\/marcospaulo\/files\/2013\/05\/auto.pdf\">Auto Representado na Festa de S\u00e3o Louren\u00e7o<\/a><\/p>\n<p>&nbsp;<\/p>\n<p>Textos sobre a Inquisi\u00e7\u00e3o<\/p>\n<p><a href=\"http:\/\/www2.unifap.br\/marcospaulo\/files\/2013\/05\/AS-BRUXAS-NO-MALLEUS-MALEFICARUM.pdf\">AS BRUXAS NO MALLEUS MALEFICARUM<\/a><\/p>\n<p><a href=\"http:\/\/www2.unifap.br\/marcospaulo\/files\/2013\/05\/O-MAL-DA-BRUXARIA.pdf\">O MAL DA BRUXARIA<\/a><\/p>\n<p><a href=\"http:\/\/www2.unifap.br\/marcospaulo\/files\/2013\/05\/malleus-maleficarum-portugues.pdf\">Malleus Maleficarum <\/a><\/p>\n<p>&nbsp;<\/p>\n<p><span style=\"font-size: 13px;line-height: 19px\">Textos sobre Greg\u00f3rio de Matos:<\/span><\/p>\n<p><a href=\"http:\/\/www2.unifap.br\/marcospaulo\/files\/2013\/05\/Greg\u00f3rio-de-Matos.pdf\">Greg\u00f3rio de Matos<\/a>;<\/p>\n<p><a href=\"http:\/\/www2.unifap.br\/marcospaulo\/files\/2013\/05\/GREG\u00d3RIO-DE-MATOS-O-SAGRADO-E-O-BARROCO.pdf\">Greg\u00f3rio de Matos, o Sagrado e o Barroco<\/a><\/p>\n<p><a href=\"http:\/\/www2.unifap.br\/marcospaulo\/files\/2013\/05\/O-Barroco-no-Brasil-Greg\u00f3rio-de-Matos-e-Vieira.pdf\">O Barroco no Brasil &#8211; Greg\u00f3rio de Matos e Vieira<\/a><\/p>\n<p>&nbsp;<\/p>\n<p>Textos sobre o ris\u00edvel<\/p>\n<p><a href=\"http:\/\/www2.unifap.br\/marcospaulo\/files\/2013\/05\/O-riso-ensaios-sobre-a-significa\u00e7\u00e3o-da-comicidade2.pdf\">O riso &#8211; ensaios sobre a significa\u00e7\u00e3o da comicidade<\/a><\/p>\n<p><a href=\"http:\/\/www2.unifap.br\/marcospaulo\/files\/2013\/05\/O-tr\u00e1gico-e-o-riso-na-arte-da-travessia2.pdf\">O tr\u00e1gico e o riso na arte da travessia<\/a><\/p>\n<p><a href=\"http:\/\/www2.unifap.br\/marcospaulo\/files\/2013\/05\/As-v\u00e1rias-faces-do-riso.pdf\">As v\u00e1rias faces do riso<\/a><\/p>\n","protected":false},"excerpt":{"rendered":"<p>Tutorial para produ\u00e7\u00e3o de artigos cient\u00edficos: Apontamentos \u00e0 tessitura de artigos cient\u00edficos &nbsp; Literatura e Sociedade, de Ant\u00f4nio C\u00e2ndido (fonte:\u00a0http:\/\/antimemorias.com\/arquivos_files\/candido01.pdf) Literatura e Sociedade &nbsp; Auto de\u00a0Jos\u00e9 de Anchieta Auto Representado na Festa de S\u00e3o Louren\u00e7o &nbsp; Textos sobre a Inquisi\u00e7\u00e3o&hellip; <\/p>\n<p><a href=\"http:\/\/www2.unifap.br\/marcospaulo\/disciplinas\/literatura-brasileira-colonial\/textos-complementares\/\" class=\"readmore-button\">Continue Reading<\/a><\/p>\n","protected":false},"author":185,"featured_media":0,"parent":45,"menu_order":0,"comment_status":"open","ping_status":"open","template":"","meta":{"inline_featured_image":false,"ngg_post_thumbnail":0,"footnotes":""},"class_list":["post-134","page","type-page","status-publish","hentry"],"_links":{"self":[{"href":"http:\/\/www2.unifap.br\/marcospaulo\/wp-json\/wp\/v2\/pages\/134","targetHints":{"allow":["GET"]}}],"collection":[{"href":"http:\/\/www2.unifap.br\/marcospaulo\/wp-json\/wp\/v2\/pages"}],"about":[{"href":"http:\/\/www2.unifap.br\/marcospaulo\/wp-json\/wp\/v2\/types\/page"}],"author":[{"embeddable":true,"href":"http:\/\/www2.unifap.br\/marcospaulo\/wp-json\/wp\/v2\/users\/185"}],"replies":[{"embeddable":true,"href":"http:\/\/www2.unifap.br\/marcospaulo\/wp-json\/wp\/v2\/comments?post=134"}],"version-history":[{"count":11,"href":"http:\/\/www2.unifap.br\/marcospaulo\/wp-json\/wp\/v2\/pages\/134\/revisions"}],"predecessor-version":[{"id":148,"href":"http:\/\/www2.unifap.br\/marcospaulo\/wp-json\/wp\/v2\/pages\/134\/revisions\/148"}],"up":[{"embeddable":true,"href":"http:\/\/www2.unifap.br\/marcospaulo\/wp-json\/wp\/v2\/pages\/45"}],"wp:attachment":[{"href":"http:\/\/www2.unifap.br\/marcospaulo\/wp-json\/wp\/v2\/media?parent=134"}],"curies":[{"name":"wp","href":"https:\/\/api.w.org\/{rel}","templated":true}]}}