{"id":138,"date":"2013-05-26T02:57:18","date_gmt":"2013-05-26T02:57:18","guid":{"rendered":"http:\/\/www2.unifap.br\/marcospaulo\/?page_id=138"},"modified":"2013-06-20T13:36:22","modified_gmt":"2013-06-20T13:36:22","slug":"textos-complementares","status":"publish","type":"page","link":"http:\/\/www2.unifap.br\/marcospaulo\/disciplinas\/estagio-supervisionado-em-lingua-materna-ii\/textos-complementares\/","title":{"rendered":"Textos Complementares"},"content":{"rendered":"<p><span style=\"font-size: 13px;line-height: 19px\">Instrumentais de diagn\u00f3stico escolar:<\/span><\/p>\n<p>Leitura dos estudantes:\u00a0<a href=\"http:\/\/www2.unifap.br\/marcospaulo\/files\/2013\/05\/INSTRUMENTAL-DE-DIAGN\u00d3STICO-ESCOLAR-ACERCA-DA-LEITURA.pdf\">INSTRUMENTAL DE DIAGN\u00d3STICO ESCOLAR ACERCA DA LEITURA<\/a><\/p>\n<p>Leitura dos professores:\u00a0<a href=\"http:\/\/www2.unifap.br\/marcospaulo\/files\/2013\/05\/INSTRUMENTAL-DE-DIAGN\u00d3STICO-ESCOLAR-ACERCA-DA-LEITURA.Professor.pdf\">INSTRUMENTAL DE DIAGN\u00d3STICO ESCOLAR ACERCA DA LEITURA.Professor<\/a><\/p>\n<p>&nbsp;<\/p>\n<p>Textos complementares:<\/p>\n<p><a href=\"http:\/\/www2.unifap.br\/marcospaulo\/files\/2013\/05\/GuiaPNLD2012_LINGUAPORTUGUESA1.pdf\">GuiaPNLD2012_LINGUAPORTUGUESA<\/a><\/p>\n<p><a href=\"http:\/\/www2.unifap.br\/marcospaulo\/files\/2013\/05\/Par\u00e2metros-Curriculares-do-Ensino-M\u00e9dio-de-Linguagens-e-C\u00f3digos1.pdf\">Par\u00e2metros Curriculares do Ensino M\u00e9dio de Linguagens e C\u00f3digos<\/a><\/p>\n<p><a href=\"http:\/\/www2.unifap.br\/marcospaulo\/files\/2013\/05\/matriz_referencia_enem2.pdf\">matriz_referencia_enem<\/a><\/p>\n<p><a href=\"http:\/\/www2.unifap.br\/marcospaulo\/files\/2013\/05\/Orienta\u00e7\u00f5es-Curriculares-Ensino-M\u00e9dio1.pdf\">Orienta\u00e7\u00f5es Curriculares Ensino M\u00e9dio<\/a><\/p>\n<p>&nbsp;<\/p>\n","protected":false},"excerpt":{"rendered":"<p>Instrumentais de diagn\u00f3stico escolar: Leitura dos estudantes:\u00a0INSTRUMENTAL DE DIAGN\u00d3STICO ESCOLAR ACERCA DA LEITURA Leitura dos professores:\u00a0INSTRUMENTAL DE DIAGN\u00d3STICO ESCOLAR ACERCA DA LEITURA.Professor &nbsp; Textos complementares: GuiaPNLD2012_LINGUAPORTUGUESA Par\u00e2metros Curriculares do Ensino M\u00e9dio de Linguagens e C\u00f3digos matriz_referencia_enem Orienta\u00e7\u00f5es Curriculares Ensino M\u00e9dio&hellip; <\/p>\n<p><a href=\"http:\/\/www2.unifap.br\/marcospaulo\/disciplinas\/estagio-supervisionado-em-lingua-materna-ii\/textos-complementares\/\" class=\"readmore-button\">Continue Reading<\/a><\/p>\n","protected":false},"author":185,"featured_media":0,"parent":37,"menu_order":0,"comment_status":"open","ping_status":"open","template":"","meta":{"inline_featured_image":false,"ngg_post_thumbnail":0,"footnotes":""},"class_list":["post-138","page","type-page","status-publish","hentry"],"_links":{"self":[{"href":"http:\/\/www2.unifap.br\/marcospaulo\/wp-json\/wp\/v2\/pages\/138","targetHints":{"allow":["GET"]}}],"collection":[{"href":"http:\/\/www2.unifap.br\/marcospaulo\/wp-json\/wp\/v2\/pages"}],"about":[{"href":"http:\/\/www2.unifap.br\/marcospaulo\/wp-json\/wp\/v2\/types\/page"}],"author":[{"embeddable":true,"href":"http:\/\/www2.unifap.br\/marcospaulo\/wp-json\/wp\/v2\/users\/185"}],"replies":[{"embeddable":true,"href":"http:\/\/www2.unifap.br\/marcospaulo\/wp-json\/wp\/v2\/comments?post=138"}],"version-history":[{"count":5,"href":"http:\/\/www2.unifap.br\/marcospaulo\/wp-json\/wp\/v2\/pages\/138\/revisions"}],"predecessor-version":[{"id":315,"href":"http:\/\/www2.unifap.br\/marcospaulo\/wp-json\/wp\/v2\/pages\/138\/revisions\/315"}],"up":[{"embeddable":true,"href":"http:\/\/www2.unifap.br\/marcospaulo\/wp-json\/wp\/v2\/pages\/37"}],"wp:attachment":[{"href":"http:\/\/www2.unifap.br\/marcospaulo\/wp-json\/wp\/v2\/media?parent=138"}],"curies":[{"name":"wp","href":"https:\/\/api.w.org\/{rel}","templated":true}]}}