{"id":144,"date":"2013-05-26T03:04:48","date_gmt":"2013-05-26T03:04:48","guid":{"rendered":"http:\/\/www2.unifap.br\/marcospaulo\/?page_id=144"},"modified":"2013-06-18T00:52:02","modified_gmt":"2013-06-18T00:52:02","slug":"apresentacoes-em-power-point","status":"publish","type":"page","link":"http:\/\/www2.unifap.br\/marcospaulo\/disciplinas\/literatura-brasileira-colonial\/apresentacoes-em-power-point\/","title":{"rendered":"Apresenta\u00e7\u00f5es em Power Point"},"content":{"rendered":"<p>Apresenta\u00e7\u00f5es em Power Point<\/p>\n<p>Aula do dia 10\/06\/13:\u00a0<a href=\"http:\/\/www2.unifap.br\/marcospaulo\/files\/2013\/05\/LitBrasCol.pp011.pptx\">LitBrasCol.pp01<\/a><\/p>\n<p>Aula do dia 17\/06\/13:\u00a0<a href=\"http:\/\/www2.unifap.br\/marcospaulo\/files\/2013\/05\/LitBrasCol.pp02.pptx\">LitBrasCol.pp02<\/a><\/p>\n<p>&nbsp;<\/p>\n<p>&nbsp;<\/p>\n","protected":false},"excerpt":{"rendered":"<p>Apresenta\u00e7\u00f5es em Power Point Aula do dia 10\/06\/13:\u00a0LitBrasCol.pp01 Aula do dia 17\/06\/13:\u00a0LitBrasCol.pp02 &nbsp; &nbsp;<\/p>\n","protected":false},"author":185,"featured_media":0,"parent":45,"menu_order":0,"comment_status":"open","ping_status":"open","template":"","meta":{"inline_featured_image":false,"ngg_post_thumbnail":0,"footnotes":""},"class_list":["post-144","page","type-page","status-publish","hentry"],"_links":{"self":[{"href":"http:\/\/www2.unifap.br\/marcospaulo\/wp-json\/wp\/v2\/pages\/144","targetHints":{"allow":["GET"]}}],"collection":[{"href":"http:\/\/www2.unifap.br\/marcospaulo\/wp-json\/wp\/v2\/pages"}],"about":[{"href":"http:\/\/www2.unifap.br\/marcospaulo\/wp-json\/wp\/v2\/types\/page"}],"author":[{"embeddable":true,"href":"http:\/\/www2.unifap.br\/marcospaulo\/wp-json\/wp\/v2\/users\/185"}],"replies":[{"embeddable":true,"href":"http:\/\/www2.unifap.br\/marcospaulo\/wp-json\/wp\/v2\/comments?post=144"}],"version-history":[{"count":4,"href":"http:\/\/www2.unifap.br\/marcospaulo\/wp-json\/wp\/v2\/pages\/144\/revisions"}],"predecessor-version":[{"id":307,"href":"http:\/\/www2.unifap.br\/marcospaulo\/wp-json\/wp\/v2\/pages\/144\/revisions\/307"}],"up":[{"embeddable":true,"href":"http:\/\/www2.unifap.br\/marcospaulo\/wp-json\/wp\/v2\/pages\/45"}],"wp:attachment":[{"href":"http:\/\/www2.unifap.br\/marcospaulo\/wp-json\/wp\/v2\/media?parent=144"}],"curies":[{"name":"wp","href":"https:\/\/api.w.org\/{rel}","templated":true}]}}