{"id":16,"date":"2013-05-24T10:55:49","date_gmt":"2013-05-24T10:55:49","guid":{"rendered":"http:\/\/www2.unifap.br\/marcospaulo\/?page_id=16"},"modified":"2013-06-06T03:03:35","modified_gmt":"2013-06-06T03:03:35","slug":"didatica-da-lingua-materna-iii","status":"publish","type":"page","link":"http:\/\/www2.unifap.br\/marcospaulo\/disciplinas\/didatica-da-lingua-materna-iii\/","title":{"rendered":"Did\u00e1tica da L\u00edngua Materna III"},"content":{"rendered":"<p>Nesta disciplina, busca-se favorecer o desenvolvimento de atividades para o ensino da literatura como objeto de forma\u00e7\u00e3o de um leitor liter\u00e1rio. Para isso parte-se da an\u00e1lise dos documentos oficiais (Par\u00e2metros Curriculares Nacionais voltados para o Ensino Fundamental e M\u00e9dio e Orienta\u00e7\u00f5es Curriculares Nacionais do Ensino M\u00e9dio), tomando como ponto de refer\u00eancia comparativa livros did\u00e1ticos de Portugu\u00eas do Ensino Fundamental e M\u00e9dio, focalizando o trabalho com a esfera liter\u00e1ria.<\/p>\n","protected":false},"excerpt":{"rendered":"<p>Nesta disciplina, busca-se favorecer o desenvolvimento de atividades para o ensino da literatura como objeto de forma\u00e7\u00e3o de um leitor liter\u00e1rio. Para isso parte-se da an\u00e1lise dos documentos oficiais (Par\u00e2metros Curriculares Nacionais voltados para o Ensino Fundamental e M\u00e9dio e&hellip; <\/p>\n<p><a href=\"http:\/\/www2.unifap.br\/marcospaulo\/disciplinas\/didatica-da-lingua-materna-iii\/\" class=\"readmore-button\">Continue Reading<\/a><\/p>\n","protected":false},"author":185,"featured_media":0,"parent":13,"menu_order":0,"comment_status":"open","ping_status":"open","template":"","meta":{"inline_featured_image":false,"ngg_post_thumbnail":0,"footnotes":""},"class_list":["post-16","page","type-page","status-publish","hentry"],"_links":{"self":[{"href":"http:\/\/www2.unifap.br\/marcospaulo\/wp-json\/wp\/v2\/pages\/16","targetHints":{"allow":["GET"]}}],"collection":[{"href":"http:\/\/www2.unifap.br\/marcospaulo\/wp-json\/wp\/v2\/pages"}],"about":[{"href":"http:\/\/www2.unifap.br\/marcospaulo\/wp-json\/wp\/v2\/types\/page"}],"author":[{"embeddable":true,"href":"http:\/\/www2.unifap.br\/marcospaulo\/wp-json\/wp\/v2\/users\/185"}],"replies":[{"embeddable":true,"href":"http:\/\/www2.unifap.br\/marcospaulo\/wp-json\/wp\/v2\/comments?post=16"}],"version-history":[{"count":3,"href":"http:\/\/www2.unifap.br\/marcospaulo\/wp-json\/wp\/v2\/pages\/16\/revisions"}],"predecessor-version":[{"id":186,"href":"http:\/\/www2.unifap.br\/marcospaulo\/wp-json\/wp\/v2\/pages\/16\/revisions\/186"}],"up":[{"embeddable":true,"href":"http:\/\/www2.unifap.br\/marcospaulo\/wp-json\/wp\/v2\/pages\/13"}],"wp:attachment":[{"href":"http:\/\/www2.unifap.br\/marcospaulo\/wp-json\/wp\/v2\/media?parent=16"}],"curies":[{"name":"wp","href":"https:\/\/api.w.org\/{rel}","templated":true}]}}