{"id":18,"date":"2013-05-24T10:56:24","date_gmt":"2013-05-24T10:56:24","guid":{"rendered":"http:\/\/www2.unifap.br\/marcospaulo\/?page_id=18"},"modified":"2013-06-24T19:29:45","modified_gmt":"2013-06-24T19:29:45","slug":"textos-de-referencia","status":"publish","type":"page","link":"http:\/\/www2.unifap.br\/marcospaulo\/disciplinas\/didatica-da-lingua-materna-iii\/textos-de-referencia\/","title":{"rendered":"Textos Complementares"},"content":{"rendered":"<p>A Revista L\u00edngua Portuguesa publicou artigo intitulado &#8220;Pol\u00eamica Instant\u00e2nea&#8221; sobre as provas de reda\u00e7\u00e3o do ENEM 2012.<\/p>\n<p>Confira:\u00a0<a href=\"http:\/\/www2.unifap.br\/marcospaulo\/files\/2013\/05\/ENEM-POL\u00caMICA-INSTANT\u00c2NEA2.pdf\">ENEM &#8211; POL\u00caMICA INSTANT\u00c2NEA<\/a><\/p>\n<p>&nbsp;<\/p>\n<p>Para refer\u00eancia de estudos, seguem em anexo:<\/p>\n<p><a href=\"http:\/\/www2.unifap.br\/marcospaulo\/files\/2013\/05\/EDUCA\u00c7\u00c3O-INTEGRAL-E-INTEGRADA-\u2013-NOVOS-TEMPOS-ESPA\u00c7OS-E-OPORTUNIDADES-EDUCATIVAS.pdf\">EDUCA\u00c7\u00c3O INTEGRAL E INTEGRADA \u2013 NOVOS TEMPOS, ESPA\u00c7OS E OPORTUNIDADES EDUCATIVAS<\/a><\/p>\n<p><a href=\"http:\/\/www2.unifap.br\/marcospaulo\/files\/2013\/05\/ensino_medioinovador.pdf\">Ensino M\u00e9dio Inovador<\/a><\/p>\n<p><a href=\"http:\/\/www2.unifap.br\/marcospaulo\/files\/2013\/05\/GuiaPNLD2012_LINGUAPORTUGUESA.pdf\">Guia PNLD 2012-L\u00edngua Portuguesa<\/a><\/p>\n<p><a href=\"http:\/\/www2.unifap.br\/marcospaulo\/files\/2013\/05\/matriz_referencia_enem1.pdf\">Matriz de Referencia do ENEM<\/a><\/p>\n<p><a href=\"http:\/\/www2.unifap.br\/marcospaulo\/files\/2013\/05\/Orienta\u00e7\u00f5es-Curriculares-Ensino-M\u00e9dio.pdf\">Orienta\u00e7\u00f5es Curriculares Ensino M\u00e9dio<\/a><\/p>\n<p><a href=\"http:\/\/www2.unifap.br\/marcospaulo\/files\/2013\/05\/Par\u00e2metros-Curriculares-Nacionais-de-L\u00edngua-Portuguesa-3\u00ba-e-4\u00ba-Ciclos.pdf\">Par\u00e2metros Curriculares Nacionais de L\u00edngua Portuguesa 3\u00ba e 4\u00ba Ciclos<\/a><\/p>\n<p><a href=\"http:\/\/www2.unifap.br\/marcospaulo\/files\/2013\/05\/Par\u00e2metros-Curriculares-do-Ensino-M\u00e9dio-de-Linguagens-e-C\u00f3digos.pdf\">Par\u00e2metros Curriculares do Ensino M\u00e9dio de Linguagens e C\u00f3digos<\/a><\/p>\n<p>&nbsp;<\/p>\n<p>Tutorial para produ\u00e7\u00e3o de artigos cient\u00edficos:<\/p>\n<p><a href=\"http:\/\/www2.unifap.br\/marcospaulo\/files\/2013\/05\/Apontamentos-\u00e0-tessitura-de-artigos-cient\u00edficos2.pdf\">Apontamentos \u00e0 tessitura de artigos cient\u00edficos<\/a><\/p>\n<p>&nbsp;<\/p>\n","protected":false},"excerpt":{"rendered":"<p>A Revista L\u00edngua Portuguesa publicou artigo intitulado &#8220;Pol\u00eamica Instant\u00e2nea&#8221; sobre as provas de reda\u00e7\u00e3o do ENEM 2012. Confira:\u00a0ENEM &#8211; POL\u00caMICA INSTANT\u00c2NEA &nbsp; Para refer\u00eancia de estudos, seguem em anexo: EDUCA\u00c7\u00c3O INTEGRAL E INTEGRADA \u2013 NOVOS TEMPOS, ESPA\u00c7OS E OPORTUNIDADES EDUCATIVAS&hellip; <\/p>\n<p><a href=\"http:\/\/www2.unifap.br\/marcospaulo\/disciplinas\/didatica-da-lingua-materna-iii\/textos-de-referencia\/\" class=\"readmore-button\">Continue Reading<\/a><\/p>\n","protected":false},"author":185,"featured_media":0,"parent":16,"menu_order":0,"comment_status":"open","ping_status":"open","template":"","meta":{"inline_featured_image":false,"ngg_post_thumbnail":0,"footnotes":""},"class_list":["post-18","page","type-page","status-publish","hentry"],"_links":{"self":[{"href":"http:\/\/www2.unifap.br\/marcospaulo\/wp-json\/wp\/v2\/pages\/18","targetHints":{"allow":["GET"]}}],"collection":[{"href":"http:\/\/www2.unifap.br\/marcospaulo\/wp-json\/wp\/v2\/pages"}],"about":[{"href":"http:\/\/www2.unifap.br\/marcospaulo\/wp-json\/wp\/v2\/types\/page"}],"author":[{"embeddable":true,"href":"http:\/\/www2.unifap.br\/marcospaulo\/wp-json\/wp\/v2\/users\/185"}],"replies":[{"embeddable":true,"href":"http:\/\/www2.unifap.br\/marcospaulo\/wp-json\/wp\/v2\/comments?post=18"}],"version-history":[{"count":12,"href":"http:\/\/www2.unifap.br\/marcospaulo\/wp-json\/wp\/v2\/pages\/18\/revisions"}],"predecessor-version":[{"id":35,"href":"http:\/\/www2.unifap.br\/marcospaulo\/wp-json\/wp\/v2\/pages\/18\/revisions\/35"}],"up":[{"embeddable":true,"href":"http:\/\/www2.unifap.br\/marcospaulo\/wp-json\/wp\/v2\/pages\/16"}],"wp:attachment":[{"href":"http:\/\/www2.unifap.br\/marcospaulo\/wp-json\/wp\/v2\/media?parent=18"}],"curies":[{"name":"wp","href":"https:\/\/api.w.org\/{rel}","templated":true}]}}