{"id":21,"date":"2013-05-24T10:57:41","date_gmt":"2013-05-24T10:57:41","guid":{"rendered":"http:\/\/www2.unifap.br\/marcospaulo\/?page_id=21"},"modified":"2013-06-06T03:20:41","modified_gmt":"2013-06-06T03:20:41","slug":"literatura-portuguesa-medieval","status":"publish","type":"page","link":"http:\/\/www2.unifap.br\/marcospaulo\/disciplinas\/literatura-portuguesa-medieval\/","title":{"rendered":"Literatura Portuguesa Medieval"},"content":{"rendered":"<p>Origem e periodiza\u00e7\u00e3o da Literatura Portuguesa. A Literatura Portuguesa Medieval: a poesia trovadoresca e a po\u00e9tica dos cancioneiros. O nascimento da prosa liter\u00e1ria: os croni\u00e7\u00f5es e as novelas de cavalaria. A literatura do s\u00e9c. XV: O cancioneiro geral. A evolu\u00e7\u00e3o da prosa quinhentista: a cr\u00f4nica palaciana. O Teatro Vicentino.<\/p>\n","protected":false},"excerpt":{"rendered":"<p>Origem e periodiza\u00e7\u00e3o da Literatura Portuguesa. A Literatura Portuguesa Medieval: a poesia trovadoresca e a po\u00e9tica dos cancioneiros. O nascimento da prosa liter\u00e1ria: os croni\u00e7\u00f5es e as novelas de cavalaria. A literatura do s\u00e9c. XV: O cancioneiro geral. A evolu\u00e7\u00e3o&hellip; <\/p>\n<p><a href=\"http:\/\/www2.unifap.br\/marcospaulo\/disciplinas\/literatura-portuguesa-medieval\/\" class=\"readmore-button\">Continue Reading<\/a><\/p>\n","protected":false},"author":185,"featured_media":0,"parent":13,"menu_order":0,"comment_status":"open","ping_status":"open","template":"","meta":{"inline_featured_image":false,"ngg_post_thumbnail":0,"footnotes":""},"class_list":["post-21","page","type-page","status-publish","hentry"],"_links":{"self":[{"href":"http:\/\/www2.unifap.br\/marcospaulo\/wp-json\/wp\/v2\/pages\/21","targetHints":{"allow":["GET"]}}],"collection":[{"href":"http:\/\/www2.unifap.br\/marcospaulo\/wp-json\/wp\/v2\/pages"}],"about":[{"href":"http:\/\/www2.unifap.br\/marcospaulo\/wp-json\/wp\/v2\/types\/page"}],"author":[{"embeddable":true,"href":"http:\/\/www2.unifap.br\/marcospaulo\/wp-json\/wp\/v2\/users\/185"}],"replies":[{"embeddable":true,"href":"http:\/\/www2.unifap.br\/marcospaulo\/wp-json\/wp\/v2\/comments?post=21"}],"version-history":[{"count":2,"href":"http:\/\/www2.unifap.br\/marcospaulo\/wp-json\/wp\/v2\/pages\/21\/revisions"}],"predecessor-version":[{"id":191,"href":"http:\/\/www2.unifap.br\/marcospaulo\/wp-json\/wp\/v2\/pages\/21\/revisions\/191"}],"up":[{"embeddable":true,"href":"http:\/\/www2.unifap.br\/marcospaulo\/wp-json\/wp\/v2\/pages\/13"}],"wp:attachment":[{"href":"http:\/\/www2.unifap.br\/marcospaulo\/wp-json\/wp\/v2\/media?parent=21"}],"curies":[{"name":"wp","href":"https:\/\/api.w.org\/{rel}","templated":true}]}}