{"id":24,"date":"2013-05-24T11:08:33","date_gmt":"2013-05-24T11:08:33","guid":{"rendered":"http:\/\/www2.unifap.br\/marcospaulo\/?page_id=24"},"modified":"2013-08-21T21:58:17","modified_gmt":"2013-08-21T21:58:17","slug":"apresentacoes-em-power-point","status":"publish","type":"page","link":"http:\/\/www2.unifap.br\/marcospaulo\/disciplinas\/didatica-da-lingua-materna-iii\/apresentacoes-em-power-point\/","title":{"rendered":"Apresenta\u00e7\u00f5es em Power Point"},"content":{"rendered":"<p>Aqui voc\u00ea encontrar\u00e1 as apresenta\u00e7\u00f5es em Power Point que foram empregados em sala.<\/p>\n<p>Dia 05\/06\/13:\u00a0<a href=\"http:\/\/www2.unifap.br\/marcospaulo\/files\/2013\/05\/DLM-III.power-point-1.pptx\">DLM III.power point 1<\/a>;<\/p>\n<p>Dia 11\/06\/13:\u00a0<a href=\"http:\/\/www2.unifap.br\/marcospaulo\/files\/2013\/05\/DLM-III.power-point-21.pptx\">DLM III.power point 2<\/a><\/p>\n<p>Dia 14\/08\/13:\u00a0<a href=\"http:\/\/www2.unifap.br\/marcospaulo\/files\/2013\/05\/DLM-III.power-point-3.-Livro-did\u00e1tico-de-literatura1.pptx\">DLM III.power point 3. Livro did\u00e1tico de literatura<\/a><\/p>\n<p>Dia 21\/08\/13:\u00a0<a href=\"http:\/\/www2.unifap.br\/marcospaulo\/files\/2013\/05\/DLM-III.power-point-4.-Professor-como-mediador1.pptx\">DLM III.power point 4. Professor como mediador<\/a><\/p>\n","protected":false},"excerpt":{"rendered":"<p>Aqui voc\u00ea encontrar\u00e1 as apresenta\u00e7\u00f5es em Power Point que foram empregados em sala. Dia 05\/06\/13:\u00a0DLM III.power point 1; Dia 11\/06\/13:\u00a0DLM III.power point 2 Dia 14\/08\/13:\u00a0DLM III.power point 3. Livro did\u00e1tico de literatura Dia 21\/08\/13:\u00a0DLM III.power point 4. Professor como mediador<\/p>\n","protected":false},"author":185,"featured_media":0,"parent":16,"menu_order":0,"comment_status":"open","ping_status":"open","template":"","meta":{"inline_featured_image":false,"ngg_post_thumbnail":0,"footnotes":""},"class_list":["post-24","page","type-page","status-publish","hentry"],"_links":{"self":[{"href":"http:\/\/www2.unifap.br\/marcospaulo\/wp-json\/wp\/v2\/pages\/24","targetHints":{"allow":["GET"]}}],"collection":[{"href":"http:\/\/www2.unifap.br\/marcospaulo\/wp-json\/wp\/v2\/pages"}],"about":[{"href":"http:\/\/www2.unifap.br\/marcospaulo\/wp-json\/wp\/v2\/types\/page"}],"author":[{"embeddable":true,"href":"http:\/\/www2.unifap.br\/marcospaulo\/wp-json\/wp\/v2\/users\/185"}],"replies":[{"embeddable":true,"href":"http:\/\/www2.unifap.br\/marcospaulo\/wp-json\/wp\/v2\/comments?post=24"}],"version-history":[{"count":6,"href":"http:\/\/www2.unifap.br\/marcospaulo\/wp-json\/wp\/v2\/pages\/24\/revisions"}],"predecessor-version":[{"id":26,"href":"http:\/\/www2.unifap.br\/marcospaulo\/wp-json\/wp\/v2\/pages\/24\/revisions\/26"}],"up":[{"embeddable":true,"href":"http:\/\/www2.unifap.br\/marcospaulo\/wp-json\/wp\/v2\/pages\/16"}],"wp:attachment":[{"href":"http:\/\/www2.unifap.br\/marcospaulo\/wp-json\/wp\/v2\/media?parent=24"}],"curies":[{"name":"wp","href":"https:\/\/api.w.org\/{rel}","templated":true}]}}