{"id":27,"date":"2013-05-24T11:10:17","date_gmt":"2013-05-24T11:10:17","guid":{"rendered":"http:\/\/www2.unifap.br\/marcospaulo\/?page_id=27"},"modified":"2013-07-01T19:47:41","modified_gmt":"2013-07-01T19:47:41","slug":"textos-de-referencia","status":"publish","type":"page","link":"http:\/\/www2.unifap.br\/marcospaulo\/disciplinas\/literatura-portuguesa-medieval\/textos-de-referencia\/","title":{"rendered":"Textos Complementares"},"content":{"rendered":"<p>Tutorial para a produ\u00e7\u00e3o de artigos cient\u00edficos:<\/p>\n<p><a href=\"http:\/\/www2.unifap.br\/marcospaulo\/files\/2013\/05\/Apontamentos-\u00e0-tessitura-de-artigos-cient\u00edficos1.pdf\">Apontamentos \u00e0 tessitura de artigos cient\u00edficos<\/a><\/p>\n<p>De David Chauvel e Jerone Lereculey, <em>Arthur, uma epopeia celta<\/em>, uma das adapta\u00e7\u00f5es mais fi\u00e9is ao ciclo arthuriano:<br \/>\n<a href=\"http:\/\/www2.unifap.br\/marcospaulo\/files\/2013\/05\/Arthur-Uma-Epop\u00e9ia-Celta-1-de-7-Merlin-O-Louco.pdf\"><\/a><\/p>\n<p><a href=\"http:\/\/www2.unifap.br\/marcospaulo\/files\/2013\/05\/Arthur-Uma-Epop\u00e9ia-Celta-1-de-7-Merlin-O-Louco.pdf\">Arthur &#8211; Uma Epop\u00e9ia Celta 1 de 7 &#8211; Merlin, O Louco<\/a><\/p>\n<p>&nbsp;<\/p>\n<p>Textos cr\u00edticos:<\/p>\n<p><a href=\"http:\/\/www2.unifap.br\/marcospaulo\/files\/2013\/05\/O-ensino-de-Hist\u00f3ria-Medieval-pelos-quadrinhos.pdf\">O ensino de Hist\u00f3ria Medieval pelos quadrinhos<\/a><\/p>\n<p><a href=\"http:\/\/www2.unifap.br\/marcospaulo\/files\/2013\/05\/Uma-leitura-de-Trist\u00e3o-e-Isolda-\u00e0-luz-da-cr\u00edtica-feminina.pdf\">Uma leitura de Trist\u00e3o e Isolda \u00e0 luz da cr\u00edtica feminina<\/a><\/p>\n<p><a href=\"http:\/\/www2.unifap.br\/marcospaulo\/files\/2013\/05\/11298-16222-1-PB.pdf\">Entre o amor e a cavalaria<\/a><\/p>\n<p><a href=\"http:\/\/www2.unifap.br\/marcospaulo\/files\/2013\/05\/Ensaios-Arturianos.pdf\">Ensaios Arturianos<\/a><\/p>\n<p><a href=\"http:\/\/www2.unifap.br\/marcospaulo\/files\/2013\/05\/Cantiga-de-Esc\u00e1rnio-Galego-Portuguesa-Sociologia-ou-Po\u00e9tica.pdf\">Cantiga de Esc\u00e1rnio Galego-Portuguesa &#8211; Sociologia ou Po\u00e9tica<\/a> (Refer\u00eancia: OS\u00d3RIO, Jorge Alves. in.:\u00a0<a href=\"http:\/\/repositorio-aberto.up.pt\/bitstream\/10216\/8677\/2\/2538.pdf\">http:\/\/repositorio-aberto.up.pt\/bitstream\/10216\/8677\/2\/2538.pdf<\/a> acessado em 26\/06\/2013)<\/p>\n<p>&nbsp;<\/p>\n<p>Textos sobre ris\u00edvel<\/p>\n<p><a href=\"http:\/\/www2.unifap.br\/marcospaulo\/files\/2013\/05\/O-riso-ensaios-sobre-a-significa\u00e7\u00e3o-da-comicidade.pdf\">O riso &#8211; ensaios sobre a significa\u00e7\u00e3o da comicidade<\/a><\/p>\n<p><a href=\"http:\/\/www2.unifap.br\/marcospaulo\/files\/2013\/05\/Riso-Ritual-Cultos-Pag\u00e3os-e-Moral-Crist\u00e3-na-Alta_Idade-Media.pdf\">Riso Ritual Cultos Pag\u00e3os e Moral Crist\u00e3 na Alta_Idade Media<\/a><\/p>\n<p><a href=\"http:\/\/www2.unifap.br\/marcospaulo\/files\/2013\/05\/O-tr\u00e1gico-e-o-riso-na-arte-da-travessia.pdf\">O tr\u00e1gico e o riso na arte da travessia<\/a><\/p>\n<p><a href=\"http:\/\/www2.unifap.br\/marcospaulo\/files\/2013\/05\/As-v\u00e1rias-faces-do-riso1.pdf\">As v\u00e1rias faces do riso<\/a><\/p>\n<p>&nbsp;<\/p>\n<p>Textos sobre a Inquisi\u00e7\u00e3o<\/p>\n<p><a href=\"http:\/\/www2.unifap.br\/marcospaulo\/files\/2013\/05\/malleus-maleficarum-portugues1.pdf\">Malleus Maleficarum<\/a><\/p>\n<p><a href=\"http:\/\/www2.unifap.br\/marcospaulo\/files\/2013\/05\/AS-BRUXAS-NO-MALLEUS-MALEFICARUM1.pdf\">AS BRUXAS NO MALLEUS MALEFICARUM<\/a><\/p>\n<p><a href=\"http:\/\/www2.unifap.br\/marcospaulo\/files\/2013\/05\/O-MAL-DA-BRUXARIA1.pdf\">O MAL DA BRUXARIA<\/a><\/p>\n<p>&nbsp;<\/p>\n<p>Textos sobre os vikings<\/p>\n<p><a href=\"http:\/\/www2.unifap.br\/marcospaulo\/files\/2013\/05\/O-ensino-de-Hist\u00f3ria-Medieval-pelos-quadrinhos1.pdf\">O ensino de Hist\u00f3ria Medieval pelos quadrinhos<\/a><\/p>\n<p><a href=\"http:\/\/www2.unifap.br\/marcospaulo\/files\/2013\/05\/OS-VIKINGS-E-O-ESTERE\u00d3TIPO-DO-B\u00c1RBARO.pdf\">OS VIKINGS E O ESTERE\u00d3TIPO DO B\u00c1RBARO<\/a><\/p>\n<p><a href=\"http:\/\/www2.unifap.br\/marcospaulo\/files\/2013\/05\/simbolos-religiosos-vikings1.pdf\">S\u00edmbolos religiosos vikings<\/a><\/p>\n<p><a href=\"http:\/\/www2.unifap.br\/marcospaulo\/files\/2013\/05\/Dialnet-BrindandoAosDeuses-3970547.pdf\">BRINDANDO AOS DEUSES: REPRESENTA\u00c7\u00d5ES DE BEBIDAS NA ERA VIKING, NO CINEMA E NOS QUADRINHOS<\/a><\/p>\n<p>&nbsp;<\/p>\n","protected":false},"excerpt":{"rendered":"<p>Tutorial para a produ\u00e7\u00e3o de artigos cient\u00edficos: Apontamentos \u00e0 tessitura de artigos cient\u00edficos De David Chauvel e Jerone Lereculey, Arthur, uma epopeia celta, uma das adapta\u00e7\u00f5es mais fi\u00e9is ao ciclo arthuriano: Arthur &#8211; Uma Epop\u00e9ia Celta 1 de 7 &#8211;&hellip; <\/p>\n<p><a href=\"http:\/\/www2.unifap.br\/marcospaulo\/disciplinas\/literatura-portuguesa-medieval\/textos-de-referencia\/\" class=\"readmore-button\">Continue Reading<\/a><\/p>\n","protected":false},"author":185,"featured_media":0,"parent":21,"menu_order":0,"comment_status":"open","ping_status":"open","template":"","meta":{"inline_featured_image":false,"ngg_post_thumbnail":0,"footnotes":""},"class_list":["post-27","page","type-page","status-publish","hentry"],"_links":{"self":[{"href":"http:\/\/www2.unifap.br\/marcospaulo\/wp-json\/wp\/v2\/pages\/27","targetHints":{"allow":["GET"]}}],"collection":[{"href":"http:\/\/www2.unifap.br\/marcospaulo\/wp-json\/wp\/v2\/pages"}],"about":[{"href":"http:\/\/www2.unifap.br\/marcospaulo\/wp-json\/wp\/v2\/types\/page"}],"author":[{"embeddable":true,"href":"http:\/\/www2.unifap.br\/marcospaulo\/wp-json\/wp\/v2\/users\/185"}],"replies":[{"embeddable":true,"href":"http:\/\/www2.unifap.br\/marcospaulo\/wp-json\/wp\/v2\/comments?post=27"}],"version-history":[{"count":18,"href":"http:\/\/www2.unifap.br\/marcospaulo\/wp-json\/wp\/v2\/pages\/27\/revisions"}],"predecessor-version":[{"id":201,"href":"http:\/\/www2.unifap.br\/marcospaulo\/wp-json\/wp\/v2\/pages\/27\/revisions\/201"}],"up":[{"embeddable":true,"href":"http:\/\/www2.unifap.br\/marcospaulo\/wp-json\/wp\/v2\/pages\/21"}],"wp:attachment":[{"href":"http:\/\/www2.unifap.br\/marcospaulo\/wp-json\/wp\/v2\/media?parent=27"}],"curies":[{"name":"wp","href":"https:\/\/api.w.org\/{rel}","templated":true}]}}