{"id":29,"date":"2013-05-24T11:11:18","date_gmt":"2013-05-24T11:11:18","guid":{"rendered":"http:\/\/www2.unifap.br\/marcospaulo\/?page_id=29"},"modified":"2013-06-10T06:28:53","modified_gmt":"2013-06-10T06:28:53","slug":"apresentacoes-em-power-point","status":"publish","type":"page","link":"http:\/\/www2.unifap.br\/marcospaulo\/disciplinas\/literatura-portuguesa-medieval\/apresentacoes-em-power-point\/","title":{"rendered":"Apresenta\u00e7\u00f5es em Power Point"},"content":{"rendered":"<p>Apresenta\u00e7\u00f5es em Power Point das aulas ministradas na disciplina.<\/p>\n<p>&nbsp;<\/p>\n<p>Dia 06\/06\/2013:\u00a0<a href=\"http:\/\/www2.unifap.br\/marcospaulo\/files\/2013\/05\/LitPortMedi.Apres01.pptx\">LitPortMedi.Apres01<\/a><\/p>\n<p>Dia 10\/06\/2013:\u00a0<a href=\"http:\/\/www2.unifap.br\/marcospaulo\/files\/2013\/05\/LitPortMedi.Apres02.pptx\">LitPortMedi.Apres02<\/a><\/p>\n<p>&nbsp;<\/p>\n","protected":false},"excerpt":{"rendered":"<p>Apresenta\u00e7\u00f5es em Power Point das aulas ministradas na disciplina. &nbsp; Dia 06\/06\/2013:\u00a0LitPortMedi.Apres01 Dia 10\/06\/2013:\u00a0LitPortMedi.Apres02 &nbsp;<\/p>\n","protected":false},"author":185,"featured_media":0,"parent":21,"menu_order":0,"comment_status":"open","ping_status":"open","template":"","meta":{"inline_featured_image":false,"ngg_post_thumbnail":0,"footnotes":""},"class_list":["post-29","page","type-page","status-publish","hentry"],"_links":{"self":[{"href":"http:\/\/www2.unifap.br\/marcospaulo\/wp-json\/wp\/v2\/pages\/29","targetHints":{"allow":["GET"]}}],"collection":[{"href":"http:\/\/www2.unifap.br\/marcospaulo\/wp-json\/wp\/v2\/pages"}],"about":[{"href":"http:\/\/www2.unifap.br\/marcospaulo\/wp-json\/wp\/v2\/types\/page"}],"author":[{"embeddable":true,"href":"http:\/\/www2.unifap.br\/marcospaulo\/wp-json\/wp\/v2\/users\/185"}],"replies":[{"embeddable":true,"href":"http:\/\/www2.unifap.br\/marcospaulo\/wp-json\/wp\/v2\/comments?post=29"}],"version-history":[{"count":4,"href":"http:\/\/www2.unifap.br\/marcospaulo\/wp-json\/wp\/v2\/pages\/29\/revisions"}],"predecessor-version":[{"id":209,"href":"http:\/\/www2.unifap.br\/marcospaulo\/wp-json\/wp\/v2\/pages\/29\/revisions\/209"}],"up":[{"embeddable":true,"href":"http:\/\/www2.unifap.br\/marcospaulo\/wp-json\/wp\/v2\/pages\/21"}],"wp:attachment":[{"href":"http:\/\/www2.unifap.br\/marcospaulo\/wp-json\/wp\/v2\/media?parent=29"}],"curies":[{"name":"wp","href":"https:\/\/api.w.org\/{rel}","templated":true}]}}