{"id":37,"date":"2013-05-24T11:22:08","date_gmt":"2013-05-24T11:22:08","guid":{"rendered":"http:\/\/www2.unifap.br\/marcospaulo\/?page_id=37"},"modified":"2013-06-11T04:20:00","modified_gmt":"2013-06-11T04:20:00","slug":"estagio-supervisionado-em-lingua-materna-ii","status":"publish","type":"page","link":"http:\/\/www2.unifap.br\/marcospaulo\/disciplinas\/estagio-supervisionado-em-lingua-materna-ii\/","title":{"rendered":"Est\u00e1gio supervisionado em L\u00edngua Materna II"},"content":{"rendered":"<p style=\"text-align: justify\"><strong>Tal como ocorre no est\u00e1gio do Ensino Fundamental, o est\u00e1gio voltado para o Ensino M\u00e9dio (EM) busca favorecer tamb\u00e9m o exerc\u00edcio da an\u00e1lise da realidade educacional voltado para o trabalho desenvolvido em sala de aula e o exerc\u00edcio da pr\u00e1tica docente nas tr\u00eas s\u00e9ries do EM. O est\u00e1gio supervisionado em l\u00edngua materna II dar\u00e1 \u00eanfase ao trabalho did\u00e1tico\/pedag\u00f3gico interdisciplinarmente envolvendo as disciplinas l\u00edngua portuguesa e literatura, voltado para o ensino m\u00e9dio.<\/strong><\/p>\n","protected":false},"excerpt":{"rendered":"<p>Tal como ocorre no est\u00e1gio do Ensino Fundamental, o est\u00e1gio voltado para o Ensino M\u00e9dio (EM) busca favorecer tamb\u00e9m o exerc\u00edcio da an\u00e1lise da realidade educacional voltado para o trabalho desenvolvido em sala de aula e o exerc\u00edcio da pr\u00e1tica&hellip; <\/p>\n<p><a href=\"http:\/\/www2.unifap.br\/marcospaulo\/disciplinas\/estagio-supervisionado-em-lingua-materna-ii\/\" class=\"readmore-button\">Continue Reading<\/a><\/p>\n","protected":false},"author":185,"featured_media":0,"parent":13,"menu_order":0,"comment_status":"open","ping_status":"open","template":"","meta":{"inline_featured_image":false,"ngg_post_thumbnail":0,"footnotes":""},"class_list":["post-37","page","type-page","status-publish","hentry"],"_links":{"self":[{"href":"http:\/\/www2.unifap.br\/marcospaulo\/wp-json\/wp\/v2\/pages\/37","targetHints":{"allow":["GET"]}}],"collection":[{"href":"http:\/\/www2.unifap.br\/marcospaulo\/wp-json\/wp\/v2\/pages"}],"about":[{"href":"http:\/\/www2.unifap.br\/marcospaulo\/wp-json\/wp\/v2\/types\/page"}],"author":[{"embeddable":true,"href":"http:\/\/www2.unifap.br\/marcospaulo\/wp-json\/wp\/v2\/users\/185"}],"replies":[{"embeddable":true,"href":"http:\/\/www2.unifap.br\/marcospaulo\/wp-json\/wp\/v2\/comments?post=37"}],"version-history":[{"count":4,"href":"http:\/\/www2.unifap.br\/marcospaulo\/wp-json\/wp\/v2\/pages\/37\/revisions"}],"predecessor-version":[{"id":39,"href":"http:\/\/www2.unifap.br\/marcospaulo\/wp-json\/wp\/v2\/pages\/37\/revisions\/39"}],"up":[{"embeddable":true,"href":"http:\/\/www2.unifap.br\/marcospaulo\/wp-json\/wp\/v2\/pages\/13"}],"wp:attachment":[{"href":"http:\/\/www2.unifap.br\/marcospaulo\/wp-json\/wp\/v2\/media?parent=37"}],"curies":[{"name":"wp","href":"https:\/\/api.w.org\/{rel}","templated":true}]}}