{"id":71,"date":"2013-05-25T04:17:14","date_gmt":"2013-05-25T04:17:14","guid":{"rendered":"http:\/\/www2.unifap.br\/marcospaulo\/?page_id=71"},"modified":"2013-07-17T02:28:50","modified_gmt":"2013-07-17T02:28:50","slug":"camisaria","status":"publish","type":"page","link":"http:\/\/www2.unifap.br\/marcospaulo\/camisaria\/","title":{"rendered":"Camisaria"},"content":{"rendered":"<p>A ideia destas produ\u00e7\u00f5es surgiu quando vi por a\u00ed estamparias engra\u00e7adas para camisas.<\/p>\n<p>Por que n\u00e3o espalhar o que pensar, ent\u00e3o?<\/p>\n<p>&nbsp;<\/p>\n<p><a href=\"http:\/\/www2.unifap.br\/marcospaulo\/files\/2013\/05\/Fernado-Pessoa1.png\"><\/a><a href=\"http:\/\/www2.unifap.br\/marcospaulo\/files\/2013\/05\/samsa.jpg\"><img decoding=\"async\" class=\"alignnone size-thumbnail wp-image-371\" src=\"http:\/\/www2.unifap.br\/marcospaulo\/files\/2013\/05\/samsa-150x150.jpg\" alt=\"\" width=\"150\" height=\"150\" \/><\/a> <a href=\"http:\/\/www2.unifap.br\/marcospaulo\/files\/2013\/05\/Waldick-Soriano.png\"><img decoding=\"async\" class=\"alignnone size-thumbnail wp-image-75\" src=\"http:\/\/www2.unifap.br\/marcospaulo\/files\/2013\/05\/Waldick-Soriano-150x150.png\" alt=\"\" width=\"150\" height=\"150\" \/><\/a> <a href=\"http:\/\/www2.unifap.br\/marcospaulo\/files\/2013\/05\/patolino.jpg\"><img decoding=\"async\" class=\"alignnone size-thumbnail wp-image-374\" src=\"http:\/\/www2.unifap.br\/marcospaulo\/files\/2013\/05\/patolino-150x150.jpg\" alt=\"\" width=\"150\" height=\"150\" \/><\/a> <a href=\"http:\/\/www2.unifap.br\/marcospaulo\/files\/2013\/05\/Franco-Jr.jpg\"><img loading=\"lazy\" decoding=\"async\" class=\"alignnone size-thumbnail wp-image-77\" src=\"http:\/\/www2.unifap.br\/marcospaulo\/files\/2013\/05\/Franco-Jr-150x150.jpg\" alt=\"\" width=\"150\" height=\"150\" \/><\/a> <a href=\"http:\/\/www2.unifap.br\/marcospaulo\/files\/2013\/05\/louco11.jpg\"><img loading=\"lazy\" decoding=\"async\" class=\"alignnone size-thumbnail wp-image-78\" src=\"http:\/\/www2.unifap.br\/marcospaulo\/files\/2013\/05\/louco11-150x150.jpg\" alt=\"\" width=\"150\" height=\"150\" \/><\/a> <a href=\"http:\/\/www2.unifap.br\/marcospaulo\/files\/2013\/05\/Obelix-gordo.jpg\"><img loading=\"lazy\" decoding=\"async\" class=\"alignnone size-thumbnail wp-image-79\" src=\"http:\/\/www2.unifap.br\/marcospaulo\/files\/2013\/05\/Obelix-gordo-150x150.jpg\" alt=\"\" width=\"150\" height=\"150\" \/><\/a> <a href=\"http:\/\/www2.unifap.br\/marcospaulo\/files\/2013\/05\/drummond_carrilho.jpg\"><img loading=\"lazy\" decoding=\"async\" class=\"alignnone size-thumbnail wp-image-82\" src=\"http:\/\/www2.unifap.br\/marcospaulo\/files\/2013\/05\/drummond_carrilho-150x150.jpg\" alt=\"\" width=\"150\" height=\"150\" \/><\/a> <a href=\"http:\/\/www2.unifap.br\/marcospaulo\/files\/2013\/05\/WALDICK2.jpg\"><img loading=\"lazy\" decoding=\"async\" class=\"alignnone size-thumbnail wp-image-83\" src=\"http:\/\/www2.unifap.br\/marcospaulo\/files\/2013\/05\/WALDICK2-150x150.jpg\" alt=\"\" width=\"150\" height=\"150\" \/><\/a> <a href=\"http:\/\/www2.unifap.br\/marcospaulo\/files\/2013\/05\/Charlie-Chaplin-e-Pato-Fu.jpg\"><img loading=\"lazy\" decoding=\"async\" class=\"alignnone size-thumbnail wp-image-85\" src=\"http:\/\/www2.unifap.br\/marcospaulo\/files\/2013\/05\/Charlie-Chaplin-e-Pato-Fu-150x150.jpg\" alt=\"\" width=\"150\" height=\"150\" \/><\/a><a href=\"http:\/\/www2.unifap.br\/marcospaulo\/files\/2013\/05\/Fred.jpg\"><img loading=\"lazy\" decoding=\"async\" class=\"alignnone size-thumbnail wp-image-117\" src=\"http:\/\/www2.unifap.br\/marcospaulo\/files\/2013\/05\/Fred-150x150.jpg\" alt=\"\" width=\"150\" height=\"150\" \/><\/a><a href=\"http:\/\/www2.unifap.br\/marcospaulo\/files\/2013\/05\/Gioconda.jpg\"><img loading=\"lazy\" decoding=\"async\" class=\"alignnone size-thumbnail wp-image-120\" src=\"http:\/\/www2.unifap.br\/marcospaulo\/files\/2013\/05\/Gioconda-150x150.jpg\" alt=\"\" width=\"150\" height=\"150\" \/><\/a> <a href=\"http:\/\/www2.unifap.br\/marcospaulo\/files\/2013\/05\/fome.jpg\"><img loading=\"lazy\" decoding=\"async\" class=\"alignnone size-thumbnail wp-image-155\" src=\"http:\/\/www2.unifap.br\/marcospaulo\/files\/2013\/05\/fome-150x150.jpg\" alt=\"\" width=\"150\" height=\"150\" \/><a href=\"http:\/\/www2.unifap.br\/marcospaulo\/files\/2013\/05\/Fernado-Pessoa2.png\"><img loading=\"lazy\" decoding=\"async\" class=\"alignnone size-thumbnail wp-image-376\" src=\"http:\/\/www2.unifap.br\/marcospaulo\/files\/2013\/05\/Fernado-Pessoa2-150x150.png\" alt=\"\" width=\"150\" height=\"150\" \/><\/a><\/a><a href=\"http:\/\/www2.unifap.br\/marcospaulo\/files\/2013\/05\/Oscar-Wilde.jpg\"><img loading=\"lazy\" decoding=\"async\" class=\"alignnone size-thumbnail wp-image-153\" src=\"http:\/\/www2.unifap.br\/marcospaulo\/files\/2013\/05\/Oscar-Wilde-150x150.jpg\" alt=\"\" width=\"150\" height=\"150\" \/><\/a><\/p>\n","protected":false},"excerpt":{"rendered":"<p>A ideia destas produ\u00e7\u00f5es surgiu quando vi por a\u00ed estamparias engra\u00e7adas para camisas. Por que n\u00e3o espalhar o que pensar, ent\u00e3o? &nbsp;<\/p>\n","protected":false},"author":185,"featured_media":0,"parent":0,"menu_order":0,"comment_status":"open","ping_status":"open","template":"","meta":{"inline_featured_image":false,"ngg_post_thumbnail":0,"footnotes":""},"class_list":["post-71","page","type-page","status-publish","hentry"],"_links":{"self":[{"href":"http:\/\/www2.unifap.br\/marcospaulo\/wp-json\/wp\/v2\/pages\/71","targetHints":{"allow":["GET"]}}],"collection":[{"href":"http:\/\/www2.unifap.br\/marcospaulo\/wp-json\/wp\/v2\/pages"}],"about":[{"href":"http:\/\/www2.unifap.br\/marcospaulo\/wp-json\/wp\/v2\/types\/page"}],"author":[{"embeddable":true,"href":"http:\/\/www2.unifap.br\/marcospaulo\/wp-json\/wp\/v2\/users\/185"}],"replies":[{"embeddable":true,"href":"http:\/\/www2.unifap.br\/marcospaulo\/wp-json\/wp\/v2\/comments?post=71"}],"version-history":[{"count":14,"href":"http:\/\/www2.unifap.br\/marcospaulo\/wp-json\/wp\/v2\/pages\/71\/revisions"}],"predecessor-version":[{"id":81,"href":"http:\/\/www2.unifap.br\/marcospaulo\/wp-json\/wp\/v2\/pages\/71\/revisions\/81"}],"wp:attachment":[{"href":"http:\/\/www2.unifap.br\/marcospaulo\/wp-json\/wp\/v2\/media?parent=71"}],"curies":[{"name":"wp","href":"https:\/\/api.w.org\/{rel}","templated":true}]}}