{"id":31,"date":"2011-05-17T07:26:52","date_gmt":"2011-05-17T07:26:52","guid":{"rendered":"http:\/\/pororoca.unifap.br\/mariomendonca\/"},"modified":"2013-12-12T17:58:10","modified_gmt":"2013-12-12T17:58:10","slug":"celula-reconstituicao","status":"publish","type":"page","link":"http:\/\/www2.unifap.br\/mariomendonca\/celula-reconstituicao\/","title":{"rendered":"C\u00e9lula Reconstitui\u00e7\u00e3o"},"content":{"rendered":"<p><a href=\"http:\/\/www2.unifap.br\/mariomendonca\/files\/2011\/05\/Aconselhamento-Pastoral.pdf\" target=\"_blank\">ACONSELHAMENTO\u00a0PASTORAL<\/a><\/p>\n","protected":false},"excerpt":{"rendered":"<p>ACONSELHAMENTO\u00a0PASTORAL<\/p>\n","protected":false},"author":53,"featured_media":0,"parent":0,"menu_order":17,"comment_status":"open","ping_status":"closed","template":"","meta":{"inline_featured_image":false,"ngg_post_thumbnail":0,"footnotes":""},"class_list":["post-31","page","type-page","status-publish","hentry"],"_links":{"self":[{"href":"http:\/\/www2.unifap.br\/mariomendonca\/wp-json\/wp\/v2\/pages\/31","targetHints":{"allow":["GET"]}}],"collection":[{"href":"http:\/\/www2.unifap.br\/mariomendonca\/wp-json\/wp\/v2\/pages"}],"about":[{"href":"http:\/\/www2.unifap.br\/mariomendonca\/wp-json\/wp\/v2\/types\/page"}],"author":[{"embeddable":true,"href":"http:\/\/www2.unifap.br\/mariomendonca\/wp-json\/wp\/v2\/users\/53"}],"replies":[{"embeddable":true,"href":"http:\/\/www2.unifap.br\/mariomendonca\/wp-json\/wp\/v2\/comments?post=31"}],"version-history":[{"count":4,"href":"http:\/\/www2.unifap.br\/mariomendonca\/wp-json\/wp\/v2\/pages\/31\/revisions"}],"predecessor-version":[{"id":498,"href":"http:\/\/www2.unifap.br\/mariomendonca\/wp-json\/wp\/v2\/pages\/31\/revisions\/498"}],"wp:attachment":[{"href":"http:\/\/www2.unifap.br\/mariomendonca\/wp-json\/wp\/v2\/media?parent=31"}],"curies":[{"name":"wp","href":"https:\/\/api.w.org\/{rel}","templated":true}]}}