{"id":311,"date":"2011-10-13T13:46:15","date_gmt":"2011-10-13T13:46:15","guid":{"rendered":"http:\/\/pororoca.unifap.br\/mariomendonca\/?page_id=311"},"modified":"2011-10-13T13:46:15","modified_gmt":"2011-10-13T13:46:15","slug":"mensagens-2","status":"publish","type":"page","link":"http:\/\/www2.unifap.br\/mariomendonca\/mensagens-2\/","title":{"rendered":"Mensagens"},"content":{"rendered":"<p><a href=\"http:\/\/www2.unifap.br\/mariomendonca\/files\/2011\/10\/amigo.pdf\">AMIGO<\/a><\/p>\n<p><a href=\"http:\/\/www2.unifap.br\/mariomendonca\/files\/2011\/10\/Amigos-Especiais.pdf\">AMIGOS ESPECIAIS<\/a><\/p>\n<p><a href=\"http:\/\/www2.unifap.br\/mariomendonca\/files\/2011\/10\/AMissaodeCadaSigno-reg1.pdf\">A MISS\u00c3O DE CADA SIGNO<\/a><\/p>\n<p><a href=\"http:\/\/www2.unifap.br\/mariomendonca\/files\/2011\/10\/Anjinho.pdf\">ANJINHO<\/a><\/p>\n<p><a href=\"http:\/\/www2.unifap.br\/mariomendonca\/files\/2011\/10\/AnteseDepois.pdf\">ANTES E DEPOIS<\/a><\/p>\n<p><a href=\"http:\/\/www2.unifap.br\/mariomendonca\/files\/2011\/10\/Aprendizagem.pdf\">APRENDIZAGEM<\/a><\/p>\n<p><a href=\"http:\/\/www2.unifap.br\/mariomendonca\/files\/2011\/10\/As-melhores-coisas-da-vida.pdf\">AS MELHORES COISAS DA VIDA<\/a><\/p>\n<p><a href=\"http:\/\/www2.unifap.br\/mariomendonca\/files\/2011\/10\/Atire-a-primeira-flor.pdf\">ATIRE A PRIMEIRA FLOR<\/a><\/p>\n<p><a href=\"http:\/\/www2.unifap.br\/mariomendonca\/files\/2011\/10\/Baloes.pdf\">BAL\u00d5ES<\/a><\/p>\n<p><a href=\"http:\/\/www2.unifap.br\/mariomendonca\/files\/2011\/10\/Baralho-magico-de-rua.pdf\">BARALHO M\u00c1GICO DE RUA<\/a><\/p>\n<p><a href=\"http:\/\/www2.unifap.br\/mariomendonca\/files\/2011\/10\/Biblioteca.pdf\">BIBLIOTECA<\/a><\/p>\n<p><a href=\"http:\/\/www2.unifap.br\/mariomendonca\/files\/2011\/10\/Bom-dia.pdf\">BOM DIA<\/a><\/p>\n<p><a href=\"http:\/\/www2.unifap.br\/mariomendonca\/files\/2011\/10\/Caixinha-de-presente.pdf\">CAIXINHA DE PRESENTE<\/a><\/p>\n<p><a href=\"http:\/\/www2.unifap.br\/mariomendonca\/files\/2011\/10\/Carta.pdf\">CARTA<\/a><\/p>\n<p><a href=\"http:\/\/www2.unifap.br\/mariomendonca\/files\/2011\/10\/Casamento.pdf\">CASAMENTO<\/a><\/p>\n<p><a href=\"http:\/\/www2.unifap.br\/mariomendonca\/files\/2011\/10\/Ciklus.pdf\">CIKLUS<\/a><\/p>\n<p><a href=\"http:\/\/www2.unifap.br\/mariomendonca\/files\/2011\/10\/Cirergi\u00f5es.pdf\">CIRURGI\u00d5ES<\/a><\/p>\n<p><a href=\"http:\/\/www2.unifap.br\/mariomendonca\/files\/2011\/10\/Com-Maria-maravilhoso-momento.pdf\">COM MARIA MARAVILHOSO MOMENTO<\/a><\/p>\n<p><a href=\"http:\/\/www2.unifap.br\/mariomendonca\/files\/2011\/10\/Dandoman\u00f3tica.pdf\">DANDO MAN\u00d3TICA<\/a><\/p>\n<p><a href=\"http:\/\/www2.unifap.br\/mariomendonca\/files\/2011\/10\/Depois-de-algum-tempo-voc\u00ea-aprende.pdf\">DEPOIS DE ALGUM TEMPO VOC\u00ca APRENDE<\/a><\/p>\n<p><a href=\"http:\/\/www2.unifap.br\/mariomendonca\/files\/2011\/10\/DESABAFO-DE-QUEM-EST\u00c1-L\u00c1.pdf\">DESABAFO DE QUEM EST\u00c1 L\u00c1<\/a><\/p>\n<p><a href=\"http:\/\/www2.unifap.br\/mariomendonca\/files\/2011\/10\/Deus-medio1.pdf\">DEUS M\u00c9DIO<\/a><\/p>\n<p><a href=\"http:\/\/www2.unifap.br\/mariomendonca\/files\/2011\/10\/Deus.pdf\">DEUS<\/a><\/p>\n<p><a href=\"http:\/\/www2.unifap.br\/mariomendonca\/files\/2011\/10\/Dia-das-m\u00e3es-2007.pdf\">DIA DAS M\u00c3ES 2007<\/a><\/p>\n<p><a href=\"http:\/\/www2.unifap.br\/mariomendonca\/files\/2011\/10\/isso-ai.pdf\">\u00c9 ISSO AI<\/a><\/p>\n<p><a href=\"http:\/\/www2.unifap.br\/mariomendonca\/files\/2011\/10\/Especial.pdf\">ESPECIAL<\/a><\/p>\n<p><a href=\"http:\/\/www2.unifap.br\/mariomendonca\/files\/2011\/10\/Est\u00e1gios-de-vida.pdf\">EST\u00c1GIOS DE VIDA<\/a><\/p>\n<p><a href=\"http:\/\/www2.unifap.br\/mariomendonca\/files\/2011\/10\/Estrat\u00e9gias-mentais.pdf\">ESTRAT\u00c9GIAS MENTAIS<\/a><\/p>\n<p><a href=\"http:\/\/www2.unifap.br\/mariomendonca\/files\/2011\/10\/Evangelho.pdf\">EVANGELHO<\/a><\/p>\n<p><a href=\"http:\/\/www2.unifap.br\/mariomendonca\/files\/2011\/10\/Feliz-natal-a-todos.pdf\"><\/a><a href=\"http:\/\/www2.unifap.br\/mariomendonca\/files\/2011\/10\/Feliz-natal-a-todos1.pdf\">FELIZ NATAL A TODOS<\/a><\/p>\n<p><a href=\"http:\/\/www2.unifap.br\/mariomendonca\/files\/2011\/10\/Feliz-natal.pdf\">FELIZ NATAL<\/a><\/p>\n<p><a href=\"http:\/\/www2.unifap.br\/mariomendonca\/files\/2011\/10\/Felocidade.pdf\">FELICIDADE<\/a><\/p>\n<p><a href=\"http:\/\/www2.unifap.br\/mariomendonca\/files\/2011\/10\/Fraternidade.pdf\">FRATERNIDADE<\/a><\/p>\n<p><a href=\"http:\/\/www2.unifap.br\/mariomendonca\/files\/2011\/10\/Futuro.pdf\">FUTURO<\/a><\/p>\n<p><a href=\"http:\/\/www2.unifap.br\/mariomendonca\/files\/2011\/10\/Garfield-em-vida-feliz.pdf\">GARFIELD EM VIDA FELIZ<\/a><\/p>\n<p><a href=\"http:\/\/www2.unifap.br\/mariomendonca\/files\/2011\/10\/happy-day.pdf\">HAPPY DAY<\/a><\/p>\n<p><a href=\"http:\/\/www2.unifap.br\/mariomendonca\/files\/2011\/10\/Imagine.pdf\">IMAGINE<\/a><\/p>\n<p><a href=\"http:\/\/www2.unifap.br\/mariomendonca\/files\/2011\/10\/Indiana-jones.pdf\">INDIANA JONES<\/a><\/p>\n<p><a href=\"http:\/\/www2.unifap.br\/mariomendonca\/files\/2011\/10\/Linda-chinesa.pdf\">LINDA CHINESA<\/a><\/p>\n<p><a href=\"http:\/\/www2.unifap.br\/mariomendonca\/files\/2011\/10\/Loja-doce.pdf\">LOJA DOCE<\/a><\/p>\n<p><a href=\"http:\/\/www2.unifap.br\/mariomendonca\/files\/2011\/10\/Mandamentos-do-garfild.pdf\">MANDAMENTOS DO GARFIELD<\/a><\/p>\n<p><a href=\"http:\/\/www2.unifap.br\/mariomendonca\/files\/2011\/10\/Mensagens-pra-vo\u00e7\u00ea.pdf\">MENSAGENS PRA VOC\u00ca<\/a><\/p>\n<p><a href=\"http:\/\/www2.unifap.br\/mariomendonca\/files\/2011\/10\/Morte-em-campo-de-batalha.pdf\">MORTE EM CAMPO DE BATALHA<\/a><\/p>\n<p><a href=\"http:\/\/www2.unifap.br\/mariomendonca\/files\/2011\/10\/Mulheres.pdf\">MULHERES<\/a><\/p>\n<p><a href=\"http:\/\/www2.unifap.br\/mariomendonca\/files\/2011\/10\/Mundo-perfeito.pdf\">MUNDO PERFEITO<\/a><\/p>\n<p><a href=\"http:\/\/www2.unifap.br\/mariomendonca\/files\/2011\/10\/N\u00e3o-critique.pdf\">N\u00c3O CRITIQUE<\/a><\/p>\n<p><a href=\"http:\/\/www2.unifap.br\/mariomendonca\/files\/2011\/10\/N\u00e3o-espere.pdf\">N\u00c3O ESPERE<\/a><\/p>\n<p><a href=\"http:\/\/www2.unifap.br\/mariomendonca\/files\/2011\/10\/O-Abacaxi.pdf\">O ABACAXI<\/a><\/p>\n<p><a href=\"http:\/\/www2.unifap.br\/mariomendonca\/files\/2011\/10\/O-casal-e-o-burrinho.pdf\">O CASAL E O BURRINHO<\/a><\/p>\n<p><a href=\"http:\/\/www2.unifap.br\/mariomendonca\/files\/2011\/10\/O-milagre-da-vida.pdf\">O MILAGRE DA VIDA<\/a><\/p>\n<p><a href=\"http:\/\/www2.unifap.br\/mariomendonca\/files\/2011\/10\/O-segredo.pdf\">O SEGREDO<\/a><\/p>\n<p><a href=\"http:\/\/www2.unifap.br\/mariomendonca\/files\/2011\/10\/Pai-nosso.pdf\">PAI NOSSO<\/a><\/p>\n<p><a href=\"http:\/\/www2.unifap.br\/mariomendonca\/files\/2011\/10\/Pensei-mil-palavras-para-dizer.pdf\">PENSEI MIL PALAVRAS PRA DIZER<\/a><\/p>\n<p><a href=\"http:\/\/www2.unifap.br\/mariomendonca\/files\/2011\/10\/Pesquisa.pdf\">PESQUISA<\/a><\/p>\n<p><a href=\"http:\/\/www2.unifap.br\/mariomendonca\/files\/2011\/10\/Petrobr\u00e1s.pdf\">PETROBR\u00c1S<\/a><\/p>\n<p><a href=\"http:\/\/www2.unifap.br\/mariomendonca\/files\/2011\/10\/Pra-viver-um-grande-amor.pdf\">PRA VIVER UM GRANDE AMOR<\/a><\/p>\n<p><a href=\"http:\/\/www2.unifap.br\/mariomendonca\/files\/2011\/10\/Recebimento-de-Transfer\u00eancias.pdf\">RECEBIMENTO DE TRASFER\u00caNCIAS<\/a><\/p>\n<p><a href=\"http:\/\/www2.unifap.br\/mariomendonca\/files\/2011\/10\/Reomece.pdf\">RECOMECE<\/a><\/p>\n<p><a href=\"http:\/\/www2.unifap.br\/mariomendonca\/files\/2011\/10\/Se-algu\u00e9m-lhe-procurar.pdf\">SE ALGU\u00c9M LHE PROCURAR<\/a><\/p>\n<p><a href=\"http:\/\/www2.unifap.br\/mariomendonca\/files\/2011\/10\/Se-doer-assovie1.pdf\">SE DOER ASSOVIE<\/a><\/p>\n<p><a href=\"http:\/\/www2.unifap.br\/mariomendonca\/files\/2011\/10\/Segredo-do-sucesso.pdf\">SEGREDO DO SUCESSO<\/a><\/p>\n<p><a href=\"http:\/\/www2.unifap.br\/mariomendonca\/files\/2011\/10\/Segredos-da-vida.pdf\">SEGREDOS DA VIDA<\/a><\/p>\n<p><a href=\"http:\/\/www2.unifap.br\/mariomendonca\/files\/2011\/10\/Semeando-o-bem.pdf\">SEMEANDO O BEM<\/a><\/p>\n<p><a href=\"http:\/\/www2.unifap.br\/mariomendonca\/files\/2011\/10\/Suti\u00e3.pdf\">SUTI\u00c3<\/a><\/p>\n<p><a href=\"http:\/\/www2.unifap.br\/mariomendonca\/files\/2011\/10\/Tantra.pdf\">TANTRA<\/a><\/p>\n<p><a href=\"http:\/\/www2.unifap.br\/mariomendonca\/files\/2011\/10\/Tenha-filhos.pdf\">TENHA FILHOS<\/a><\/p>\n<p><a href=\"http:\/\/www2.unifap.br\/mariomendonca\/files\/2011\/10\/Tirar-foto.pdf\">TIRAR FOTO<\/a><\/p>\n<p><a href=\"http:\/\/www2.unifap.br\/mariomendonca\/files\/2011\/10\/Titas.pdf\">TITAS<\/a><\/p>\n<p><a href=\"http:\/\/www2.unifap.br\/mariomendonca\/files\/2011\/10\/Transformation.pdf\">TRASFORMATION<\/a><\/p>\n<p><a href=\"http:\/\/www2.unifap.br\/mariomendonca\/files\/2011\/10\/Um-dia-desses.pdf\">UM DIA DESSES<\/a><\/p>\n<p><a href=\"http:\/\/www2.unifap.br\/mariomendonca\/files\/2011\/10\/Um-dia-no-c\u00e9u.pdf\">UM DIA NO C\u00c9U<\/a><\/p>\n<p><a href=\"http:\/\/www2.unifap.br\/mariomendonca\/files\/2011\/10\/Um-peda\u00e7o-de-bolo.pdf\">UM PEDA\u00c7O DE BOLO<\/a><\/p>\n<p><a href=\"http:\/\/www2.unifap.br\/mariomendonca\/files\/2011\/10\/Vale-a-pena-rir-um-pouco.pdf\">VALE A PENA RIR UM POUCO<\/a><\/p>\n<p><a href=\"http:\/\/www2.unifap.br\/mariomendonca\/files\/2011\/10\/Verdadeiramente-linda.pdf\">VERDADEIRAMENTE LINDA<\/a><\/p>\n<p><a href=\"http:\/\/www2.unifap.br\/mariomendonca\/files\/2011\/10\/Vida-de-drogado.pdf\">VIDA DE DROGADO<\/a><\/p>\n<p><a href=\"http:\/\/www2.unifap.br\/mariomendonca\/files\/2011\/10\/Vida-manual-de-instru\u00e7\u00f5es.pdf\">VIDA, MANUAL DE INSTRU\u00c7\u00d5ES<\/a><\/p>\n<p><a href=\"http:\/\/www2.unifap.br\/mariomendonca\/files\/2011\/10\/Vo\u00e7\u00ea-j\u00e1-teve-um-dia-assim.pdf\">VOC\u00ca J\u00c1 TEVE UM DIA ASSIM<\/a><\/p>\n<p><a href=\"http:\/\/www2.unifap.br\/mariomendonca\/files\/2011\/10\/White1.pdf\">WHITE<\/a><\/p>\n<p><a href=\"http:\/\/www2.unifap.br\/mariomendonca\/files\/2011\/10\/World-press.pdf\">WORLD PRESS<\/a><\/p>\n<p>&nbsp;<\/p>\n<p>&nbsp;<\/p>\n<p>&nbsp;<\/p>\n<p>&nbsp;<\/p>\n<p>&nbsp;<\/p>\n<p>&nbsp;<\/p>\n<p>&nbsp;<\/p>\n","protected":false},"excerpt":{"rendered":"<p>AMIGO AMIGOS ESPECIAIS A MISS\u00c3O DE CADA SIGNO ANJINHO ANTES E DEPOIS APRENDIZAGEM AS MELHORES COISAS DA VIDA ATIRE A PRIMEIRA FLOR BAL\u00d5ES BARALHO M\u00c1GICO DE RUA BIBLIOTECA BOM DIA CAIXINHA DE PRESENTE CARTA CASAMENTO CIKLUS CIRURGI\u00d5ES COM MARIA MARAVILHOSO&hellip; <\/p>\n<p><a href=\"http:\/\/www2.unifap.br\/mariomendonca\/mensagens-2\/\" class=\"readmore-button\">Continue Reading<\/a><\/p>\n","protected":false},"author":53,"featured_media":0,"parent":0,"menu_order":0,"comment_status":"open","ping_status":"open","template":"","meta":{"inline_featured_image":false,"ngg_post_thumbnail":0,"footnotes":""},"class_list":["post-311","page","type-page","status-publish","hentry"],"_links":{"self":[{"href":"http:\/\/www2.unifap.br\/mariomendonca\/wp-json\/wp\/v2\/pages\/311","targetHints":{"allow":["GET"]}}],"collection":[{"href":"http:\/\/www2.unifap.br\/mariomendonca\/wp-json\/wp\/v2\/pages"}],"about":[{"href":"http:\/\/www2.unifap.br\/mariomendonca\/wp-json\/wp\/v2\/types\/page"}],"author":[{"embeddable":true,"href":"http:\/\/www2.unifap.br\/mariomendonca\/wp-json\/wp\/v2\/users\/53"}],"replies":[{"embeddable":true,"href":"http:\/\/www2.unifap.br\/mariomendonca\/wp-json\/wp\/v2\/comments?post=311"}],"version-history":[{"count":0,"href":"http:\/\/www2.unifap.br\/mariomendonca\/wp-json\/wp\/v2\/pages\/311\/revisions"}],"wp:attachment":[{"href":"http:\/\/www2.unifap.br\/mariomendonca\/wp-json\/wp\/v2\/media?parent=311"}],"curies":[{"name":"wp","href":"https:\/\/api.w.org\/{rel}","templated":true}]}}