{"id":40,"date":"2011-05-17T07:35:52","date_gmt":"2011-05-17T07:35:52","guid":{"rendered":"http:\/\/pororoca.unifap.br\/mariomendonca\/"},"modified":"2011-05-17T07:35:52","modified_gmt":"2011-05-17T07:35:52","slug":"livros","status":"publish","type":"page","link":"http:\/\/www2.unifap.br\/mariomendonca\/livros\/","title":{"rendered":"Livros"},"content":{"rendered":"<p><a href=\"http:\/\/www2.unifap.br\/mariomendonca\/files\/2011\/05\/A-EMPRESA-DE-CORPO-MENTE-E-ALMA2.pdf\" target=\"_blank\">A EMPRESA DE MENTE, CORPO E ALMA<\/a><\/p>\n<p><a href=\"http:\/\/www2.unifap.br\/mariomendonca\/files\/2011\/05\/APREDER-A-ESTUDAR1.pdf\" target=\"_blank\">APRENDA A ESTUDAR<\/a><\/p>\n<p><a href=\"http:\/\/www2.unifap.br\/mariomendonca\/files\/2011\/05\/CIDADE-HIST\u00d3RIA-E-DESAFIO_E-BOOK.pdf\" target=\"_blank\">CIDADE HIST\u00d3RIA E DESAFIO<\/a><\/p>\n<p><a href=\"http:\/\/www2.unifap.br\/mariomendonca\/files\/2011\/05\/Cole\u00e7\u00e3o-Voc\u00ea-S.A.-Negocie-Influencie-e-Conven\u00e7a-Alan-Fowler.pdf\" target=\"_blank\">NEGOCIE, INFLUENCIE E CONVEN\u00c7A<\/a><\/p>\n<p><a href=\"http:\/\/www2.unifap.br\/mariomendonca\/files\/2011\/05\/CURSO-DE-LEITURA-DIN\u00c2MICA1.pdf\" target=\"_blank\">CURSO DE LEITURA DIN\u00c2MICA<\/a><\/p>\n<p><a href=\"http:\/\/www2.unifap.br\/mariomendonca\/files\/2011\/05\/COMO-FAZER-PROPOSTAS-E-RELAT\u00d3RIOS.pdf\" target=\"_blank\">COMO FAZER PROPOSTAS E RELAT\u00d3RIOS<\/a><\/p>\n","protected":false},"excerpt":{"rendered":"<p>A EMPRESA DE MENTE, CORPO E ALMA APRENDA A ESTUDAR CIDADE HIST\u00d3RIA E DESAFIO NEGOCIE, INFLUENCIE E CONVEN\u00c7A CURSO DE LEITURA DIN\u00c2MICA COMO FAZER PROPOSTAS E RELAT\u00d3RIOS<\/p>\n","protected":false},"author":53,"featured_media":0,"parent":0,"menu_order":0,"comment_status":"open","ping_status":"open","template":"","meta":{"inline_featured_image":false,"ngg_post_thumbnail":0,"footnotes":""},"class_list":["post-40","page","type-page","status-publish","hentry"],"_links":{"self":[{"href":"http:\/\/www2.unifap.br\/mariomendonca\/wp-json\/wp\/v2\/pages\/40","targetHints":{"allow":["GET"]}}],"collection":[{"href":"http:\/\/www2.unifap.br\/mariomendonca\/wp-json\/wp\/v2\/pages"}],"about":[{"href":"http:\/\/www2.unifap.br\/mariomendonca\/wp-json\/wp\/v2\/types\/page"}],"author":[{"embeddable":true,"href":"http:\/\/www2.unifap.br\/mariomendonca\/wp-json\/wp\/v2\/users\/53"}],"replies":[{"embeddable":true,"href":"http:\/\/www2.unifap.br\/mariomendonca\/wp-json\/wp\/v2\/comments?post=40"}],"version-history":[{"count":0,"href":"http:\/\/www2.unifap.br\/mariomendonca\/wp-json\/wp\/v2\/pages\/40\/revisions"}],"wp:attachment":[{"href":"http:\/\/www2.unifap.br\/mariomendonca\/wp-json\/wp\/v2\/media?parent=40"}],"curies":[{"name":"wp","href":"https:\/\/api.w.org\/{rel}","templated":true}]}}