{"id":401,"date":"2011-04-28T07:43:12","date_gmt":"2011-04-28T07:43:12","guid":{"rendered":"http:\/\/pororoca.unifap.br\/mariomendonca\/?page_id=2"},"modified":"2011-04-28T07:43:12","modified_gmt":"2011-04-28T07:43:12","slug":"sobre","status":"publish","type":"page","link":"http:\/\/www2.unifap.br\/mariomendonca\/sobre\/","title":{"rendered":"Sobre"},"content":{"rendered":"<p>Este \u00e9 um exemplo de uma p\u00e1gina do WordPress, voc\u00ea poderia edit\u00e1-la com informa\u00e7\u00f5es sobre voc\u00ea ou sobre o seu site para os seus leitores saberem de onde voc\u00ea \u00e9. Voc\u00ea pode criar quantas p\u00e1ginas e sub-p\u00e1ginas quiser e gerenciar todo o seu conte\u00fado dentro do WordPress.<\/p>\n","protected":false},"excerpt":{"rendered":"<p>Este \u00e9 um exemplo de uma p\u00e1gina do WordPress, voc\u00ea poderia edit\u00e1-la com informa\u00e7\u00f5es sobre voc\u00ea ou sobre o seu site para os seus leitores saberem de onde voc\u00ea \u00e9. Voc\u00ea pode criar quantas p\u00e1ginas e sub-p\u00e1ginas quiser e gerenciar&hellip; <\/p>\n<p><a href=\"http:\/\/www2.unifap.br\/mariomendonca\/sobre\/\" class=\"readmore-button\">Continue Reading<\/a><\/p>\n","protected":false},"author":53,"featured_media":0,"parent":0,"menu_order":0,"comment_status":"open","ping_status":"open","template":"","meta":{"inline_featured_image":false,"ngg_post_thumbnail":0,"footnotes":""},"class_list":["post-401","page","type-page","status-publish","hentry"],"_links":{"self":[{"href":"http:\/\/www2.unifap.br\/mariomendonca\/wp-json\/wp\/v2\/pages\/401","targetHints":{"allow":["GET"]}}],"collection":[{"href":"http:\/\/www2.unifap.br\/mariomendonca\/wp-json\/wp\/v2\/pages"}],"about":[{"href":"http:\/\/www2.unifap.br\/mariomendonca\/wp-json\/wp\/v2\/types\/page"}],"author":[{"embeddable":true,"href":"http:\/\/www2.unifap.br\/mariomendonca\/wp-json\/wp\/v2\/users\/53"}],"replies":[{"embeddable":true,"href":"http:\/\/www2.unifap.br\/mariomendonca\/wp-json\/wp\/v2\/comments?post=401"}],"version-history":[{"count":0,"href":"http:\/\/www2.unifap.br\/mariomendonca\/wp-json\/wp\/v2\/pages\/401\/revisions"}],"wp:attachment":[{"href":"http:\/\/www2.unifap.br\/mariomendonca\/wp-json\/wp\/v2\/media?parent=401"}],"curies":[{"name":"wp","href":"https:\/\/api.w.org\/{rel}","templated":true}]}}