{"id":445,"date":"2013-12-11T19:45:07","date_gmt":"2013-12-11T19:45:07","guid":{"rendered":"http:\/\/www2.unifap.br\/mariomendonca\/?page_id=445"},"modified":"2013-12-18T11:39:14","modified_gmt":"2013-12-18T11:39:14","slug":"juiz-arbitral","status":"publish","type":"page","link":"http:\/\/www2.unifap.br\/mariomendonca\/cursos\/juiz-arbitral\/","title":{"rendered":"Juiz Arbitral"},"content":{"rendered":"<div style=\"text-align: justify\"><a href=\"http:\/\/www2.unifap.br\/mariomendonca\/files\/2013\/12\/Brs\u00e3oII1.jpg\"><img decoding=\"async\" class=\"alignleft size-thumbnail wp-image-463\" src=\"http:\/\/www2.unifap.br\/mariomendonca\/files\/2013\/12\/Brs\u00e3oII1-150x150.jpg\" alt=\"\" width=\"129\" height=\"129\" \/><\/a><\/div>\n<div style=\"text-align: justify\">O  Curso de Arbitragem realizado pelo <strong>Instituto de Arbitragem, Media\u00e7\u00e3o e  Concilia\u00e7\u00e3o do Estado do Amap\u00e1-IAMCAP<\/strong> e o<strong> Instituto Educamar<\/strong> tem como p\u00fablico-alvo pessoas que desejam atuar  profissionalmente com a Arbitragem. A carga hor\u00e1ria do curso corresponde  a 60h, sendo 20h para teoria e 40h para est\u00e1gio. Conv\u00e9m  ressaltar que o curso atende com exatid\u00e3o as orienta\u00e7\u00f5es do Conselho  Nacional de Justi\u00e7a-CNJ. Os participantes ser\u00e3o munidos de conhecimentos  legis, de forma que possam desenvolver as t\u00e9cnicas de arbitragem  estritamente dentro dos princ\u00edpios legais, prescritos na constitui\u00e7\u00e3o.  Os participantes receber\u00e3o orienta\u00e7\u00e3o legal de como procederem para  trabalhar de forma t\u00e9cnica. Se voc\u00ea deseja atuar profissionalmente com a ARBITRAGEM, n\u00e3o perca tempo e fa\u00e7a logo a sua inscri\u00e7\u00e3o pelo nosso link<strong>:<a href=\"http:\/\/educamarap.wix.com\/educamar#!contact\/c17jp\"><span style=\"color: #0000ff\"> Instituto Educamar<\/span><\/a><\/strong><span style=\"text-decoration: underline\"><a href=\"http:\/\/educamarap.wix.com\/educamar#!contact\/c17jp\"><span style=\"color: #000000\">.<\/span><\/a><\/span><a href=\"http:\/\/educamarap.wix.com\/educamar#!contact\/c17jp\"><span style=\"color: #000000\"> <\/span><\/a><\/div>\n<div style=\"text-align: justify\">Telefones para contato: (96) 8112-7731 (Prof.Mario Mendon\u00e7a) e (96) 9134-8220 (Secret\u00e1ria). E-mail: mariomacneto@gmail.com<\/div>\n<p>&nbsp;<\/p>\n<div style=\"text-align: justify\"><span style=\"text-decoration: underline\"><strong><a href=\"http:\/\/educamarap.wix.com\/educamar#!contact\/c17jp\"><span style=\"color: #0000ff\"> <\/span><\/a><\/strong><\/span><\/div>\n<div style=\"text-align: justify\"><strong><span style=\"color: #0000ff\">PARCEIROS<\/span><\/strong><\/div>\n<div style=\"text-align: justify\"><a href=\"http:\/\/www2.unifap.br\/mariomendonca\/files\/2013\/12\/Educamar.jpg\"><img decoding=\"async\" class=\"alignright size-full wp-image-477\" src=\"http:\/\/www2.unifap.br\/mariomendonca\/files\/2013\/12\/Educamar.jpg\" alt=\"\" width=\"189\" height=\"105\" \/><\/a><\/div>\n<div style=\"text-align: justify\"><strong><span style=\"color: #0000ff\"><a href=\"http:\/\/www2.unifap.br\/mariomendonca\/files\/2013\/12\/Numed-Bras\u00e3o.png\"><img decoding=\"async\" class=\"alignleft size-thumbnail wp-image-464\" src=\"http:\/\/www2.unifap.br\/mariomendonca\/files\/2013\/12\/Numed-Bras\u00e3o-150x150.png\" alt=\"\" width=\"102\" height=\"102\" \/><\/a><\/span><\/strong> <strong><span style=\"color: #0000ff\"><a href=\"http:\/\/www2.unifap.br\/mariomendonca\/files\/2013\/12\/UNIFAP-Bras\u00e3o1.png\"><img loading=\"lazy\" decoding=\"async\" class=\"alignleft size-full wp-image-467\" src=\"http:\/\/www2.unifap.br\/mariomendonca\/files\/2013\/12\/UNIFAP-Bras\u00e3o1.png\" alt=\"\" width=\"93\" height=\"97\" \/><\/a><\/span><\/strong><\/div>\n","protected":false},"excerpt":{"rendered":"<p>O Curso de Arbitragem realizado pelo Instituto de Arbitragem, Media\u00e7\u00e3o e Concilia\u00e7\u00e3o do Estado do Amap\u00e1-IAMCAP e o Instituto Educamar tem como p\u00fablico-alvo pessoas que desejam atuar profissionalmente com a Arbitragem. A carga hor\u00e1ria do curso corresponde a 60h, sendo&hellip; <\/p>\n<p><a href=\"http:\/\/www2.unifap.br\/mariomendonca\/cursos\/juiz-arbitral\/\" class=\"readmore-button\">Continue Reading<\/a><\/p>\n","protected":false},"author":53,"featured_media":0,"parent":105,"menu_order":0,"comment_status":"open","ping_status":"open","template":"","meta":{"inline_featured_image":false,"ngg_post_thumbnail":0,"footnotes":""},"class_list":["post-445","page","type-page","status-publish","hentry"],"_links":{"self":[{"href":"http:\/\/www2.unifap.br\/mariomendonca\/wp-json\/wp\/v2\/pages\/445","targetHints":{"allow":["GET"]}}],"collection":[{"href":"http:\/\/www2.unifap.br\/mariomendonca\/wp-json\/wp\/v2\/pages"}],"about":[{"href":"http:\/\/www2.unifap.br\/mariomendonca\/wp-json\/wp\/v2\/types\/page"}],"author":[{"embeddable":true,"href":"http:\/\/www2.unifap.br\/mariomendonca\/wp-json\/wp\/v2\/users\/53"}],"replies":[{"embeddable":true,"href":"http:\/\/www2.unifap.br\/mariomendonca\/wp-json\/wp\/v2\/comments?post=445"}],"version-history":[{"count":16,"href":"http:\/\/www2.unifap.br\/mariomendonca\/wp-json\/wp\/v2\/pages\/445\/revisions"}],"predecessor-version":[{"id":503,"href":"http:\/\/www2.unifap.br\/mariomendonca\/wp-json\/wp\/v2\/pages\/445\/revisions\/503"}],"up":[{"embeddable":true,"href":"http:\/\/www2.unifap.br\/mariomendonca\/wp-json\/wp\/v2\/pages\/105"}],"wp:attachment":[{"href":"http:\/\/www2.unifap.br\/mariomendonca\/wp-json\/wp\/v2\/media?parent=445"}],"curies":[{"name":"wp","href":"https:\/\/api.w.org\/{rel}","templated":true}]}}