{"id":450,"date":"2013-12-11T19:59:48","date_gmt":"2013-12-11T19:59:48","guid":{"rendered":"http:\/\/www2.unifap.br\/mariomendonca\/?page_id=450"},"modified":"2014-07-15T00:40:15","modified_gmt":"2014-07-15T00:40:15","slug":"gestao-e-elaboracao-de-projetos-para-captacao-de-recursos","status":"publish","type":"page","link":"http:\/\/www2.unifap.br\/mariomendonca\/cursos\/gestao-e-elaboracao-de-projetos-para-captacao-de-recursos\/","title":{"rendered":"Gest\u00e3o e Elabora\u00e7\u00e3o de Projetos"},"content":{"rendered":"<p><img decoding=\"async\" class=\"alignleft  wp-image-490\" alt=\"\" src=\"http:\/\/www2.unifap.br\/mariomendonca\/files\/2013\/12\/Educamar4.jpg\" width=\"192\" height=\"96\" \/><\/p>\n<div style=\"text-align: justify\">O curso tem por objetivo desenvolver conhecimentos, habilidades, ferramentas e t\u00e9cnicas necess\u00e1rias para a elabora\u00e7\u00e3o e gerenciamento d<\/div>\n<div style=\"text-align: justify\">e projetos; de forma a\u00a0 possibilitar ao participante o exerc\u00edcio na pr\u00e1tica da constru\u00e7\u00e3o e elabora\u00e7\u00e3o d<\/div>\n<div style=\"text-align: justify\">e projetos: organizacionais, empresariais, sociais, etc&#8230;. N\u00e3o perca tempo, fa\u00e7a logo a sua inscri\u00e7\u00e3o pelo link:<strong><a href=\"http:\/\/educamarap.wix.com\/educamar#!contact\/c17jp\"><span style=\"color: #0000ff\">Instituto Educamar <\/span><\/a><\/strong><\/div>\n<div style=\"text-align: justify\">Telefones para contato: (96) 8112-7731 (Prof. M\u00e1rio Mendon\u00e7a) e (96)9134-8220\u00a0 (Secret\u00e1ria). E-mail: mariomacneto@gmail.com<\/div>\n<div style=\"text-align: justify\"><strong><span style=\"color: #0000ff\"><br \/>\n<\/span><\/strong><\/div>\n<div style=\"text-align: justify\"><strong><span style=\"color: #0000ff\">Parceiros<\/span><\/strong><\/div>\n<div style=\"text-align: justify\"><strong><span style=\"color: #0000ff\"><br \/>\n<\/span><\/strong><\/div>\n<div style=\"text-align: justify\"><a href=\"http:\/\/www2.unifap.br\/mariomendonca\/files\/2013\/12\/UNIFAP-Bras\u00e3o3.png\"><img decoding=\"async\" class=\"size-full wp-image-492 alignleft\" alt=\"\" src=\"http:\/\/www2.unifap.br\/mariomendonca\/files\/2013\/12\/UNIFAP-Bras\u00e3o3.png\" width=\"69\" height=\"69\" \/><\/a><\/div>\n","protected":false},"excerpt":{"rendered":"<p>O curso tem por objetivo desenvolver conhecimentos, habilidades, ferramentas e t\u00e9cnicas necess\u00e1rias para a elabora\u00e7\u00e3o e gerenciamento d e projetos; de forma a\u00a0 possibilitar ao participante o exerc\u00edcio na pr\u00e1tica da constru\u00e7\u00e3o e elabora\u00e7\u00e3o d e projetos: organizacionais, empresariais, sociais,&hellip; <\/p>\n<p><a href=\"http:\/\/www2.unifap.br\/mariomendonca\/cursos\/gestao-e-elaboracao-de-projetos-para-captacao-de-recursos\/\" class=\"readmore-button\">Continue Reading<\/a><\/p>\n","protected":false},"author":53,"featured_media":0,"parent":105,"menu_order":0,"comment_status":"open","ping_status":"closed","template":"","meta":{"inline_featured_image":false,"ngg_post_thumbnail":0,"footnotes":""},"class_list":["post-450","page","type-page","status-publish","hentry"],"_links":{"self":[{"href":"http:\/\/www2.unifap.br\/mariomendonca\/wp-json\/wp\/v2\/pages\/450","targetHints":{"allow":["GET"]}}],"collection":[{"href":"http:\/\/www2.unifap.br\/mariomendonca\/wp-json\/wp\/v2\/pages"}],"about":[{"href":"http:\/\/www2.unifap.br\/mariomendonca\/wp-json\/wp\/v2\/types\/page"}],"author":[{"embeddable":true,"href":"http:\/\/www2.unifap.br\/mariomendonca\/wp-json\/wp\/v2\/users\/53"}],"replies":[{"embeddable":true,"href":"http:\/\/www2.unifap.br\/mariomendonca\/wp-json\/wp\/v2\/comments?post=450"}],"version-history":[{"count":11,"href":"http:\/\/www2.unifap.br\/mariomendonca\/wp-json\/wp\/v2\/pages\/450\/revisions"}],"predecessor-version":[{"id":528,"href":"http:\/\/www2.unifap.br\/mariomendonca\/wp-json\/wp\/v2\/pages\/450\/revisions\/528"}],"up":[{"embeddable":true,"href":"http:\/\/www2.unifap.br\/mariomendonca\/wp-json\/wp\/v2\/pages\/105"}],"wp:attachment":[{"href":"http:\/\/www2.unifap.br\/mariomendonca\/wp-json\/wp\/v2\/media?parent=450"}],"curies":[{"name":"wp","href":"https:\/\/api.w.org\/{rel}","templated":true}]}}