{"id":457,"date":"2013-12-11T20:39:02","date_gmt":"2013-12-11T20:39:02","guid":{"rendered":"http:\/\/www2.unifap.br\/mariomendonca\/?page_id=457"},"modified":"2013-12-18T11:39:56","modified_gmt":"2013-12-18T11:39:56","slug":"elaboracao-de-trabalhos-tecnicos-cientificos","status":"publish","type":"page","link":"http:\/\/www2.unifap.br\/mariomendonca\/cursos\/elaboracao-de-trabalhos-tecnicos-cientificos\/","title":{"rendered":"Elabora\u00e7\u00e3o de trabalhos Cient\u00edficos"},"content":{"rendered":"<div style=\"text-align: justify\"><a href=\"http:\/\/www2.unifap.br\/mariomendonca\/files\/2013\/12\/Educamar2.jpg\"><img decoding=\"async\" class=\"alignleft size-full wp-image-481\" src=\"http:\/\/www2.unifap.br\/mariomendonca\/files\/2013\/12\/Educamar2.jpg\" alt=\"\" width=\"160\" height=\"80\" \/><\/a><\/div>\n<div style=\"text-align: justify\">Nos  dias atuais \u00e9 muito comum os acad\u00eamicos terem dificuldades no momento  de elabora\u00e7\u00e3o de seu TCC, visto ser um trabalho complexo e que exige uma  s\u00e9rie de normas a serem seguidas. Em face desse contexto, este curso  visa orient\u00e1-lo de forma pr\u00e1tica na estrutura\u00e7\u00e3o das principais etapas  de produ\u00e7\u00e3o do seu Trabalho Cient\u00edfico. Participe! Ao final do curso  voc\u00ea sair\u00e1 com o seu pr\u00e9-projeto pronto, rumo \u00e0 sua forma\u00e7\u00e3o acad\u00eamica! N\u00e3o perca tempo, fa\u00e7a logo a sua inscri\u00e7\u00e3o pelo link:<strong><a href=\"http:\/\/educamarap.wix.com\/educamar\"> Instituto Educamar<\/a>.<\/strong><\/div>\n<div style=\"text-align: justify\"><\/div>\n<div style=\"text-align: justify\">Telefones para contato: (96) 8112-7731 (Prof. M\u00e1rio Mendon\u00e7a) e (96)9134-8220\u00a0 (Secret\u00e1ria). E-mail: mariomacneto@gmail.com<strong><a href=\"http:\/\/educamarap.wix.com\/educamar#!contact\/c17jp\"><span style=\"color: #0000ff\"> <\/span><\/a><\/strong><\/div>\n<div style=\"text-align: justify\"><strong><span style=\"color: #0000ff\"><br \/>\n<\/span><\/strong><\/div>\n<div style=\"text-align: justify\"><strong><span style=\"color: #0000ff\"><br \/>\n<\/span><\/strong><\/div>\n<div style=\"text-align: justify\"><strong><span style=\"color: #0000ff\">Parceiros<\/span><\/strong><\/div>\n<div style=\"text-align: justify\"><strong><span style=\"color: #0000ff\"><br \/>\n<\/span><\/strong><\/div>\n<div style=\"text-align: justify\"><span style=\"color: #0000ff\"><strong> <\/strong><\/span><a href=\"http:\/\/www2.unifap.br\/mariomendonca\/files\/2013\/12\/IPA-Logo.jpg\"><img decoding=\"async\" class=\"size-full wp-image-482 alignleft\" src=\"http:\/\/www2.unifap.br\/mariomendonca\/files\/2013\/12\/IPA-Logo.jpg\" alt=\"\" width=\"117\" height=\"66\" \/><\/a><a href=\"http:\/\/www2.unifap.br\/mariomendonca\/files\/2013\/12\/UNIFAP-Bras\u00e3o2.png\"><img decoding=\"async\" class=\"size-full wp-image-483 aligncenter\" src=\"http:\/\/www2.unifap.br\/mariomendonca\/files\/2013\/12\/UNIFAP-Bras\u00e3o2.png\" alt=\"\" width=\"86\" height=\"86\" \/><\/a><\/div>\n","protected":false},"excerpt":{"rendered":"<p>Nos dias atuais \u00e9 muito comum os acad\u00eamicos terem dificuldades no momento de elabora\u00e7\u00e3o de seu TCC, visto ser um trabalho complexo e que exige uma s\u00e9rie de normas a serem seguidas. Em face desse contexto, este curso visa orient\u00e1-lo&hellip; <\/p>\n<p><a href=\"http:\/\/www2.unifap.br\/mariomendonca\/cursos\/elaboracao-de-trabalhos-tecnicos-cientificos\/\" class=\"readmore-button\">Continue Reading<\/a><\/p>\n","protected":false},"author":53,"featured_media":0,"parent":105,"menu_order":0,"comment_status":"open","ping_status":"closed","template":"","meta":{"inline_featured_image":false,"ngg_post_thumbnail":0,"footnotes":""},"class_list":["post-457","page","type-page","status-publish","hentry"],"_links":{"self":[{"href":"http:\/\/www2.unifap.br\/mariomendonca\/wp-json\/wp\/v2\/pages\/457","targetHints":{"allow":["GET"]}}],"collection":[{"href":"http:\/\/www2.unifap.br\/mariomendonca\/wp-json\/wp\/v2\/pages"}],"about":[{"href":"http:\/\/www2.unifap.br\/mariomendonca\/wp-json\/wp\/v2\/types\/page"}],"author":[{"embeddable":true,"href":"http:\/\/www2.unifap.br\/mariomendonca\/wp-json\/wp\/v2\/users\/53"}],"replies":[{"embeddable":true,"href":"http:\/\/www2.unifap.br\/mariomendonca\/wp-json\/wp\/v2\/comments?post=457"}],"version-history":[{"count":13,"href":"http:\/\/www2.unifap.br\/mariomendonca\/wp-json\/wp\/v2\/pages\/457\/revisions"}],"predecessor-version":[{"id":504,"href":"http:\/\/www2.unifap.br\/mariomendonca\/wp-json\/wp\/v2\/pages\/457\/revisions\/504"}],"up":[{"embeddable":true,"href":"http:\/\/www2.unifap.br\/mariomendonca\/wp-json\/wp\/v2\/pages\/105"}],"wp:attachment":[{"href":"http:\/\/www2.unifap.br\/mariomendonca\/wp-json\/wp\/v2\/media?parent=457"}],"curies":[{"name":"wp","href":"https:\/\/api.w.org\/{rel}","templated":true}]}}